{"id":9996,"date":"2025-12-18T16:44:33","date_gmt":"2025-12-18T15:44:33","guid":{"rendered":"https:\/\/apkostore.com\/?post_type=product&#038;p=9996"},"modified":"2026-04-10T16:32:21","modified_gmt":"2026-04-10T14:32:21","slug":"swiss-smile-diamond-glow-rozjasniajaca-diamentowa-pasta-do-zebow-75ml","status":"publish","type":"product","link":"https:\/\/apkostore.com\/en\/product\/swiss-smile-diamond-glow-rozjasniajaca-diamentowa-pasta-do-zebow-75ml\/","title":{"rendered":"Swiss Smile Diamond Glow \u2013 rozja\u015bniaj\u0105ca diamentowa pasta do z\u0119b\u00f3w 75ml"},"content":{"rendered":"<p><strong>Swiss Smile Diamond Glow \u2013 rozja\u015bniaj\u0105ca diamentowa pasta do z\u0119b\u00f3w 75ml<\/strong><\/p>\n<p>&nbsp;<\/p>\n<h2 data-path-to-node=\"3\"><b data-path-to-node=\"3\" data-index-in-node=\"0\">Luksusowa piel\u0119gnacja i diamentowy blask dla Twojego u\u015bmiechu.<\/b><\/h2>\n<p data-path-to-node=\"4\"><span data-path-to-node=\"4,1\"><span class=\"citation-116\">Swiss Smile Diamond Glow to nie tylko pasta do z\u0119b\u00f3w, to zaawansowany system rozja\u015bniaj\u0105cy, kt\u00f3ry wyznacza zupe\u0142nie nowy standard w dziedzinie estetyki jamy ustnej<\/span><\/span><span data-path-to-node=\"4,3\">. <\/span><span data-path-to-node=\"4,5\"><span class=\"citation-115\">Szwajcarscy eksperci stworzyli formu\u0142\u0119 \u0142\u0105cz\u0105c\u0105 drogocenne sk\u0142adniki z nowoczesn\u0105 technologi\u0105, aby zapewni\u0107 efekt ol\u015bniewaj\u0105cego, diamentowego blasku bez kompromis\u00f3w w kwestii zdrowia szkliwa<\/span><\/span><span data-path-to-node=\"4,7\">.<\/span><\/p>\n<p>&nbsp;<\/p>\n<h2 data-path-to-node=\"5\">G\u0142\u00f3wne cechy produktu:<\/h2>\n<ul>\n<li data-path-to-node=\"6,0,1\"><span data-path-to-node=\"6,0,1,0\"><b data-path-to-node=\"6,0,1,0\" data-index-in-node=\"0\"><span class=\"citation-72\">Prawdziwy diamentowy py\u0142:<\/span><\/b><span class=\"citation-72\"> Ka\u017cda tubka zawiera ponad jeden karat diamentowego py\u0142u, kt\u00f3ry precyzyjnie wyg\u0142adza i rozja\u015bnia szkliwo<\/span><\/span><span data-path-to-node=\"6,0,1,2\">.<\/span><\/li>\n<li data-path-to-node=\"6,1,1\"><span data-path-to-node=\"6,1,1,0\"><b data-path-to-node=\"6,1,1,0\" data-index-in-node=\"0\"><span class=\"citation-71\">Niska \u015bcieralno\u015b\u0107 (RDA 20):<\/span><\/b><span class=\"citation-71\"> Dzi\u0119ki ekstremalnie niskiemu wsp\u00f3\u0142czynnikowi \u015bcieralno\u015bci, pasta jest niezwykle delikatna dla z\u0119b\u00f3w<\/span><\/span><span data-path-to-node=\"6,1,1,2\">. <\/span><span data-path-to-node=\"6,1,1,4\"><span class=\"citation-70\">Stosowana dwa razy dziennie przez 70 lat \u015bciera szkliwo jedynie w stopniu 0,1 mm<\/span><\/span><span data-path-to-node=\"6,1,1,6\">.<\/span><\/li>\n<li data-path-to-node=\"6,2,1\"><span data-path-to-node=\"6,2,1,0\"><b data-path-to-node=\"6,2,1,0\" data-index-in-node=\"0\"><span class=\"citation-69\">Ochrona i \u0142agodzenie:<\/span><\/b><span class=\"citation-69\"> Pasta \u0142agodzi nadwra\u017cliwo\u015b\u0107 szyjek z\u0119bowych oraz hamuje powstawanie kamienia naz\u0119bnego i pr\u00f3chnicy<\/span><\/span><span data-path-to-node=\"6,2,1,2\">.<\/span><\/li>\n<li data-path-to-node=\"6,2,1\"><span data-path-to-node=\"6,3,1,0\"><b data-path-to-node=\"6,3,1,0\" data-index-in-node=\"0\"><span class=\"citation-68\">Bezpieczny sk\u0142ad:<\/span><\/b><span class=\"citation-68\"> Produkt nie zawiera agresywnego \u015brodka spieniaj\u0105cego SLS (0% SLS), co sprzyja zdrowym i silnym dzi\u0105s\u0142om<\/span><\/span><span data-path-to-node=\"6,3,1,2\">.<\/span><\/li>\n<li data-path-to-node=\"6,2,1\"><span data-path-to-node=\"6,4,1,0\"><b data-path-to-node=\"6,4,1,0\" data-index-in-node=\"0\"><span class=\"citation-67\">Idealna dla technologii:<\/span><\/b><span class=\"citation-67\"> Formu\u0142a jest w pe\u0142ni przystosowana do u\u017cytku ze szczoteczkami sonicznymi oraz elektrycznymi<\/span><\/span><span data-path-to-node=\"6,4,1,2\">.<\/span><\/li>\n<\/ul>\n<hr data-path-to-node=\"7\" \/>\n<h2 data-path-to-node=\"8\"><\/h2>\n<h2 data-path-to-node=\"8\">Kluczowe sk\u0142adniki aktywne:<\/h2>\n<p data-path-to-node=\"9,0,1\"><span data-path-to-node=\"9,0,1,0\"><b data-path-to-node=\"9,0,1,0\" data-index-in-node=\"0\"><span class=\"citation-66\">Kurkumina:<\/span><\/b><span class=\"citation-66\"> Wykazuje dzia\u0142anie przeciwzapalne i antybakteryjne, ograniczaj\u0105c powstawanie osad\u00f3w<\/span><\/span><span data-path-to-node=\"9,0,1,2\">.<\/span><\/p>\n<p data-path-to-node=\"9,1,1\"><span data-path-to-node=\"9,1,1,0\"><b data-path-to-node=\"9,1,1,0\" data-index-in-node=\"0\"><span class=\"citation-65\">Aloes:<\/span><\/b><span class=\"citation-65\"> Nawil\u017ca, wyg\u0142adza i wzmacnia dzi\u0105s\u0142a, zapewniaj\u0105c im kompleksow\u0105 ochron\u0119<\/span><\/span><span data-path-to-node=\"9,1,1,2\">.<\/span><\/p>\n<p data-path-to-node=\"9,2,1\"><span data-path-to-node=\"9,2,1,0\"><b data-path-to-node=\"9,2,1,0\" data-index-in-node=\"0\"><span class=\"citation-64\">Hydroksyapatyt (Nano):<\/span><\/b><span class=\"citation-64\"> Wspomaga remineralizacj\u0119 i wzmocnienie struktury z\u0119b\u00f3w<\/span><\/span><span data-path-to-node=\"9,2,1,2\">.<\/span><\/p>\n<hr data-path-to-node=\"10\" \/>\n<h3 data-path-to-node=\"11\"><\/h3>\n<h2 data-path-to-node=\"11\">Dane techniczne:<\/h2>\n<table data-path-to-node=\"12\">\n<thead>\n<tr>\n<td><strong>Parametr<\/strong><\/td>\n<td><strong>Warto\u015b\u0107<\/strong><\/td>\n<\/tr>\n<\/thead>\n<tbody>\n<tr>\n<td><span data-path-to-node=\"12,1,0,0\"><b data-path-to-node=\"12,1,0,0\" data-index-in-node=\"0\">Pojemno\u015b\u0107<\/b><\/span><\/td>\n<td>\n<p data-path-to-node=\"12,1,1,0\"><span data-path-to-node=\"12,1,1,0,1\"><span class=\"citation-63\">75 ml<\/span><\/span><\/p>\n<\/td>\n<\/tr>\n<tr>\n<td><span data-path-to-node=\"12,2,0,0\"><b data-path-to-node=\"12,2,0,0\" data-index-in-node=\"0\">Wsp\u00f3\u0142czynnik \u015bcieralno\u015bci<\/b><\/span><\/td>\n<td>\n<p data-path-to-node=\"12,2,1,0\"><span data-path-to-node=\"12,2,1,0,1\"><span class=\"citation-62\">RDA 20 <\/span><\/span><\/p>\n<\/td>\n<\/tr>\n<tr>\n<td><span data-path-to-node=\"12,3,0,0\"><b data-path-to-node=\"12,3,0,0\" data-index-in-node=\"0\">Zawarto\u015b\u0107 fluoru<\/b><\/span><\/td>\n<td>\n<p data-path-to-node=\"12,3,1,0\"><span data-path-to-node=\"12,3,1,0,1\"><span class=\"citation-61\">980 ppm F\u00a0<\/span><\/span><\/p>\n<\/td>\n<\/tr>\n<tr>\n<td><span data-path-to-node=\"12,4,0,0\"><b data-path-to-node=\"12,4,0,0\" data-index-in-node=\"0\">Kod EAN<\/b><\/span><\/td>\n<td>\n<p data-path-to-node=\"12,4,1,0\"><span data-path-to-node=\"12,4,1,0,1\"><span class=\"citation-60\">7640131976152 <\/span><\/span><\/p>\n<\/td>\n<\/tr>\n<\/tbody>\n<\/table>\n<hr data-path-to-node=\"13\" \/>\n<h3 data-path-to-node=\"14\"><\/h3>\n<h2 data-path-to-node=\"14\">Spos\u00f3b u\u017cycia:<\/h2>\n<ol start=\"1\" data-path-to-node=\"15\">\n<li>\n<p data-path-to-node=\"15,0,0\"><span data-path-to-node=\"15,0,0,1\"><span class=\"citation-59\">Na\u0142o\u017cy\u0107 na szczoteczk\u0119 niewielk\u0105 ilo\u015b\u0107 pasty (wielko\u015bci orzecha laskowego)<\/span><\/span><span data-path-to-node=\"15,0,0,3\">.<\/span><\/p>\n<\/li>\n<li>\n<p data-path-to-node=\"15,1,0\"><span data-path-to-node=\"15,1,0,1\"><span class=\"citation-58\">Trzyma\u0107 szczoteczk\u0119 pod k\u0105tem 45 stopni wzgl\u0119dem linii dzi\u0105se\u0142<\/span><\/span><span data-path-to-node=\"15,1,0,3\">.<\/span><\/p>\n<\/li>\n<li>\n<p data-path-to-node=\"15,2,0\"><span data-path-to-node=\"15,2,0,1\"><span class=\"citation-57\">Czy\u015bci\u0107 z\u0119by ruchami okr\u0119\u017cnymi, masuj\u0105c jednocze\u015bnie dzi\u0105s\u0142a<\/span><\/span><span data-path-to-node=\"15,2,0,3\">.<\/span><\/p>\n<\/li>\n<\/ol>\n","protected":false},"excerpt":{"rendered":"<p>75 ml<\/p>\n","protected":false},"featured_media":9997,"template":"","meta":[],"product_brand":[],"product_cat":[214],"product_tag":[],"dodatkowo":[],"class_list":{"0":"post-9996","1":"product","2":"type-product","3":"status-publish","4":"has-post-thumbnail","6":"product_cat-wybielanie","8":"first","9":"outofstock","10":"taxable","11":"shipping-taxable","12":"purchasable","13":"product-type-simple"},"yoast_head":"<!-- This site is optimized with the Yoast SEO plugin v27.2 - https:\/\/yoast.com\/product\/yoast-seo-wordpress\/ -->\n<title>Swiss Smile Diamond Glow - pasta do z\u0119b\u00f3w 75 ml - Apkostore.com<\/title>\n<meta name=\"description\" content=\"Luksusowa pasta Swiss Smile Diamond Glow z 1 karatem py\u0142u diamentowego. Delikatnie wybiela (RDA 20) , chroni dzi\u0105s\u0142a i nie zawiera SLS.\" \/>\n<meta name=\"robots\" content=\"index, follow, max-snippet:-1, max-image-preview:large, max-video-preview:-1\" \/>\n<link rel=\"canonical\" href=\"https:\/\/apkostore.com\/en\/product\/swiss-smile-diamond-glow-rozjasniajaca-diamentowa-pasta-do-zebow-75ml\/\" \/>\n<meta property=\"og:locale\" content=\"en_US\" \/>\n<meta property=\"og:type\" content=\"article\" \/>\n<meta property=\"og:title\" content=\"Swiss Smile Diamond Glow - pasta do z\u0119b\u00f3w 75 ml - Apkostore.com\" \/>\n<meta property=\"og:description\" content=\"Luksusowa pasta Swiss Smile Diamond Glow z 1 karatem py\u0142u diamentowego. Delikatnie wybiela (RDA 20) , chroni dzi\u0105s\u0142a i nie zawiera SLS.\" \/>\n<meta property=\"og:url\" content=\"https:\/\/apkostore.com\/en\/product\/swiss-smile-diamond-glow-rozjasniajaca-diamentowa-pasta-do-zebow-75ml\/\" \/>\n<meta property=\"og:site_name\" content=\"Apkostore.com\" \/>\n<meta property=\"article:publisher\" content=\"https:\/\/www.facebook.com\/apkostore\" \/>\n<meta property=\"article:modified_time\" content=\"2026-04-10T14:32:21+00:00\" \/>\n<meta property=\"og:image\" content=\"https:\/\/apkostore.com\/wp-content\/uploads\/2025\/12\/Swiss-Smile-Diamond-Glow-\u2013-rozjasniajaca-diamentowa-pasta-do-zebow-75ml-1.png\" \/>\n\t<meta property=\"og:image:width\" content=\"960\" \/>\n\t<meta property=\"og:image:height\" content=\"960\" \/>\n\t<meta property=\"og:image:type\" content=\"image\/png\" \/>\n<meta name=\"twitter:card\" content=\"summary_large_image\" \/>\n<meta name=\"twitter:label1\" content=\"Est. reading time\" \/>\n\t<meta name=\"twitter:data1\" content=\"2 minutes\" \/>\n<script type=\"application\/ld+json\" class=\"yoast-schema-graph\">{\"@context\":\"https:\/\/schema.org\",\"@graph\":[{\"@type\":\"WebPage\",\"@id\":\"https:\/\/apkostore.com\/en\/product\/swiss-smile-diamond-glow-rozjasniajaca-diamentowa-pasta-do-zebow-75ml\/\",\"url\":\"https:\/\/apkostore.com\/en\/product\/swiss-smile-diamond-glow-rozjasniajaca-diamentowa-pasta-do-zebow-75ml\/\",\"name\":\"Swiss Smile Diamond Glow - pasta do z\u0119b\u00f3w 75 ml - Apkostore.com\",\"isPartOf\":{\"@id\":\"https:\/\/apkostore.com\/en\/#website\"},\"primaryImageOfPage\":{\"@id\":\"https:\/\/apkostore.com\/en\/product\/swiss-smile-diamond-glow-rozjasniajaca-diamentowa-pasta-do-zebow-75ml\/#primaryimage\"},\"image\":{\"@id\":\"https:\/\/apkostore.com\/en\/product\/swiss-smile-diamond-glow-rozjasniajaca-diamentowa-pasta-do-zebow-75ml\/#primaryimage\"},\"thumbnailUrl\":\"https:\/\/apkostore.com\/wp-content\/uploads\/2025\/12\/Swiss-Smile-Diamond-Glow-\u2013-rozjasniajaca-diamentowa-pasta-do-zebow-75ml-1.png\",\"datePublished\":\"2025-12-18T15:44:33+00:00\",\"dateModified\":\"2026-04-10T14:32:21+00:00\",\"description\":\"Luksusowa pasta Swiss Smile Diamond Glow z 1 karatem py\u0142u diamentowego. Delikatnie wybiela (RDA 20) , chroni dzi\u0105s\u0142a i nie zawiera SLS.\",\"breadcrumb\":{\"@id\":\"https:\/\/apkostore.com\/en\/product\/swiss-smile-diamond-glow-rozjasniajaca-diamentowa-pasta-do-zebow-75ml\/#breadcrumb\"},\"inLanguage\":\"en-US\",\"potentialAction\":[{\"@type\":\"ReadAction\",\"target\":[\"https:\/\/apkostore.com\/en\/product\/swiss-smile-diamond-glow-rozjasniajaca-diamentowa-pasta-do-zebow-75ml\/\"]}]},{\"@type\":\"ImageObject\",\"inLanguage\":\"en-US\",\"@id\":\"https:\/\/apkostore.com\/en\/product\/swiss-smile-diamond-glow-rozjasniajaca-diamentowa-pasta-do-zebow-75ml\/#primaryimage\",\"url\":\"https:\/\/apkostore.com\/wp-content\/uploads\/2025\/12\/Swiss-Smile-Diamond-Glow-\u2013-rozjasniajaca-diamentowa-pasta-do-zebow-75ml-1.png\",\"contentUrl\":\"https:\/\/apkostore.com\/wp-content\/uploads\/2025\/12\/Swiss-Smile-Diamond-Glow-\u2013-rozjasniajaca-diamentowa-pasta-do-zebow-75ml-1.png\",\"width\":960,\"height\":960,\"caption\":\"Swiss Smile Diamond Glow \u2013 rozja\u015bniaj\u0105ca diamentowa pasta do z\u0119b\u00f3w 75ml\"},{\"@type\":\"BreadcrumbList\",\"@id\":\"https:\/\/apkostore.com\/en\/product\/swiss-smile-diamond-glow-rozjasniajaca-diamentowa-pasta-do-zebow-75ml\/#breadcrumb\",\"itemListElement\":[{\"@type\":\"ListItem\",\"position\":1,\"name\":\"Strona g\u0142\u00f3wna\",\"item\":\"https:\/\/apkostore.com\/en\/start-eng\/\"},{\"@type\":\"ListItem\",\"position\":2,\"name\":\"Shop\",\"item\":\"https:\/\/apkostore.com\/en\/shop\/\"},{\"@type\":\"ListItem\",\"position\":3,\"name\":\"Swiss Smile Diamond Glow \u2013 rozja\u015bniaj\u0105ca diamentowa pasta do z\u0119b\u00f3w 75ml\"}]},{\"@type\":\"WebSite\",\"@id\":\"https:\/\/apkostore.com\/en\/#website\",\"url\":\"https:\/\/apkostore.com\/en\/\",\"name\":\"Apkostore.com\",\"description\":\"\",\"publisher\":{\"@id\":\"https:\/\/apkostore.com\/en\/#organization\"},\"potentialAction\":[{\"@type\":\"SearchAction\",\"target\":{\"@type\":\"EntryPoint\",\"urlTemplate\":\"https:\/\/apkostore.com\/en\/?s={search_term_string}\"},\"query-input\":{\"@type\":\"PropertyValueSpecification\",\"valueRequired\":true,\"valueName\":\"search_term_string\"}}],\"inLanguage\":\"en-US\"},{\"@type\":\"Organization\",\"@id\":\"https:\/\/apkostore.com\/en\/#organization\",\"name\":\"APKO Sp. z o. o.\",\"url\":\"https:\/\/apkostore.com\/en\/\",\"logo\":{\"@type\":\"ImageObject\",\"inLanguage\":\"en-US\",\"@id\":\"https:\/\/apkostore.com\/en\/#\/schema\/logo\/image\/\",\"url\":\"https:\/\/apkostore.com\/wp-content\/uploads\/2023\/09\/logo-black-min.png\",\"contentUrl\":\"https:\/\/apkostore.com\/wp-content\/uploads\/2023\/09\/logo-black-min.png\",\"width\":2500,\"height\":944,\"caption\":\"APKO Sp. z o. o.\"},\"image\":{\"@id\":\"https:\/\/apkostore.com\/en\/#\/schema\/logo\/image\/\"},\"sameAs\":[\"https:\/\/www.facebook.com\/apkostore\",\"https:\/\/www.instagram.com\/apkostore\/\"]}]}<\/script>\n<!-- \/ Yoast SEO plugin. -->","yoast_head_json":{"title":"Swiss Smile Diamond Glow - pasta do z\u0119b\u00f3w 75 ml - Apkostore.com","description":"Luksusowa pasta Swiss Smile Diamond Glow z 1 karatem py\u0142u diamentowego. Delikatnie wybiela (RDA 20) , chroni dzi\u0105s\u0142a i nie zawiera SLS.","robots":{"index":"index","follow":"follow","max-snippet":"max-snippet:-1","max-image-preview":"max-image-preview:large","max-video-preview":"max-video-preview:-1"},"canonical":"https:\/\/apkostore.com\/en\/product\/swiss-smile-diamond-glow-rozjasniajaca-diamentowa-pasta-do-zebow-75ml\/","og_locale":"en_US","og_type":"article","og_title":"Swiss Smile Diamond Glow - pasta do z\u0119b\u00f3w 75 ml - Apkostore.com","og_description":"Luksusowa pasta Swiss Smile Diamond Glow z 1 karatem py\u0142u diamentowego. Delikatnie wybiela (RDA 20) , chroni dzi\u0105s\u0142a i nie zawiera SLS.","og_url":"https:\/\/apkostore.com\/en\/product\/swiss-smile-diamond-glow-rozjasniajaca-diamentowa-pasta-do-zebow-75ml\/","og_site_name":"Apkostore.com","article_publisher":"https:\/\/www.facebook.com\/apkostore","article_modified_time":"2026-04-10T14:32:21+00:00","og_image":[{"width":960,"height":960,"url":"https:\/\/apkostore.com\/wp-content\/uploads\/2025\/12\/Swiss-Smile-Diamond-Glow-\u2013-rozjasniajaca-diamentowa-pasta-do-zebow-75ml-1.png","type":"image\/png"}],"twitter_card":"summary_large_image","twitter_misc":{"Est. reading time":"2 minutes"},"schema":{"@context":"https:\/\/schema.org","@graph":[{"@type":"WebPage","@id":"https:\/\/apkostore.com\/en\/product\/swiss-smile-diamond-glow-rozjasniajaca-diamentowa-pasta-do-zebow-75ml\/","url":"https:\/\/apkostore.com\/en\/product\/swiss-smile-diamond-glow-rozjasniajaca-diamentowa-pasta-do-zebow-75ml\/","name":"Swiss Smile Diamond Glow - pasta do z\u0119b\u00f3w 75 ml - Apkostore.com","isPartOf":{"@id":"https:\/\/apkostore.com\/en\/#website"},"primaryImageOfPage":{"@id":"https:\/\/apkostore.com\/en\/product\/swiss-smile-diamond-glow-rozjasniajaca-diamentowa-pasta-do-zebow-75ml\/#primaryimage"},"image":{"@id":"https:\/\/apkostore.com\/en\/product\/swiss-smile-diamond-glow-rozjasniajaca-diamentowa-pasta-do-zebow-75ml\/#primaryimage"},"thumbnailUrl":"https:\/\/apkostore.com\/wp-content\/uploads\/2025\/12\/Swiss-Smile-Diamond-Glow-\u2013-rozjasniajaca-diamentowa-pasta-do-zebow-75ml-1.png","datePublished":"2025-12-18T15:44:33+00:00","dateModified":"2026-04-10T14:32:21+00:00","description":"Luksusowa pasta Swiss Smile Diamond Glow z 1 karatem py\u0142u diamentowego. Delikatnie wybiela (RDA 20) , chroni dzi\u0105s\u0142a i nie zawiera SLS.","breadcrumb":{"@id":"https:\/\/apkostore.com\/en\/product\/swiss-smile-diamond-glow-rozjasniajaca-diamentowa-pasta-do-zebow-75ml\/#breadcrumb"},"inLanguage":"en-US","potentialAction":[{"@type":"ReadAction","target":["https:\/\/apkostore.com\/en\/product\/swiss-smile-diamond-glow-rozjasniajaca-diamentowa-pasta-do-zebow-75ml\/"]}]},{"@type":"ImageObject","inLanguage":"en-US","@id":"https:\/\/apkostore.com\/en\/product\/swiss-smile-diamond-glow-rozjasniajaca-diamentowa-pasta-do-zebow-75ml\/#primaryimage","url":"https:\/\/apkostore.com\/wp-content\/uploads\/2025\/12\/Swiss-Smile-Diamond-Glow-\u2013-rozjasniajaca-diamentowa-pasta-do-zebow-75ml-1.png","contentUrl":"https:\/\/apkostore.com\/wp-content\/uploads\/2025\/12\/Swiss-Smile-Diamond-Glow-\u2013-rozjasniajaca-diamentowa-pasta-do-zebow-75ml-1.png","width":960,"height":960,"caption":"Swiss Smile Diamond Glow \u2013 rozja\u015bniaj\u0105ca diamentowa pasta do z\u0119b\u00f3w 75ml"},{"@type":"BreadcrumbList","@id":"https:\/\/apkostore.com\/en\/product\/swiss-smile-diamond-glow-rozjasniajaca-diamentowa-pasta-do-zebow-75ml\/#breadcrumb","itemListElement":[{"@type":"ListItem","position":1,"name":"Strona g\u0142\u00f3wna","item":"https:\/\/apkostore.com\/en\/start-eng\/"},{"@type":"ListItem","position":2,"name":"Shop","item":"https:\/\/apkostore.com\/en\/shop\/"},{"@type":"ListItem","position":3,"name":"Swiss Smile Diamond Glow \u2013 rozja\u015bniaj\u0105ca diamentowa pasta do z\u0119b\u00f3w 75ml"}]},{"@type":"WebSite","@id":"https:\/\/apkostore.com\/en\/#website","url":"https:\/\/apkostore.com\/en\/","name":"Apkostore.com","description":"","publisher":{"@id":"https:\/\/apkostore.com\/en\/#organization"},"potentialAction":[{"@type":"SearchAction","target":{"@type":"EntryPoint","urlTemplate":"https:\/\/apkostore.com\/en\/?s={search_term_string}"},"query-input":{"@type":"PropertyValueSpecification","valueRequired":true,"valueName":"search_term_string"}}],"inLanguage":"en-US"},{"@type":"Organization","@id":"https:\/\/apkostore.com\/en\/#organization","name":"APKO Sp. z o. o.","url":"https:\/\/apkostore.com\/en\/","logo":{"@type":"ImageObject","inLanguage":"en-US","@id":"https:\/\/apkostore.com\/en\/#\/schema\/logo\/image\/","url":"https:\/\/apkostore.com\/wp-content\/uploads\/2023\/09\/logo-black-min.png","contentUrl":"https:\/\/apkostore.com\/wp-content\/uploads\/2023\/09\/logo-black-min.png","width":2500,"height":944,"caption":"APKO Sp. z o. o."},"image":{"@id":"https:\/\/apkostore.com\/en\/#\/schema\/logo\/image\/"},"sameAs":["https:\/\/www.facebook.com\/apkostore","https:\/\/www.instagram.com\/apkostore\/"]}]}},"_links":{"self":[{"href":"https:\/\/apkostore.com\/en\/wp-json\/wp\/v2\/product\/9996","targetHints":{"allow":["GET"]}}],"collection":[{"href":"https:\/\/apkostore.com\/en\/wp-json\/wp\/v2\/product"}],"about":[{"href":"https:\/\/apkostore.com\/en\/wp-json\/wp\/v2\/types\/product"}],"wp:featuredmedia":[{"embeddable":true,"href":"https:\/\/apkostore.com\/en\/wp-json\/wp\/v2\/media\/9997"}],"wp:attachment":[{"href":"https:\/\/apkostore.com\/en\/wp-json\/wp\/v2\/media?parent=9996"}],"wp:term":[{"taxonomy":"product_brand","embeddable":true,"href":"https:\/\/apkostore.com\/en\/wp-json\/wp\/v2\/product_brand?post=9996"},{"taxonomy":"product_cat","embeddable":true,"href":"https:\/\/apkostore.com\/en\/wp-json\/wp\/v2\/product_cat?post=9996"},{"taxonomy":"product_tag","embeddable":true,"href":"https:\/\/apkostore.com\/en\/wp-json\/wp\/v2\/product_tag?post=9996"},{"taxonomy":"dodatkowo","embeddable":true,"href":"https:\/\/apkostore.com\/en\/wp-json\/wp\/v2\/dodatkowo?post=9996"}],"curies":[{"name":"wp","href":"https:\/\/api.w.org\/{rel}","templated":true}]}}