{"id":9989,"date":"2025-12-18T16:37:00","date_gmt":"2025-12-18T15:37:00","guid":{"rendered":"https:\/\/apkostore.com\/?post_type=product&#038;p=9989"},"modified":"2026-04-01T12:48:40","modified_gmt":"2026-04-01T10:48:40","slug":"swiss-smile-snow-white-wybielajaca-pasta-do-zebow-75ml","status":"publish","type":"product","link":"https:\/\/apkostore.com\/en\/product\/swiss-smile-snow-white-wybielajaca-pasta-do-zebow-75ml\/","title":{"rendered":"Swiss Smile Snow White \u2013 wybielaj\u0105ca pasta do z\u0119b\u00f3w 75ml"},"content":{"rendered":"<p><strong>Swiss Smile Snow White \u2013 wybielaj\u0105ca pasta do z\u0119b\u00f3w 75ml<\/strong><\/p>\n<p>&nbsp;<\/p>\n<h2 data-path-to-node=\"5\"><b data-path-to-node=\"5\" data-index-in-node=\"0\">Odkryj czyst\u0105 si\u0142\u0119 wybielania i przywr\u00f3\u0107 swojemu u\u015bmiechowi naturalny blask.<\/b><\/h2>\n<p data-path-to-node=\"6\"><span data-path-to-node=\"6,1\"><span class=\"citation-273\">Swiss Smile Snow White to wysoce efektywna pasta do z\u0119b\u00f3w, stworzona dla os\u00f3b poszukuj\u0105cych szybkiego i trwa\u0142ego efektu wybielenia<\/span><\/span><span data-path-to-node=\"6,3\">. <\/span><span data-path-to-node=\"6,5\"><span class=\"citation-272\">Dzi\u0119ki unikalnej, szwajcarskiej formule, produkt skutecznie usuwa nawet uporczywe przebarwienia, nadaj\u0105c z\u0119bom ol\u015bniewaj\u0105co bia\u0142y wygl\u0105d ju\u017c od pierwszego u\u017cycia<\/span><\/span><span data-path-to-node=\"6,7\">.<\/span><\/p>\n<p>&nbsp;<\/p>\n<h2 data-path-to-node=\"7\">Dlaczego warto wybra\u0107 Swiss Smile Snow White?<\/h2>\n<ul>\n<li data-path-to-node=\"8,0,1\"><span data-path-to-node=\"8,0,1,0\"><b data-path-to-node=\"8,0,1,0\" data-index-in-node=\"0\"><span class=\"citation-271\">Ponad 200% wi\u0119ksza moc czyszczenia:<\/span><\/b><span class=\"citation-271\"> Badania naukowe przeprowadzone przez Uniwersytet w Bristolu wykaza\u0142y, \u017ce sk\u0142adniki aktywne pasty wykazuj\u0105 o ponad 200% wy\u017csz\u0105 zdolno\u015b\u0107 czyszczenia i wybielania w por\u00f3wnaniu do standardowych past<\/span><\/span><span data-path-to-node=\"8,0,1,2\">.<\/span><\/li>\n<li data-path-to-node=\"8,1,1\"><span data-path-to-node=\"8,1,1,0\"><b data-path-to-node=\"8,1,1,0\" data-index-in-node=\"0\"><span class=\"citation-270\">Intensywne polerowanie:<\/span><\/b><span class=\"citation-270\"> Specjalne cz\u0105steczki aktywne delikatnie poleruj\u0105 powierzchni\u0119 szkliwa, usuwaj\u0105c zabrudzenia przy minimalnym stopniu \u015bcieralno\u015bci<\/span><\/span><span data-path-to-node=\"8,1,1,2\">.<\/span><\/li>\n<li data-path-to-node=\"8,2,1\"><span data-path-to-node=\"8,2,1,0\"><b data-path-to-node=\"8,2,1,0\" data-index-in-node=\"0\"><span class=\"citation-269\">Ochrona dzi\u0105se\u0142 i naturalny sk\u0142ad:<\/span><\/b><span class=\"citation-269\"> Pasta zawiera olej z kurkumy o dzia\u0142aniu przeciwzapalnym i antybakteryjnym, kt\u00f3ry hamuje powstawanie kamienia naz\u0119bnego<\/span><\/span><span data-path-to-node=\"8,2,1,2\">.<\/span><\/li>\n<li data-path-to-node=\"8,3,1\"><span data-path-to-node=\"8,3,1,0\"><b data-path-to-node=\"8,3,1,0\" data-index-in-node=\"0\"><span class=\"citation-268\">Bezpieczna formu\u0142a:<\/span><\/b><span class=\"citation-268\"> Produkt nie zawiera agresywnych \u015brodk\u00f3w \u015bciernych, chemicznych wybielaczy, ostrych nadtlenk\u00f3w ani szkodliwego dla zdrowia SLS (0% SLS).<\/span><\/span><\/li>\n<li data-path-to-node=\"8,4,1\"><span data-path-to-node=\"8,4,1,0\"><b data-path-to-node=\"8,4,1,0\" data-index-in-node=\"0\"><span class=\"citation-267\">Piel\u0119gnacja i nawil\u017cenie:<\/span><\/b><span class=\"citation-267\"> Sk\u0142ad zosta\u0142 wzbogacony o wyci\u0105g z aloesu, kt\u00f3ry koi, nawil\u017ca i wzmacnia dzi\u0105s\u0142a<\/span><\/span><span data-path-to-node=\"8,4,1,2\">.<\/span><\/li>\n<\/ul>\n<hr data-path-to-node=\"9\" \/>\n<h2 data-path-to-node=\"10\"><\/h2>\n<h2 data-path-to-node=\"10\">Dane techniczne i fakty<\/h2>\n<table data-path-to-node=\"11\">\n<thead>\n<tr>\n<td><strong>Parametr<\/strong><\/td>\n<td><strong>Warto\u015b\u0107<\/strong><\/td>\n<\/tr>\n<\/thead>\n<tbody>\n<tr>\n<td><span data-path-to-node=\"11,1,0,0\"><b data-path-to-node=\"11,1,0,0\" data-index-in-node=\"0\">Pojemno\u015b\u0107<\/b><\/span><\/td>\n<td>\n<p data-path-to-node=\"11,1,1,0\"><span data-path-to-node=\"11,1,1,0,1\"><span class=\"citation-266\">75 ml (2.64 fl. oz.) <\/span><\/span><\/p>\n<\/td>\n<\/tr>\n<tr>\n<td><span data-path-to-node=\"11,2,0,0\"><b data-path-to-node=\"11,2,0,0\" data-index-in-node=\"0\">Wsp\u00f3\u0142czynnik \u015bcieralno\u015bci<\/b><\/span><\/td>\n<td>\n<p data-path-to-node=\"11,2,1,0\"><span data-path-to-node=\"11,2,1,0,1\"><span class=\"citation-265\">RDA 90 (\u015bredni, odpowiedni do codziennego u\u017cytku) <\/span><\/span><\/p>\n<\/td>\n<\/tr>\n<tr>\n<td><span data-path-to-node=\"11,3,0,0\"><b data-path-to-node=\"11,3,0,0\" data-index-in-node=\"0\">Zawarto\u015b\u0107 fluoru<\/b><\/span><\/td>\n<td>\n<p data-path-to-node=\"11,3,1,0\"><span data-path-to-node=\"11,3,1,0,1\"><span class=\"citation-264\">950 ppm F (Sodium Monofluorophosphate) <\/span><\/span><\/p>\n<\/td>\n<\/tr>\n<tr>\n<td><span data-path-to-node=\"11,4,0,0\"><b data-path-to-node=\"11,4,0,0\" data-index-in-node=\"0\">Kluczowe sk\u0142adniki<\/b><\/span><\/td>\n<td>\n<p data-path-to-node=\"11,4,1,0\"><span data-path-to-node=\"11,4,1,0,1\"><span class=\"citation-263\">Hydroksyapatyt (Nano), kurkumina, aloes, witamina E <\/span><\/span><\/p>\n<\/td>\n<\/tr>\n<tr>\n<td><span data-path-to-node=\"11,5,0,0\"><b data-path-to-node=\"11,5,0,0\" data-index-in-node=\"0\">Kod EAN<\/b><\/span><\/td>\n<td>\n<p data-path-to-node=\"11,5,1,0\"><span data-path-to-node=\"11,5,1,0,1\"><span class=\"citation-262\">7640131976022 <\/span><\/span><\/p>\n<\/td>\n<\/tr>\n<\/tbody>\n<\/table>\n<p>&nbsp;<\/p>\n<hr data-path-to-node=\"12\" \/>\n<h3 data-path-to-node=\"13\"><\/h3>\n<h2 data-path-to-node=\"13\">Spos\u00f3b u\u017cycia dla najlepszych efekt\u00f3w<\/h2>\n<ol start=\"1\" data-path-to-node=\"14\">\n<li>\n<p data-path-to-node=\"14,0,0\"><span data-path-to-node=\"14,0,0,1\"><span class=\"citation-261\">Na\u0142\u00f3\u017c na szczoteczk\u0119 niewielk\u0105 ilo\u015b\u0107 pasty (wielko\u015bci <\/span><b data-path-to-node=\"14,0,0,1\" data-index-in-node=\"54\"><span class=\"citation-261\">orzecha laskowego<\/span><\/b><span class=\"citation-261\">)<\/span><\/span><span data-path-to-node=\"14,0,0,3\">.<\/span><\/p>\n<\/li>\n<li>\n<p data-path-to-node=\"14,1,0\"><span data-path-to-node=\"14,1,0,1\"><span class=\"citation-260\">Trzymaj szczoteczk\u0119 pod k\u0105tem <\/span><b data-path-to-node=\"14,1,0,1\" data-index-in-node=\"30\"><span class=\"citation-260\">45 stopni<\/span><\/b><span class=\"citation-260\"> wzgl\u0119dem linii dzi\u0105se\u0142<\/span><\/span><span data-path-to-node=\"14,1,0,3\">.<\/span><\/p>\n<\/li>\n<li>\n<p data-path-to-node=\"14,2,0\"><span data-path-to-node=\"14,2,0,1\"><span class=\"citation-259\">Czy\u015b\u0107 z\u0119by <\/span><b data-path-to-node=\"14,2,0,1\" data-index-in-node=\"11\"><span class=\"citation-259\">ruchami okr\u0119\u017cnymi<\/span><\/b><span class=\"citation-259\">, przesuwaj\u0105c szczoteczk\u0119 delikatnie po z\u0119bach i dzi\u0105s\u0142ach<\/span><\/span><span data-path-to-node=\"14,2,0,3\">.<\/span><\/p>\n<\/li>\n<\/ol>\n","protected":false},"excerpt":{"rendered":"<p>75 ml<\/p>\n","protected":false},"featured_media":9990,"template":"","meta":[],"product_brand":[],"product_cat":[214],"product_tag":[],"dodatkowo":[],"class_list":{"0":"post-9989","1":"product","2":"type-product","3":"status-publish","4":"has-post-thumbnail","6":"product_cat-wybielanie","8":"first","9":"instock","10":"taxable","11":"shipping-taxable","12":"purchasable","13":"product-type-simple"},"yoast_head":"<!-- This site is optimized with the Yoast SEO plugin v27.2 - https:\/\/yoast.com\/product\/yoast-seo-wordpress\/ -->\n<title>Swiss Smile Snow White 75ml - pasta do z\u0119b\u00f3w - Apkostore.com<\/title>\n<meta name=\"description\" content=\"Poznaj Swiss Smile Snow White \u2013 wybielaj\u0105c\u0105 past\u0119 o 200% wy\u017cszej sile czyszczenia. Usuwa przebarwienia, zawiera koj\u0105cy aloes i 0% SLS.\" \/>\n<meta name=\"robots\" content=\"index, follow, max-snippet:-1, max-image-preview:large, max-video-preview:-1\" \/>\n<link rel=\"canonical\" href=\"https:\/\/apkostore.com\/en\/product\/swiss-smile-snow-white-wybielajaca-pasta-do-zebow-75ml\/\" \/>\n<meta property=\"og:locale\" content=\"en_US\" \/>\n<meta property=\"og:type\" content=\"article\" \/>\n<meta property=\"og:title\" content=\"Swiss Smile Snow White 75ml - pasta do z\u0119b\u00f3w - Apkostore.com\" \/>\n<meta property=\"og:description\" content=\"Poznaj Swiss Smile Snow White \u2013 wybielaj\u0105c\u0105 past\u0119 o 200% wy\u017cszej sile czyszczenia. Usuwa przebarwienia, zawiera koj\u0105cy aloes i 0% SLS.\" \/>\n<meta property=\"og:url\" content=\"https:\/\/apkostore.com\/en\/product\/swiss-smile-snow-white-wybielajaca-pasta-do-zebow-75ml\/\" \/>\n<meta property=\"og:site_name\" content=\"Apkostore.com\" \/>\n<meta property=\"article:publisher\" content=\"https:\/\/www.facebook.com\/apkostore\" \/>\n<meta property=\"article:modified_time\" content=\"2026-04-01T10:48:40+00:00\" \/>\n<meta property=\"og:image\" content=\"https:\/\/apkostore.com\/wp-content\/uploads\/2025\/12\/Swiss-Smile-Snow-White-\u2013-rozjasniajaca-diamentowa-pasta-do-zebow-75ml-1.png\" \/>\n\t<meta property=\"og:image:width\" content=\"960\" \/>\n\t<meta property=\"og:image:height\" content=\"960\" \/>\n\t<meta property=\"og:image:type\" content=\"image\/png\" \/>\n<meta name=\"twitter:card\" content=\"summary_large_image\" \/>\n<meta name=\"twitter:label1\" content=\"Est. reading time\" \/>\n\t<meta name=\"twitter:data1\" content=\"2 minutes\" \/>\n<script type=\"application\/ld+json\" class=\"yoast-schema-graph\">{\"@context\":\"https:\/\/schema.org\",\"@graph\":[{\"@type\":\"WebPage\",\"@id\":\"https:\/\/apkostore.com\/en\/product\/swiss-smile-snow-white-wybielajaca-pasta-do-zebow-75ml\/\",\"url\":\"https:\/\/apkostore.com\/en\/product\/swiss-smile-snow-white-wybielajaca-pasta-do-zebow-75ml\/\",\"name\":\"Swiss Smile Snow White 75ml - pasta do z\u0119b\u00f3w - Apkostore.com\",\"isPartOf\":{\"@id\":\"https:\/\/apkostore.com\/en\/#website\"},\"primaryImageOfPage\":{\"@id\":\"https:\/\/apkostore.com\/en\/product\/swiss-smile-snow-white-wybielajaca-pasta-do-zebow-75ml\/#primaryimage\"},\"image\":{\"@id\":\"https:\/\/apkostore.com\/en\/product\/swiss-smile-snow-white-wybielajaca-pasta-do-zebow-75ml\/#primaryimage\"},\"thumbnailUrl\":\"https:\/\/apkostore.com\/wp-content\/uploads\/2025\/12\/Swiss-Smile-Snow-White-\u2013-rozjasniajaca-diamentowa-pasta-do-zebow-75ml-1.png\",\"datePublished\":\"2025-12-18T15:37:00+00:00\",\"dateModified\":\"2026-04-01T10:48:40+00:00\",\"description\":\"Poznaj Swiss Smile Snow White \u2013 wybielaj\u0105c\u0105 past\u0119 o 200% wy\u017cszej sile czyszczenia. Usuwa przebarwienia, zawiera koj\u0105cy aloes i 0% SLS.\",\"breadcrumb\":{\"@id\":\"https:\/\/apkostore.com\/en\/product\/swiss-smile-snow-white-wybielajaca-pasta-do-zebow-75ml\/#breadcrumb\"},\"inLanguage\":\"en-US\",\"potentialAction\":[{\"@type\":\"ReadAction\",\"target\":[\"https:\/\/apkostore.com\/en\/product\/swiss-smile-snow-white-wybielajaca-pasta-do-zebow-75ml\/\"]}]},{\"@type\":\"ImageObject\",\"inLanguage\":\"en-US\",\"@id\":\"https:\/\/apkostore.com\/en\/product\/swiss-smile-snow-white-wybielajaca-pasta-do-zebow-75ml\/#primaryimage\",\"url\":\"https:\/\/apkostore.com\/wp-content\/uploads\/2025\/12\/Swiss-Smile-Snow-White-\u2013-rozjasniajaca-diamentowa-pasta-do-zebow-75ml-1.png\",\"contentUrl\":\"https:\/\/apkostore.com\/wp-content\/uploads\/2025\/12\/Swiss-Smile-Snow-White-\u2013-rozjasniajaca-diamentowa-pasta-do-zebow-75ml-1.png\",\"width\":960,\"height\":960,\"caption\":\"Swiss Smile Snow White \u2013 wybielaj\u0105ca pasta do z\u0119b\u00f3w 75ml\"},{\"@type\":\"BreadcrumbList\",\"@id\":\"https:\/\/apkostore.com\/en\/product\/swiss-smile-snow-white-wybielajaca-pasta-do-zebow-75ml\/#breadcrumb\",\"itemListElement\":[{\"@type\":\"ListItem\",\"position\":1,\"name\":\"Strona g\u0142\u00f3wna\",\"item\":\"https:\/\/apkostore.com\/en\/start-eng\/\"},{\"@type\":\"ListItem\",\"position\":2,\"name\":\"Shop\",\"item\":\"https:\/\/apkostore.com\/en\/shop\/\"},{\"@type\":\"ListItem\",\"position\":3,\"name\":\"Swiss Smile Snow White \u2013 wybielaj\u0105ca pasta do z\u0119b\u00f3w 75ml\"}]},{\"@type\":\"WebSite\",\"@id\":\"https:\/\/apkostore.com\/en\/#website\",\"url\":\"https:\/\/apkostore.com\/en\/\",\"name\":\"Apkostore.com\",\"description\":\"\",\"publisher\":{\"@id\":\"https:\/\/apkostore.com\/en\/#organization\"},\"potentialAction\":[{\"@type\":\"SearchAction\",\"target\":{\"@type\":\"EntryPoint\",\"urlTemplate\":\"https:\/\/apkostore.com\/en\/?s={search_term_string}\"},\"query-input\":{\"@type\":\"PropertyValueSpecification\",\"valueRequired\":true,\"valueName\":\"search_term_string\"}}],\"inLanguage\":\"en-US\"},{\"@type\":\"Organization\",\"@id\":\"https:\/\/apkostore.com\/en\/#organization\",\"name\":\"APKO Sp. z o. o.\",\"url\":\"https:\/\/apkostore.com\/en\/\",\"logo\":{\"@type\":\"ImageObject\",\"inLanguage\":\"en-US\",\"@id\":\"https:\/\/apkostore.com\/en\/#\/schema\/logo\/image\/\",\"url\":\"https:\/\/apkostore.com\/wp-content\/uploads\/2023\/09\/logo-black-min.png\",\"contentUrl\":\"https:\/\/apkostore.com\/wp-content\/uploads\/2023\/09\/logo-black-min.png\",\"width\":2500,\"height\":944,\"caption\":\"APKO Sp. z o. o.\"},\"image\":{\"@id\":\"https:\/\/apkostore.com\/en\/#\/schema\/logo\/image\/\"},\"sameAs\":[\"https:\/\/www.facebook.com\/apkostore\",\"https:\/\/www.instagram.com\/apkostore\/\"]}]}<\/script>\n<!-- \/ Yoast SEO plugin. -->","yoast_head_json":{"title":"Swiss Smile Snow White 75ml - pasta do z\u0119b\u00f3w - Apkostore.com","description":"Poznaj Swiss Smile Snow White \u2013 wybielaj\u0105c\u0105 past\u0119 o 200% wy\u017cszej sile czyszczenia. Usuwa przebarwienia, zawiera koj\u0105cy aloes i 0% SLS.","robots":{"index":"index","follow":"follow","max-snippet":"max-snippet:-1","max-image-preview":"max-image-preview:large","max-video-preview":"max-video-preview:-1"},"canonical":"https:\/\/apkostore.com\/en\/product\/swiss-smile-snow-white-wybielajaca-pasta-do-zebow-75ml\/","og_locale":"en_US","og_type":"article","og_title":"Swiss Smile Snow White 75ml - pasta do z\u0119b\u00f3w - Apkostore.com","og_description":"Poznaj Swiss Smile Snow White \u2013 wybielaj\u0105c\u0105 past\u0119 o 200% wy\u017cszej sile czyszczenia. Usuwa przebarwienia, zawiera koj\u0105cy aloes i 0% SLS.","og_url":"https:\/\/apkostore.com\/en\/product\/swiss-smile-snow-white-wybielajaca-pasta-do-zebow-75ml\/","og_site_name":"Apkostore.com","article_publisher":"https:\/\/www.facebook.com\/apkostore","article_modified_time":"2026-04-01T10:48:40+00:00","og_image":[{"width":960,"height":960,"url":"https:\/\/apkostore.com\/wp-content\/uploads\/2025\/12\/Swiss-Smile-Snow-White-\u2013-rozjasniajaca-diamentowa-pasta-do-zebow-75ml-1.png","type":"image\/png"}],"twitter_card":"summary_large_image","twitter_misc":{"Est. reading time":"2 minutes"},"schema":{"@context":"https:\/\/schema.org","@graph":[{"@type":"WebPage","@id":"https:\/\/apkostore.com\/en\/product\/swiss-smile-snow-white-wybielajaca-pasta-do-zebow-75ml\/","url":"https:\/\/apkostore.com\/en\/product\/swiss-smile-snow-white-wybielajaca-pasta-do-zebow-75ml\/","name":"Swiss Smile Snow White 75ml - pasta do z\u0119b\u00f3w - Apkostore.com","isPartOf":{"@id":"https:\/\/apkostore.com\/en\/#website"},"primaryImageOfPage":{"@id":"https:\/\/apkostore.com\/en\/product\/swiss-smile-snow-white-wybielajaca-pasta-do-zebow-75ml\/#primaryimage"},"image":{"@id":"https:\/\/apkostore.com\/en\/product\/swiss-smile-snow-white-wybielajaca-pasta-do-zebow-75ml\/#primaryimage"},"thumbnailUrl":"https:\/\/apkostore.com\/wp-content\/uploads\/2025\/12\/Swiss-Smile-Snow-White-\u2013-rozjasniajaca-diamentowa-pasta-do-zebow-75ml-1.png","datePublished":"2025-12-18T15:37:00+00:00","dateModified":"2026-04-01T10:48:40+00:00","description":"Poznaj Swiss Smile Snow White \u2013 wybielaj\u0105c\u0105 past\u0119 o 200% wy\u017cszej sile czyszczenia. Usuwa przebarwienia, zawiera koj\u0105cy aloes i 0% SLS.","breadcrumb":{"@id":"https:\/\/apkostore.com\/en\/product\/swiss-smile-snow-white-wybielajaca-pasta-do-zebow-75ml\/#breadcrumb"},"inLanguage":"en-US","potentialAction":[{"@type":"ReadAction","target":["https:\/\/apkostore.com\/en\/product\/swiss-smile-snow-white-wybielajaca-pasta-do-zebow-75ml\/"]}]},{"@type":"ImageObject","inLanguage":"en-US","@id":"https:\/\/apkostore.com\/en\/product\/swiss-smile-snow-white-wybielajaca-pasta-do-zebow-75ml\/#primaryimage","url":"https:\/\/apkostore.com\/wp-content\/uploads\/2025\/12\/Swiss-Smile-Snow-White-\u2013-rozjasniajaca-diamentowa-pasta-do-zebow-75ml-1.png","contentUrl":"https:\/\/apkostore.com\/wp-content\/uploads\/2025\/12\/Swiss-Smile-Snow-White-\u2013-rozjasniajaca-diamentowa-pasta-do-zebow-75ml-1.png","width":960,"height":960,"caption":"Swiss Smile Snow White \u2013 wybielaj\u0105ca pasta do z\u0119b\u00f3w 75ml"},{"@type":"BreadcrumbList","@id":"https:\/\/apkostore.com\/en\/product\/swiss-smile-snow-white-wybielajaca-pasta-do-zebow-75ml\/#breadcrumb","itemListElement":[{"@type":"ListItem","position":1,"name":"Strona g\u0142\u00f3wna","item":"https:\/\/apkostore.com\/en\/start-eng\/"},{"@type":"ListItem","position":2,"name":"Shop","item":"https:\/\/apkostore.com\/en\/shop\/"},{"@type":"ListItem","position":3,"name":"Swiss Smile Snow White \u2013 wybielaj\u0105ca pasta do z\u0119b\u00f3w 75ml"}]},{"@type":"WebSite","@id":"https:\/\/apkostore.com\/en\/#website","url":"https:\/\/apkostore.com\/en\/","name":"Apkostore.com","description":"","publisher":{"@id":"https:\/\/apkostore.com\/en\/#organization"},"potentialAction":[{"@type":"SearchAction","target":{"@type":"EntryPoint","urlTemplate":"https:\/\/apkostore.com\/en\/?s={search_term_string}"},"query-input":{"@type":"PropertyValueSpecification","valueRequired":true,"valueName":"search_term_string"}}],"inLanguage":"en-US"},{"@type":"Organization","@id":"https:\/\/apkostore.com\/en\/#organization","name":"APKO Sp. z o. o.","url":"https:\/\/apkostore.com\/en\/","logo":{"@type":"ImageObject","inLanguage":"en-US","@id":"https:\/\/apkostore.com\/en\/#\/schema\/logo\/image\/","url":"https:\/\/apkostore.com\/wp-content\/uploads\/2023\/09\/logo-black-min.png","contentUrl":"https:\/\/apkostore.com\/wp-content\/uploads\/2023\/09\/logo-black-min.png","width":2500,"height":944,"caption":"APKO Sp. z o. o."},"image":{"@id":"https:\/\/apkostore.com\/en\/#\/schema\/logo\/image\/"},"sameAs":["https:\/\/www.facebook.com\/apkostore","https:\/\/www.instagram.com\/apkostore\/"]}]}},"_links":{"self":[{"href":"https:\/\/apkostore.com\/en\/wp-json\/wp\/v2\/product\/9989","targetHints":{"allow":["GET"]}}],"collection":[{"href":"https:\/\/apkostore.com\/en\/wp-json\/wp\/v2\/product"}],"about":[{"href":"https:\/\/apkostore.com\/en\/wp-json\/wp\/v2\/types\/product"}],"wp:featuredmedia":[{"embeddable":true,"href":"https:\/\/apkostore.com\/en\/wp-json\/wp\/v2\/media\/9990"}],"wp:attachment":[{"href":"https:\/\/apkostore.com\/en\/wp-json\/wp\/v2\/media?parent=9989"}],"wp:term":[{"taxonomy":"product_brand","embeddable":true,"href":"https:\/\/apkostore.com\/en\/wp-json\/wp\/v2\/product_brand?post=9989"},{"taxonomy":"product_cat","embeddable":true,"href":"https:\/\/apkostore.com\/en\/wp-json\/wp\/v2\/product_cat?post=9989"},{"taxonomy":"product_tag","embeddable":true,"href":"https:\/\/apkostore.com\/en\/wp-json\/wp\/v2\/product_tag?post=9989"},{"taxonomy":"dodatkowo","embeddable":true,"href":"https:\/\/apkostore.com\/en\/wp-json\/wp\/v2\/dodatkowo?post=9989"}],"curies":[{"name":"wp","href":"https:\/\/api.w.org\/{rel}","templated":true}]}}