{"id":9581,"date":"2025-11-15T05:39:00","date_gmt":"2025-11-15T04:39:00","guid":{"rendered":"https:\/\/apkostore.com\/?post_type=product&#038;p=9581"},"modified":"2026-02-03T15:08:10","modified_gmt":"2026-02-03T14:08:10","slug":"curaprox-cs-1006-szczoteczka-jednopeczkowa-do-zebow","status":"publish","type":"product","link":"https:\/\/apkostore.com\/en\/product\/curaprox-cs-1006-szczoteczka-jednopeczkowa-do-zebow\/","title":{"rendered":"Curaprox CS 1006 szczoteczka jednop\u0119czkowa do z\u0119b\u00f3w"},"content":{"rendered":"<p><strong>Curaprox CS 1006 szczoteczka jednop\u0119czkowa do z\u0119b\u00f3w<\/strong><\/p>\n<p>Ta szczoteczka to <b>narz\u0119dzie eksperckie<\/b> stworzone do osi\u0105gni\u0119cia maksymalnej czysto\u015bci w trudno dost\u0119pnych miejscach. Osi\u0105gnij zaawansowan\u0105 higien\u0119 jamy ustnej. Szczoteczka jest niezb\u0119dna w Twojej \u0142azience, szczeg\u00f3lnie je\u015bli u\u017cywasz aparatu ortodontycznego, masz problemy z dzi\u0105s\u0142ami lub posiadasz implanty.<\/p>\n<p>&nbsp;<\/p>\n<h2>Dlaczego wybra\u0107 Curaprox CS 1006 Single?<\/h2>\n<ul>\n<li><b>Wyj\u0105tkowa Skuteczno\u015b\u0107 &#8211; <\/b>dzi\u0119ki skoncentrowanemu, pojedynczemu p\u0119czkowi w\u0142\u00f3kien, szczoteczka idealnie trafia w przestrzenie, do kt\u00f3rych nie docieraj\u0105 standardowe szczoteczki \u2013 <b>szczelina dzi\u0105s\u0142owa, tylne powierzchnie z\u0119b\u00f3w trzonowych, a tak\u017ce z\u0119by st\u0142oczone<\/b>.<\/li>\n<li><b>W\u0142\u00f3kna CUREN\u00ae \u2013 Delikatno\u015b\u0107 i Twardo\u015b\u0107<\/b>\u00a0&#8211; g\u0142\u00f3wka szczoteczki wyposa\u017cona jest w <b>812 ultra-cienkich (0,1 mm), opatentowanych w\u0142\u00f3kien CUREN\u00ae<\/b>. W przeciwie\u0144stwie do tradycyjnego nylonu, w\u0142\u00f3kna CUREN\u00ae s\u0105 niezwykle delikatne dla dzi\u0105se\u0142, jednocze\u015bnie zachowuj\u0105c swoj\u0105 twardo\u015b\u0107 i precyzj\u0119, co gwarantuje <b>skuteczne i bezinwazyjne czyszczenie<\/b>.<\/li>\n<li><b>Idealny K\u0105t Czyszczenia<\/b>\u00a0&#8211; w\u0142\u00f3kna s\u0105 \u015bci\u0119te na p\u0142asko, co pozwala na ustawienie szczoteczki pod <b>idealnym k\u0105tem 45 stopni<\/b> do linii dzi\u0105se\u0142. To klucz do skutecznego usuwania p\u0142ytki naz\u0119bnej z krytycznej okolicy szyjki z\u0119ba.<\/li>\n<li><b>Niezast\u0105piona przy implantach<\/b> &#8211; szczoteczka jest idealna do czyszczenia implant\u00f3w i koron z\u0119bowych, znacz\u0105co u\u0142atwiaj\u0105c utrzymanie higieny podczas leczenia.<\/li>\n<\/ul>\n<p>&nbsp;<\/p>\n<h2>Kluczowe cechy szczoteczki <strong>Curaprox CS 1006<\/strong><\/h2>\n<div class=\"horizontal-scroll-wrapper\">\n<div class=\"table-block-component\">\n<div class=\"table-block has-export-button\">\n<div class=\"table-content not-end-of-paragraph\" data-hveid=\"0\" data-ved=\"0CAAQ3ecQahgKEwjdm-y9_-6QAxUAAAAAHQAAAAAQqgU\">\n<table>\n<thead>\n<tr>\n<td>Cecha<\/td>\n<td>Szczeg\u00f3\u0142<\/td>\n<td>Korzy\u015b\u0107 dla U\u017cytkownika<\/td>\n<\/tr>\n<\/thead>\n<tbody>\n<tr>\n<td><b>Typ W\u0142\u00f3kna<\/b><\/td>\n<td>CUREN\u00ae<\/td>\n<td>Wyj\u0105tkowa delikatno\u015b\u0107 dla dzi\u0105se\u0142 i precyzja czyszczenia.<\/td>\n<\/tr>\n<tr>\n<td><b>Liczba W\u0142\u00f3kien<\/b><\/td>\n<td>812<\/td>\n<td>Wysokie zag\u0119szczenie zapewnia skuteczne dotarcie do ka\u017cdego miejsca.<\/td>\n<\/tr>\n<tr>\n<td><b>\u015arednica W\u0142\u00f3kien<\/b><\/td>\n<td>0,1 mm<\/td>\n<td>Ultra-cienkie ko\u0144c\u00f3wki wnikaj\u0105 g\u0142\u0119biej bez podra\u017cnie\u0144.<\/td>\n<\/tr>\n<tr>\n<td><b>G\u0142\u00f3wka<\/b><\/td>\n<td>Pojedynczy, zaokr\u0105glony p\u0119czek<\/td>\n<td>Precyzyjne czyszczenie pojedynczych z\u0119b\u00f3w i trudno dost\u0119pnych struktur.<\/td>\n<\/tr>\n<tr>\n<td><b>Uchwyt<\/b><\/td>\n<td>O\u015bmiok\u0105tny<\/td>\n<td>Zapewnia pewny chwyt i wspomaga utrzymanie prawid\u0142owego k\u0105ta czyszczenia.<\/td>\n<\/tr>\n<\/tbody>\n<\/table>\n<\/div>\n<\/div>\n<\/div>\n<\/div>\n<p>&nbsp;<\/p>\n<h2>Spos\u00f3b u\u017cycia &#8211; <strong>Curaprox CS 1006<\/strong><\/h2>\n<p>Szczoteczka Curaprox CS 1006 Single jest idealna do techniki szczotkowania Solo\u00ae. Stosuj j\u0105 bez u\u017cycia pasty, koncentruj\u0105c si\u0119 na czyszczeniu ka\u017cdego z\u0119ba i okolicy dzi\u0105s\u0142a z osobna, wykonuj\u0105c delikatne, okr\u0119\u017cne lub wymiataj\u0105ce ruchy. Zaleca si\u0119 stosowanie jej jako uzupe\u0142nienie codziennego szczotkowania.<\/p>\n<hr \/>\n<p><b>Produkt rekomendowany przez higienistki i stomatolog\u00f3w do specjalistycznego czyszczenia.<\/b><\/p>\n","protected":false},"excerpt":{"rendered":"<p>1 szt.<\/p>\n","protected":false},"featured_media":9582,"template":"","meta":[],"product_brand":[],"product_cat":[223],"product_tag":[],"dodatkowo":[],"class_list":{"0":"post-9581","1":"product","2":"type-product","3":"status-publish","4":"has-post-thumbnail","6":"product_cat-implanty","8":"first","9":"instock","10":"taxable","11":"shipping-taxable","12":"purchasable","13":"product-type-simple"},"yoast_head":"<!-- This site is optimized with the Yoast SEO plugin v27.5 - https:\/\/yoast.com\/product\/yoast-seo-wordpress\/ -->\n<title>Curaprox CS 1006 szczoteczka jednop\u0119czkowa do z\u0119b\u00f3w - Apkostore.com<\/title>\n<meta name=\"description\" content=\"META OPIS: Curaprox CS 1006 Single: precyzyjna szczoteczka jednop\u0119czkowa do techniki Solo\u00ae. Idealna do czyszczenia linii dzi\u0105se\u0142, st\u0142ocze\u0144 i aparat\u00f3w.\" \/>\n<meta name=\"robots\" content=\"index, follow, max-snippet:-1, max-image-preview:large, max-video-preview:-1\" \/>\n<link rel=\"canonical\" href=\"https:\/\/apkostore.com\/en\/product\/curaprox-cs-1006-szczoteczka-jednopeczkowa-do-zebow\/\" \/>\n<meta property=\"og:locale\" content=\"en_US\" \/>\n<meta property=\"og:type\" content=\"article\" \/>\n<meta property=\"og:title\" content=\"Curaprox CS 1006 szczoteczka jednop\u0119czkowa do z\u0119b\u00f3w - Apkostore.com\" \/>\n<meta property=\"og:description\" content=\"META OPIS: Curaprox CS 1006 Single: precyzyjna szczoteczka jednop\u0119czkowa do techniki Solo\u00ae. Idealna do czyszczenia linii dzi\u0105se\u0142, st\u0142ocze\u0144 i aparat\u00f3w.\" \/>\n<meta property=\"og:url\" content=\"https:\/\/apkostore.com\/en\/product\/curaprox-cs-1006-szczoteczka-jednopeczkowa-do-zebow\/\" \/>\n<meta property=\"og:site_name\" content=\"Apkostore.com\" \/>\n<meta property=\"article:publisher\" content=\"https:\/\/www.facebook.com\/apkostore\" \/>\n<meta property=\"article:modified_time\" content=\"2026-02-03T14:08:10+00:00\" \/>\n<meta property=\"og:image\" content=\"https:\/\/apkostore.com\/wp-content\/uploads\/2025\/11\/Curaprox-CS-1006-szczoteczka-jednopeczkowa-do-zebow-1.png\" \/>\n\t<meta property=\"og:image:width\" content=\"960\" \/>\n\t<meta property=\"og:image:height\" content=\"960\" \/>\n\t<meta property=\"og:image:type\" content=\"image\/png\" \/>\n<meta name=\"twitter:card\" content=\"summary_large_image\" \/>\n<meta name=\"twitter:label1\" content=\"Est. reading time\" \/>\n\t<meta name=\"twitter:data1\" content=\"2 minutes\" \/>\n<script type=\"application\/ld+json\" class=\"yoast-schema-graph\">{\"@context\":\"https:\\\/\\\/schema.org\",\"@graph\":[{\"@type\":\"WebPage\",\"@id\":\"https:\\\/\\\/apkostore.com\\\/en\\\/product\\\/curaprox-cs-1006-szczoteczka-jednopeczkowa-do-zebow\\\/\",\"url\":\"https:\\\/\\\/apkostore.com\\\/en\\\/product\\\/curaprox-cs-1006-szczoteczka-jednopeczkowa-do-zebow\\\/\",\"name\":\"Curaprox CS 1006 szczoteczka jednop\u0119czkowa do z\u0119b\u00f3w - Apkostore.com\",\"isPartOf\":{\"@id\":\"https:\\\/\\\/apkostore.com\\\/en\\\/#website\"},\"primaryImageOfPage\":{\"@id\":\"https:\\\/\\\/apkostore.com\\\/en\\\/product\\\/curaprox-cs-1006-szczoteczka-jednopeczkowa-do-zebow\\\/#primaryimage\"},\"image\":{\"@id\":\"https:\\\/\\\/apkostore.com\\\/en\\\/product\\\/curaprox-cs-1006-szczoteczka-jednopeczkowa-do-zebow\\\/#primaryimage\"},\"thumbnailUrl\":\"https:\\\/\\\/apkostore.com\\\/wp-content\\\/uploads\\\/2025\\\/11\\\/Curaprox-CS-1006-szczoteczka-jednopeczkowa-do-zebow-1.png\",\"datePublished\":\"2025-11-15T04:39:00+00:00\",\"dateModified\":\"2026-02-03T14:08:10+00:00\",\"description\":\"META OPIS: Curaprox CS 1006 Single: precyzyjna szczoteczka jednop\u0119czkowa do techniki Solo\u00ae. Idealna do czyszczenia linii dzi\u0105se\u0142, st\u0142ocze\u0144 i aparat\u00f3w.\",\"breadcrumb\":{\"@id\":\"https:\\\/\\\/apkostore.com\\\/en\\\/product\\\/curaprox-cs-1006-szczoteczka-jednopeczkowa-do-zebow\\\/#breadcrumb\"},\"inLanguage\":\"en-US\",\"potentialAction\":[{\"@type\":\"ReadAction\",\"target\":[\"https:\\\/\\\/apkostore.com\\\/en\\\/product\\\/curaprox-cs-1006-szczoteczka-jednopeczkowa-do-zebow\\\/\"]}]},{\"@type\":\"ImageObject\",\"inLanguage\":\"en-US\",\"@id\":\"https:\\\/\\\/apkostore.com\\\/en\\\/product\\\/curaprox-cs-1006-szczoteczka-jednopeczkowa-do-zebow\\\/#primaryimage\",\"url\":\"https:\\\/\\\/apkostore.com\\\/wp-content\\\/uploads\\\/2025\\\/11\\\/Curaprox-CS-1006-szczoteczka-jednopeczkowa-do-zebow-1.png\",\"contentUrl\":\"https:\\\/\\\/apkostore.com\\\/wp-content\\\/uploads\\\/2025\\\/11\\\/Curaprox-CS-1006-szczoteczka-jednopeczkowa-do-zebow-1.png\",\"width\":960,\"height\":960,\"caption\":\"Curaprox CS 1006 szczoteczka jednop\u0119czkowa do z\u0119b\u00f3w\"},{\"@type\":\"BreadcrumbList\",\"@id\":\"https:\\\/\\\/apkostore.com\\\/en\\\/product\\\/curaprox-cs-1006-szczoteczka-jednopeczkowa-do-zebow\\\/#breadcrumb\",\"itemListElement\":[{\"@type\":\"ListItem\",\"position\":1,\"name\":\"Strona g\u0142\u00f3wna\",\"item\":\"https:\\\/\\\/apkostore.com\\\/en\\\/start-eng\\\/\"},{\"@type\":\"ListItem\",\"position\":2,\"name\":\"Shop\",\"item\":\"https:\\\/\\\/apkostore.com\\\/en\\\/shop\\\/\"},{\"@type\":\"ListItem\",\"position\":3,\"name\":\"Curaprox CS 1006 szczoteczka jednop\u0119czkowa do z\u0119b\u00f3w\"}]},{\"@type\":\"WebSite\",\"@id\":\"https:\\\/\\\/apkostore.com\\\/en\\\/#website\",\"url\":\"https:\\\/\\\/apkostore.com\\\/en\\\/\",\"name\":\"Apkostore.com\",\"description\":\"\",\"publisher\":{\"@id\":\"https:\\\/\\\/apkostore.com\\\/en\\\/#organization\"},\"potentialAction\":[{\"@type\":\"SearchAction\",\"target\":{\"@type\":\"EntryPoint\",\"urlTemplate\":\"https:\\\/\\\/apkostore.com\\\/en\\\/?s={search_term_string}\"},\"query-input\":{\"@type\":\"PropertyValueSpecification\",\"valueRequired\":true,\"valueName\":\"search_term_string\"}}],\"inLanguage\":\"en-US\"},{\"@type\":\"Organization\",\"@id\":\"https:\\\/\\\/apkostore.com\\\/en\\\/#organization\",\"name\":\"APKO Sp. z o. o.\",\"url\":\"https:\\\/\\\/apkostore.com\\\/en\\\/\",\"logo\":{\"@type\":\"ImageObject\",\"inLanguage\":\"en-US\",\"@id\":\"https:\\\/\\\/apkostore.com\\\/en\\\/#\\\/schema\\\/logo\\\/image\\\/\",\"url\":\"https:\\\/\\\/apkostore.com\\\/wp-content\\\/uploads\\\/2023\\\/09\\\/logo-black-min.png\",\"contentUrl\":\"https:\\\/\\\/apkostore.com\\\/wp-content\\\/uploads\\\/2023\\\/09\\\/logo-black-min.png\",\"width\":2500,\"height\":944,\"caption\":\"APKO Sp. z o. o.\"},\"image\":{\"@id\":\"https:\\\/\\\/apkostore.com\\\/en\\\/#\\\/schema\\\/logo\\\/image\\\/\"},\"sameAs\":[\"https:\\\/\\\/www.facebook.com\\\/apkostore\",\"https:\\\/\\\/www.instagram.com\\\/apkostore\\\/\"]}]}<\/script>\n<!-- \/ Yoast SEO plugin. -->","yoast_head_json":{"title":"Curaprox CS 1006 szczoteczka jednop\u0119czkowa do z\u0119b\u00f3w - Apkostore.com","description":"META OPIS: Curaprox CS 1006 Single: precyzyjna szczoteczka jednop\u0119czkowa do techniki Solo\u00ae. Idealna do czyszczenia linii dzi\u0105se\u0142, st\u0142ocze\u0144 i aparat\u00f3w.","robots":{"index":"index","follow":"follow","max-snippet":"max-snippet:-1","max-image-preview":"max-image-preview:large","max-video-preview":"max-video-preview:-1"},"canonical":"https:\/\/apkostore.com\/en\/product\/curaprox-cs-1006-szczoteczka-jednopeczkowa-do-zebow\/","og_locale":"en_US","og_type":"article","og_title":"Curaprox CS 1006 szczoteczka jednop\u0119czkowa do z\u0119b\u00f3w - Apkostore.com","og_description":"META OPIS: Curaprox CS 1006 Single: precyzyjna szczoteczka jednop\u0119czkowa do techniki Solo\u00ae. Idealna do czyszczenia linii dzi\u0105se\u0142, st\u0142ocze\u0144 i aparat\u00f3w.","og_url":"https:\/\/apkostore.com\/en\/product\/curaprox-cs-1006-szczoteczka-jednopeczkowa-do-zebow\/","og_site_name":"Apkostore.com","article_publisher":"https:\/\/www.facebook.com\/apkostore","article_modified_time":"2026-02-03T14:08:10+00:00","og_image":[{"width":960,"height":960,"url":"https:\/\/apkostore.com\/wp-content\/uploads\/2025\/11\/Curaprox-CS-1006-szczoteczka-jednopeczkowa-do-zebow-1.png","type":"image\/png"}],"twitter_card":"summary_large_image","twitter_misc":{"Est. reading time":"2 minutes"},"schema":{"@context":"https:\/\/schema.org","@graph":[{"@type":"WebPage","@id":"https:\/\/apkostore.com\/en\/product\/curaprox-cs-1006-szczoteczka-jednopeczkowa-do-zebow\/","url":"https:\/\/apkostore.com\/en\/product\/curaprox-cs-1006-szczoteczka-jednopeczkowa-do-zebow\/","name":"Curaprox CS 1006 szczoteczka jednop\u0119czkowa do z\u0119b\u00f3w - Apkostore.com","isPartOf":{"@id":"https:\/\/apkostore.com\/en\/#website"},"primaryImageOfPage":{"@id":"https:\/\/apkostore.com\/en\/product\/curaprox-cs-1006-szczoteczka-jednopeczkowa-do-zebow\/#primaryimage"},"image":{"@id":"https:\/\/apkostore.com\/en\/product\/curaprox-cs-1006-szczoteczka-jednopeczkowa-do-zebow\/#primaryimage"},"thumbnailUrl":"https:\/\/apkostore.com\/wp-content\/uploads\/2025\/11\/Curaprox-CS-1006-szczoteczka-jednopeczkowa-do-zebow-1.png","datePublished":"2025-11-15T04:39:00+00:00","dateModified":"2026-02-03T14:08:10+00:00","description":"META OPIS: Curaprox CS 1006 Single: precyzyjna szczoteczka jednop\u0119czkowa do techniki Solo\u00ae. Idealna do czyszczenia linii dzi\u0105se\u0142, st\u0142ocze\u0144 i aparat\u00f3w.","breadcrumb":{"@id":"https:\/\/apkostore.com\/en\/product\/curaprox-cs-1006-szczoteczka-jednopeczkowa-do-zebow\/#breadcrumb"},"inLanguage":"en-US","potentialAction":[{"@type":"ReadAction","target":["https:\/\/apkostore.com\/en\/product\/curaprox-cs-1006-szczoteczka-jednopeczkowa-do-zebow\/"]}]},{"@type":"ImageObject","inLanguage":"en-US","@id":"https:\/\/apkostore.com\/en\/product\/curaprox-cs-1006-szczoteczka-jednopeczkowa-do-zebow\/#primaryimage","url":"https:\/\/apkostore.com\/wp-content\/uploads\/2025\/11\/Curaprox-CS-1006-szczoteczka-jednopeczkowa-do-zebow-1.png","contentUrl":"https:\/\/apkostore.com\/wp-content\/uploads\/2025\/11\/Curaprox-CS-1006-szczoteczka-jednopeczkowa-do-zebow-1.png","width":960,"height":960,"caption":"Curaprox CS 1006 szczoteczka jednop\u0119czkowa do z\u0119b\u00f3w"},{"@type":"BreadcrumbList","@id":"https:\/\/apkostore.com\/en\/product\/curaprox-cs-1006-szczoteczka-jednopeczkowa-do-zebow\/#breadcrumb","itemListElement":[{"@type":"ListItem","position":1,"name":"Strona g\u0142\u00f3wna","item":"https:\/\/apkostore.com\/en\/start-eng\/"},{"@type":"ListItem","position":2,"name":"Shop","item":"https:\/\/apkostore.com\/en\/shop\/"},{"@type":"ListItem","position":3,"name":"Curaprox CS 1006 szczoteczka jednop\u0119czkowa do z\u0119b\u00f3w"}]},{"@type":"WebSite","@id":"https:\/\/apkostore.com\/en\/#website","url":"https:\/\/apkostore.com\/en\/","name":"Apkostore.com","description":"","publisher":{"@id":"https:\/\/apkostore.com\/en\/#organization"},"potentialAction":[{"@type":"SearchAction","target":{"@type":"EntryPoint","urlTemplate":"https:\/\/apkostore.com\/en\/?s={search_term_string}"},"query-input":{"@type":"PropertyValueSpecification","valueRequired":true,"valueName":"search_term_string"}}],"inLanguage":"en-US"},{"@type":"Organization","@id":"https:\/\/apkostore.com\/en\/#organization","name":"APKO Sp. z o. o.","url":"https:\/\/apkostore.com\/en\/","logo":{"@type":"ImageObject","inLanguage":"en-US","@id":"https:\/\/apkostore.com\/en\/#\/schema\/logo\/image\/","url":"https:\/\/apkostore.com\/wp-content\/uploads\/2023\/09\/logo-black-min.png","contentUrl":"https:\/\/apkostore.com\/wp-content\/uploads\/2023\/09\/logo-black-min.png","width":2500,"height":944,"caption":"APKO Sp. z o. o."},"image":{"@id":"https:\/\/apkostore.com\/en\/#\/schema\/logo\/image\/"},"sameAs":["https:\/\/www.facebook.com\/apkostore","https:\/\/www.instagram.com\/apkostore\/"]}]}},"_links":{"self":[{"href":"https:\/\/apkostore.com\/en\/wp-json\/wp\/v2\/product\/9581","targetHints":{"allow":["GET"]}}],"collection":[{"href":"https:\/\/apkostore.com\/en\/wp-json\/wp\/v2\/product"}],"about":[{"href":"https:\/\/apkostore.com\/en\/wp-json\/wp\/v2\/types\/product"}],"wp:featuredmedia":[{"embeddable":true,"href":"https:\/\/apkostore.com\/en\/wp-json\/wp\/v2\/media\/9582"}],"wp:attachment":[{"href":"https:\/\/apkostore.com\/en\/wp-json\/wp\/v2\/media?parent=9581"}],"wp:term":[{"taxonomy":"product_brand","embeddable":true,"href":"https:\/\/apkostore.com\/en\/wp-json\/wp\/v2\/product_brand?post=9581"},{"taxonomy":"product_cat","embeddable":true,"href":"https:\/\/apkostore.com\/en\/wp-json\/wp\/v2\/product_cat?post=9581"},{"taxonomy":"product_tag","embeddable":true,"href":"https:\/\/apkostore.com\/en\/wp-json\/wp\/v2\/product_tag?post=9581"},{"taxonomy":"dodatkowo","embeddable":true,"href":"https:\/\/apkostore.com\/en\/wp-json\/wp\/v2\/dodatkowo?post=9581"}],"curies":[{"name":"wp","href":"https:\/\/api.w.org\/{rel}","templated":true}]}}