{"id":9024,"date":"2025-10-22T12:58:49","date_gmt":"2025-10-22T10:58:49","guid":{"rendered":"https:\/\/apkostore.com\/?post_type=product&#038;p=9024"},"modified":"2025-12-21T10:55:27","modified_gmt":"2025-12-21T09:55:27","slug":"curaprox-5460-ultra-soft-ortho-szczoteczka-ortodontyczna-do-zebow","status":"publish","type":"product","link":"https:\/\/apkostore.com\/en\/product\/curaprox-5460-ultra-soft-ortho-szczoteczka-ortodontyczna-do-zebow\/","title":{"rendered":"Curaprox 5460 ultra soft &#8211; Ortho szczoteczka ortodontyczna do z\u0119b\u00f3w"},"content":{"rendered":"<p><b>Curaprox CS 5460 Ultra Soft Ortho \u2013 precyzyjna czysto\u015b\u0107 i bezpiecze\u0144stwo przy aparacie ortodontycznym<\/b><\/p>\n<p>Okres leczenia ortodontycznego wymaga specjalistycznego podej\u015bcia do higieny, kt\u00f3re minimalizuje ryzyko powik\u0142a\u0144. <b>Szczoteczka Ortho Curaprox<\/b> CS 5460 zosta\u0142a stworzona z my\u015bl\u0105 o najwy\u017cszym bezpiecze\u0144stwie i efektywno\u015bci. Dzi\u0119ki unikalnemu, specjalistycznemu w\u0142osiu <b>V-Cut<\/b> i ekstremalnie g\u0119stym, ultra delikatnym <b>5460 w\u0142\u00f3knom Curen\u00ae<\/b>, jest to jedyny wyb\u00f3r, kt\u00f3ry gwarantuje doskona\u0142\u0105 prewencj\u0119 podczas noszenia sta\u0142ego aparatu.<\/p>\n<p>&nbsp;<\/p>\n<h2>G\u0142\u00f3wne zalety Curaprox CS 5460 Ortho<\/h2>\n<div class=\"horizontal-scroll-wrapper\">\n<div class=\"table-block-component\">\n<div class=\"table-block has-export-button\">\n<div class=\"table-content not-end-of-paragraph\" data-hveid=\"0\" data-ved=\"0CAAQ3ecQahgKEwii7omy8bSQAxUAAAAAHQAAAAAQhgc\">\n<table>\n<thead>\n<tr>\n<td>Jak to dzia\u0142a?<\/td>\n<td>Co to daje?<\/td>\n<\/tr>\n<\/thead>\n<tbody>\n<tr>\n<td><b>Specjalistyczne w\u0142osie &#8220;V-Cut&#8221;<\/b> (przyci\u0119te w kszta\u0142cie litery V) idealnie dopasowuje si\u0119 do zamk\u00f3w i drut\u00f3w aparatu ortodontycznego.<\/td>\n<td><b>Maksymalna skuteczno\u015b\u0107 czyszczenia<\/b> powierzchni z\u0119b\u00f3w i samego aparatu, minimalizuj\u0105c ryzyko pr\u00f3chnicy wok\u00f3\u0142 zamk\u00f3w.<\/td>\n<\/tr>\n<tr>\n<td><b>Ultra delikatne w\u0142\u00f3kna Curen\u00ae (5460 sztuk)<\/b>, kt\u00f3re s\u0105 g\u0119sto i r\u00f3wnomiernie u\u0142o\u017cone.<\/td>\n<td><b>Bezpiecze\u0144stwo i spok\u00f3j<\/b> \u2013 w\u0142\u00f3kna czyszcz\u0105 wyj\u0105tkowo dok\u0142adnie, ale bez traumatyzowania wra\u017cliwych dzi\u0105se\u0142 i element\u00f3w aparatu.<\/td>\n<\/tr>\n<tr>\n<td><b>Ma\u0142a i kompaktowa g\u0142\u00f3wka<\/b> oraz <b>ergonomiczny uchwyt<\/b>.<\/td>\n<td><b>Precyzyjna kontrola<\/b> nad ka\u017cdym ruchem, co jest kluczowe, aby dotrze\u0107 do wszystkich trudno dost\u0119pnych miejsc wok\u00f3\u0142 aparatu i w tylnych partiach jamy ustnej.<\/td>\n<\/tr>\n<\/tbody>\n<\/table>\n<\/div>\n<\/div>\n<\/div>\n<\/div>\n<p>&nbsp;<\/p>\n<h2>Specyfikacja<\/h2>\n<ul>\n<li><b>Liczba W\u0142\u00f3kien<\/b>: 5460 ultra cienkich w\u0142\u00f3kien Curen\u00ae.<\/li>\n<li><b>Twardo\u015b\u0107<\/b>: Ultra Soft (ekstremalnie mi\u0119kka).<\/li>\n<li><b>Kszta\u0142t W\u0142osia<\/b>: Specjalistyczny V-Cut (ortodontyczny).<\/li>\n<li><b>R\u0105czka<\/b>: Ergonomiczna, u\u0142atwiaj\u0105ca manewrowanie.<\/li>\n<li><b>Zastosowanie<\/b>: Wy\u0142\u0105cznie dla os\u00f3b nosz\u0105cych sta\u0142e aparaty ortodontyczne.<\/li>\n<\/ul>\n<p>&nbsp;<\/p>\n<h2>Dla kogo jest Curaprox CS 5460 Ortho?<\/h2>\n<p>Je\u015bli\u00a0szukasz najlepszych i <b>najbezpieczniejszych<\/b> rozwi\u0105za\u0144 szczeg\u00f3lnie w kluczowych momentach profilaktyki, jak leczenie ortodontyczne, ten produkt zosta\u0142 wyselekcjonowany z my\u015bl\u0105 o Tobie.<\/p>\n<p>Wiesz, \u017ce leczenie aparatem to inwestycja, kt\u00f3r\u0105 trzeba <b>chroni\u0107<\/b>. Dlatego nie kupujesz losowych produkt\u00f3w, szukasz narz\u0119dzi popartych kliniczn\u0105 wiedz\u0105. Ta <b>Szczoteczka Ortho Curaprox<\/b> to nie tylko szczoteczka \u2013 to <b>gwarancja prawid\u0142owej prewencji<\/b> i minimalizacji ryzyka powik\u0142a\u0144. Daje Ci <b>spok\u00f3j umys\u0142u<\/b>, \u017ce robisz wszystko, co nale\u017cy, by mie\u0107 u\u015bmiech.<\/p>\n<p>&nbsp;<\/p>\n<h2>Jak stosowa\u0107?<\/h2>\n<p>U\u017cywaj szczoteczki CS 5460 Ortho dwa razy dziennie, rano i wieczorem. W\u0142osie w kszta\u0142cie litery \u201eV\u201d automatycznie dopasuje si\u0119 do zamk\u00f3w aparatu \u2013 po prostu przy\u0142\u00f3\u017c g\u0142\u00f3wk\u0119 do z\u0119b\u00f3w i aparatu. Wykonuj delikatne ruchy okr\u0119\u017cne lub wymiataj\u0105ce, upewniaj\u0105c si\u0119, \u017ce w\u0142\u00f3kna docieraj\u0105 zar\u00f3wno pod drut, jak i do dzi\u0105se\u0142. Nie u\u017cywaj zbyt du\u017cego nacisku. Wymieniaj szczoteczk\u0119 regularnie, co 3 miesi\u0105ce, lub gdy w\u0142\u00f3kna zaczn\u0105 traci\u0107 kszta\u0142t.<\/p>\n<p>&nbsp;<\/p>\n<p>Specjalna konstrukcja w\u0142osia V-Cut sprawia, \u017ce <b>Szczoteczka Ortho Curaprox<\/b>\u00a0jest kluczowym narz\u0119dziem rekomendowanym przez <b>stomatolog\u00f3w i ortodont\u00f3w<\/b> dla pacjent\u00f3w w trakcie leczenia sta\u0142ymi aparatami ortodontycznymi. Aparat tworzy liczne pu\u0142apki dla p\u0142ytki naz\u0119bnej, a klasyczne szczoteczki cz\u0119sto zawodz\u0105. Ultra mi\u0119kkie, ale g\u0119ste w\u0142\u00f3kna (5460) w po\u0142\u0105czeniu ze specjalistycznym przyci\u0119ciem, zapewniaj\u0105 <b>klinicznie skuteczne<\/b> i <b>bezpieczne<\/b> czyszczenie wok\u00f3\u0142 zamk\u00f3w, co jest niezb\u0119dne do zapobiegania demineralizacji szkliwa i zapaleniom dzi\u0105se\u0142 podczas ortodoncji.<\/p>\n","protected":false},"excerpt":{"rendered":"<p>1 szt.<\/p>\n","protected":false},"featured_media":9025,"template":"","meta":[],"product_brand":[],"product_cat":[212],"product_tag":[],"dodatkowo":[],"class_list":{"0":"post-9024","1":"product","2":"type-product","3":"status-publish","4":"has-post-thumbnail","6":"product_cat-aparat-staly","8":"first","9":"instock","10":"taxable","11":"shipping-taxable","12":"purchasable","13":"product-type-simple"},"yoast_head":"<!-- This site is optimized with the Yoast SEO plugin v27.2 - https:\/\/yoast.com\/product\/yoast-seo-wordpress\/ -->\n<title>Curaprox CS 5460 ultra soft - Apkostore.com<\/title>\n<meta name=\"description\" content=\"Szczoteczka Ortho Curaprox CS 5460 z V-Cut i 5460 w\u0142\u00f3knami Curen\u00ae. Niezb\u0119dna do aparatu ortodontycznego. Rekomendacje stomatolog\u00f3w i ortodont\u00f3w.\" \/>\n<meta name=\"robots\" content=\"index, follow, max-snippet:-1, max-image-preview:large, max-video-preview:-1\" \/>\n<link rel=\"canonical\" href=\"https:\/\/apkostore.com\/en\/product\/curaprox-5460-ultra-soft-ortho-szczoteczka-ortodontyczna-do-zebow\/\" \/>\n<meta property=\"og:locale\" content=\"en_US\" \/>\n<meta property=\"og:type\" content=\"article\" \/>\n<meta property=\"og:title\" content=\"Curaprox CS 5460 ultra soft - Apkostore.com\" \/>\n<meta property=\"og:description\" content=\"Szczoteczka Ortho Curaprox CS 5460 z V-Cut i 5460 w\u0142\u00f3knami Curen\u00ae. Niezb\u0119dna do aparatu ortodontycznego. Rekomendacje stomatolog\u00f3w i ortodont\u00f3w.\" \/>\n<meta property=\"og:url\" content=\"https:\/\/apkostore.com\/en\/product\/curaprox-5460-ultra-soft-ortho-szczoteczka-ortodontyczna-do-zebow\/\" \/>\n<meta property=\"og:site_name\" content=\"Apkostore.com\" \/>\n<meta property=\"article:publisher\" content=\"https:\/\/www.facebook.com\/apkostore\" \/>\n<meta property=\"article:modified_time\" content=\"2025-12-21T09:55:27+00:00\" \/>\n<meta property=\"og:image\" content=\"https:\/\/apkostore.com\/wp-content\/uploads\/2025\/10\/Curasept-CS-5460-ultra-soft-Ortho-szczoteczka-ortodontyczna-do-zebow-1.png\" \/>\n\t<meta property=\"og:image:width\" content=\"960\" \/>\n\t<meta property=\"og:image:height\" content=\"960\" \/>\n\t<meta property=\"og:image:type\" content=\"image\/png\" \/>\n<meta name=\"twitter:card\" content=\"summary_large_image\" \/>\n<meta name=\"twitter:label1\" content=\"Est. reading time\" \/>\n\t<meta name=\"twitter:data1\" content=\"3 minutes\" \/>\n<script type=\"application\/ld+json\" class=\"yoast-schema-graph\">{\"@context\":\"https:\/\/schema.org\",\"@graph\":[{\"@type\":\"WebPage\",\"@id\":\"https:\/\/apkostore.com\/en\/product\/curaprox-5460-ultra-soft-ortho-szczoteczka-ortodontyczna-do-zebow\/\",\"url\":\"https:\/\/apkostore.com\/en\/product\/curaprox-5460-ultra-soft-ortho-szczoteczka-ortodontyczna-do-zebow\/\",\"name\":\"Curaprox CS 5460 ultra soft - Apkostore.com\",\"isPartOf\":{\"@id\":\"https:\/\/apkostore.com\/en\/#website\"},\"primaryImageOfPage\":{\"@id\":\"https:\/\/apkostore.com\/en\/product\/curaprox-5460-ultra-soft-ortho-szczoteczka-ortodontyczna-do-zebow\/#primaryimage\"},\"image\":{\"@id\":\"https:\/\/apkostore.com\/en\/product\/curaprox-5460-ultra-soft-ortho-szczoteczka-ortodontyczna-do-zebow\/#primaryimage\"},\"thumbnailUrl\":\"https:\/\/apkostore.com\/wp-content\/uploads\/2025\/10\/Curasept-CS-5460-ultra-soft-Ortho-szczoteczka-ortodontyczna-do-zebow-1.png\",\"datePublished\":\"2025-10-22T10:58:49+00:00\",\"dateModified\":\"2025-12-21T09:55:27+00:00\",\"description\":\"Szczoteczka Ortho Curaprox CS 5460 z V-Cut i 5460 w\u0142\u00f3knami Curen\u00ae. Niezb\u0119dna do aparatu ortodontycznego. Rekomendacje stomatolog\u00f3w i ortodont\u00f3w.\",\"breadcrumb\":{\"@id\":\"https:\/\/apkostore.com\/en\/product\/curaprox-5460-ultra-soft-ortho-szczoteczka-ortodontyczna-do-zebow\/#breadcrumb\"},\"inLanguage\":\"en-US\",\"potentialAction\":[{\"@type\":\"ReadAction\",\"target\":[\"https:\/\/apkostore.com\/en\/product\/curaprox-5460-ultra-soft-ortho-szczoteczka-ortodontyczna-do-zebow\/\"]}]},{\"@type\":\"ImageObject\",\"inLanguage\":\"en-US\",\"@id\":\"https:\/\/apkostore.com\/en\/product\/curaprox-5460-ultra-soft-ortho-szczoteczka-ortodontyczna-do-zebow\/#primaryimage\",\"url\":\"https:\/\/apkostore.com\/wp-content\/uploads\/2025\/10\/Curasept-CS-5460-ultra-soft-Ortho-szczoteczka-ortodontyczna-do-zebow-1.png\",\"contentUrl\":\"https:\/\/apkostore.com\/wp-content\/uploads\/2025\/10\/Curasept-CS-5460-ultra-soft-Ortho-szczoteczka-ortodontyczna-do-zebow-1.png\",\"width\":960,\"height\":960,\"caption\":\"Curaprox CS 5460 ultra soft - Ortho szczoteczka ortodontyczna do z\u0119b\u00f3w\"},{\"@type\":\"BreadcrumbList\",\"@id\":\"https:\/\/apkostore.com\/en\/product\/curaprox-5460-ultra-soft-ortho-szczoteczka-ortodontyczna-do-zebow\/#breadcrumb\",\"itemListElement\":[{\"@type\":\"ListItem\",\"position\":1,\"name\":\"Strona g\u0142\u00f3wna\",\"item\":\"https:\/\/apkostore.com\/en\/start-eng\/\"},{\"@type\":\"ListItem\",\"position\":2,\"name\":\"Shop\",\"item\":\"https:\/\/apkostore.com\/en\/shop\/\"},{\"@type\":\"ListItem\",\"position\":3,\"name\":\"Curaprox 5460 ultra soft &#8211; Ortho szczoteczka ortodontyczna do z\u0119b\u00f3w\"}]},{\"@type\":\"WebSite\",\"@id\":\"https:\/\/apkostore.com\/en\/#website\",\"url\":\"https:\/\/apkostore.com\/en\/\",\"name\":\"Apkostore.com\",\"description\":\"\",\"publisher\":{\"@id\":\"https:\/\/apkostore.com\/en\/#organization\"},\"potentialAction\":[{\"@type\":\"SearchAction\",\"target\":{\"@type\":\"EntryPoint\",\"urlTemplate\":\"https:\/\/apkostore.com\/en\/?s={search_term_string}\"},\"query-input\":{\"@type\":\"PropertyValueSpecification\",\"valueRequired\":true,\"valueName\":\"search_term_string\"}}],\"inLanguage\":\"en-US\"},{\"@type\":\"Organization\",\"@id\":\"https:\/\/apkostore.com\/en\/#organization\",\"name\":\"APKO Sp. z o. o.\",\"url\":\"https:\/\/apkostore.com\/en\/\",\"logo\":{\"@type\":\"ImageObject\",\"inLanguage\":\"en-US\",\"@id\":\"https:\/\/apkostore.com\/en\/#\/schema\/logo\/image\/\",\"url\":\"https:\/\/apkostore.com\/wp-content\/uploads\/2023\/09\/logo-black-min.png\",\"contentUrl\":\"https:\/\/apkostore.com\/wp-content\/uploads\/2023\/09\/logo-black-min.png\",\"width\":2500,\"height\":944,\"caption\":\"APKO Sp. z o. o.\"},\"image\":{\"@id\":\"https:\/\/apkostore.com\/en\/#\/schema\/logo\/image\/\"},\"sameAs\":[\"https:\/\/www.facebook.com\/apkostore\",\"https:\/\/www.instagram.com\/apkostore\/\"]}]}<\/script>\n<!-- \/ Yoast SEO plugin. -->","yoast_head_json":{"title":"Curaprox CS 5460 ultra soft - Apkostore.com","description":"Szczoteczka Ortho Curaprox CS 5460 z V-Cut i 5460 w\u0142\u00f3knami Curen\u00ae. Niezb\u0119dna do aparatu ortodontycznego. Rekomendacje stomatolog\u00f3w i ortodont\u00f3w.","robots":{"index":"index","follow":"follow","max-snippet":"max-snippet:-1","max-image-preview":"max-image-preview:large","max-video-preview":"max-video-preview:-1"},"canonical":"https:\/\/apkostore.com\/en\/product\/curaprox-5460-ultra-soft-ortho-szczoteczka-ortodontyczna-do-zebow\/","og_locale":"en_US","og_type":"article","og_title":"Curaprox CS 5460 ultra soft - Apkostore.com","og_description":"Szczoteczka Ortho Curaprox CS 5460 z V-Cut i 5460 w\u0142\u00f3knami Curen\u00ae. Niezb\u0119dna do aparatu ortodontycznego. Rekomendacje stomatolog\u00f3w i ortodont\u00f3w.","og_url":"https:\/\/apkostore.com\/en\/product\/curaprox-5460-ultra-soft-ortho-szczoteczka-ortodontyczna-do-zebow\/","og_site_name":"Apkostore.com","article_publisher":"https:\/\/www.facebook.com\/apkostore","article_modified_time":"2025-12-21T09:55:27+00:00","og_image":[{"width":960,"height":960,"url":"https:\/\/apkostore.com\/wp-content\/uploads\/2025\/10\/Curasept-CS-5460-ultra-soft-Ortho-szczoteczka-ortodontyczna-do-zebow-1.png","type":"image\/png"}],"twitter_card":"summary_large_image","twitter_misc":{"Est. reading time":"3 minutes"},"schema":{"@context":"https:\/\/schema.org","@graph":[{"@type":"WebPage","@id":"https:\/\/apkostore.com\/en\/product\/curaprox-5460-ultra-soft-ortho-szczoteczka-ortodontyczna-do-zebow\/","url":"https:\/\/apkostore.com\/en\/product\/curaprox-5460-ultra-soft-ortho-szczoteczka-ortodontyczna-do-zebow\/","name":"Curaprox CS 5460 ultra soft - Apkostore.com","isPartOf":{"@id":"https:\/\/apkostore.com\/en\/#website"},"primaryImageOfPage":{"@id":"https:\/\/apkostore.com\/en\/product\/curaprox-5460-ultra-soft-ortho-szczoteczka-ortodontyczna-do-zebow\/#primaryimage"},"image":{"@id":"https:\/\/apkostore.com\/en\/product\/curaprox-5460-ultra-soft-ortho-szczoteczka-ortodontyczna-do-zebow\/#primaryimage"},"thumbnailUrl":"https:\/\/apkostore.com\/wp-content\/uploads\/2025\/10\/Curasept-CS-5460-ultra-soft-Ortho-szczoteczka-ortodontyczna-do-zebow-1.png","datePublished":"2025-10-22T10:58:49+00:00","dateModified":"2025-12-21T09:55:27+00:00","description":"Szczoteczka Ortho Curaprox CS 5460 z V-Cut i 5460 w\u0142\u00f3knami Curen\u00ae. Niezb\u0119dna do aparatu ortodontycznego. Rekomendacje stomatolog\u00f3w i ortodont\u00f3w.","breadcrumb":{"@id":"https:\/\/apkostore.com\/en\/product\/curaprox-5460-ultra-soft-ortho-szczoteczka-ortodontyczna-do-zebow\/#breadcrumb"},"inLanguage":"en-US","potentialAction":[{"@type":"ReadAction","target":["https:\/\/apkostore.com\/en\/product\/curaprox-5460-ultra-soft-ortho-szczoteczka-ortodontyczna-do-zebow\/"]}]},{"@type":"ImageObject","inLanguage":"en-US","@id":"https:\/\/apkostore.com\/en\/product\/curaprox-5460-ultra-soft-ortho-szczoteczka-ortodontyczna-do-zebow\/#primaryimage","url":"https:\/\/apkostore.com\/wp-content\/uploads\/2025\/10\/Curasept-CS-5460-ultra-soft-Ortho-szczoteczka-ortodontyczna-do-zebow-1.png","contentUrl":"https:\/\/apkostore.com\/wp-content\/uploads\/2025\/10\/Curasept-CS-5460-ultra-soft-Ortho-szczoteczka-ortodontyczna-do-zebow-1.png","width":960,"height":960,"caption":"Curaprox CS 5460 ultra soft - Ortho szczoteczka ortodontyczna do z\u0119b\u00f3w"},{"@type":"BreadcrumbList","@id":"https:\/\/apkostore.com\/en\/product\/curaprox-5460-ultra-soft-ortho-szczoteczka-ortodontyczna-do-zebow\/#breadcrumb","itemListElement":[{"@type":"ListItem","position":1,"name":"Strona g\u0142\u00f3wna","item":"https:\/\/apkostore.com\/en\/start-eng\/"},{"@type":"ListItem","position":2,"name":"Shop","item":"https:\/\/apkostore.com\/en\/shop\/"},{"@type":"ListItem","position":3,"name":"Curaprox 5460 ultra soft &#8211; Ortho szczoteczka ortodontyczna do z\u0119b\u00f3w"}]},{"@type":"WebSite","@id":"https:\/\/apkostore.com\/en\/#website","url":"https:\/\/apkostore.com\/en\/","name":"Apkostore.com","description":"","publisher":{"@id":"https:\/\/apkostore.com\/en\/#organization"},"potentialAction":[{"@type":"SearchAction","target":{"@type":"EntryPoint","urlTemplate":"https:\/\/apkostore.com\/en\/?s={search_term_string}"},"query-input":{"@type":"PropertyValueSpecification","valueRequired":true,"valueName":"search_term_string"}}],"inLanguage":"en-US"},{"@type":"Organization","@id":"https:\/\/apkostore.com\/en\/#organization","name":"APKO Sp. z o. o.","url":"https:\/\/apkostore.com\/en\/","logo":{"@type":"ImageObject","inLanguage":"en-US","@id":"https:\/\/apkostore.com\/en\/#\/schema\/logo\/image\/","url":"https:\/\/apkostore.com\/wp-content\/uploads\/2023\/09\/logo-black-min.png","contentUrl":"https:\/\/apkostore.com\/wp-content\/uploads\/2023\/09\/logo-black-min.png","width":2500,"height":944,"caption":"APKO Sp. z o. o."},"image":{"@id":"https:\/\/apkostore.com\/en\/#\/schema\/logo\/image\/"},"sameAs":["https:\/\/www.facebook.com\/apkostore","https:\/\/www.instagram.com\/apkostore\/"]}]}},"_links":{"self":[{"href":"https:\/\/apkostore.com\/en\/wp-json\/wp\/v2\/product\/9024","targetHints":{"allow":["GET"]}}],"collection":[{"href":"https:\/\/apkostore.com\/en\/wp-json\/wp\/v2\/product"}],"about":[{"href":"https:\/\/apkostore.com\/en\/wp-json\/wp\/v2\/types\/product"}],"wp:featuredmedia":[{"embeddable":true,"href":"https:\/\/apkostore.com\/en\/wp-json\/wp\/v2\/media\/9025"}],"wp:attachment":[{"href":"https:\/\/apkostore.com\/en\/wp-json\/wp\/v2\/media?parent=9024"}],"wp:term":[{"taxonomy":"product_brand","embeddable":true,"href":"https:\/\/apkostore.com\/en\/wp-json\/wp\/v2\/product_brand?post=9024"},{"taxonomy":"product_cat","embeddable":true,"href":"https:\/\/apkostore.com\/en\/wp-json\/wp\/v2\/product_cat?post=9024"},{"taxonomy":"product_tag","embeddable":true,"href":"https:\/\/apkostore.com\/en\/wp-json\/wp\/v2\/product_tag?post=9024"},{"taxonomy":"dodatkowo","embeddable":true,"href":"https:\/\/apkostore.com\/en\/wp-json\/wp\/v2\/dodatkowo?post=9024"}],"curies":[{"name":"wp","href":"https:\/\/api.w.org\/{rel}","templated":true}]}}