{"id":8950,"date":"2025-10-15T17:52:06","date_gmt":"2025-10-15T15:52:06","guid":{"rendered":"https:\/\/apkostore.com\/?post_type=product&#038;p=8950"},"modified":"2026-04-16T08:17:58","modified_gmt":"2026-04-16T06:17:58","slug":"prevdent-desensident-zestaw-do-odwrazliwiania-zebow","status":"publish","type":"product","link":"https:\/\/apkostore.com\/en\/product\/prevdent-desensident-zestaw-do-odwrazliwiania-zebow\/","title":{"rendered":"PrevDent DeSensiDent &#8211; zestaw do odwra\u017cliwiania z\u0119b\u00f3w"},"content":{"rendered":"<div class=\"bot-name gds-title-s ng-tns-c1081913051-145 ng-star-inserted\"><\/div>\n<div class=\"response-content ng-tns-c1081913051-145\">\n<div id=\"model-response-message-contentr_7370caaeadfb3500\" class=\"markdown markdown-main-panel stronger enable-updated-hr-color\" dir=\"ltr\">\n<p><b>PrevDent DesensiDent zestaw do odwra\u017cliwiania z\u0119b\u00f3w<\/b><\/p>\n<p>To zaawansowany, dwuetapowy system do intensywnej odbudowy szkliwa, oparty na klinicznie potwierdzonym dzia\u0142aniu nano-hydroksyapatytu (nHAp). Zestaw zosta\u0142 stworzony, aby skutecznie i szybko wyeliminowa\u0107 nadwra\u017cliwo\u015b\u0107 z\u0119b\u00f3w oraz dodatkowo wzmocni\u0107 szkliwo w warunkach domowych. <span class=\"citation-78 citation-end-78\">Jest to esencja eksperckiego podej\u015bcia APKO do specjalistycznej higieny jamy ustnej<\/span>.<\/p>\n<h3><\/h3>\n<div class=\"horizontal-scroll-wrapper\">\n<div class=\"table-block-component\">\n<div class=\"table-block has-export-button\">\n<div class=\"table-content not-end-of-paragraph\" data-hveid=\"0\" data-ved=\"0CAAQ3ecQahgKEwiv2-2Z6qWQAxUAAAAAHQAAAAAQ4QI\">\n<h3>G\u0142\u00f3wne zalety PrevDent <b>DesensiDent <\/b>&#8211; zestaw do odwra\u017cliwiania z\u0119b\u00f3w<\/h3>\n<div class=\"horizontal-scroll-wrapper\">\n<div class=\"table-block-component\">\n<div class=\"table-block has-export-button\">\n<div class=\"table-content not-end-of-paragraph\" data-hveid=\"0\" data-ved=\"0CAAQ3ecQahgKEwiv2-2Z6qWQAxUAAAAAHQAAAAAQvAI\">\n<table>\n<thead>\n<tr>\n<td>Jak to dzia\u0142a?<\/td>\n<td>Co to daje?<\/td>\n<\/tr>\n<\/thead>\n<tbody>\n<tr>\n<td>Formu\u0142a oparta na nano-hydroksyapatycie (nHAp), czyli naturalnym budulcu szkliwa.<\/td>\n<td><b>Natychmiastowe zniesienie nadwra\u017cliwo\u015bci<\/b> \u2013 nanocz\u0105steczki precyzyjnie uszczelniaj\u0105 kanaliki z\u0119binowe, zapewniaj\u0105c ulg\u0119 ju\u017c po pierwszej aplikacji.<\/td>\n<\/tr>\n<tr>\n<td>Zestaw stworzony do <b>szybkiej, remineralizacji<\/b> szkliwa.<\/td>\n<td><b>D\u0142ugotrwa\u0142a ochrona i wzmocnienie<\/b> \u2013 odbudowujesz uszkodzon\u0105 struktur\u0119 z\u0119ba, co zapobiega powstawaniu nowych mikroubytk\u00f3w i wyd\u0142u\u017ca \u017cywotno\u015b\u0107 szkliwa.<\/td>\n<\/tr>\n<tr>\n<td><b>Brak fluoru<\/b> w sk\u0142adzie dla os\u00f3b poszukuj\u0105cych alternatyw.<\/td>\n<td><b>Spok\u00f3j umys\u0142u<\/b> \u2013 u\u017cywasz bezpiecznej, biozgodnej formu\u0142y, na kt\u00f3r\u0105 mo\u017cesz postawi\u0107 w dbaniu o zdrowie ca\u0142ej rodziny, bez kompromis\u00f3w.<\/td>\n<\/tr>\n<\/tbody>\n<\/table>\n<\/div>\n<\/div>\n<\/div>\n<\/div>\n<\/div>\n<\/div>\n<\/div>\n<\/div>\n<p>&nbsp;<\/p>\n<h3>Specyfikacja<\/h3>\n<ul>\n<li><strong>Co zawiera zestaw:<\/strong> 4 szt. aplikatory serum, 1 szt. 30 ml tubka z past\u0105 do z\u0119b\u00f3w<\/li>\n<li><b><span class=\"citation-72\">Sk\u0142adnik kluczowy:<\/span><\/b><span class=\"citation-72 citation-end-72\"> Nano-Hydroksyapatyt (nHAp)<\/span>.<\/li>\n<li><b><span class=\"citation-71\">Dzia\u0142anie:<\/span><\/b><span class=\"citation-71 citation-end-71\"> Remineralizacja, uszczelnianie kanalik\u00f3w z\u0119binowych, redukcja nadwra\u017cliwo\u015bci<\/span>.<\/li>\n<li><b>Typ produktu:<\/b> Zestaw do intensywnej, domowej kuracji (zawiera past\u0119 z nHAp 30% i aplikatory serum).<\/li>\n<li><b><span class=\"citation-70\">Bezpiecze\u0144stwo:<\/span><\/b><span class=\"citation-70 citation-end-70\"> Formu\u0142a bezfluorkowa, bez \u015brodk\u00f3w \u015bciernych<\/span>.<\/li>\n<\/ul>\n<p>&nbsp;<\/p>\n<h3>Dla kogo jest PrevDent <b>DesensiDent<\/b>\u00a0&#8211; zestaw do odwra\u017cliwiania z\u0119b\u00f3w?<\/h3>\n<p><span class=\"citation-69\">Je\u015bli <\/span><span class=\"citation-69 citation-end-69\">wiesz, \u017ce zdrowie Twojej rodziny jest bezcenn\u0105 inwestycj\u0105<\/span>. <span class=\"citation-68\">Szukasz produkt\u00f3w, kt\u00f3re s\u0105 <\/span><b><span class=\"citation-68\">autorytetem<\/span><\/b><span class=\"citation-68 citation-end-68\">, a nie tylko mod\u0105, poniewa\u017c &#8220;nie masz czasu na b\u0142\u0119dy i szukanie&#8221;<\/span>.<\/p>\n<ul>\n<li><b><span class=\"citation-67\">Oczekujesz gwarancji bezpiecze\u0144stwa i skuteczno\u015bci?<\/span><\/b><span class=\"citation-67 citation-end-67\"> Ten zestaw wykorzystuje nHAp \u2013 sk\u0142adnik, kt\u00f3rego dzia\u0142anie jest potwierdzone klinicznie<\/span>. <span class=\"citation-66 citation-end-66\">Masz pewno\u015b\u0107, \u017ce to najbardziej efektywna i bezpieczna metoda na remineralizacj\u0119 dla ca\u0142ej rodziny<\/span>.<\/li>\n<li><b><span class=\"citation-65\">Chcesz unikn\u0105\u0107 przerw w profilaktyce i mie\u0107 \u015bwi\u0119ty spok\u00f3j?<\/span><\/b><span class=\"citation-65 citation-end-65\"> Wybieraj\u0105c PrevDent, wprowadzasz do domowej rutyny profesjonalne, kliniczne wsparcie, kt\u00f3re dzia\u0142a szybko i d\u0142ugoterminowo, co zapewnia Ci poczucie kontroli i pewno\u015bci<\/span>.<\/li>\n<li><b><span class=\"citation-64\">Liczy si\u0119 dla Ciebie jako\u015b\u0107 rekomendowana przez specjalist\u00f3w?<\/span><\/b><span class=\"citation-64 citation-end-64\"> Zestaw, kt\u00f3ry jest rekomendowany nawet przed\/po zabiegu PrevDent CrWR, to sygna\u0142, \u017ce kupujesz to, co jest absolutnie najlepsze i potwierdzone<\/span>.<\/li>\n<\/ul>\n<p>&nbsp;<\/p>\n<h3>Jak Stosowa\u0107?<\/h3>\n<ol start=\"1\">\n<li><b>Serum (Aplikatory):<\/b> Serum z aplikator\u00f3w nale\u017cy stosowa\u0107 raz w tygodniu.<\/li>\n<li><b>Pasta:<\/b> Past\u0119 z nano-Hydroksyapatytem o st\u0119\u017ceniu 30% nale\u017cy u\u017cywa\u0107 do codziennego mycia z\u0119b\u00f3w.<\/li>\n<li><b><span class=\"citation-63\">Wskaz\u00f3wki APKO:<\/span><\/b><span class=\"citation-63 citation-end-63\"> Szczotkuj z\u0119by przez co najmniej dwie minuty, co najmniej dwa razy dziennie, lub zgodnie z zaleceniami dentysty<\/span>.\n<div class=\"source-inline-chip-container ng-star-inserted\"><\/div>\n<\/li>\n<\/ol>\n<h3>Opinie Ekspert\u00f3w<\/h3>\n<p><b>Potwierdzone dzia\u0142anie kliniczne nanohydroksyapatytu (nHAp)<\/b><\/p>\n<ul>\n<li><b><span class=\"citation-61\">Nano-hydroksyapatyt<\/span><\/b><span class=\"citation-61 citation-end-61\"> to substancja, kt\u00f3ra naturalnie stanowi 97% szkliwa z\u0119b\u00f3w<\/span>. Potwierdzono jego skuteczno\u015b\u0107 w regeneracji uszkodzonego szkliwa i redukcji nadwra\u017cliwo\u015bci.<\/li>\n<li><span class=\"citation-59 citation-end-59\">Nanocz\u0105steczki nHAp, dzi\u0119ki swojej strukturze, zamykaj\u0105 kanaliki z\u0119binowe, eliminuj\u0105c nadwra\u017cliwo\u015b\u0107, co jest kluczowe dla pacjent\u00f3w poszukuj\u0105cych natychmiastowej i trwa\u0142ej ulgi<\/span>.<\/li>\n<\/ul>\n<div class=\"source-inline-chip-container ng-star-inserted\"><\/div>\n<div class=\"source-inline-chip-container ng-star-inserted\">\n<p><strong>Zestaw zawiera:<\/strong> 4 szt. aplikatory serum, 1 szt. 30 ml tubka z past\u0105 do z\u0119b\u00f3w<\/p>\n<\/div>\n<\/div>\n<\/div>\n","protected":false},"excerpt":{"rendered":"<p>Zestaw<\/p>\n","protected":false},"featured_media":8957,"template":"","meta":[],"product_brand":[],"product_cat":[214],"product_tag":[],"dodatkowo":[],"class_list":{"0":"post-8950","1":"product","2":"type-product","3":"status-publish","4":"has-post-thumbnail","6":"product_cat-wybielanie","8":"first","9":"instock","10":"taxable","11":"shipping-taxable","12":"purchasable","13":"product-type-simple"},"yoast_head":"<!-- This site is optimized with the Yoast SEO plugin v27.2 - https:\/\/yoast.com\/product\/yoast-seo-wordpress\/ -->\n<title>PrevDent DeSensiDent - zestaw do odwra\u017cliwiania z\u0119b\u00f3w - Apkostore.com<\/title>\n<meta name=\"description\" content=\"Natychmiastowa ulga w nadwra\u017cliwo\u015bci! PrevDent Zestaw DesensiDent z nHAp 30%, bezfluorowa kuracja do intensywnej odbudowy szkliwa w domu.\" \/>\n<meta name=\"robots\" content=\"index, follow, max-snippet:-1, max-image-preview:large, max-video-preview:-1\" \/>\n<link rel=\"canonical\" href=\"https:\/\/apkostore.com\/en\/product\/prevdent-desensident-zestaw-do-odwrazliwiania-zebow\/\" \/>\n<meta property=\"og:locale\" content=\"en_US\" \/>\n<meta property=\"og:type\" content=\"article\" \/>\n<meta property=\"og:title\" content=\"PrevDent DeSensiDent - zestaw do odwra\u017cliwiania z\u0119b\u00f3w - Apkostore.com\" \/>\n<meta property=\"og:description\" content=\"Natychmiastowa ulga w nadwra\u017cliwo\u015bci! PrevDent Zestaw DesensiDent z nHAp 30%, bezfluorowa kuracja do intensywnej odbudowy szkliwa w domu.\" \/>\n<meta property=\"og:url\" content=\"https:\/\/apkostore.com\/en\/product\/prevdent-desensident-zestaw-do-odwrazliwiania-zebow\/\" \/>\n<meta property=\"og:site_name\" content=\"Apkostore.com\" \/>\n<meta property=\"article:publisher\" content=\"https:\/\/www.facebook.com\/apkostore\" \/>\n<meta property=\"article:modified_time\" content=\"2026-04-16T06:17:58+00:00\" \/>\n<meta property=\"og:image\" content=\"https:\/\/apkostore.com\/wp-content\/uploads\/2025\/10\/PrevDent-DeSensiDent-zestaw-do-odwrazliwiania-zebow-2-2.png\" \/>\n\t<meta property=\"og:image:width\" content=\"960\" \/>\n\t<meta property=\"og:image:height\" content=\"960\" \/>\n\t<meta property=\"og:image:type\" content=\"image\/png\" \/>\n<meta name=\"twitter:card\" content=\"summary_large_image\" \/>\n<meta name=\"twitter:label1\" content=\"Est. reading time\" \/>\n\t<meta name=\"twitter:data1\" content=\"3 minutes\" \/>\n<script type=\"application\/ld+json\" class=\"yoast-schema-graph\">{\"@context\":\"https:\/\/schema.org\",\"@graph\":[{\"@type\":\"WebPage\",\"@id\":\"https:\/\/apkostore.com\/en\/product\/prevdent-desensident-zestaw-do-odwrazliwiania-zebow\/\",\"url\":\"https:\/\/apkostore.com\/en\/product\/prevdent-desensident-zestaw-do-odwrazliwiania-zebow\/\",\"name\":\"PrevDent DeSensiDent - zestaw do odwra\u017cliwiania z\u0119b\u00f3w - Apkostore.com\",\"isPartOf\":{\"@id\":\"https:\/\/apkostore.com\/en\/#website\"},\"primaryImageOfPage\":{\"@id\":\"https:\/\/apkostore.com\/en\/product\/prevdent-desensident-zestaw-do-odwrazliwiania-zebow\/#primaryimage\"},\"image\":{\"@id\":\"https:\/\/apkostore.com\/en\/product\/prevdent-desensident-zestaw-do-odwrazliwiania-zebow\/#primaryimage\"},\"thumbnailUrl\":\"https:\/\/apkostore.com\/wp-content\/uploads\/2025\/10\/PrevDent-DeSensiDent-zestaw-do-odwrazliwiania-zebow-2-2.png\",\"datePublished\":\"2025-10-15T15:52:06+00:00\",\"dateModified\":\"2026-04-16T06:17:58+00:00\",\"description\":\"Natychmiastowa ulga w nadwra\u017cliwo\u015bci! PrevDent Zestaw DesensiDent z nHAp 30%, bezfluorowa kuracja do intensywnej odbudowy szkliwa w domu.\",\"breadcrumb\":{\"@id\":\"https:\/\/apkostore.com\/en\/product\/prevdent-desensident-zestaw-do-odwrazliwiania-zebow\/#breadcrumb\"},\"inLanguage\":\"en-US\",\"potentialAction\":[{\"@type\":\"ReadAction\",\"target\":[\"https:\/\/apkostore.com\/en\/product\/prevdent-desensident-zestaw-do-odwrazliwiania-zebow\/\"]}]},{\"@type\":\"ImageObject\",\"inLanguage\":\"en-US\",\"@id\":\"https:\/\/apkostore.com\/en\/product\/prevdent-desensident-zestaw-do-odwrazliwiania-zebow\/#primaryimage\",\"url\":\"https:\/\/apkostore.com\/wp-content\/uploads\/2025\/10\/PrevDent-DeSensiDent-zestaw-do-odwrazliwiania-zebow-2-2.png\",\"contentUrl\":\"https:\/\/apkostore.com\/wp-content\/uploads\/2025\/10\/PrevDent-DeSensiDent-zestaw-do-odwrazliwiania-zebow-2-2.png\",\"width\":960,\"height\":960},{\"@type\":\"BreadcrumbList\",\"@id\":\"https:\/\/apkostore.com\/en\/product\/prevdent-desensident-zestaw-do-odwrazliwiania-zebow\/#breadcrumb\",\"itemListElement\":[{\"@type\":\"ListItem\",\"position\":1,\"name\":\"Strona g\u0142\u00f3wna\",\"item\":\"https:\/\/apkostore.com\/en\/start-eng\/\"},{\"@type\":\"ListItem\",\"position\":2,\"name\":\"Shop\",\"item\":\"https:\/\/apkostore.com\/en\/shop\/\"},{\"@type\":\"ListItem\",\"position\":3,\"name\":\"PrevDent DeSensiDent &#8211; zestaw do odwra\u017cliwiania z\u0119b\u00f3w\"}]},{\"@type\":\"WebSite\",\"@id\":\"https:\/\/apkostore.com\/en\/#website\",\"url\":\"https:\/\/apkostore.com\/en\/\",\"name\":\"Apkostore.com\",\"description\":\"\",\"publisher\":{\"@id\":\"https:\/\/apkostore.com\/en\/#organization\"},\"potentialAction\":[{\"@type\":\"SearchAction\",\"target\":{\"@type\":\"EntryPoint\",\"urlTemplate\":\"https:\/\/apkostore.com\/en\/?s={search_term_string}\"},\"query-input\":{\"@type\":\"PropertyValueSpecification\",\"valueRequired\":true,\"valueName\":\"search_term_string\"}}],\"inLanguage\":\"en-US\"},{\"@type\":\"Organization\",\"@id\":\"https:\/\/apkostore.com\/en\/#organization\",\"name\":\"APKO Sp. z o. o.\",\"url\":\"https:\/\/apkostore.com\/en\/\",\"logo\":{\"@type\":\"ImageObject\",\"inLanguage\":\"en-US\",\"@id\":\"https:\/\/apkostore.com\/en\/#\/schema\/logo\/image\/\",\"url\":\"https:\/\/apkostore.com\/wp-content\/uploads\/2023\/09\/logo-black-min.png\",\"contentUrl\":\"https:\/\/apkostore.com\/wp-content\/uploads\/2023\/09\/logo-black-min.png\",\"width\":2500,\"height\":944,\"caption\":\"APKO Sp. z o. o.\"},\"image\":{\"@id\":\"https:\/\/apkostore.com\/en\/#\/schema\/logo\/image\/\"},\"sameAs\":[\"https:\/\/www.facebook.com\/apkostore\",\"https:\/\/www.instagram.com\/apkostore\/\"]}]}<\/script>\n<!-- \/ Yoast SEO plugin. -->","yoast_head_json":{"title":"PrevDent DeSensiDent - zestaw do odwra\u017cliwiania z\u0119b\u00f3w - Apkostore.com","description":"Natychmiastowa ulga w nadwra\u017cliwo\u015bci! PrevDent Zestaw DesensiDent z nHAp 30%, bezfluorowa kuracja do intensywnej odbudowy szkliwa w domu.","robots":{"index":"index","follow":"follow","max-snippet":"max-snippet:-1","max-image-preview":"max-image-preview:large","max-video-preview":"max-video-preview:-1"},"canonical":"https:\/\/apkostore.com\/en\/product\/prevdent-desensident-zestaw-do-odwrazliwiania-zebow\/","og_locale":"en_US","og_type":"article","og_title":"PrevDent DeSensiDent - zestaw do odwra\u017cliwiania z\u0119b\u00f3w - Apkostore.com","og_description":"Natychmiastowa ulga w nadwra\u017cliwo\u015bci! PrevDent Zestaw DesensiDent z nHAp 30%, bezfluorowa kuracja do intensywnej odbudowy szkliwa w domu.","og_url":"https:\/\/apkostore.com\/en\/product\/prevdent-desensident-zestaw-do-odwrazliwiania-zebow\/","og_site_name":"Apkostore.com","article_publisher":"https:\/\/www.facebook.com\/apkostore","article_modified_time":"2026-04-16T06:17:58+00:00","og_image":[{"width":960,"height":960,"url":"https:\/\/apkostore.com\/wp-content\/uploads\/2025\/10\/PrevDent-DeSensiDent-zestaw-do-odwrazliwiania-zebow-2-2.png","type":"image\/png"}],"twitter_card":"summary_large_image","twitter_misc":{"Est. reading time":"3 minutes"},"schema":{"@context":"https:\/\/schema.org","@graph":[{"@type":"WebPage","@id":"https:\/\/apkostore.com\/en\/product\/prevdent-desensident-zestaw-do-odwrazliwiania-zebow\/","url":"https:\/\/apkostore.com\/en\/product\/prevdent-desensident-zestaw-do-odwrazliwiania-zebow\/","name":"PrevDent DeSensiDent - zestaw do odwra\u017cliwiania z\u0119b\u00f3w - Apkostore.com","isPartOf":{"@id":"https:\/\/apkostore.com\/en\/#website"},"primaryImageOfPage":{"@id":"https:\/\/apkostore.com\/en\/product\/prevdent-desensident-zestaw-do-odwrazliwiania-zebow\/#primaryimage"},"image":{"@id":"https:\/\/apkostore.com\/en\/product\/prevdent-desensident-zestaw-do-odwrazliwiania-zebow\/#primaryimage"},"thumbnailUrl":"https:\/\/apkostore.com\/wp-content\/uploads\/2025\/10\/PrevDent-DeSensiDent-zestaw-do-odwrazliwiania-zebow-2-2.png","datePublished":"2025-10-15T15:52:06+00:00","dateModified":"2026-04-16T06:17:58+00:00","description":"Natychmiastowa ulga w nadwra\u017cliwo\u015bci! PrevDent Zestaw DesensiDent z nHAp 30%, bezfluorowa kuracja do intensywnej odbudowy szkliwa w domu.","breadcrumb":{"@id":"https:\/\/apkostore.com\/en\/product\/prevdent-desensident-zestaw-do-odwrazliwiania-zebow\/#breadcrumb"},"inLanguage":"en-US","potentialAction":[{"@type":"ReadAction","target":["https:\/\/apkostore.com\/en\/product\/prevdent-desensident-zestaw-do-odwrazliwiania-zebow\/"]}]},{"@type":"ImageObject","inLanguage":"en-US","@id":"https:\/\/apkostore.com\/en\/product\/prevdent-desensident-zestaw-do-odwrazliwiania-zebow\/#primaryimage","url":"https:\/\/apkostore.com\/wp-content\/uploads\/2025\/10\/PrevDent-DeSensiDent-zestaw-do-odwrazliwiania-zebow-2-2.png","contentUrl":"https:\/\/apkostore.com\/wp-content\/uploads\/2025\/10\/PrevDent-DeSensiDent-zestaw-do-odwrazliwiania-zebow-2-2.png","width":960,"height":960},{"@type":"BreadcrumbList","@id":"https:\/\/apkostore.com\/en\/product\/prevdent-desensident-zestaw-do-odwrazliwiania-zebow\/#breadcrumb","itemListElement":[{"@type":"ListItem","position":1,"name":"Strona g\u0142\u00f3wna","item":"https:\/\/apkostore.com\/en\/start-eng\/"},{"@type":"ListItem","position":2,"name":"Shop","item":"https:\/\/apkostore.com\/en\/shop\/"},{"@type":"ListItem","position":3,"name":"PrevDent DeSensiDent &#8211; zestaw do odwra\u017cliwiania z\u0119b\u00f3w"}]},{"@type":"WebSite","@id":"https:\/\/apkostore.com\/en\/#website","url":"https:\/\/apkostore.com\/en\/","name":"Apkostore.com","description":"","publisher":{"@id":"https:\/\/apkostore.com\/en\/#organization"},"potentialAction":[{"@type":"SearchAction","target":{"@type":"EntryPoint","urlTemplate":"https:\/\/apkostore.com\/en\/?s={search_term_string}"},"query-input":{"@type":"PropertyValueSpecification","valueRequired":true,"valueName":"search_term_string"}}],"inLanguage":"en-US"},{"@type":"Organization","@id":"https:\/\/apkostore.com\/en\/#organization","name":"APKO Sp. z o. o.","url":"https:\/\/apkostore.com\/en\/","logo":{"@type":"ImageObject","inLanguage":"en-US","@id":"https:\/\/apkostore.com\/en\/#\/schema\/logo\/image\/","url":"https:\/\/apkostore.com\/wp-content\/uploads\/2023\/09\/logo-black-min.png","contentUrl":"https:\/\/apkostore.com\/wp-content\/uploads\/2023\/09\/logo-black-min.png","width":2500,"height":944,"caption":"APKO Sp. z o. o."},"image":{"@id":"https:\/\/apkostore.com\/en\/#\/schema\/logo\/image\/"},"sameAs":["https:\/\/www.facebook.com\/apkostore","https:\/\/www.instagram.com\/apkostore\/"]}]}},"_links":{"self":[{"href":"https:\/\/apkostore.com\/en\/wp-json\/wp\/v2\/product\/8950","targetHints":{"allow":["GET"]}}],"collection":[{"href":"https:\/\/apkostore.com\/en\/wp-json\/wp\/v2\/product"}],"about":[{"href":"https:\/\/apkostore.com\/en\/wp-json\/wp\/v2\/types\/product"}],"wp:featuredmedia":[{"embeddable":true,"href":"https:\/\/apkostore.com\/en\/wp-json\/wp\/v2\/media\/8957"}],"wp:attachment":[{"href":"https:\/\/apkostore.com\/en\/wp-json\/wp\/v2\/media?parent=8950"}],"wp:term":[{"taxonomy":"product_brand","embeddable":true,"href":"https:\/\/apkostore.com\/en\/wp-json\/wp\/v2\/product_brand?post=8950"},{"taxonomy":"product_cat","embeddable":true,"href":"https:\/\/apkostore.com\/en\/wp-json\/wp\/v2\/product_cat?post=8950"},{"taxonomy":"product_tag","embeddable":true,"href":"https:\/\/apkostore.com\/en\/wp-json\/wp\/v2\/product_tag?post=8950"},{"taxonomy":"dodatkowo","embeddable":true,"href":"https:\/\/apkostore.com\/en\/wp-json\/wp\/v2\/dodatkowo?post=8950"}],"curies":[{"name":"wp","href":"https:\/\/api.w.org\/{rel}","templated":true}]}}