{"id":8384,"date":"2025-08-14T01:28:37","date_gmt":"2025-08-13T23:28:37","guid":{"rendered":"https:\/\/apkostore.com\/?post_type=product&#038;p=8384"},"modified":"2025-12-13T23:12:07","modified_gmt":"2025-12-13T22:12:07","slug":"oclean-uchwyt-na-szczoteczki-z-funkcja-dezynfekcji-bialy-s1","status":"publish","type":"product","link":"https:\/\/apkostore.com\/en\/product\/oclean-uchwyt-na-szczoteczki-z-funkcja-dezynfekcji-bialy-s1\/","title":{"rendered":"Oclean uchwyt na szczoteczki z funkcj\u0105 dezynfekcji bia\u0142y S1"},"content":{"rendered":"<h3><b>Oclean S1 \u2013 Uchwyt na szczoteczki z funkcj\u0105 dezynfekcji UV w kolorze bia\u0142ym<\/b><\/h3>\n<p>Ka\u017cdy dzie\u0144 rozpoczyna si\u0119 od mycia z\u0119b\u00f3w. Spraw, by ten moment by\u0142 w pe\u0142ni higieniczny i bezpieczny. Bia\u0142y uchwyt na szczoteczki Oclean S1 to wi\u0119cej ni\u017c estetyczny dodatek do Twojej \u0142azienki \u2014 to cichy stra\u017cnik czysto\u015bci, kt\u00f3ry wykorzystuje technologi\u0119 UV, aby zapewni\u0107 zdrowie ca\u0142ej rodzinie. Jego minimalistyczny design symbolizuje \u015bwie\u017co\u015b\u0107 i porz\u0105dek.<\/p>\n<p>&nbsp;<\/p>\n<h2><b>Niezawodna ochrona dla Twojej rodziny<\/b><\/h2>\n<p>Uchwyt Oclean S1 to spok\u00f3j ducha i pewno\u015b\u0107, \u017ce szczoteczka jest wolna od bakterii. Technologia sterylizacji UV-C <b>eliminuje do 99,9%<\/b> drobnoustroj\u00f3w, kt\u00f3re naturalnie osadzaj\u0105 si\u0119 na w\u0142osiu. Dzi\u0119ki temu dbasz o higien\u0119 jamy ustnej na najwy\u017cszym poziomie i zmniejszasz ryzyko infekcji.<\/p>\n<p>&nbsp;<\/p>\n<h2><b>Po\u0142\u0105czenie czysto\u015bci i minimalizmu<\/b><\/h2>\n<p>Bia\u0142y kolor uchwytu idealnie pasuje do ka\u017cdego wn\u0119trza, dodaj\u0105c \u0142azience nowoczesnego charakteru i optycznie powi\u0119kszaj\u0105c przestrze\u0144. Instalacja jest b\u0142yskawiczna i nie wymaga wiercenia, dzi\u0119ki mocnej ta\u015bmie samoprzylepnej. Uchwyt mo\u017cna zamontowa\u0107 w dowolnym, dogodnym miejscu, utrzymuj\u0105c porz\u0105dek na umywalce.<\/p>\n<p>&nbsp;<\/p>\n<h2><b>Jak korzysta\u0107 z uchwytu Oclean S1?<\/b><\/h2>\n<p>Uchwyt Oclean S1 jest niezwykle prosty w obs\u0142udze. Jego instalacja i u\u017cytkowanie s\u0105 intuicyjne, a dezynfekcja odbywa si\u0119 niemal bez Twojego udzia\u0142u.<\/p>\n<p><b>Monta\u017c<\/b> &#8211; zdejmij zabezpieczenie z tylnej \u015bciany uchwytu i przyklej go w wybranym miejscu na \u015bcianie. Nast\u0119pnie wsu\u0144 g\u0142\u00f3wn\u0105 cz\u0119\u015b\u0107 sanitizera w zamocowan\u0105 tyln\u0105 \u015bciank\u0119. <b>Dezynfekcja automatyczna<\/b> &#8211; urz\u0105dzenie automatycznie w\u0142\u0105cza 2-minutowy cykl sterylizacji co 6 godzin, zapewniaj\u0105c ci\u0105g\u0142\u0105 ochron\u0119 przed bakteriami. <b>Dezynfekcja na \u017c\u0105danie<\/b> &#8211; w\u0142\u00f3\u017c szczoteczk\u0119 do uchwytu i delikatnie poci\u0105gnij za sznureczek, aby natychmiast uruchomi\u0107 dodatkowy cykl dezynfekcji.<b>Konserwacja<\/b> &#8211; aby uchwyt dzia\u0142a\u0142 sprawnie i zapewnia\u0142 d\u0142ugotrwa\u0142\u0105 higien\u0119, wystarczy czy\u015bci\u0107 go raz w miesi\u0105cu.<\/p>\n<p>Dzi\u0119ki Oclean S1 zadbasz o czysto\u015b\u0107 szczoteczek do z\u0119b\u00f3w. Zapewnij sobie oraz swojej rodzinie zdrowe \u015brodowisko do codziennej piel\u0119gnacji jamy ustnej.<\/p>\n<p>&nbsp;<\/p>\n<h2><b>Innowacja w s\u0142u\u017cbie zdrowiu<\/b><\/h2>\n<ul>\n<li><b>Dezynfekcja UV-C<\/b> &#8211; wbudowana lampa o mocy 1W zapewnia bezkompromisow\u0105 sterylno\u015b\u0107 szczoteczki.<\/li>\n<li><b>\u0141atwo\u015b\u0107 u\u017cycia<\/b> &#8211; wbudowany akumulator o pojemno\u015bci 1000 mAh wystarcza na 20 dni pracy, a \u0142adowanie odbywa si\u0119 przez port USB-C.<\/li>\n<li><b>Ci\u0105g\u0142a gotowo\u015b\u0107<\/b> &#8211; uchwyt automatycznie w\u0142\u0105cza 2-minutowy cykl sterylizacji co 6 godzin, zapewniaj\u0105c nieprzerwan\u0105 ochron\u0119.<\/li>\n<\/ul>\n<p>Wybierz uchwyt Oclean S1 w kolorze bia\u0142ym i ciesz si\u0119 czysto\u015bci\u0105, kt\u00f3ra wspiera Twoje zdrowie.<\/p>\n","protected":false},"excerpt":{"rendered":"<p>1 szt.<\/p>\n","protected":false},"featured_media":8380,"template":"","meta":[],"product_brand":[],"product_cat":[198],"product_tag":[],"dodatkowo":[],"class_list":{"0":"post-8384","1":"product","2":"type-product","3":"status-publish","4":"has-post-thumbnail","6":"product_cat-codzienna-higiena","8":"first","9":"outofstock","10":"taxable","11":"shipping-taxable","12":"purchasable","13":"product-type-simple"},"yoast_head":"<!-- This site is optimized with the Yoast SEO plugin v27.5 - https:\/\/yoast.com\/product\/yoast-seo-wordpress\/ -->\n<title>Oclean uchwyt na szczoteczki z funkcj\u0105 dezynfekcji bia\u0142y S1 - Apkostore.com<\/title>\n<meta name=\"description\" content=\"Uchwyt Oclean S1 z dezynfekcj\u0105 UV-C w bia\u0142ym kolorze. Elegancja i higiena w jednym. Eliminuje 99,9% bakterii, \u0142atwy monta\u017c, d\u0142ugi czas pracy.\" \/>\n<meta name=\"robots\" content=\"index, follow, max-snippet:-1, max-image-preview:large, max-video-preview:-1\" \/>\n<link rel=\"canonical\" href=\"https:\/\/apkostore.com\/en\/product\/oclean-uchwyt-na-szczoteczki-z-funkcja-dezynfekcji-bialy-s1\/\" \/>\n<meta property=\"og:locale\" content=\"en_US\" \/>\n<meta property=\"og:type\" content=\"article\" \/>\n<meta property=\"og:title\" content=\"Oclean uchwyt na szczoteczki z funkcj\u0105 dezynfekcji bia\u0142y S1 - Apkostore.com\" \/>\n<meta property=\"og:description\" content=\"Uchwyt Oclean S1 z dezynfekcj\u0105 UV-C w bia\u0142ym kolorze. Elegancja i higiena w jednym. Eliminuje 99,9% bakterii, \u0142atwy monta\u017c, d\u0142ugi czas pracy.\" \/>\n<meta property=\"og:url\" content=\"https:\/\/apkostore.com\/en\/product\/oclean-uchwyt-na-szczoteczki-z-funkcja-dezynfekcji-bialy-s1\/\" \/>\n<meta property=\"og:site_name\" content=\"Apkostore.com\" \/>\n<meta property=\"article:publisher\" content=\"https:\/\/www.facebook.com\/apkostore\" \/>\n<meta property=\"article:modified_time\" content=\"2025-12-13T22:12:07+00:00\" \/>\n<meta property=\"og:image\" content=\"https:\/\/apkostore.com\/wp-content\/uploads\/2025\/08\/Oclean-uchwyt-na-szczoteczki-z-funkcja-dezynfekcji-bialy-S1.png\" \/>\n\t<meta property=\"og:image:width\" content=\"960\" \/>\n\t<meta property=\"og:image:height\" content=\"960\" \/>\n\t<meta property=\"og:image:type\" content=\"image\/png\" \/>\n<meta name=\"twitter:card\" content=\"summary_large_image\" \/>\n<meta name=\"twitter:label1\" content=\"Est. reading time\" \/>\n\t<meta name=\"twitter:data1\" content=\"3 minutes\" \/>\n<script type=\"application\/ld+json\" class=\"yoast-schema-graph\">{\"@context\":\"https:\\\/\\\/schema.org\",\"@graph\":[{\"@type\":\"WebPage\",\"@id\":\"https:\\\/\\\/apkostore.com\\\/en\\\/product\\\/oclean-uchwyt-na-szczoteczki-z-funkcja-dezynfekcji-bialy-s1\\\/\",\"url\":\"https:\\\/\\\/apkostore.com\\\/en\\\/product\\\/oclean-uchwyt-na-szczoteczki-z-funkcja-dezynfekcji-bialy-s1\\\/\",\"name\":\"Oclean uchwyt na szczoteczki z funkcj\u0105 dezynfekcji bia\u0142y S1 - Apkostore.com\",\"isPartOf\":{\"@id\":\"https:\\\/\\\/apkostore.com\\\/en\\\/#website\"},\"primaryImageOfPage\":{\"@id\":\"https:\\\/\\\/apkostore.com\\\/en\\\/product\\\/oclean-uchwyt-na-szczoteczki-z-funkcja-dezynfekcji-bialy-s1\\\/#primaryimage\"},\"image\":{\"@id\":\"https:\\\/\\\/apkostore.com\\\/en\\\/product\\\/oclean-uchwyt-na-szczoteczki-z-funkcja-dezynfekcji-bialy-s1\\\/#primaryimage\"},\"thumbnailUrl\":\"https:\\\/\\\/apkostore.com\\\/wp-content\\\/uploads\\\/2025\\\/08\\\/Oclean-uchwyt-na-szczoteczki-z-funkcja-dezynfekcji-bialy-S1.png\",\"datePublished\":\"2025-08-13T23:28:37+00:00\",\"dateModified\":\"2025-12-13T22:12:07+00:00\",\"description\":\"Uchwyt Oclean S1 z dezynfekcj\u0105 UV-C w bia\u0142ym kolorze. Elegancja i higiena w jednym. Eliminuje 99,9% bakterii, \u0142atwy monta\u017c, d\u0142ugi czas pracy.\",\"breadcrumb\":{\"@id\":\"https:\\\/\\\/apkostore.com\\\/en\\\/product\\\/oclean-uchwyt-na-szczoteczki-z-funkcja-dezynfekcji-bialy-s1\\\/#breadcrumb\"},\"inLanguage\":\"en-US\",\"potentialAction\":[{\"@type\":\"ReadAction\",\"target\":[\"https:\\\/\\\/apkostore.com\\\/en\\\/product\\\/oclean-uchwyt-na-szczoteczki-z-funkcja-dezynfekcji-bialy-s1\\\/\"]}]},{\"@type\":\"ImageObject\",\"inLanguage\":\"en-US\",\"@id\":\"https:\\\/\\\/apkostore.com\\\/en\\\/product\\\/oclean-uchwyt-na-szczoteczki-z-funkcja-dezynfekcji-bialy-s1\\\/#primaryimage\",\"url\":\"https:\\\/\\\/apkostore.com\\\/wp-content\\\/uploads\\\/2025\\\/08\\\/Oclean-uchwyt-na-szczoteczki-z-funkcja-dezynfekcji-bialy-S1.png\",\"contentUrl\":\"https:\\\/\\\/apkostore.com\\\/wp-content\\\/uploads\\\/2025\\\/08\\\/Oclean-uchwyt-na-szczoteczki-z-funkcja-dezynfekcji-bialy-S1.png\",\"width\":960,\"height\":960,\"caption\":\"Oclean uchwyt na szczoteczki z funkcj\u0105 dezynfekcji bia\u0142y S1\"},{\"@type\":\"BreadcrumbList\",\"@id\":\"https:\\\/\\\/apkostore.com\\\/en\\\/product\\\/oclean-uchwyt-na-szczoteczki-z-funkcja-dezynfekcji-bialy-s1\\\/#breadcrumb\",\"itemListElement\":[{\"@type\":\"ListItem\",\"position\":1,\"name\":\"Strona g\u0142\u00f3wna\",\"item\":\"https:\\\/\\\/apkostore.com\\\/en\\\/start-eng\\\/\"},{\"@type\":\"ListItem\",\"position\":2,\"name\":\"Shop\",\"item\":\"https:\\\/\\\/apkostore.com\\\/en\\\/shop\\\/\"},{\"@type\":\"ListItem\",\"position\":3,\"name\":\"Oclean uchwyt na szczoteczki z funkcj\u0105 dezynfekcji bia\u0142y S1\"}]},{\"@type\":\"WebSite\",\"@id\":\"https:\\\/\\\/apkostore.com\\\/en\\\/#website\",\"url\":\"https:\\\/\\\/apkostore.com\\\/en\\\/\",\"name\":\"Apkostore.com\",\"description\":\"\",\"publisher\":{\"@id\":\"https:\\\/\\\/apkostore.com\\\/en\\\/#organization\"},\"potentialAction\":[{\"@type\":\"SearchAction\",\"target\":{\"@type\":\"EntryPoint\",\"urlTemplate\":\"https:\\\/\\\/apkostore.com\\\/en\\\/?s={search_term_string}\"},\"query-input\":{\"@type\":\"PropertyValueSpecification\",\"valueRequired\":true,\"valueName\":\"search_term_string\"}}],\"inLanguage\":\"en-US\"},{\"@type\":\"Organization\",\"@id\":\"https:\\\/\\\/apkostore.com\\\/en\\\/#organization\",\"name\":\"APKO Sp. z o. o.\",\"url\":\"https:\\\/\\\/apkostore.com\\\/en\\\/\",\"logo\":{\"@type\":\"ImageObject\",\"inLanguage\":\"en-US\",\"@id\":\"https:\\\/\\\/apkostore.com\\\/en\\\/#\\\/schema\\\/logo\\\/image\\\/\",\"url\":\"https:\\\/\\\/apkostore.com\\\/wp-content\\\/uploads\\\/2023\\\/09\\\/logo-black-min.png\",\"contentUrl\":\"https:\\\/\\\/apkostore.com\\\/wp-content\\\/uploads\\\/2023\\\/09\\\/logo-black-min.png\",\"width\":2500,\"height\":944,\"caption\":\"APKO Sp. z o. o.\"},\"image\":{\"@id\":\"https:\\\/\\\/apkostore.com\\\/en\\\/#\\\/schema\\\/logo\\\/image\\\/\"},\"sameAs\":[\"https:\\\/\\\/www.facebook.com\\\/apkostore\",\"https:\\\/\\\/www.instagram.com\\\/apkostore\\\/\"]}]}<\/script>\n<!-- \/ Yoast SEO plugin. -->","yoast_head_json":{"title":"Oclean uchwyt na szczoteczki z funkcj\u0105 dezynfekcji bia\u0142y S1 - Apkostore.com","description":"Uchwyt Oclean S1 z dezynfekcj\u0105 UV-C w bia\u0142ym kolorze. Elegancja i higiena w jednym. Eliminuje 99,9% bakterii, \u0142atwy monta\u017c, d\u0142ugi czas pracy.","robots":{"index":"index","follow":"follow","max-snippet":"max-snippet:-1","max-image-preview":"max-image-preview:large","max-video-preview":"max-video-preview:-1"},"canonical":"https:\/\/apkostore.com\/en\/product\/oclean-uchwyt-na-szczoteczki-z-funkcja-dezynfekcji-bialy-s1\/","og_locale":"en_US","og_type":"article","og_title":"Oclean uchwyt na szczoteczki z funkcj\u0105 dezynfekcji bia\u0142y S1 - Apkostore.com","og_description":"Uchwyt Oclean S1 z dezynfekcj\u0105 UV-C w bia\u0142ym kolorze. Elegancja i higiena w jednym. Eliminuje 99,9% bakterii, \u0142atwy monta\u017c, d\u0142ugi czas pracy.","og_url":"https:\/\/apkostore.com\/en\/product\/oclean-uchwyt-na-szczoteczki-z-funkcja-dezynfekcji-bialy-s1\/","og_site_name":"Apkostore.com","article_publisher":"https:\/\/www.facebook.com\/apkostore","article_modified_time":"2025-12-13T22:12:07+00:00","og_image":[{"width":960,"height":960,"url":"https:\/\/apkostore.com\/wp-content\/uploads\/2025\/08\/Oclean-uchwyt-na-szczoteczki-z-funkcja-dezynfekcji-bialy-S1.png","type":"image\/png"}],"twitter_card":"summary_large_image","twitter_misc":{"Est. reading time":"3 minutes"},"schema":{"@context":"https:\/\/schema.org","@graph":[{"@type":"WebPage","@id":"https:\/\/apkostore.com\/en\/product\/oclean-uchwyt-na-szczoteczki-z-funkcja-dezynfekcji-bialy-s1\/","url":"https:\/\/apkostore.com\/en\/product\/oclean-uchwyt-na-szczoteczki-z-funkcja-dezynfekcji-bialy-s1\/","name":"Oclean uchwyt na szczoteczki z funkcj\u0105 dezynfekcji bia\u0142y S1 - Apkostore.com","isPartOf":{"@id":"https:\/\/apkostore.com\/en\/#website"},"primaryImageOfPage":{"@id":"https:\/\/apkostore.com\/en\/product\/oclean-uchwyt-na-szczoteczki-z-funkcja-dezynfekcji-bialy-s1\/#primaryimage"},"image":{"@id":"https:\/\/apkostore.com\/en\/product\/oclean-uchwyt-na-szczoteczki-z-funkcja-dezynfekcji-bialy-s1\/#primaryimage"},"thumbnailUrl":"https:\/\/apkostore.com\/wp-content\/uploads\/2025\/08\/Oclean-uchwyt-na-szczoteczki-z-funkcja-dezynfekcji-bialy-S1.png","datePublished":"2025-08-13T23:28:37+00:00","dateModified":"2025-12-13T22:12:07+00:00","description":"Uchwyt Oclean S1 z dezynfekcj\u0105 UV-C w bia\u0142ym kolorze. Elegancja i higiena w jednym. Eliminuje 99,9% bakterii, \u0142atwy monta\u017c, d\u0142ugi czas pracy.","breadcrumb":{"@id":"https:\/\/apkostore.com\/en\/product\/oclean-uchwyt-na-szczoteczki-z-funkcja-dezynfekcji-bialy-s1\/#breadcrumb"},"inLanguage":"en-US","potentialAction":[{"@type":"ReadAction","target":["https:\/\/apkostore.com\/en\/product\/oclean-uchwyt-na-szczoteczki-z-funkcja-dezynfekcji-bialy-s1\/"]}]},{"@type":"ImageObject","inLanguage":"en-US","@id":"https:\/\/apkostore.com\/en\/product\/oclean-uchwyt-na-szczoteczki-z-funkcja-dezynfekcji-bialy-s1\/#primaryimage","url":"https:\/\/apkostore.com\/wp-content\/uploads\/2025\/08\/Oclean-uchwyt-na-szczoteczki-z-funkcja-dezynfekcji-bialy-S1.png","contentUrl":"https:\/\/apkostore.com\/wp-content\/uploads\/2025\/08\/Oclean-uchwyt-na-szczoteczki-z-funkcja-dezynfekcji-bialy-S1.png","width":960,"height":960,"caption":"Oclean uchwyt na szczoteczki z funkcj\u0105 dezynfekcji bia\u0142y S1"},{"@type":"BreadcrumbList","@id":"https:\/\/apkostore.com\/en\/product\/oclean-uchwyt-na-szczoteczki-z-funkcja-dezynfekcji-bialy-s1\/#breadcrumb","itemListElement":[{"@type":"ListItem","position":1,"name":"Strona g\u0142\u00f3wna","item":"https:\/\/apkostore.com\/en\/start-eng\/"},{"@type":"ListItem","position":2,"name":"Shop","item":"https:\/\/apkostore.com\/en\/shop\/"},{"@type":"ListItem","position":3,"name":"Oclean uchwyt na szczoteczki z funkcj\u0105 dezynfekcji bia\u0142y S1"}]},{"@type":"WebSite","@id":"https:\/\/apkostore.com\/en\/#website","url":"https:\/\/apkostore.com\/en\/","name":"Apkostore.com","description":"","publisher":{"@id":"https:\/\/apkostore.com\/en\/#organization"},"potentialAction":[{"@type":"SearchAction","target":{"@type":"EntryPoint","urlTemplate":"https:\/\/apkostore.com\/en\/?s={search_term_string}"},"query-input":{"@type":"PropertyValueSpecification","valueRequired":true,"valueName":"search_term_string"}}],"inLanguage":"en-US"},{"@type":"Organization","@id":"https:\/\/apkostore.com\/en\/#organization","name":"APKO Sp. z o. o.","url":"https:\/\/apkostore.com\/en\/","logo":{"@type":"ImageObject","inLanguage":"en-US","@id":"https:\/\/apkostore.com\/en\/#\/schema\/logo\/image\/","url":"https:\/\/apkostore.com\/wp-content\/uploads\/2023\/09\/logo-black-min.png","contentUrl":"https:\/\/apkostore.com\/wp-content\/uploads\/2023\/09\/logo-black-min.png","width":2500,"height":944,"caption":"APKO Sp. z o. o."},"image":{"@id":"https:\/\/apkostore.com\/en\/#\/schema\/logo\/image\/"},"sameAs":["https:\/\/www.facebook.com\/apkostore","https:\/\/www.instagram.com\/apkostore\/"]}]}},"_links":{"self":[{"href":"https:\/\/apkostore.com\/en\/wp-json\/wp\/v2\/product\/8384","targetHints":{"allow":["GET"]}}],"collection":[{"href":"https:\/\/apkostore.com\/en\/wp-json\/wp\/v2\/product"}],"about":[{"href":"https:\/\/apkostore.com\/en\/wp-json\/wp\/v2\/types\/product"}],"wp:featuredmedia":[{"embeddable":true,"href":"https:\/\/apkostore.com\/en\/wp-json\/wp\/v2\/media\/8380"}],"wp:attachment":[{"href":"https:\/\/apkostore.com\/en\/wp-json\/wp\/v2\/media?parent=8384"}],"wp:term":[{"taxonomy":"product_brand","embeddable":true,"href":"https:\/\/apkostore.com\/en\/wp-json\/wp\/v2\/product_brand?post=8384"},{"taxonomy":"product_cat","embeddable":true,"href":"https:\/\/apkostore.com\/en\/wp-json\/wp\/v2\/product_cat?post=8384"},{"taxonomy":"product_tag","embeddable":true,"href":"https:\/\/apkostore.com\/en\/wp-json\/wp\/v2\/product_tag?post=8384"},{"taxonomy":"dodatkowo","embeddable":true,"href":"https:\/\/apkostore.com\/en\/wp-json\/wp\/v2\/dodatkowo?post=8384"}],"curies":[{"name":"wp","href":"https:\/\/api.w.org\/{rel}","templated":true}]}}