{"id":8362,"date":"2025-08-14T00:57:57","date_gmt":"2025-08-13T22:57:57","guid":{"rendered":"https:\/\/apkostore.com\/?post_type=product&#038;p=8362"},"modified":"2026-03-21T22:03:19","modified_gmt":"2026-03-21T21:03:19","slug":"elgydium-kids-unicorn-szczoteczka-do-zebow-dla-dzieci-2-6-lat","status":"publish","type":"product","link":"https:\/\/apkostore.com\/en\/product\/elgydium-kids-unicorn-szczoteczka-do-zebow-dla-dzieci-2-6-lat\/","title":{"rendered":"Elgydium Kids Unicorn szczoteczka do z\u0119b\u00f3w dla dzieci 2-6 lat"},"content":{"rendered":"<h3><b>Elgydium Kids Unicorn \u2013 Szczoteczka do z\u0119b\u00f3w dla dzieci 2-6 lat<\/b><\/h3>\n<p>&nbsp;<\/p>\n<p>Wprowad\u017a magi\u0119 i rado\u015b\u0107 do codziennego mycia z\u0119b\u00f3w Twojego dziecka dzi\u0119ki szczoteczce Elgydium Kids Unicorn. Zaprojektowana specjalnie dla maluch\u00f3w w wieku <b>od 2 do 6 lat<\/b>, sprawi, \u017ce higiena jamy ustnej stanie si\u0119 fantastyczn\u0105 zabaw\u0105, a nie nudnym obowi\u0105zkiem.<\/p>\n<hr \/>\n<p>&nbsp;<\/p>\n<h2><b>Cechy, kt\u00f3re pokocha Twoje dziecko i Ty:<\/b><\/h2>\n<ul>\n<li><b>Design z jednoro\u017ccem<\/b>\u00a0&#8211; uroczy, bajkowy motyw jednoro\u017cca zach\u0119ca dzieci do regularnego szczotkowania. Sprawia, \u017ce z niecierpliwo\u015bci\u0105 czekaj\u0105 na kolejny rytua\u0142 mycia z\u0119b\u00f3w.<\/li>\n<li><b>Wygodny uchwyt<\/b> &#8211; ergonomiczny, antypo\u015blizgowy uchwyt uchwyt idealnie dopasowuje si\u0119 do ma\u0142ych d\u0142oni. U\u0142atwia to dziecku samodzielne trzymanie szczoteczki i nauk\u0119 prawid\u0142owych ruch\u00f3w.<\/li>\n<li><b>Mi\u0119kkie, zaokr\u0105glone w\u0142\u00f3kna <\/b>&#8211; g\u0142\u00f3wka szczoteczki wyposa\u017cona jest w bardzo mi\u0119kkie w\u0142\u00f3kna. Delikatnie, ale skutecznie czyszcz\u0105 z\u0119by mleczne i masuj\u0105 dzi\u0105s\u0142a, minimalizuj\u0105c ryzyko podra\u017cnie\u0144. Ich zaokr\u0105glone ko\u0144c\u00f3wki chroni\u0105 szkliwo i dzi\u0105s\u0142a przed uszkodzeniami.<\/li>\n<li><b>Wska\u017anik dawki pasty<\/b> &#8211; centralne, kolorowe w\u0142\u00f3kna wska\u017anikowe pomagaj\u0105 odmierzy\u0107 odpowiedni\u0105, zalecan\u0105 ilo\u015b\u0107 pasty do z\u0119b\u00f3w. Jest to szczeg\u00f3lnie przydatne w przypadku ma\u0142ych dzieci.<\/li>\n<li><b>Higieniczne etui podr\u00f3\u017cne<\/b> &#8211; chroni szczoteczk\u0119 przed zabrudzeniami w domu i poza nim. Zestaw z etui u\u0142atwia podr\u00f3\u017ce i przechowywanie.<\/li>\n<\/ul>\n<hr \/>\n<p>&nbsp;<\/p>\n<h2><b>Szczotkowanie z\u0119b\u00f3w to ju\u017c nie problem!<\/b><\/h2>\n<p>Szczoteczka Elgydium Kids Unicorn to idealne narz\u0119dzie, kt\u00f3re wspiera prawid\u0142ow\u0105 higien\u0119 jamy ustnej od najm\u0142odszych lat. Pomaga zapobiega\u0107 powstawaniu pr\u00f3chnicy i buduje zdrowe nawyki, kt\u00f3re zostan\u0105 z dzieckiem na d\u0142ugo. Spraw, aby ka\u017cdy u\u015bmiech by\u0142 czysty i l\u015bni\u0105cy, a moment mycia z\u0119b\u00f3w by\u0142 pe\u0142en radosnej zabawy!<\/p>\n","protected":false},"excerpt":{"rendered":"<p>1 szt.<\/p>\n","protected":false},"featured_media":8367,"template":"","meta":[],"product_brand":[],"product_cat":[22],"product_tag":[],"dodatkowo":[],"class_list":{"0":"post-8362","1":"product","2":"type-product","3":"status-publish","4":"has-post-thumbnail","6":"product_cat-bez-kategorii","8":"first","9":"instock","10":"taxable","11":"shipping-taxable","12":"purchasable","13":"product-type-simple"},"yoast_head":"<!-- This site is optimized with the Yoast SEO plugin v27.5 - https:\/\/yoast.com\/product\/yoast-seo-wordpress\/ -->\n<title>Elgydium Kids Unicorn szczoteczka do z\u0119b\u00f3w dla dzieci 2-6 lat - Apkostore.com<\/title>\n<meta name=\"description\" content=\"Szczoteczka Elgydium Kids Unicorn dla dzieci 2-6 lat. Mi\u0119kkie w\u0142osie, ergonomiczny uchwyt z jednoro\u017ccem i etui podr\u00f3\u017cne. Zach\u0119\u0107 dziecko do mycia z\u0119b\u00f3w!\" \/>\n<meta name=\"robots\" content=\"index, follow, max-snippet:-1, max-image-preview:large, max-video-preview:-1\" \/>\n<link rel=\"canonical\" href=\"https:\/\/apkostore.com\/en\/product\/elgydium-kids-unicorn-szczoteczka-do-zebow-dla-dzieci-2-6-lat\/\" \/>\n<meta property=\"og:locale\" content=\"en_US\" \/>\n<meta property=\"og:type\" content=\"article\" \/>\n<meta property=\"og:title\" content=\"Elgydium Kids Unicorn szczoteczka do z\u0119b\u00f3w dla dzieci 2-6 lat - Apkostore.com\" \/>\n<meta property=\"og:description\" content=\"Szczoteczka Elgydium Kids Unicorn dla dzieci 2-6 lat. Mi\u0119kkie w\u0142osie, ergonomiczny uchwyt z jednoro\u017ccem i etui podr\u00f3\u017cne. Zach\u0119\u0107 dziecko do mycia z\u0119b\u00f3w!\" \/>\n<meta property=\"og:url\" content=\"https:\/\/apkostore.com\/en\/product\/elgydium-kids-unicorn-szczoteczka-do-zebow-dla-dzieci-2-6-lat\/\" \/>\n<meta property=\"og:site_name\" content=\"Apkostore.com\" \/>\n<meta property=\"article:publisher\" content=\"https:\/\/www.facebook.com\/apkostore\" \/>\n<meta property=\"article:modified_time\" content=\"2026-03-21T21:03:19+00:00\" \/>\n<meta property=\"og:image\" content=\"https:\/\/apkostore.com\/wp-content\/uploads\/2025\/08\/Elgydium-Kids-Unicorn-szczoteczka-do-zebow-dla-dzieci-2-6-lat.png\" \/>\n\t<meta property=\"og:image:width\" content=\"960\" \/>\n\t<meta property=\"og:image:height\" content=\"960\" \/>\n\t<meta property=\"og:image:type\" content=\"image\/png\" \/>\n<meta name=\"twitter:card\" content=\"summary_large_image\" \/>\n<meta name=\"twitter:label1\" content=\"Est. reading time\" \/>\n\t<meta name=\"twitter:data1\" content=\"2 minutes\" \/>\n<script type=\"application\/ld+json\" class=\"yoast-schema-graph\">{\"@context\":\"https:\\\/\\\/schema.org\",\"@graph\":[{\"@type\":\"WebPage\",\"@id\":\"https:\\\/\\\/apkostore.com\\\/en\\\/product\\\/elgydium-kids-unicorn-szczoteczka-do-zebow-dla-dzieci-2-6-lat\\\/\",\"url\":\"https:\\\/\\\/apkostore.com\\\/en\\\/product\\\/elgydium-kids-unicorn-szczoteczka-do-zebow-dla-dzieci-2-6-lat\\\/\",\"name\":\"Elgydium Kids Unicorn szczoteczka do z\u0119b\u00f3w dla dzieci 2-6 lat - Apkostore.com\",\"isPartOf\":{\"@id\":\"https:\\\/\\\/apkostore.com\\\/en\\\/#website\"},\"primaryImageOfPage\":{\"@id\":\"https:\\\/\\\/apkostore.com\\\/en\\\/product\\\/elgydium-kids-unicorn-szczoteczka-do-zebow-dla-dzieci-2-6-lat\\\/#primaryimage\"},\"image\":{\"@id\":\"https:\\\/\\\/apkostore.com\\\/en\\\/product\\\/elgydium-kids-unicorn-szczoteczka-do-zebow-dla-dzieci-2-6-lat\\\/#primaryimage\"},\"thumbnailUrl\":\"https:\\\/\\\/apkostore.com\\\/wp-content\\\/uploads\\\/2025\\\/08\\\/Elgydium-Kids-Unicorn-szczoteczka-do-zebow-dla-dzieci-2-6-lat.png\",\"datePublished\":\"2025-08-13T22:57:57+00:00\",\"dateModified\":\"2026-03-21T21:03:19+00:00\",\"description\":\"Szczoteczka Elgydium Kids Unicorn dla dzieci 2-6 lat. Mi\u0119kkie w\u0142osie, ergonomiczny uchwyt z jednoro\u017ccem i etui podr\u00f3\u017cne. Zach\u0119\u0107 dziecko do mycia z\u0119b\u00f3w!\",\"breadcrumb\":{\"@id\":\"https:\\\/\\\/apkostore.com\\\/en\\\/product\\\/elgydium-kids-unicorn-szczoteczka-do-zebow-dla-dzieci-2-6-lat\\\/#breadcrumb\"},\"inLanguage\":\"en-US\",\"potentialAction\":[{\"@type\":\"ReadAction\",\"target\":[\"https:\\\/\\\/apkostore.com\\\/en\\\/product\\\/elgydium-kids-unicorn-szczoteczka-do-zebow-dla-dzieci-2-6-lat\\\/\"]}]},{\"@type\":\"ImageObject\",\"inLanguage\":\"en-US\",\"@id\":\"https:\\\/\\\/apkostore.com\\\/en\\\/product\\\/elgydium-kids-unicorn-szczoteczka-do-zebow-dla-dzieci-2-6-lat\\\/#primaryimage\",\"url\":\"https:\\\/\\\/apkostore.com\\\/wp-content\\\/uploads\\\/2025\\\/08\\\/Elgydium-Kids-Unicorn-szczoteczka-do-zebow-dla-dzieci-2-6-lat.png\",\"contentUrl\":\"https:\\\/\\\/apkostore.com\\\/wp-content\\\/uploads\\\/2025\\\/08\\\/Elgydium-Kids-Unicorn-szczoteczka-do-zebow-dla-dzieci-2-6-lat.png\",\"width\":960,\"height\":960,\"caption\":\"Elgydium Kids Unicorn szczoteczka do z\u0119b\u00f3w dla dzieci 2-6 lat\"},{\"@type\":\"BreadcrumbList\",\"@id\":\"https:\\\/\\\/apkostore.com\\\/en\\\/product\\\/elgydium-kids-unicorn-szczoteczka-do-zebow-dla-dzieci-2-6-lat\\\/#breadcrumb\",\"itemListElement\":[{\"@type\":\"ListItem\",\"position\":1,\"name\":\"Strona g\u0142\u00f3wna\",\"item\":\"https:\\\/\\\/apkostore.com\\\/en\\\/start-eng\\\/\"},{\"@type\":\"ListItem\",\"position\":2,\"name\":\"Shop\",\"item\":\"https:\\\/\\\/apkostore.com\\\/en\\\/shop\\\/\"},{\"@type\":\"ListItem\",\"position\":3,\"name\":\"Elgydium Kids Unicorn szczoteczka do z\u0119b\u00f3w dla dzieci 2-6 lat\"}]},{\"@type\":\"WebSite\",\"@id\":\"https:\\\/\\\/apkostore.com\\\/en\\\/#website\",\"url\":\"https:\\\/\\\/apkostore.com\\\/en\\\/\",\"name\":\"Apkostore.com\",\"description\":\"\",\"publisher\":{\"@id\":\"https:\\\/\\\/apkostore.com\\\/en\\\/#organization\"},\"potentialAction\":[{\"@type\":\"SearchAction\",\"target\":{\"@type\":\"EntryPoint\",\"urlTemplate\":\"https:\\\/\\\/apkostore.com\\\/en\\\/?s={search_term_string}\"},\"query-input\":{\"@type\":\"PropertyValueSpecification\",\"valueRequired\":true,\"valueName\":\"search_term_string\"}}],\"inLanguage\":\"en-US\"},{\"@type\":\"Organization\",\"@id\":\"https:\\\/\\\/apkostore.com\\\/en\\\/#organization\",\"name\":\"APKO Sp. z o. o.\",\"url\":\"https:\\\/\\\/apkostore.com\\\/en\\\/\",\"logo\":{\"@type\":\"ImageObject\",\"inLanguage\":\"en-US\",\"@id\":\"https:\\\/\\\/apkostore.com\\\/en\\\/#\\\/schema\\\/logo\\\/image\\\/\",\"url\":\"https:\\\/\\\/apkostore.com\\\/wp-content\\\/uploads\\\/2023\\\/09\\\/logo-black-min.png\",\"contentUrl\":\"https:\\\/\\\/apkostore.com\\\/wp-content\\\/uploads\\\/2023\\\/09\\\/logo-black-min.png\",\"width\":2500,\"height\":944,\"caption\":\"APKO Sp. z o. o.\"},\"image\":{\"@id\":\"https:\\\/\\\/apkostore.com\\\/en\\\/#\\\/schema\\\/logo\\\/image\\\/\"},\"sameAs\":[\"https:\\\/\\\/www.facebook.com\\\/apkostore\",\"https:\\\/\\\/www.instagram.com\\\/apkostore\\\/\"]}]}<\/script>\n<!-- \/ Yoast SEO plugin. -->","yoast_head_json":{"title":"Elgydium Kids Unicorn szczoteczka do z\u0119b\u00f3w dla dzieci 2-6 lat - Apkostore.com","description":"Szczoteczka Elgydium Kids Unicorn dla dzieci 2-6 lat. Mi\u0119kkie w\u0142osie, ergonomiczny uchwyt z jednoro\u017ccem i etui podr\u00f3\u017cne. Zach\u0119\u0107 dziecko do mycia z\u0119b\u00f3w!","robots":{"index":"index","follow":"follow","max-snippet":"max-snippet:-1","max-image-preview":"max-image-preview:large","max-video-preview":"max-video-preview:-1"},"canonical":"https:\/\/apkostore.com\/en\/product\/elgydium-kids-unicorn-szczoteczka-do-zebow-dla-dzieci-2-6-lat\/","og_locale":"en_US","og_type":"article","og_title":"Elgydium Kids Unicorn szczoteczka do z\u0119b\u00f3w dla dzieci 2-6 lat - Apkostore.com","og_description":"Szczoteczka Elgydium Kids Unicorn dla dzieci 2-6 lat. Mi\u0119kkie w\u0142osie, ergonomiczny uchwyt z jednoro\u017ccem i etui podr\u00f3\u017cne. Zach\u0119\u0107 dziecko do mycia z\u0119b\u00f3w!","og_url":"https:\/\/apkostore.com\/en\/product\/elgydium-kids-unicorn-szczoteczka-do-zebow-dla-dzieci-2-6-lat\/","og_site_name":"Apkostore.com","article_publisher":"https:\/\/www.facebook.com\/apkostore","article_modified_time":"2026-03-21T21:03:19+00:00","og_image":[{"width":960,"height":960,"url":"https:\/\/apkostore.com\/wp-content\/uploads\/2025\/08\/Elgydium-Kids-Unicorn-szczoteczka-do-zebow-dla-dzieci-2-6-lat.png","type":"image\/png"}],"twitter_card":"summary_large_image","twitter_misc":{"Est. reading time":"2 minutes"},"schema":{"@context":"https:\/\/schema.org","@graph":[{"@type":"WebPage","@id":"https:\/\/apkostore.com\/en\/product\/elgydium-kids-unicorn-szczoteczka-do-zebow-dla-dzieci-2-6-lat\/","url":"https:\/\/apkostore.com\/en\/product\/elgydium-kids-unicorn-szczoteczka-do-zebow-dla-dzieci-2-6-lat\/","name":"Elgydium Kids Unicorn szczoteczka do z\u0119b\u00f3w dla dzieci 2-6 lat - Apkostore.com","isPartOf":{"@id":"https:\/\/apkostore.com\/en\/#website"},"primaryImageOfPage":{"@id":"https:\/\/apkostore.com\/en\/product\/elgydium-kids-unicorn-szczoteczka-do-zebow-dla-dzieci-2-6-lat\/#primaryimage"},"image":{"@id":"https:\/\/apkostore.com\/en\/product\/elgydium-kids-unicorn-szczoteczka-do-zebow-dla-dzieci-2-6-lat\/#primaryimage"},"thumbnailUrl":"https:\/\/apkostore.com\/wp-content\/uploads\/2025\/08\/Elgydium-Kids-Unicorn-szczoteczka-do-zebow-dla-dzieci-2-6-lat.png","datePublished":"2025-08-13T22:57:57+00:00","dateModified":"2026-03-21T21:03:19+00:00","description":"Szczoteczka Elgydium Kids Unicorn dla dzieci 2-6 lat. Mi\u0119kkie w\u0142osie, ergonomiczny uchwyt z jednoro\u017ccem i etui podr\u00f3\u017cne. Zach\u0119\u0107 dziecko do mycia z\u0119b\u00f3w!","breadcrumb":{"@id":"https:\/\/apkostore.com\/en\/product\/elgydium-kids-unicorn-szczoteczka-do-zebow-dla-dzieci-2-6-lat\/#breadcrumb"},"inLanguage":"en-US","potentialAction":[{"@type":"ReadAction","target":["https:\/\/apkostore.com\/en\/product\/elgydium-kids-unicorn-szczoteczka-do-zebow-dla-dzieci-2-6-lat\/"]}]},{"@type":"ImageObject","inLanguage":"en-US","@id":"https:\/\/apkostore.com\/en\/product\/elgydium-kids-unicorn-szczoteczka-do-zebow-dla-dzieci-2-6-lat\/#primaryimage","url":"https:\/\/apkostore.com\/wp-content\/uploads\/2025\/08\/Elgydium-Kids-Unicorn-szczoteczka-do-zebow-dla-dzieci-2-6-lat.png","contentUrl":"https:\/\/apkostore.com\/wp-content\/uploads\/2025\/08\/Elgydium-Kids-Unicorn-szczoteczka-do-zebow-dla-dzieci-2-6-lat.png","width":960,"height":960,"caption":"Elgydium Kids Unicorn szczoteczka do z\u0119b\u00f3w dla dzieci 2-6 lat"},{"@type":"BreadcrumbList","@id":"https:\/\/apkostore.com\/en\/product\/elgydium-kids-unicorn-szczoteczka-do-zebow-dla-dzieci-2-6-lat\/#breadcrumb","itemListElement":[{"@type":"ListItem","position":1,"name":"Strona g\u0142\u00f3wna","item":"https:\/\/apkostore.com\/en\/start-eng\/"},{"@type":"ListItem","position":2,"name":"Shop","item":"https:\/\/apkostore.com\/en\/shop\/"},{"@type":"ListItem","position":3,"name":"Elgydium Kids Unicorn szczoteczka do z\u0119b\u00f3w dla dzieci 2-6 lat"}]},{"@type":"WebSite","@id":"https:\/\/apkostore.com\/en\/#website","url":"https:\/\/apkostore.com\/en\/","name":"Apkostore.com","description":"","publisher":{"@id":"https:\/\/apkostore.com\/en\/#organization"},"potentialAction":[{"@type":"SearchAction","target":{"@type":"EntryPoint","urlTemplate":"https:\/\/apkostore.com\/en\/?s={search_term_string}"},"query-input":{"@type":"PropertyValueSpecification","valueRequired":true,"valueName":"search_term_string"}}],"inLanguage":"en-US"},{"@type":"Organization","@id":"https:\/\/apkostore.com\/en\/#organization","name":"APKO Sp. z o. o.","url":"https:\/\/apkostore.com\/en\/","logo":{"@type":"ImageObject","inLanguage":"en-US","@id":"https:\/\/apkostore.com\/en\/#\/schema\/logo\/image\/","url":"https:\/\/apkostore.com\/wp-content\/uploads\/2023\/09\/logo-black-min.png","contentUrl":"https:\/\/apkostore.com\/wp-content\/uploads\/2023\/09\/logo-black-min.png","width":2500,"height":944,"caption":"APKO Sp. z o. o."},"image":{"@id":"https:\/\/apkostore.com\/en\/#\/schema\/logo\/image\/"},"sameAs":["https:\/\/www.facebook.com\/apkostore","https:\/\/www.instagram.com\/apkostore\/"]}]}},"_links":{"self":[{"href":"https:\/\/apkostore.com\/en\/wp-json\/wp\/v2\/product\/8362","targetHints":{"allow":["GET"]}}],"collection":[{"href":"https:\/\/apkostore.com\/en\/wp-json\/wp\/v2\/product"}],"about":[{"href":"https:\/\/apkostore.com\/en\/wp-json\/wp\/v2\/types\/product"}],"wp:featuredmedia":[{"embeddable":true,"href":"https:\/\/apkostore.com\/en\/wp-json\/wp\/v2\/media\/8367"}],"wp:attachment":[{"href":"https:\/\/apkostore.com\/en\/wp-json\/wp\/v2\/media?parent=8362"}],"wp:term":[{"taxonomy":"product_brand","embeddable":true,"href":"https:\/\/apkostore.com\/en\/wp-json\/wp\/v2\/product_brand?post=8362"},{"taxonomy":"product_cat","embeddable":true,"href":"https:\/\/apkostore.com\/en\/wp-json\/wp\/v2\/product_cat?post=8362"},{"taxonomy":"product_tag","embeddable":true,"href":"https:\/\/apkostore.com\/en\/wp-json\/wp\/v2\/product_tag?post=8362"},{"taxonomy":"dodatkowo","embeddable":true,"href":"https:\/\/apkostore.com\/en\/wp-json\/wp\/v2\/dodatkowo?post=8362"}],"curies":[{"name":"wp","href":"https:\/\/api.w.org\/{rel}","templated":true}]}}