{"id":7532,"date":"2025-04-19T12:52:59","date_gmt":"2025-04-19T10:52:59","guid":{"rendered":"https:\/\/apkostore.com\/?post_type=product&#038;p=7532"},"modified":"2026-04-30T10:18:12","modified_gmt":"2026-04-30T08:18:12","slug":"voco-remin-pro-mieta-ochrona-zebow-z-fluorem-i-hydroksyapatytem-40g","status":"publish","type":"product","link":"https:\/\/apkostore.com\/en\/product\/voco-remin-pro-mieta-ochrona-zebow-z-fluorem-i-hydroksyapatytem-40g\/","title":{"rendered":"Voco Remin Pro Mi\u0119ta &#8211; ochrona z\u0119b\u00f3w z fluorem i hydroksyapatytem 40g"},"content":{"rendered":"<h2 class=\"\" data-start=\"135\" data-end=\"218\"><strong data-start=\"138\" data-end=\"218\">Voco Remin Pro Mi\u0119ta \u2013 ochrona szkliwa i od\u015bwie\u017cenie oddechu w jednym (40 g)<\/strong><\/h2>\n<p class=\"\" data-start=\"220\" data-end=\"594\"><strong data-start=\"220\" data-end=\"239\">Remin Pro Mi\u0119ta<\/strong> to specjalistyczny krem do z\u0119b\u00f3w o \u015bwie\u017cym, mi\u0119towym smaku, stworzony z my\u015bl\u0105 o kompleksowej ochronie szkliwa i codziennej profilaktyce stomatologicznej. Dzi\u0119ki synergii trzech aktywnych sk\u0142adnik\u00f3w \u2013 <strong data-start=\"440\" data-end=\"461\">fluoru (1450 ppm)<\/strong>, <strong data-start=\"463\" data-end=\"482\">hydroksyapatytu<\/strong> i <strong data-start=\"485\" data-end=\"498\">ksylitolu<\/strong>, skutecznie wzmacnia z\u0119by, zmniejsza nadwra\u017cliwo\u015b\u0107 i pomaga utrzyma\u0107 zdrowy, naturalny u\u015bmiech.<\/p>\n<p class=\"\" data-start=\"596\" data-end=\"840\">To doskona\u0142y wyb\u00f3r dla os\u00f3b doros\u0142ych i dzieci powy\u017cej 6. roku \u017cycia, a tak\u017ce dla pacjent\u00f3w po wybielaniu lub nosz\u0105cych aparat ortodontyczny. Mi\u0119towa wersja produktu daje przyjemne uczucie \u015bwie\u017co\u015bci, kt\u00f3re towarzyszy przez d\u0142ugi czas po u\u017cyciu.<\/p>\n<hr class=\"\" data-start=\"842\" data-end=\"845\" \/>\n<h2 class=\"\" data-start=\"847\" data-end=\"889\"><strong data-start=\"850\" data-end=\"889\">Korzy\u015bci stosowania Remin Pro Mi\u0119ta<\/strong><\/h2>\n<ul data-start=\"891\" data-end=\"1352\">\n<li class=\"\" data-start=\"891\" data-end=\"966\">\n<p class=\"\" data-start=\"893\" data-end=\"966\">\ud83c\udf3f <strong data-start=\"896\" data-end=\"923\">Od\u015bwie\u017caj\u0105cy smak mi\u0119ty<\/strong> \u2013 zapewnia uczucie czysto\u015bci i \u015bwie\u017co\u015bci<\/p>\n<\/li>\n<li class=\"\" data-start=\"967\" data-end=\"1056\">\n<p class=\"\" data-start=\"969\" data-end=\"1056\">\ud83d\udee1\ufe0f <strong data-start=\"973\" data-end=\"1010\">Ochrona przed pr\u00f3chnic\u0105 i kwasami<\/strong> \u2013 fluor i hydroksyapatyt wzmacniaj\u0105 szkliwo<\/p>\n<\/li>\n<li class=\"\" data-start=\"1057\" data-end=\"1130\">\n<p class=\"\" data-start=\"1059\" data-end=\"1130\">\u2744\ufe0f <strong data-start=\"1062\" data-end=\"1089\">Redukcja nadwra\u017cliwo\u015bci<\/strong> \u2013 ksylitol \u0142agodzi dolegliwo\u015bci b\u00f3lowe<\/p>\n<\/li>\n<li class=\"\" data-start=\"1131\" data-end=\"1225\">\n<p class=\"\" data-start=\"1133\" data-end=\"1225\">\u2728 <strong data-start=\"1135\" data-end=\"1160\">Zdrowszy wygl\u0105d z\u0119b\u00f3w<\/strong> \u2013 wyg\u0142adza powierzchni\u0119 szkliwa i przywraca mu naturalny blask<\/p>\n<\/li>\n<li class=\"\" data-start=\"1226\" data-end=\"1352\">\n<p class=\"\" data-start=\"1228\" data-end=\"1352\">\ud83e\uddb7 <strong data-start=\"1231\" data-end=\"1261\">Wszechstronne zastosowanie<\/strong> \u2013 idealny dla os\u00f3b z wra\u017cliwymi z\u0119bami, po wybielaniu i w trakcie leczenia ortodontycznego<\/p>\n<\/li>\n<\/ul>\n<hr class=\"\" data-start=\"1354\" data-end=\"1357\" \/>\n<h2 class=\"\" data-start=\"1359\" data-end=\"1375\"><strong data-start=\"1362\" data-end=\"1375\">Dla kogo?<\/strong><\/h2>\n<ul data-start=\"1377\" data-end=\"1603\">\n<li class=\"\" data-start=\"1377\" data-end=\"1420\">\n<p class=\"\" data-start=\"1379\" data-end=\"1420\">Dla doros\u0142ych i dzieci od 6. roku \u017cycia<\/p>\n<\/li>\n<li class=\"\" data-start=\"1421\" data-end=\"1454\">\n<p class=\"\" data-start=\"1423\" data-end=\"1454\">Dla os\u00f3b z wra\u017cliwym szkliwem<\/p>\n<\/li>\n<li class=\"\" data-start=\"1455\" data-end=\"1488\">\n<p class=\"\" data-start=\"1457\" data-end=\"1488\">Po zabiegach wybielania z\u0119b\u00f3w<\/p>\n<\/li>\n<li class=\"\" data-start=\"1489\" data-end=\"1538\">\n<p class=\"\" data-start=\"1491\" data-end=\"1538\">Dla pacjent\u00f3w nosz\u0105cych aparaty ortodontyczne<\/p>\n<\/li>\n<li class=\"\" data-start=\"1539\" data-end=\"1603\">\n<p class=\"\" data-start=\"1541\" data-end=\"1603\">Dla wszystkich, kt\u00f3rzy chc\u0105 skutecznie zadba\u0107 o zdrowy u\u015bmiech<\/p>\n<\/li>\n<\/ul>\n<hr class=\"\" data-start=\"1605\" data-end=\"1608\" \/>\n<h2 class=\"\" data-start=\"1610\" data-end=\"1646\"><strong data-start=\"1613\" data-end=\"1646\">Jak stosowa\u0107 Remin Pro Mi\u0119ta?<\/strong><\/h2>\n<ol data-start=\"1648\" data-end=\"1849\">\n<li class=\"\" data-start=\"1648\" data-end=\"1696\">\n<p class=\"\" data-start=\"1651\" data-end=\"1696\">Na\u0142\u00f3\u017c niewielk\u0105 ilo\u015b\u0107 kremu na szczoteczk\u0119.<\/p>\n<\/li>\n<li class=\"\" data-start=\"1697\" data-end=\"1749\">\n<p class=\"\" data-start=\"1700\" data-end=\"1749\">Delikatnie szczotkuj z\u0119by przez oko\u0142o 2 minuty.<\/p>\n<\/li>\n<li class=\"\" data-start=\"1750\" data-end=\"1801\">\n<p class=\"\" data-start=\"1753\" data-end=\"1801\">Wypluj nadmiar preparatu \u2013 nie p\u0142ucz ust wod\u0105.<\/p>\n<\/li>\n<li class=\"\" data-start=\"1802\" data-end=\"1849\">\n<p class=\"\" data-start=\"1805\" data-end=\"1849\">Stosuj dwa razy dziennie \u2013 rano i wieczorem.<\/p>\n<\/li>\n<\/ol>\n<p class=\"\" data-start=\"1851\" data-end=\"1921\">\ud83d\udca1 Mo\u017cna stosowa\u0107 tak\u017ce z przezroczyst\u0105 nak\u0142adk\u0105 (szyn\u0105 indywidualn\u0105).<\/p>\n<hr class=\"\" data-start=\"1923\" data-end=\"1926\" \/>\n<h2 class=\"\" data-start=\"1928\" data-end=\"1956\"><strong data-start=\"1931\" data-end=\"1956\">Specyfikacja produktu<\/strong><\/h2>\n<ul data-start=\"1958\" data-end=\"2094\">\n<li class=\"\" data-start=\"1958\" data-end=\"1977\">\n<p class=\"\" data-start=\"1960\" data-end=\"1977\">Fluor: 1450 ppm<\/p>\n<\/li>\n<li class=\"\" data-start=\"1978\" data-end=\"1997\">\n<p class=\"\" data-start=\"1980\" data-end=\"1997\">Pojemno\u015b\u0107: 40 g<\/p>\n<\/li>\n<li class=\"\" data-start=\"1998\" data-end=\"2015\">\n<p class=\"\" data-start=\"2000\" data-end=\"2015\">Smak: mi\u0119towy<\/p>\n<\/li>\n<li class=\"\" data-start=\"2016\" data-end=\"2060\">\n<p class=\"\" data-start=\"2018\" data-end=\"2060\">Inne dost\u0119pne warianty: truskawka, melon<\/p>\n<\/li>\n<li class=\"\" data-start=\"2061\" data-end=\"2094\">\n<p class=\"\" data-start=\"2063\" data-end=\"2094\">Dla dzieci od 6 lat i doros\u0142ych<\/p>\n<\/li>\n<\/ul>\n","protected":false},"excerpt":{"rendered":"<p>Voco Remin Pro Mi\u0119ta \u2013 ochrona szkliwa i od\u015bwie\u017cenie oddechu w jednym (40 g) Remin Pro Mi\u0119ta to specjalistyczny krem do z\u0119b\u00f3w o \u015bwie\u017cym, mi\u0119towym smaku, stworzony z my\u015bl\u0105 o kompleksowej ochronie szkliwa i codziennej profilaktyce stomatologicznej. Dzi\u0119ki synergii trzech aktywnych sk\u0142adnik\u00f3w \u2013 fluoru (1450 ppm), hydroksyapatytu i ksylitolu, skutecznie wzmacnia z\u0119by, zmniejsza nadwra\u017cliwo\u015b\u0107 i [&hellip;]<\/p>\n","protected":false},"featured_media":7982,"template":"","meta":[],"product_brand":[],"product_cat":[22],"product_tag":[],"dodatkowo":[],"class_list":{"0":"post-7532","1":"product","2":"type-product","3":"status-publish","4":"has-post-thumbnail","6":"product_cat-bez-kategorii","8":"first","9":"instock","10":"taxable","11":"shipping-taxable","12":"purchasable","13":"product-type-simple"},"yoast_head":"<!-- This site is optimized with the Yoast SEO plugin v27.5 - https:\/\/yoast.com\/product\/yoast-seo-wordpress\/ -->\n<title>Voco Remin Pro Mi\u0119ta - ochrona z\u0119b\u00f3w z fluorem i nHPa - Apkostore.com<\/title>\n<meta name=\"description\" content=\"Remin Pro Mi\u0119ta \u2013 krem do z\u0119b\u00f3w z fluorem i hydroksyapatytem. Chroni szkliwo, \u0142agodzi nadwra\u017cliwo\u015b\u0107 i od\u015bwie\u017ca oddech. Pojemno\u015b\u0107: 40 g.\" \/>\n<meta name=\"robots\" content=\"index, follow, max-snippet:-1, max-image-preview:large, max-video-preview:-1\" \/>\n<link rel=\"canonical\" href=\"https:\/\/apkostore.com\/en\/product\/voco-remin-pro-mieta-ochrona-zebow-z-fluorem-i-hydroksyapatytem-40g\/\" \/>\n<meta property=\"og:locale\" content=\"en_US\" \/>\n<meta property=\"og:type\" content=\"article\" \/>\n<meta property=\"og:title\" content=\"Voco Remin Pro Mi\u0119ta - ochrona z\u0119b\u00f3w z fluorem i nHPa - Apkostore.com\" \/>\n<meta property=\"og:description\" content=\"Remin Pro Mi\u0119ta \u2013 krem do z\u0119b\u00f3w z fluorem i hydroksyapatytem. Chroni szkliwo, \u0142agodzi nadwra\u017cliwo\u015b\u0107 i od\u015bwie\u017ca oddech. Pojemno\u015b\u0107: 40 g.\" \/>\n<meta property=\"og:url\" content=\"https:\/\/apkostore.com\/en\/product\/voco-remin-pro-mieta-ochrona-zebow-z-fluorem-i-hydroksyapatytem-40g\/\" \/>\n<meta property=\"og:site_name\" content=\"Apkostore.com\" \/>\n<meta property=\"article:publisher\" content=\"https:\/\/www.facebook.com\/apkostore\" \/>\n<meta property=\"article:modified_time\" content=\"2026-04-30T08:18:12+00:00\" \/>\n<meta property=\"og:image\" content=\"https:\/\/apkostore.com\/wp-content\/uploads\/2025\/04\/voco-remin-pro-mieta.png\" \/>\n\t<meta property=\"og:image:width\" content=\"960\" \/>\n\t<meta property=\"og:image:height\" content=\"960\" \/>\n\t<meta property=\"og:image:type\" content=\"image\/png\" \/>\n<meta name=\"twitter:card\" content=\"summary_large_image\" \/>\n<meta name=\"twitter:label1\" content=\"Est. reading time\" \/>\n\t<meta name=\"twitter:data1\" content=\"2 minutes\" \/>\n<script type=\"application\/ld+json\" class=\"yoast-schema-graph\">{\"@context\":\"https:\\\/\\\/schema.org\",\"@graph\":[{\"@type\":\"WebPage\",\"@id\":\"https:\\\/\\\/apkostore.com\\\/en\\\/product\\\/voco-remin-pro-mieta-ochrona-zebow-z-fluorem-i-hydroksyapatytem-40g\\\/\",\"url\":\"https:\\\/\\\/apkostore.com\\\/en\\\/product\\\/voco-remin-pro-mieta-ochrona-zebow-z-fluorem-i-hydroksyapatytem-40g\\\/\",\"name\":\"Voco Remin Pro Mi\u0119ta - ochrona z\u0119b\u00f3w z fluorem i nHPa - Apkostore.com\",\"isPartOf\":{\"@id\":\"https:\\\/\\\/apkostore.com\\\/en\\\/#website\"},\"primaryImageOfPage\":{\"@id\":\"https:\\\/\\\/apkostore.com\\\/en\\\/product\\\/voco-remin-pro-mieta-ochrona-zebow-z-fluorem-i-hydroksyapatytem-40g\\\/#primaryimage\"},\"image\":{\"@id\":\"https:\\\/\\\/apkostore.com\\\/en\\\/product\\\/voco-remin-pro-mieta-ochrona-zebow-z-fluorem-i-hydroksyapatytem-40g\\\/#primaryimage\"},\"thumbnailUrl\":\"https:\\\/\\\/apkostore.com\\\/wp-content\\\/uploads\\\/2025\\\/04\\\/voco-remin-pro-mieta.png\",\"datePublished\":\"2025-04-19T10:52:59+00:00\",\"dateModified\":\"2026-04-30T08:18:12+00:00\",\"description\":\"Remin Pro Mi\u0119ta \u2013 krem do z\u0119b\u00f3w z fluorem i hydroksyapatytem. Chroni szkliwo, \u0142agodzi nadwra\u017cliwo\u015b\u0107 i od\u015bwie\u017ca oddech. Pojemno\u015b\u0107: 40 g.\",\"breadcrumb\":{\"@id\":\"https:\\\/\\\/apkostore.com\\\/en\\\/product\\\/voco-remin-pro-mieta-ochrona-zebow-z-fluorem-i-hydroksyapatytem-40g\\\/#breadcrumb\"},\"inLanguage\":\"en-US\",\"potentialAction\":[{\"@type\":\"ReadAction\",\"target\":[\"https:\\\/\\\/apkostore.com\\\/en\\\/product\\\/voco-remin-pro-mieta-ochrona-zebow-z-fluorem-i-hydroksyapatytem-40g\\\/\"]}]},{\"@type\":\"ImageObject\",\"inLanguage\":\"en-US\",\"@id\":\"https:\\\/\\\/apkostore.com\\\/en\\\/product\\\/voco-remin-pro-mieta-ochrona-zebow-z-fluorem-i-hydroksyapatytem-40g\\\/#primaryimage\",\"url\":\"https:\\\/\\\/apkostore.com\\\/wp-content\\\/uploads\\\/2025\\\/04\\\/voco-remin-pro-mieta.png\",\"contentUrl\":\"https:\\\/\\\/apkostore.com\\\/wp-content\\\/uploads\\\/2025\\\/04\\\/voco-remin-pro-mieta.png\",\"width\":960,\"height\":960,\"caption\":\"Voco Remin Pro Mi\u0119ta\"},{\"@type\":\"BreadcrumbList\",\"@id\":\"https:\\\/\\\/apkostore.com\\\/en\\\/product\\\/voco-remin-pro-mieta-ochrona-zebow-z-fluorem-i-hydroksyapatytem-40g\\\/#breadcrumb\",\"itemListElement\":[{\"@type\":\"ListItem\",\"position\":1,\"name\":\"Strona g\u0142\u00f3wna\",\"item\":\"https:\\\/\\\/apkostore.com\\\/en\\\/start-eng\\\/\"},{\"@type\":\"ListItem\",\"position\":2,\"name\":\"Shop\",\"item\":\"https:\\\/\\\/apkostore.com\\\/en\\\/shop\\\/\"},{\"@type\":\"ListItem\",\"position\":3,\"name\":\"Voco Remin Pro Mi\u0119ta &#8211; ochrona z\u0119b\u00f3w z fluorem i hydroksyapatytem 40g\"}]},{\"@type\":\"WebSite\",\"@id\":\"https:\\\/\\\/apkostore.com\\\/en\\\/#website\",\"url\":\"https:\\\/\\\/apkostore.com\\\/en\\\/\",\"name\":\"Apkostore.com\",\"description\":\"\",\"publisher\":{\"@id\":\"https:\\\/\\\/apkostore.com\\\/en\\\/#organization\"},\"potentialAction\":[{\"@type\":\"SearchAction\",\"target\":{\"@type\":\"EntryPoint\",\"urlTemplate\":\"https:\\\/\\\/apkostore.com\\\/en\\\/?s={search_term_string}\"},\"query-input\":{\"@type\":\"PropertyValueSpecification\",\"valueRequired\":true,\"valueName\":\"search_term_string\"}}],\"inLanguage\":\"en-US\"},{\"@type\":\"Organization\",\"@id\":\"https:\\\/\\\/apkostore.com\\\/en\\\/#organization\",\"name\":\"APKO Sp. z o. o.\",\"url\":\"https:\\\/\\\/apkostore.com\\\/en\\\/\",\"logo\":{\"@type\":\"ImageObject\",\"inLanguage\":\"en-US\",\"@id\":\"https:\\\/\\\/apkostore.com\\\/en\\\/#\\\/schema\\\/logo\\\/image\\\/\",\"url\":\"https:\\\/\\\/apkostore.com\\\/wp-content\\\/uploads\\\/2023\\\/09\\\/logo-black-min.png\",\"contentUrl\":\"https:\\\/\\\/apkostore.com\\\/wp-content\\\/uploads\\\/2023\\\/09\\\/logo-black-min.png\",\"width\":2500,\"height\":944,\"caption\":\"APKO Sp. z o. o.\"},\"image\":{\"@id\":\"https:\\\/\\\/apkostore.com\\\/en\\\/#\\\/schema\\\/logo\\\/image\\\/\"},\"sameAs\":[\"https:\\\/\\\/www.facebook.com\\\/apkostore\",\"https:\\\/\\\/www.instagram.com\\\/apkostore\\\/\"]}]}<\/script>\n<!-- \/ Yoast SEO plugin. -->","yoast_head_json":{"title":"Voco Remin Pro Mi\u0119ta - ochrona z\u0119b\u00f3w z fluorem i nHPa - Apkostore.com","description":"Remin Pro Mi\u0119ta \u2013 krem do z\u0119b\u00f3w z fluorem i hydroksyapatytem. Chroni szkliwo, \u0142agodzi nadwra\u017cliwo\u015b\u0107 i od\u015bwie\u017ca oddech. Pojemno\u015b\u0107: 40 g.","robots":{"index":"index","follow":"follow","max-snippet":"max-snippet:-1","max-image-preview":"max-image-preview:large","max-video-preview":"max-video-preview:-1"},"canonical":"https:\/\/apkostore.com\/en\/product\/voco-remin-pro-mieta-ochrona-zebow-z-fluorem-i-hydroksyapatytem-40g\/","og_locale":"en_US","og_type":"article","og_title":"Voco Remin Pro Mi\u0119ta - ochrona z\u0119b\u00f3w z fluorem i nHPa - Apkostore.com","og_description":"Remin Pro Mi\u0119ta \u2013 krem do z\u0119b\u00f3w z fluorem i hydroksyapatytem. Chroni szkliwo, \u0142agodzi nadwra\u017cliwo\u015b\u0107 i od\u015bwie\u017ca oddech. Pojemno\u015b\u0107: 40 g.","og_url":"https:\/\/apkostore.com\/en\/product\/voco-remin-pro-mieta-ochrona-zebow-z-fluorem-i-hydroksyapatytem-40g\/","og_site_name":"Apkostore.com","article_publisher":"https:\/\/www.facebook.com\/apkostore","article_modified_time":"2026-04-30T08:18:12+00:00","og_image":[{"width":960,"height":960,"url":"https:\/\/apkostore.com\/wp-content\/uploads\/2025\/04\/voco-remin-pro-mieta.png","type":"image\/png"}],"twitter_card":"summary_large_image","twitter_misc":{"Est. reading time":"2 minutes"},"schema":{"@context":"https:\/\/schema.org","@graph":[{"@type":"WebPage","@id":"https:\/\/apkostore.com\/en\/product\/voco-remin-pro-mieta-ochrona-zebow-z-fluorem-i-hydroksyapatytem-40g\/","url":"https:\/\/apkostore.com\/en\/product\/voco-remin-pro-mieta-ochrona-zebow-z-fluorem-i-hydroksyapatytem-40g\/","name":"Voco Remin Pro Mi\u0119ta - ochrona z\u0119b\u00f3w z fluorem i nHPa - Apkostore.com","isPartOf":{"@id":"https:\/\/apkostore.com\/en\/#website"},"primaryImageOfPage":{"@id":"https:\/\/apkostore.com\/en\/product\/voco-remin-pro-mieta-ochrona-zebow-z-fluorem-i-hydroksyapatytem-40g\/#primaryimage"},"image":{"@id":"https:\/\/apkostore.com\/en\/product\/voco-remin-pro-mieta-ochrona-zebow-z-fluorem-i-hydroksyapatytem-40g\/#primaryimage"},"thumbnailUrl":"https:\/\/apkostore.com\/wp-content\/uploads\/2025\/04\/voco-remin-pro-mieta.png","datePublished":"2025-04-19T10:52:59+00:00","dateModified":"2026-04-30T08:18:12+00:00","description":"Remin Pro Mi\u0119ta \u2013 krem do z\u0119b\u00f3w z fluorem i hydroksyapatytem. Chroni szkliwo, \u0142agodzi nadwra\u017cliwo\u015b\u0107 i od\u015bwie\u017ca oddech. Pojemno\u015b\u0107: 40 g.","breadcrumb":{"@id":"https:\/\/apkostore.com\/en\/product\/voco-remin-pro-mieta-ochrona-zebow-z-fluorem-i-hydroksyapatytem-40g\/#breadcrumb"},"inLanguage":"en-US","potentialAction":[{"@type":"ReadAction","target":["https:\/\/apkostore.com\/en\/product\/voco-remin-pro-mieta-ochrona-zebow-z-fluorem-i-hydroksyapatytem-40g\/"]}]},{"@type":"ImageObject","inLanguage":"en-US","@id":"https:\/\/apkostore.com\/en\/product\/voco-remin-pro-mieta-ochrona-zebow-z-fluorem-i-hydroksyapatytem-40g\/#primaryimage","url":"https:\/\/apkostore.com\/wp-content\/uploads\/2025\/04\/voco-remin-pro-mieta.png","contentUrl":"https:\/\/apkostore.com\/wp-content\/uploads\/2025\/04\/voco-remin-pro-mieta.png","width":960,"height":960,"caption":"Voco Remin Pro Mi\u0119ta"},{"@type":"BreadcrumbList","@id":"https:\/\/apkostore.com\/en\/product\/voco-remin-pro-mieta-ochrona-zebow-z-fluorem-i-hydroksyapatytem-40g\/#breadcrumb","itemListElement":[{"@type":"ListItem","position":1,"name":"Strona g\u0142\u00f3wna","item":"https:\/\/apkostore.com\/en\/start-eng\/"},{"@type":"ListItem","position":2,"name":"Shop","item":"https:\/\/apkostore.com\/en\/shop\/"},{"@type":"ListItem","position":3,"name":"Voco Remin Pro Mi\u0119ta &#8211; ochrona z\u0119b\u00f3w z fluorem i hydroksyapatytem 40g"}]},{"@type":"WebSite","@id":"https:\/\/apkostore.com\/en\/#website","url":"https:\/\/apkostore.com\/en\/","name":"Apkostore.com","description":"","publisher":{"@id":"https:\/\/apkostore.com\/en\/#organization"},"potentialAction":[{"@type":"SearchAction","target":{"@type":"EntryPoint","urlTemplate":"https:\/\/apkostore.com\/en\/?s={search_term_string}"},"query-input":{"@type":"PropertyValueSpecification","valueRequired":true,"valueName":"search_term_string"}}],"inLanguage":"en-US"},{"@type":"Organization","@id":"https:\/\/apkostore.com\/en\/#organization","name":"APKO Sp. z o. o.","url":"https:\/\/apkostore.com\/en\/","logo":{"@type":"ImageObject","inLanguage":"en-US","@id":"https:\/\/apkostore.com\/en\/#\/schema\/logo\/image\/","url":"https:\/\/apkostore.com\/wp-content\/uploads\/2023\/09\/logo-black-min.png","contentUrl":"https:\/\/apkostore.com\/wp-content\/uploads\/2023\/09\/logo-black-min.png","width":2500,"height":944,"caption":"APKO Sp. z o. o."},"image":{"@id":"https:\/\/apkostore.com\/en\/#\/schema\/logo\/image\/"},"sameAs":["https:\/\/www.facebook.com\/apkostore","https:\/\/www.instagram.com\/apkostore\/"]}]}},"_links":{"self":[{"href":"https:\/\/apkostore.com\/en\/wp-json\/wp\/v2\/product\/7532","targetHints":{"allow":["GET"]}}],"collection":[{"href":"https:\/\/apkostore.com\/en\/wp-json\/wp\/v2\/product"}],"about":[{"href":"https:\/\/apkostore.com\/en\/wp-json\/wp\/v2\/types\/product"}],"wp:featuredmedia":[{"embeddable":true,"href":"https:\/\/apkostore.com\/en\/wp-json\/wp\/v2\/media\/7982"}],"wp:attachment":[{"href":"https:\/\/apkostore.com\/en\/wp-json\/wp\/v2\/media?parent=7532"}],"wp:term":[{"taxonomy":"product_brand","embeddable":true,"href":"https:\/\/apkostore.com\/en\/wp-json\/wp\/v2\/product_brand?post=7532"},{"taxonomy":"product_cat","embeddable":true,"href":"https:\/\/apkostore.com\/en\/wp-json\/wp\/v2\/product_cat?post=7532"},{"taxonomy":"product_tag","embeddable":true,"href":"https:\/\/apkostore.com\/en\/wp-json\/wp\/v2\/product_tag?post=7532"},{"taxonomy":"dodatkowo","embeddable":true,"href":"https:\/\/apkostore.com\/en\/wp-json\/wp\/v2\/dodatkowo?post=7532"}],"curies":[{"name":"wp","href":"https:\/\/api.w.org\/{rel}","templated":true}]}}