{"id":6346,"date":"2024-08-24T16:33:20","date_gmt":"2024-08-24T14:33:20","guid":{"rendered":"https:\/\/apkostore.com\/?post_type=product&#038;p=6346"},"modified":"2026-03-06T14:10:26","modified_gmt":"2026-03-06T13:10:26","slug":"eludril-white-plyn-do-plukania-jamy-ustnej-500-ml","status":"publish","type":"product","link":"https:\/\/apkostore.com\/en\/product\/eludril-white-plyn-do-plukania-jamy-ustnej-500-ml\/","title":{"rendered":"ELUDRIL WHITE p\u0142yn do p\u0142ukania jamy ustnej 500 ml"},"content":{"rendered":"<div class=\"flex max-w-full flex-col flex-grow\">\n<div class=\"min-h-[20px] text-message flex w-full flex-col items-end gap-2 break-words [.text-message+&amp;]:mt-5 overflow-x-auto whitespace-normal\" dir=\"auto\" data-message-author-role=\"assistant\" data-message-id=\"99be3c9c-8356-4f4f-ab29-57e6fca2750b\">\n<div class=\"flex w-full flex-col gap-1 empty:hidden first:pt-[3px]\">\n<div class=\"markdown prose w-full break-words dark:prose-invert dark\">\n<p><strong>ELUDRIL WHITE p\u0142yn do p\u0142ukania jamy ustnej 500 ml<\/strong> to specjalistyczny p\u0142yn do p\u0142ukania jamy ustnej, stworzony z my\u015bl\u0105 o osobach, kt\u00f3re pragn\u0105 zachowa\u0107 naturaln\u0105 biel z\u0119b\u00f3w i zdrowie jamy ustnej. Dzi\u0119ki starannie dobranym sk\u0142adnikom, p\u0142yn skutecznie wspomaga walk\u0119 z przebarwieniami, jednocze\u015bnie chroni\u0105c przed powstawaniem nowych. Regularne stosowanie ELUDRIL WHITE nie tylko pomaga w utrzymaniu bia\u0142ych z\u0119b\u00f3w, ale tak\u017ce zapewnia kompleksow\u0105 ochron\u0119 jamy ustnej.<\/p>\n<h2><strong>G\u0142\u00f3wne zalety produktu Eludril White<\/strong><\/h2>\n<ul>\n<li><strong>Wybielanie z\u0119b\u00f3w:<\/strong> ELUDRIL WHITE skutecznie redukuje istniej\u0105ce przebarwienia na powierzchni z\u0119b\u00f3w, przywracaj\u0105c im naturalny, bia\u0142y kolor.<\/li>\n<li><strong>Ochrona przed przebarwieniami:<\/strong> Tworzy na z\u0119bach ochronn\u0105 barier\u0119, kt\u00f3ra zapobiega osadzaniu si\u0119 barwnik\u00f3w z \u017cywno\u015bci, kawy, herbaty czy tytoniu.<\/li>\n<li><strong>Zdrowie jamy ustnej:<\/strong> Formu\u0142a p\u0142ynu pomaga utrzyma\u0107 zdrow\u0105 jam\u0119 ustn\u0105, chroni\u0105c przed tworzeniem si\u0119 p\u0142ytki naz\u0119bnej i kamienia, kt\u00f3re mog\u0105 prowadzi\u0107 do problem\u00f3w z dzi\u0105s\u0142ami.<\/li>\n<li><strong>\u015awie\u017cy oddech:<\/strong> ELUDRIL WHITE zapewnia d\u0142ugotrwa\u0142e uczucie \u015bwie\u017co\u015bci, eliminuj\u0105c nieprzyjemny zapach z ust.<\/li>\n<li><strong>Delikatno\u015b\u0107 i bezpiecze\u0144stwo:<\/strong> P\u0142yn jest delikatny dla szkliwa i dzi\u0105se\u0142. Co wi\u0119cej nie powoduje podra\u017cnie\u0144, a jednocze\u015bnie skutecznie wspiera codzienn\u0105 higien\u0119 jamy ustnej.<\/li>\n<\/ul>\n<h2><strong>Spos\u00f3b u\u017cycia\u00a0<\/strong><\/h2>\n<p>Stosuj ELUDRIL WHITE po umyciu z\u0119b\u00f3w, p\u0142ucz\u0105c jam\u0119 ustn\u0105 przez oko\u0142o 30 sekund, a nast\u0119pnie wypluj. Stosuj regularnie, aby cieszy\u0107 si\u0119 bielszymi z\u0119bami i zdrow\u0105 jam\u0105 ustn\u0105.<\/p>\n<p><strong>Opakowanie:<\/strong> 500 ml, idealne do codziennego u\u017cytku dla ca\u0142ej rodziny<\/p>\n<\/div>\n<\/div>\n<\/div>\n<\/div>\n","protected":false},"excerpt":{"rendered":"<p>500 ml<\/p>\n","protected":false},"featured_media":6347,"template":"","meta":[],"product_brand":[],"product_cat":[214],"product_tag":[],"dodatkowo":[],"class_list":{"0":"post-6346","1":"product","2":"type-product","3":"status-publish","4":"has-post-thumbnail","6":"product_cat-wybielanie","8":"first","9":"instock","10":"taxable","11":"shipping-taxable","12":"purchasable","13":"product-type-simple"},"yoast_head":"<!-- This site is optimized with the Yoast SEO plugin v27.2 - https:\/\/yoast.com\/product\/yoast-seo-wordpress\/ -->\n<title>ELUDRIL WHITE p\u0142yn do p\u0142ukania jamy ustnej 500 ml - Apkostore.com<\/title>\n<meta name=\"description\" content=\"ELUDRIL WHITE p\u0142yn do p\u0142ukania jamy ustnej stworzony jest z my\u015bl\u0105 o osobach, kt\u00f3re pragn\u0105 zachowa\u0107 naturaln\u0105 biel z\u0119b\u00f3w i zdrowie jamy ustnej.\" \/>\n<meta name=\"robots\" content=\"index, follow, max-snippet:-1, max-image-preview:large, max-video-preview:-1\" \/>\n<link rel=\"canonical\" href=\"https:\/\/apkostore.com\/en\/product\/eludril-white-plyn-do-plukania-jamy-ustnej-500-ml\/\" \/>\n<meta property=\"og:locale\" content=\"en_US\" \/>\n<meta property=\"og:type\" content=\"article\" \/>\n<meta property=\"og:title\" content=\"ELUDRIL WHITE p\u0142yn do p\u0142ukania jamy ustnej 500 ml - Apkostore.com\" \/>\n<meta property=\"og:description\" content=\"ELUDRIL WHITE p\u0142yn do p\u0142ukania jamy ustnej stworzony jest z my\u015bl\u0105 o osobach, kt\u00f3re pragn\u0105 zachowa\u0107 naturaln\u0105 biel z\u0119b\u00f3w i zdrowie jamy ustnej.\" \/>\n<meta property=\"og:url\" content=\"https:\/\/apkostore.com\/en\/product\/eludril-white-plyn-do-plukania-jamy-ustnej-500-ml\/\" \/>\n<meta property=\"og:site_name\" content=\"Apkostore.com\" \/>\n<meta property=\"article:publisher\" content=\"https:\/\/www.facebook.com\/apkostore\" \/>\n<meta property=\"article:modified_time\" content=\"2026-03-06T13:10:26+00:00\" \/>\n<meta property=\"og:image\" content=\"https:\/\/apkostore.com\/wp-content\/uploads\/2024\/08\/ELUDRIL-WHITE-plyn-do-plukania-jamy-ustnej-500-ml.png\" \/>\n\t<meta property=\"og:image:width\" content=\"652\" \/>\n\t<meta property=\"og:image:height\" content=\"652\" \/>\n\t<meta property=\"og:image:type\" content=\"image\/png\" \/>\n<meta name=\"twitter:card\" content=\"summary_large_image\" \/>\n<meta name=\"twitter:label1\" content=\"Est. reading time\" \/>\n\t<meta name=\"twitter:data1\" content=\"2 minutes\" \/>\n<script type=\"application\/ld+json\" class=\"yoast-schema-graph\">{\"@context\":\"https:\/\/schema.org\",\"@graph\":[{\"@type\":\"WebPage\",\"@id\":\"https:\/\/apkostore.com\/en\/product\/eludril-white-plyn-do-plukania-jamy-ustnej-500-ml\/\",\"url\":\"https:\/\/apkostore.com\/en\/product\/eludril-white-plyn-do-plukania-jamy-ustnej-500-ml\/\",\"name\":\"ELUDRIL WHITE p\u0142yn do p\u0142ukania jamy ustnej 500 ml - Apkostore.com\",\"isPartOf\":{\"@id\":\"https:\/\/apkostore.com\/en\/#website\"},\"primaryImageOfPage\":{\"@id\":\"https:\/\/apkostore.com\/en\/product\/eludril-white-plyn-do-plukania-jamy-ustnej-500-ml\/#primaryimage\"},\"image\":{\"@id\":\"https:\/\/apkostore.com\/en\/product\/eludril-white-plyn-do-plukania-jamy-ustnej-500-ml\/#primaryimage\"},\"thumbnailUrl\":\"https:\/\/apkostore.com\/wp-content\/uploads\/2024\/08\/ELUDRIL-WHITE-plyn-do-plukania-jamy-ustnej-500-ml.png\",\"datePublished\":\"2024-08-24T14:33:20+00:00\",\"dateModified\":\"2026-03-06T13:10:26+00:00\",\"description\":\"ELUDRIL WHITE p\u0142yn do p\u0142ukania jamy ustnej stworzony jest z my\u015bl\u0105 o osobach, kt\u00f3re pragn\u0105 zachowa\u0107 naturaln\u0105 biel z\u0119b\u00f3w i zdrowie jamy ustnej.\",\"breadcrumb\":{\"@id\":\"https:\/\/apkostore.com\/en\/product\/eludril-white-plyn-do-plukania-jamy-ustnej-500-ml\/#breadcrumb\"},\"inLanguage\":\"en-US\",\"potentialAction\":[{\"@type\":\"ReadAction\",\"target\":[\"https:\/\/apkostore.com\/en\/product\/eludril-white-plyn-do-plukania-jamy-ustnej-500-ml\/\"]}]},{\"@type\":\"ImageObject\",\"inLanguage\":\"en-US\",\"@id\":\"https:\/\/apkostore.com\/en\/product\/eludril-white-plyn-do-plukania-jamy-ustnej-500-ml\/#primaryimage\",\"url\":\"https:\/\/apkostore.com\/wp-content\/uploads\/2024\/08\/ELUDRIL-WHITE-plyn-do-plukania-jamy-ustnej-500-ml.png\",\"contentUrl\":\"https:\/\/apkostore.com\/wp-content\/uploads\/2024\/08\/ELUDRIL-WHITE-plyn-do-plukania-jamy-ustnej-500-ml.png\",\"width\":652,\"height\":652,\"caption\":\"ELUDRIL WHITE p\u0142yn do p\u0142ukania jamy ustnej 500 ml\"},{\"@type\":\"BreadcrumbList\",\"@id\":\"https:\/\/apkostore.com\/en\/product\/eludril-white-plyn-do-plukania-jamy-ustnej-500-ml\/#breadcrumb\",\"itemListElement\":[{\"@type\":\"ListItem\",\"position\":1,\"name\":\"Strona g\u0142\u00f3wna\",\"item\":\"https:\/\/apkostore.com\/en\/start-eng\/\"},{\"@type\":\"ListItem\",\"position\":2,\"name\":\"Shop\",\"item\":\"https:\/\/apkostore.com\/en\/shop\/\"},{\"@type\":\"ListItem\",\"position\":3,\"name\":\"ELUDRIL WHITE p\u0142yn do p\u0142ukania jamy ustnej 500 ml\"}]},{\"@type\":\"WebSite\",\"@id\":\"https:\/\/apkostore.com\/en\/#website\",\"url\":\"https:\/\/apkostore.com\/en\/\",\"name\":\"Apkostore.com\",\"description\":\"\",\"publisher\":{\"@id\":\"https:\/\/apkostore.com\/en\/#organization\"},\"potentialAction\":[{\"@type\":\"SearchAction\",\"target\":{\"@type\":\"EntryPoint\",\"urlTemplate\":\"https:\/\/apkostore.com\/en\/?s={search_term_string}\"},\"query-input\":{\"@type\":\"PropertyValueSpecification\",\"valueRequired\":true,\"valueName\":\"search_term_string\"}}],\"inLanguage\":\"en-US\"},{\"@type\":\"Organization\",\"@id\":\"https:\/\/apkostore.com\/en\/#organization\",\"name\":\"APKO Sp. z o. o.\",\"url\":\"https:\/\/apkostore.com\/en\/\",\"logo\":{\"@type\":\"ImageObject\",\"inLanguage\":\"en-US\",\"@id\":\"https:\/\/apkostore.com\/en\/#\/schema\/logo\/image\/\",\"url\":\"https:\/\/apkostore.com\/wp-content\/uploads\/2023\/09\/logo-black-min.png\",\"contentUrl\":\"https:\/\/apkostore.com\/wp-content\/uploads\/2023\/09\/logo-black-min.png\",\"width\":2500,\"height\":944,\"caption\":\"APKO Sp. z o. o.\"},\"image\":{\"@id\":\"https:\/\/apkostore.com\/en\/#\/schema\/logo\/image\/\"},\"sameAs\":[\"https:\/\/www.facebook.com\/apkostore\",\"https:\/\/www.instagram.com\/apkostore\/\"]}]}<\/script>\n<!-- \/ Yoast SEO plugin. -->","yoast_head_json":{"title":"ELUDRIL WHITE p\u0142yn do p\u0142ukania jamy ustnej 500 ml - Apkostore.com","description":"ELUDRIL WHITE p\u0142yn do p\u0142ukania jamy ustnej stworzony jest z my\u015bl\u0105 o osobach, kt\u00f3re pragn\u0105 zachowa\u0107 naturaln\u0105 biel z\u0119b\u00f3w i zdrowie jamy ustnej.","robots":{"index":"index","follow":"follow","max-snippet":"max-snippet:-1","max-image-preview":"max-image-preview:large","max-video-preview":"max-video-preview:-1"},"canonical":"https:\/\/apkostore.com\/en\/product\/eludril-white-plyn-do-plukania-jamy-ustnej-500-ml\/","og_locale":"en_US","og_type":"article","og_title":"ELUDRIL WHITE p\u0142yn do p\u0142ukania jamy ustnej 500 ml - Apkostore.com","og_description":"ELUDRIL WHITE p\u0142yn do p\u0142ukania jamy ustnej stworzony jest z my\u015bl\u0105 o osobach, kt\u00f3re pragn\u0105 zachowa\u0107 naturaln\u0105 biel z\u0119b\u00f3w i zdrowie jamy ustnej.","og_url":"https:\/\/apkostore.com\/en\/product\/eludril-white-plyn-do-plukania-jamy-ustnej-500-ml\/","og_site_name":"Apkostore.com","article_publisher":"https:\/\/www.facebook.com\/apkostore","article_modified_time":"2026-03-06T13:10:26+00:00","og_image":[{"width":652,"height":652,"url":"https:\/\/apkostore.com\/wp-content\/uploads\/2024\/08\/ELUDRIL-WHITE-plyn-do-plukania-jamy-ustnej-500-ml.png","type":"image\/png"}],"twitter_card":"summary_large_image","twitter_misc":{"Est. reading time":"2 minutes"},"schema":{"@context":"https:\/\/schema.org","@graph":[{"@type":"WebPage","@id":"https:\/\/apkostore.com\/en\/product\/eludril-white-plyn-do-plukania-jamy-ustnej-500-ml\/","url":"https:\/\/apkostore.com\/en\/product\/eludril-white-plyn-do-plukania-jamy-ustnej-500-ml\/","name":"ELUDRIL WHITE p\u0142yn do p\u0142ukania jamy ustnej 500 ml - Apkostore.com","isPartOf":{"@id":"https:\/\/apkostore.com\/en\/#website"},"primaryImageOfPage":{"@id":"https:\/\/apkostore.com\/en\/product\/eludril-white-plyn-do-plukania-jamy-ustnej-500-ml\/#primaryimage"},"image":{"@id":"https:\/\/apkostore.com\/en\/product\/eludril-white-plyn-do-plukania-jamy-ustnej-500-ml\/#primaryimage"},"thumbnailUrl":"https:\/\/apkostore.com\/wp-content\/uploads\/2024\/08\/ELUDRIL-WHITE-plyn-do-plukania-jamy-ustnej-500-ml.png","datePublished":"2024-08-24T14:33:20+00:00","dateModified":"2026-03-06T13:10:26+00:00","description":"ELUDRIL WHITE p\u0142yn do p\u0142ukania jamy ustnej stworzony jest z my\u015bl\u0105 o osobach, kt\u00f3re pragn\u0105 zachowa\u0107 naturaln\u0105 biel z\u0119b\u00f3w i zdrowie jamy ustnej.","breadcrumb":{"@id":"https:\/\/apkostore.com\/en\/product\/eludril-white-plyn-do-plukania-jamy-ustnej-500-ml\/#breadcrumb"},"inLanguage":"en-US","potentialAction":[{"@type":"ReadAction","target":["https:\/\/apkostore.com\/en\/product\/eludril-white-plyn-do-plukania-jamy-ustnej-500-ml\/"]}]},{"@type":"ImageObject","inLanguage":"en-US","@id":"https:\/\/apkostore.com\/en\/product\/eludril-white-plyn-do-plukania-jamy-ustnej-500-ml\/#primaryimage","url":"https:\/\/apkostore.com\/wp-content\/uploads\/2024\/08\/ELUDRIL-WHITE-plyn-do-plukania-jamy-ustnej-500-ml.png","contentUrl":"https:\/\/apkostore.com\/wp-content\/uploads\/2024\/08\/ELUDRIL-WHITE-plyn-do-plukania-jamy-ustnej-500-ml.png","width":652,"height":652,"caption":"ELUDRIL WHITE p\u0142yn do p\u0142ukania jamy ustnej 500 ml"},{"@type":"BreadcrumbList","@id":"https:\/\/apkostore.com\/en\/product\/eludril-white-plyn-do-plukania-jamy-ustnej-500-ml\/#breadcrumb","itemListElement":[{"@type":"ListItem","position":1,"name":"Strona g\u0142\u00f3wna","item":"https:\/\/apkostore.com\/en\/start-eng\/"},{"@type":"ListItem","position":2,"name":"Shop","item":"https:\/\/apkostore.com\/en\/shop\/"},{"@type":"ListItem","position":3,"name":"ELUDRIL WHITE p\u0142yn do p\u0142ukania jamy ustnej 500 ml"}]},{"@type":"WebSite","@id":"https:\/\/apkostore.com\/en\/#website","url":"https:\/\/apkostore.com\/en\/","name":"Apkostore.com","description":"","publisher":{"@id":"https:\/\/apkostore.com\/en\/#organization"},"potentialAction":[{"@type":"SearchAction","target":{"@type":"EntryPoint","urlTemplate":"https:\/\/apkostore.com\/en\/?s={search_term_string}"},"query-input":{"@type":"PropertyValueSpecification","valueRequired":true,"valueName":"search_term_string"}}],"inLanguage":"en-US"},{"@type":"Organization","@id":"https:\/\/apkostore.com\/en\/#organization","name":"APKO Sp. z o. o.","url":"https:\/\/apkostore.com\/en\/","logo":{"@type":"ImageObject","inLanguage":"en-US","@id":"https:\/\/apkostore.com\/en\/#\/schema\/logo\/image\/","url":"https:\/\/apkostore.com\/wp-content\/uploads\/2023\/09\/logo-black-min.png","contentUrl":"https:\/\/apkostore.com\/wp-content\/uploads\/2023\/09\/logo-black-min.png","width":2500,"height":944,"caption":"APKO Sp. z o. o."},"image":{"@id":"https:\/\/apkostore.com\/en\/#\/schema\/logo\/image\/"},"sameAs":["https:\/\/www.facebook.com\/apkostore","https:\/\/www.instagram.com\/apkostore\/"]}]}},"_links":{"self":[{"href":"https:\/\/apkostore.com\/en\/wp-json\/wp\/v2\/product\/6346","targetHints":{"allow":["GET"]}}],"collection":[{"href":"https:\/\/apkostore.com\/en\/wp-json\/wp\/v2\/product"}],"about":[{"href":"https:\/\/apkostore.com\/en\/wp-json\/wp\/v2\/types\/product"}],"wp:featuredmedia":[{"embeddable":true,"href":"https:\/\/apkostore.com\/en\/wp-json\/wp\/v2\/media\/6347"}],"wp:attachment":[{"href":"https:\/\/apkostore.com\/en\/wp-json\/wp\/v2\/media?parent=6346"}],"wp:term":[{"taxonomy":"product_brand","embeddable":true,"href":"https:\/\/apkostore.com\/en\/wp-json\/wp\/v2\/product_brand?post=6346"},{"taxonomy":"product_cat","embeddable":true,"href":"https:\/\/apkostore.com\/en\/wp-json\/wp\/v2\/product_cat?post=6346"},{"taxonomy":"product_tag","embeddable":true,"href":"https:\/\/apkostore.com\/en\/wp-json\/wp\/v2\/product_tag?post=6346"},{"taxonomy":"dodatkowo","embeddable":true,"href":"https:\/\/apkostore.com\/en\/wp-json\/wp\/v2\/dodatkowo?post=6346"}],"curies":[{"name":"wp","href":"https:\/\/api.w.org\/{rel}","templated":true}]}}