{"id":6343,"date":"2024-08-24T16:19:32","date_gmt":"2024-08-24T14:19:32","guid":{"rendered":"https:\/\/apkostore.com\/?post_type=product&#038;p=6343"},"modified":"2026-04-18T14:59:30","modified_gmt":"2026-04-18T12:59:30","slug":"prevdent-serum-naprawcze-nhap-30ml","status":"publish","type":"product","link":"https:\/\/apkostore.com\/en\/product\/prevdent-serum-naprawcze-nhap-30ml\/","title":{"rendered":"Prevdent Serum Naprawcze nHAp 30ml"},"content":{"rendered":"<p><strong>Prevdent Serum Naprawcze nHAp<\/strong> to nowoczesny preparat, stworzony specjalnie w celu d\u0142ugotrwa\u0142ej redukcji nadwra\u017cliwo\u015bci z\u0119b\u00f3w oraz regeneracji uszkodzonego szkliwa. Co wi\u0119cej dzi\u0119ki wysokiej zawarto\u015bci nanocz\u0105steczek hydroksyapatytu (nHAp), serum skutecznie naprawia i remineralizuje szkliwo oraz z\u0119bin\u0119, zapewniaj\u0105c ulg\u0119 w nadwra\u017cliwo\u015bci z\u0119b\u00f3w.<\/p>\n<p><strong>Kluczowe cechy produktu &#8211; Prevdent Serum Odbudowuj\u0105ce nHAp<\/strong><\/p>\n<ul>\n<li><strong>Odbudowa i wzmocnienie uszkodzonego szkliwa<\/strong> \u2013 Prevdent nHAp skutecznie rekonstruuje struktur\u0119 szkliwa, przywracaj\u0105c mu jego naturaln\u0105 twardo\u015b\u0107.<\/li>\n<li><strong>Doskonale sprawdza si\u0119 u pacjent\u00f3w ortodontycznych<\/strong> \u2013 Chroni przed powstawaniem bia\u0142ych plam oraz pr\u00f3chnicy podczas noszenia aparat\u00f3w ortodontycznych.<\/li>\n<li><strong>Zapobiega pr\u00f3chnicy i chroni przed ubytkami<\/strong> \u2013 Hamuje rozw\u00f3j bakterii odpowiedzialnych za powstawanie p\u0142ytki naz\u0119bnej.<\/li>\n<li><strong>Eliminuje nadwra\u017cliwo\u015b\u0107 z\u0119b\u00f3w<\/strong> \u2013 Nanocz\u0105steczki hydroksyapatytu zamykaj\u0105 kanaliki z\u0119binowe, tworz\u0105c ochronn\u0105 barier\u0119 na powierzchni z\u0119biny.<\/li>\n<li><strong>Wybiela z\u0119by i przywraca naturalny blask szkliwa<\/strong> \u2013 Serum przywraca naturalny kolor z\u0119b\u00f3w, nadaj\u0105c im zdrowszy i ja\u015bniejszy wygl\u0105d.<\/li>\n<li><strong>Zapewnia ochron\u0119 przed przebarwieniami<\/strong> \u2013 Tworzy ochronn\u0105 pow\u0142ok\u0119 na powierzchni z\u0119b\u00f3w, kt\u00f3ra zapobiega ich przebarwieniom.<\/li>\n<li><strong>Chroni przed tworzeniem si\u0119 p\u0142ytki naz\u0119bnej i kamienia<\/strong> \u2013 Regularne stosowanie serum pomaga utrzyma\u0107 z\u0119by wolne od p\u0142ytki i kamienia.<\/li>\n<li><strong>Zawiera ksylitol, kt\u00f3ry dodatkowo chroni przed pr\u00f3chnic\u0105<\/strong> \u2013 Ksylitol wspomaga produkcj\u0119 \u015bliny, co sprzyja usuwaniu resztek pokarmowych i ochronie przed pr\u00f3chnic\u0105.<\/li>\n<li><strong>100% naturalne i bezpieczne dla zdrowia jamy ustnej<\/strong> \u2013 Serum nie zawiera fluoru ani \u015brodk\u00f3w \u015bciernych, co czyni je bezpiecznym i delikatnym dla dzi\u0105se\u0142 oraz z\u0119b\u00f3w.<\/li>\n<li><strong>Wysokie st\u0119\u017cenie nHAp (30%)<\/strong> \u2013 Zawiera wyj\u0105tkowo wysok\u0105 koncentracj\u0119 hydroksyapatytu, co zapewnia skuteczno\u015b\u0107 w odbudowie szkliwa.<\/li>\n<\/ul>\n<p><strong>Spos\u00f3b u\u017cycia<\/strong><\/p>\n<ul>\n<li><strong>Doro\u015bli i dzieci powy\u017cej 6 roku \u017cycia:<\/strong> Na\u0142\u00f3\u017c ilo\u015b\u0107 serum odpowiadaj\u0105c\u0105 ziarnku grochu na mi\u0119kk\u0105 szczoteczk\u0119. Szczotkuj dok\u0142adnie przez co najmniej 2 minuty po posi\u0142kach lub co najmniej dwa razy dziennie, lub zgodnie z zaleceniami dentysty.<\/li>\n<li><strong>Dzieci poni\u017cej 6 roku \u017cycia:<\/strong> U\u017cywaj ilo\u015bci serum wielko\u015bci ziarnka grochu i nadzoruj szczotkowanie, aby zminimalizowa\u0107 ryzyko po\u0142kni\u0119cia.<\/li>\n<li><strong>Dzieci poni\u017cej 2 roku \u017cycia:<\/strong> Skonsultuj si\u0119 z dentyst\u0105 lub lekarzem, aby uzyska\u0107 indywidualne zalecenia dotycz\u0105ce piel\u0119gnacji jamy ustnej.<\/li>\n<\/ul>\n<h2><strong>Korzy\u015bci ze stosowania Prevdent serum naprawcze nHAp<\/strong><\/h2>\n<ul>\n<li><strong>Odbudowa i remineralizacja:<\/strong> Prevdent nHAp skutecznie zapobiega demineralizacji szkliwa i z\u0119biny, wspieraj\u0105c ich naturaln\u0105 odbudow\u0119.<\/li>\n<li><strong>Redukcja nadwra\u017cliwo\u015bci:<\/strong> Nanocz\u0105steczki nHAp zamykaj\u0105 kanaliki z\u0119binowe, skutecznie eliminuj\u0105c nadwra\u017cliwo\u015b\u0107 z\u0119b\u00f3w.<\/li>\n<li><strong>Wspomaga leczenie ortodontyczne:<\/strong> Serum zapobiega powstawaniu bia\u0142ych plam i pr\u00f3chnicy, co jest cz\u0119stym problemem u pacjent\u00f3w ortodontycznych.<\/li>\n<li><strong>Ochrona przed pr\u00f3chnic\u0105:<\/strong> Serum chroni przed powstawaniem nowych ubytk\u00f3w, hamuj\u0105c rozw\u00f3j bakterii i formowanie si\u0119 p\u0142ytki naz\u0119bnej.<\/li>\n<li><strong>Naturalne wybielanie:<\/strong> Prevdent nHAp przywraca naturalny blask szkliwa, promuj\u0105c ja\u015bniejszy u\u015bmiech bez u\u017cycia agresywnych \u015brodk\u00f3w chemicznych.<\/li>\n<li><strong>Bezpiecze\u0144stwo i naturalno\u015b\u0107:<\/strong> Serum jest delikatne dla z\u0119b\u00f3w i dzi\u0105se\u0142, nie zawiera fluoru ani \u015brodk\u00f3w \u015bciernych, co sprawia, \u017ce jest idealne do codziennej piel\u0119gnacji.<\/li>\n<li><strong>D\u0142ugotrwa\u0142a ochrona:<\/strong> Regularne stosowanie serum tworzy ochronn\u0105 pow\u0142ok\u0119 na powierzchni z\u0119b\u00f3w, zapobiegaj\u0105c ich przebarwieniom i osadzaniu si\u0119 kamienia.<\/li>\n<li><strong>Korzy\u015bci ze stosowania ksylitolu:<\/strong> Ksylitol wspomaga usuwanie plam z z\u0119b\u00f3w. Dodatkowo zmniejsza osadzanie si\u0119 p\u0142ytki i chroni przed pr\u00f3chnic\u0105, jednocze\u015bnie poprawiaj\u0105c og\u00f3lny stan zdrowia jamy ustnej.<\/li>\n<\/ul>\n<p><strong>Sk\u0142adniki:<\/strong> Aqua\/Water, Hydrated Silica, Sorbitol, Glycerin, Xylitol, Potassium Nitrate, Hydroxyapatite (nano), Magnesium Aluminum Silicate, Mentha Piperita Oil, Sodium Lauroyl Sarcosinate, Xanthan Gum, Phenoxyethanol, Potassium Chloride, Sodium Sulfate, Sodium Saccharin, Linalool, Limonene, Benzyl Benzoate, CI77891.<\/p>\n<p>Prevdent Serum Odbudowuj\u0105ce nHAp to unikalny produkt. Dzi\u0119ki zaawansowanej technologii i naturalnym sk\u0142adnikom, pozwoli Ci cieszy\u0107 si\u0119 zdrowym, bia\u0142ym u\u015bmiechem ka\u017cdego dnia.<\/p>\n","protected":false},"excerpt":{"rendered":"<p>Prevdent Serum Naprawcze nHAp to nowoczesny preparat, stworzony specjalnie w celu d\u0142ugotrwa\u0142ej redukcji nadwra\u017cliwo\u015bci z\u0119b\u00f3w oraz regeneracji uszkodzonego szkliwa. Co wi\u0119cej dzi\u0119ki wysokiej zawarto\u015bci nanocz\u0105steczek hydroksyapatytu (nHAp), serum skutecznie naprawia i remineralizuje szkliwo oraz z\u0119bin\u0119, zapewniaj\u0105c ulg\u0119 w nadwra\u017cliwo\u015bci z\u0119b\u00f3w. Kluczowe cechy produktu &#8211; Prevdent Serum Odbudowuj\u0105ce nHAp Odbudowa i wzmocnienie uszkodzonego szkliwa \u2013 Prevdent [&hellip;]<\/p>\n","protected":false},"featured_media":6351,"template":"","meta":[],"product_brand":[],"product_cat":[214],"product_tag":[],"dodatkowo":[],"class_list":{"0":"post-6343","1":"product","2":"type-product","3":"status-publish","4":"has-post-thumbnail","6":"product_cat-wybielanie","8":"first","9":"instock","10":"taxable","11":"shipping-taxable","12":"purchasable","13":"product-type-simple"},"yoast_head":"<!-- This site is optimized with the Yoast SEO plugin v27.2 - https:\/\/yoast.com\/product\/yoast-seo-wordpress\/ -->\n<title>Prevdent Serum Naprawcze nHAp 30ml - Apkostore.com<\/title>\n<meta name=\"description\" content=\"Prevdent Serum Naprawcze nHAp jest stworzone specjalnie w celu d\u0142ugotrwa\u0142ej redukcji nadwra\u017cliwo\u015bci z\u0119b\u00f3w oraz regeneracji uszkodzonego szkliwa.\" \/>\n<meta name=\"robots\" content=\"index, follow, max-snippet:-1, max-image-preview:large, max-video-preview:-1\" \/>\n<link rel=\"canonical\" href=\"https:\/\/apkostore.com\/en\/product\/prevdent-serum-naprawcze-nhap-30ml\/\" \/>\n<meta property=\"og:locale\" content=\"en_US\" \/>\n<meta property=\"og:type\" content=\"article\" \/>\n<meta property=\"og:title\" content=\"Prevdent Serum Naprawcze nHAp 30ml - Apkostore.com\" \/>\n<meta property=\"og:description\" content=\"Prevdent Serum Naprawcze nHAp jest stworzone specjalnie w celu d\u0142ugotrwa\u0142ej redukcji nadwra\u017cliwo\u015bci z\u0119b\u00f3w oraz regeneracji uszkodzonego szkliwa.\" \/>\n<meta property=\"og:url\" content=\"https:\/\/apkostore.com\/en\/product\/prevdent-serum-naprawcze-nhap-30ml\/\" \/>\n<meta property=\"og:site_name\" content=\"Apkostore.com\" \/>\n<meta property=\"article:publisher\" content=\"https:\/\/www.facebook.com\/apkostore\" \/>\n<meta property=\"article:modified_time\" content=\"2026-04-18T12:59:30+00:00\" \/>\n<meta property=\"og:image\" content=\"https:\/\/apkostore.com\/wp-content\/uploads\/2024\/08\/prevdent-serum-naprawcze-nHAp-30ml-1.png\" \/>\n\t<meta property=\"og:image:width\" content=\"652\" \/>\n\t<meta property=\"og:image:height\" content=\"652\" \/>\n\t<meta property=\"og:image:type\" content=\"image\/png\" \/>\n<meta name=\"twitter:card\" content=\"summary_large_image\" \/>\n<meta name=\"twitter:label1\" content=\"Est. reading time\" \/>\n\t<meta name=\"twitter:data1\" content=\"4 minutes\" \/>\n<script type=\"application\/ld+json\" class=\"yoast-schema-graph\">{\"@context\":\"https:\/\/schema.org\",\"@graph\":[{\"@type\":\"WebPage\",\"@id\":\"https:\/\/apkostore.com\/en\/product\/prevdent-serum-naprawcze-nhap-30ml\/\",\"url\":\"https:\/\/apkostore.com\/en\/product\/prevdent-serum-naprawcze-nhap-30ml\/\",\"name\":\"Prevdent Serum Naprawcze nHAp 30ml - Apkostore.com\",\"isPartOf\":{\"@id\":\"https:\/\/apkostore.com\/en\/#website\"},\"primaryImageOfPage\":{\"@id\":\"https:\/\/apkostore.com\/en\/product\/prevdent-serum-naprawcze-nhap-30ml\/#primaryimage\"},\"image\":{\"@id\":\"https:\/\/apkostore.com\/en\/product\/prevdent-serum-naprawcze-nhap-30ml\/#primaryimage\"},\"thumbnailUrl\":\"https:\/\/apkostore.com\/wp-content\/uploads\/2024\/08\/prevdent-serum-naprawcze-nHAp-30ml-1.png\",\"datePublished\":\"2024-08-24T14:19:32+00:00\",\"dateModified\":\"2026-04-18T12:59:30+00:00\",\"description\":\"Prevdent Serum Naprawcze nHAp jest stworzone specjalnie w celu d\u0142ugotrwa\u0142ej redukcji nadwra\u017cliwo\u015bci z\u0119b\u00f3w oraz regeneracji uszkodzonego szkliwa.\",\"breadcrumb\":{\"@id\":\"https:\/\/apkostore.com\/en\/product\/prevdent-serum-naprawcze-nhap-30ml\/#breadcrumb\"},\"inLanguage\":\"en-US\",\"potentialAction\":[{\"@type\":\"ReadAction\",\"target\":[\"https:\/\/apkostore.com\/en\/product\/prevdent-serum-naprawcze-nhap-30ml\/\"]}]},{\"@type\":\"ImageObject\",\"inLanguage\":\"en-US\",\"@id\":\"https:\/\/apkostore.com\/en\/product\/prevdent-serum-naprawcze-nhap-30ml\/#primaryimage\",\"url\":\"https:\/\/apkostore.com\/wp-content\/uploads\/2024\/08\/prevdent-serum-naprawcze-nHAp-30ml-1.png\",\"contentUrl\":\"https:\/\/apkostore.com\/wp-content\/uploads\/2024\/08\/prevdent-serum-naprawcze-nHAp-30ml-1.png\",\"width\":652,\"height\":652,\"caption\":\"Prevdent Serum Naprawcze nHAp 30ml\"},{\"@type\":\"BreadcrumbList\",\"@id\":\"https:\/\/apkostore.com\/en\/product\/prevdent-serum-naprawcze-nhap-30ml\/#breadcrumb\",\"itemListElement\":[{\"@type\":\"ListItem\",\"position\":1,\"name\":\"Strona g\u0142\u00f3wna\",\"item\":\"https:\/\/apkostore.com\/en\/start-eng\/\"},{\"@type\":\"ListItem\",\"position\":2,\"name\":\"Shop\",\"item\":\"https:\/\/apkostore.com\/en\/shop\/\"},{\"@type\":\"ListItem\",\"position\":3,\"name\":\"Prevdent Serum Naprawcze nHAp 30ml\"}]},{\"@type\":\"WebSite\",\"@id\":\"https:\/\/apkostore.com\/en\/#website\",\"url\":\"https:\/\/apkostore.com\/en\/\",\"name\":\"Apkostore.com\",\"description\":\"\",\"publisher\":{\"@id\":\"https:\/\/apkostore.com\/en\/#organization\"},\"potentialAction\":[{\"@type\":\"SearchAction\",\"target\":{\"@type\":\"EntryPoint\",\"urlTemplate\":\"https:\/\/apkostore.com\/en\/?s={search_term_string}\"},\"query-input\":{\"@type\":\"PropertyValueSpecification\",\"valueRequired\":true,\"valueName\":\"search_term_string\"}}],\"inLanguage\":\"en-US\"},{\"@type\":\"Organization\",\"@id\":\"https:\/\/apkostore.com\/en\/#organization\",\"name\":\"APKO Sp. z o. o.\",\"url\":\"https:\/\/apkostore.com\/en\/\",\"logo\":{\"@type\":\"ImageObject\",\"inLanguage\":\"en-US\",\"@id\":\"https:\/\/apkostore.com\/en\/#\/schema\/logo\/image\/\",\"url\":\"https:\/\/apkostore.com\/wp-content\/uploads\/2023\/09\/logo-black-min.png\",\"contentUrl\":\"https:\/\/apkostore.com\/wp-content\/uploads\/2023\/09\/logo-black-min.png\",\"width\":2500,\"height\":944,\"caption\":\"APKO Sp. z o. o.\"},\"image\":{\"@id\":\"https:\/\/apkostore.com\/en\/#\/schema\/logo\/image\/\"},\"sameAs\":[\"https:\/\/www.facebook.com\/apkostore\",\"https:\/\/www.instagram.com\/apkostore\/\"]}]}<\/script>\n<!-- \/ Yoast SEO plugin. -->","yoast_head_json":{"title":"Prevdent Serum Naprawcze nHAp 30ml - Apkostore.com","description":"Prevdent Serum Naprawcze nHAp jest stworzone specjalnie w celu d\u0142ugotrwa\u0142ej redukcji nadwra\u017cliwo\u015bci z\u0119b\u00f3w oraz regeneracji uszkodzonego szkliwa.","robots":{"index":"index","follow":"follow","max-snippet":"max-snippet:-1","max-image-preview":"max-image-preview:large","max-video-preview":"max-video-preview:-1"},"canonical":"https:\/\/apkostore.com\/en\/product\/prevdent-serum-naprawcze-nhap-30ml\/","og_locale":"en_US","og_type":"article","og_title":"Prevdent Serum Naprawcze nHAp 30ml - Apkostore.com","og_description":"Prevdent Serum Naprawcze nHAp jest stworzone specjalnie w celu d\u0142ugotrwa\u0142ej redukcji nadwra\u017cliwo\u015bci z\u0119b\u00f3w oraz regeneracji uszkodzonego szkliwa.","og_url":"https:\/\/apkostore.com\/en\/product\/prevdent-serum-naprawcze-nhap-30ml\/","og_site_name":"Apkostore.com","article_publisher":"https:\/\/www.facebook.com\/apkostore","article_modified_time":"2026-04-18T12:59:30+00:00","og_image":[{"width":652,"height":652,"url":"https:\/\/apkostore.com\/wp-content\/uploads\/2024\/08\/prevdent-serum-naprawcze-nHAp-30ml-1.png","type":"image\/png"}],"twitter_card":"summary_large_image","twitter_misc":{"Est. reading time":"4 minutes"},"schema":{"@context":"https:\/\/schema.org","@graph":[{"@type":"WebPage","@id":"https:\/\/apkostore.com\/en\/product\/prevdent-serum-naprawcze-nhap-30ml\/","url":"https:\/\/apkostore.com\/en\/product\/prevdent-serum-naprawcze-nhap-30ml\/","name":"Prevdent Serum Naprawcze nHAp 30ml - Apkostore.com","isPartOf":{"@id":"https:\/\/apkostore.com\/en\/#website"},"primaryImageOfPage":{"@id":"https:\/\/apkostore.com\/en\/product\/prevdent-serum-naprawcze-nhap-30ml\/#primaryimage"},"image":{"@id":"https:\/\/apkostore.com\/en\/product\/prevdent-serum-naprawcze-nhap-30ml\/#primaryimage"},"thumbnailUrl":"https:\/\/apkostore.com\/wp-content\/uploads\/2024\/08\/prevdent-serum-naprawcze-nHAp-30ml-1.png","datePublished":"2024-08-24T14:19:32+00:00","dateModified":"2026-04-18T12:59:30+00:00","description":"Prevdent Serum Naprawcze nHAp jest stworzone specjalnie w celu d\u0142ugotrwa\u0142ej redukcji nadwra\u017cliwo\u015bci z\u0119b\u00f3w oraz regeneracji uszkodzonego szkliwa.","breadcrumb":{"@id":"https:\/\/apkostore.com\/en\/product\/prevdent-serum-naprawcze-nhap-30ml\/#breadcrumb"},"inLanguage":"en-US","potentialAction":[{"@type":"ReadAction","target":["https:\/\/apkostore.com\/en\/product\/prevdent-serum-naprawcze-nhap-30ml\/"]}]},{"@type":"ImageObject","inLanguage":"en-US","@id":"https:\/\/apkostore.com\/en\/product\/prevdent-serum-naprawcze-nhap-30ml\/#primaryimage","url":"https:\/\/apkostore.com\/wp-content\/uploads\/2024\/08\/prevdent-serum-naprawcze-nHAp-30ml-1.png","contentUrl":"https:\/\/apkostore.com\/wp-content\/uploads\/2024\/08\/prevdent-serum-naprawcze-nHAp-30ml-1.png","width":652,"height":652,"caption":"Prevdent Serum Naprawcze nHAp 30ml"},{"@type":"BreadcrumbList","@id":"https:\/\/apkostore.com\/en\/product\/prevdent-serum-naprawcze-nhap-30ml\/#breadcrumb","itemListElement":[{"@type":"ListItem","position":1,"name":"Strona g\u0142\u00f3wna","item":"https:\/\/apkostore.com\/en\/start-eng\/"},{"@type":"ListItem","position":2,"name":"Shop","item":"https:\/\/apkostore.com\/en\/shop\/"},{"@type":"ListItem","position":3,"name":"Prevdent Serum Naprawcze nHAp 30ml"}]},{"@type":"WebSite","@id":"https:\/\/apkostore.com\/en\/#website","url":"https:\/\/apkostore.com\/en\/","name":"Apkostore.com","description":"","publisher":{"@id":"https:\/\/apkostore.com\/en\/#organization"},"potentialAction":[{"@type":"SearchAction","target":{"@type":"EntryPoint","urlTemplate":"https:\/\/apkostore.com\/en\/?s={search_term_string}"},"query-input":{"@type":"PropertyValueSpecification","valueRequired":true,"valueName":"search_term_string"}}],"inLanguage":"en-US"},{"@type":"Organization","@id":"https:\/\/apkostore.com\/en\/#organization","name":"APKO Sp. z o. o.","url":"https:\/\/apkostore.com\/en\/","logo":{"@type":"ImageObject","inLanguage":"en-US","@id":"https:\/\/apkostore.com\/en\/#\/schema\/logo\/image\/","url":"https:\/\/apkostore.com\/wp-content\/uploads\/2023\/09\/logo-black-min.png","contentUrl":"https:\/\/apkostore.com\/wp-content\/uploads\/2023\/09\/logo-black-min.png","width":2500,"height":944,"caption":"APKO Sp. z o. o."},"image":{"@id":"https:\/\/apkostore.com\/en\/#\/schema\/logo\/image\/"},"sameAs":["https:\/\/www.facebook.com\/apkostore","https:\/\/www.instagram.com\/apkostore\/"]}]}},"_links":{"self":[{"href":"https:\/\/apkostore.com\/en\/wp-json\/wp\/v2\/product\/6343","targetHints":{"allow":["GET"]}}],"collection":[{"href":"https:\/\/apkostore.com\/en\/wp-json\/wp\/v2\/product"}],"about":[{"href":"https:\/\/apkostore.com\/en\/wp-json\/wp\/v2\/types\/product"}],"wp:featuredmedia":[{"embeddable":true,"href":"https:\/\/apkostore.com\/en\/wp-json\/wp\/v2\/media\/6351"}],"wp:attachment":[{"href":"https:\/\/apkostore.com\/en\/wp-json\/wp\/v2\/media?parent=6343"}],"wp:term":[{"taxonomy":"product_brand","embeddable":true,"href":"https:\/\/apkostore.com\/en\/wp-json\/wp\/v2\/product_brand?post=6343"},{"taxonomy":"product_cat","embeddable":true,"href":"https:\/\/apkostore.com\/en\/wp-json\/wp\/v2\/product_cat?post=6343"},{"taxonomy":"product_tag","embeddable":true,"href":"https:\/\/apkostore.com\/en\/wp-json\/wp\/v2\/product_tag?post=6343"},{"taxonomy":"dodatkowo","embeddable":true,"href":"https:\/\/apkostore.com\/en\/wp-json\/wp\/v2\/dodatkowo?post=6343"}],"curies":[{"name":"wp","href":"https:\/\/api.w.org\/{rel}","templated":true}]}}