{"id":6003,"date":"2024-06-01T13:32:54","date_gmt":"2024-06-01T11:32:54","guid":{"rendered":"https:\/\/apkostore.com\/?post_type=product&#038;p=6003"},"modified":"2026-04-24T10:34:54","modified_gmt":"2026-04-24T08:34:54","slug":"alfa-piana-pozabiegowa-100-ml","status":"publish","type":"product","link":"https:\/\/apkostore.com\/en\/product\/alfa-piana-pozabiegowa-100-ml\/","title":{"rendered":"Alfa Piana Pozabiegowa 100 ml"},"content":{"rendered":"<p><strong>Alfa Piana Pozabiegowa 100 ml<\/strong><\/p>\n<p>Alfa Piana to innowacyjna formu\u0142a &#8211; piana do stosowania przed, w trakcie i po zabiegach stomatologicznych oraz dla os\u00f3b z sucho\u015bci\u0105 w jamie ustnej. Jest polecana r\u00f3wnie\u017c osobom w trakcie i po terapii nowotworowej. Dzi\u0119ki swojemu unikalnemu sk\u0142adowi i delikatnemu, mi\u0119towemu smakowi, stanowi bezpieczn\u0105 alternatyw\u0119 dla pasty do z\u0119b\u00f3w i p\u0142ukanki w okresie leczenia oraz po jego zako\u0144czeniu.<\/p>\n<h2><strong>Alfa Piana Pozabiegowa &#8211; g\u0142\u00f3wne cechy:<\/strong><\/h2>\n<ul>\n<li><strong>Wszechstronne zastosowanie:<\/strong> Skutecznie nawil\u017ca, dzia\u0142a \u0142agodz\u0105co, antyseptycznie i od\u015bwie\u017caj\u0105co, dzi\u0119ki czemu doskonale sprawdzi si\u0119 zar\u00f3wno przed, w trakcie, jak i po terapii przeciwnowotworowej oraz w przypadku sucho\u015bci w jamie ustnej.<\/li>\n<li><strong>Delikatny smak:<\/strong> Mi\u0119towy smak piany sprawia, \u017ce jej stosowanie jest przyjemne i komfortowe dla ka\u017cdego u\u017cytkownika.<\/li>\n<li><strong>Bogaty sk\u0142ad:<\/strong> Formu\u0142a piany zawiera mi\u0119dzy innymi siemi\u0119 lniane, arnik\u0119, pantenol oraz inne sk\u0142adniki o dzia\u0142aniu nawil\u017caj\u0105cym i od\u017cywczym, kt\u00f3re wspieraj\u0105 zdrowie jamy ustnej.<\/li>\n<\/ul>\n<h2>Dla kogo przeznaczony jest produkt?<\/h2>\n<p>Dzi\u0119ki swojemu dzia\u0142aniu nawil\u017caj\u0105cemu, \u0142agodz\u0105cemu, antyseptycznemu i od\u015bwie\u017caj\u0105cemu, Alfa Piana pomaga utrzyma\u0107 higien\u0119 jamy ustnej nawet w trudnych warunkach. Mo\u017ce by\u0107 stosowana r\u00f3wnie\u017c w przypadku innych dolegliwo\u015bci jamy ustnej, takich jak sucho\u015b\u0107, podra\u017cnienia czy obrz\u0119ki. Dzi\u0119ki swojej delikatnej formule i mi\u0119towemu smakowi, Alfa Piana jest \u0142atwa w u\u017cyciu i przyjemna dla ka\u017cdego u\u017cytkownika.<\/p>\n<h2><strong>Spos\u00f3b u\u017cycia:<\/strong><\/h2>\n<p>Nale\u017cy aplikowa\u0107 piank\u0119 bezpo\u015brednio do ust, naciskaj\u0105c dwukrotnie atomizer. W przypadku rany pozabiegowej na g\u00f3rnej szcz\u0119ce, mo\u017cna delikatnie pom\u00f3c pianie dotrze\u0107 na w\u0142a\u015bciwe miejsce j\u0119zykiem. Po aplikacji, poczeka\u0107 1-2 minuty, a\u017c piana samoistnie opadnie, nast\u0119pnie delikatnie wyplu\u0107. Nie nale\u017cy p\u0142uka\u0107 jamy ustnej ani spo\u017cywa\u0107 pokarm\u00f3w ani p\u0142yn\u00f3w przez 10-15 minut. Alfa Pian\u0119 mo\u017cna stosowa\u0107 ilekro\u0107 jest taka potrzeba, nawet wiele razy w ci\u0105gu dnia lub nocy.<\/p>\n<h2><strong>Sk\u0142ad piany Alfa:<\/strong><\/h2>\n<p>Aqua, Glycerin, Linum Usitatissium, Salvia Officinalis, Chamomilla Recituta Flower Extract, Arnica Montana Flower Extract, Rosmarinus Officinalis Leaf Extract, Panthenol, PEG-40 Hydrogenated Castor Oil, Aroma, Xylitol, Allantoin, Chlorhexidine Digluconate, Sodium Saccharin.<\/p>\n<p><strong>Opakowanie:<\/strong> 100ml<\/p>\n<p>Zadbaj o swoje zdrowie jamy ustnej w trakcie i po terapii przeciwnowotworowej z Alfa Pian\u0105!<\/p>\n","protected":false},"excerpt":{"rendered":"<p>szt.<\/p>\n","protected":false},"featured_media":10837,"template":"","meta":[],"product_brand":[],"product_cat":[202],"product_tag":[],"dodatkowo":[],"class_list":{"0":"post-6003","1":"product","2":"type-product","3":"status-publish","4":"has-post-thumbnail","6":"product_cat-chirurgia","8":"first","9":"instock","10":"taxable","11":"shipping-taxable","12":"purchasable","13":"product-type-simple"},"yoast_head":"<!-- This site is optimized with the Yoast SEO plugin v27.5 - https:\/\/yoast.com\/product\/yoast-seo-wordpress\/ -->\n<title>Alfa Piana Pozabiegowa 100 ml - Apkostore.com<\/title>\n<meta name=\"description\" content=\"Alfa Piana Pozabiegowa to innowacyjna formu\u0142a - do stosowania przed, w trakcie i po zabiegach stomatologicznych oraz dla os\u00f3b z sucho\u015bci\u0105 w jamie ustnej.\" \/>\n<meta name=\"robots\" content=\"index, follow, max-snippet:-1, max-image-preview:large, max-video-preview:-1\" \/>\n<link rel=\"canonical\" href=\"https:\/\/apkostore.com\/en\/product\/alfa-piana-pozabiegowa-100-ml\/\" \/>\n<meta property=\"og:locale\" content=\"en_US\" \/>\n<meta property=\"og:type\" content=\"article\" \/>\n<meta property=\"og:title\" content=\"Alfa Piana Pozabiegowa 100 ml - Apkostore.com\" \/>\n<meta property=\"og:description\" content=\"Alfa Piana Pozabiegowa to innowacyjna formu\u0142a - do stosowania przed, w trakcie i po zabiegach stomatologicznych oraz dla os\u00f3b z sucho\u015bci\u0105 w jamie ustnej.\" \/>\n<meta property=\"og:url\" content=\"https:\/\/apkostore.com\/en\/product\/alfa-piana-pozabiegowa-100-ml\/\" \/>\n<meta property=\"og:site_name\" content=\"Apkostore.com\" \/>\n<meta property=\"article:publisher\" content=\"https:\/\/www.facebook.com\/apkostore\" \/>\n<meta property=\"article:modified_time\" content=\"2026-04-24T08:34:54+00:00\" \/>\n<meta property=\"og:image\" content=\"https:\/\/apkostore.com\/wp-content\/uploads\/2024\/06\/Alfa-Piana-Pozabiegowa-100-ml-1.png\" \/>\n\t<meta property=\"og:image:width\" content=\"960\" \/>\n\t<meta property=\"og:image:height\" content=\"960\" \/>\n\t<meta property=\"og:image:type\" content=\"image\/png\" \/>\n<meta name=\"twitter:card\" content=\"summary_large_image\" \/>\n<meta name=\"twitter:label1\" content=\"Est. reading time\" \/>\n\t<meta name=\"twitter:data1\" content=\"3 minutes\" \/>\n<script type=\"application\/ld+json\" class=\"yoast-schema-graph\">{\"@context\":\"https:\\\/\\\/schema.org\",\"@graph\":[{\"@type\":\"WebPage\",\"@id\":\"https:\\\/\\\/apkostore.com\\\/en\\\/product\\\/alfa-piana-pozabiegowa-100-ml\\\/\",\"url\":\"https:\\\/\\\/apkostore.com\\\/en\\\/product\\\/alfa-piana-pozabiegowa-100-ml\\\/\",\"name\":\"Alfa Piana Pozabiegowa 100 ml - Apkostore.com\",\"isPartOf\":{\"@id\":\"https:\\\/\\\/apkostore.com\\\/en\\\/#website\"},\"primaryImageOfPage\":{\"@id\":\"https:\\\/\\\/apkostore.com\\\/en\\\/product\\\/alfa-piana-pozabiegowa-100-ml\\\/#primaryimage\"},\"image\":{\"@id\":\"https:\\\/\\\/apkostore.com\\\/en\\\/product\\\/alfa-piana-pozabiegowa-100-ml\\\/#primaryimage\"},\"thumbnailUrl\":\"https:\\\/\\\/apkostore.com\\\/wp-content\\\/uploads\\\/2024\\\/06\\\/Alfa-Piana-Pozabiegowa-100-ml-1.png\",\"datePublished\":\"2024-06-01T11:32:54+00:00\",\"dateModified\":\"2026-04-24T08:34:54+00:00\",\"description\":\"Alfa Piana Pozabiegowa to innowacyjna formu\u0142a - do stosowania przed, w trakcie i po zabiegach stomatologicznych oraz dla os\u00f3b z sucho\u015bci\u0105 w jamie ustnej.\",\"breadcrumb\":{\"@id\":\"https:\\\/\\\/apkostore.com\\\/en\\\/product\\\/alfa-piana-pozabiegowa-100-ml\\\/#breadcrumb\"},\"inLanguage\":\"en-US\",\"potentialAction\":[{\"@type\":\"ReadAction\",\"target\":[\"https:\\\/\\\/apkostore.com\\\/en\\\/product\\\/alfa-piana-pozabiegowa-100-ml\\\/\"]}]},{\"@type\":\"ImageObject\",\"inLanguage\":\"en-US\",\"@id\":\"https:\\\/\\\/apkostore.com\\\/en\\\/product\\\/alfa-piana-pozabiegowa-100-ml\\\/#primaryimage\",\"url\":\"https:\\\/\\\/apkostore.com\\\/wp-content\\\/uploads\\\/2024\\\/06\\\/Alfa-Piana-Pozabiegowa-100-ml-1.png\",\"contentUrl\":\"https:\\\/\\\/apkostore.com\\\/wp-content\\\/uploads\\\/2024\\\/06\\\/Alfa-Piana-Pozabiegowa-100-ml-1.png\",\"width\":960,\"height\":960,\"caption\":\"Alfa Piana Pozabiegowa 100 ml\"},{\"@type\":\"BreadcrumbList\",\"@id\":\"https:\\\/\\\/apkostore.com\\\/en\\\/product\\\/alfa-piana-pozabiegowa-100-ml\\\/#breadcrumb\",\"itemListElement\":[{\"@type\":\"ListItem\",\"position\":1,\"name\":\"Strona g\u0142\u00f3wna\",\"item\":\"https:\\\/\\\/apkostore.com\\\/en\\\/start-eng\\\/\"},{\"@type\":\"ListItem\",\"position\":2,\"name\":\"Shop\",\"item\":\"https:\\\/\\\/apkostore.com\\\/en\\\/shop\\\/\"},{\"@type\":\"ListItem\",\"position\":3,\"name\":\"Alfa Piana Pozabiegowa 100 ml\"}]},{\"@type\":\"WebSite\",\"@id\":\"https:\\\/\\\/apkostore.com\\\/en\\\/#website\",\"url\":\"https:\\\/\\\/apkostore.com\\\/en\\\/\",\"name\":\"Apkostore.com\",\"description\":\"\",\"publisher\":{\"@id\":\"https:\\\/\\\/apkostore.com\\\/en\\\/#organization\"},\"potentialAction\":[{\"@type\":\"SearchAction\",\"target\":{\"@type\":\"EntryPoint\",\"urlTemplate\":\"https:\\\/\\\/apkostore.com\\\/en\\\/?s={search_term_string}\"},\"query-input\":{\"@type\":\"PropertyValueSpecification\",\"valueRequired\":true,\"valueName\":\"search_term_string\"}}],\"inLanguage\":\"en-US\"},{\"@type\":\"Organization\",\"@id\":\"https:\\\/\\\/apkostore.com\\\/en\\\/#organization\",\"name\":\"APKO Sp. z o. o.\",\"url\":\"https:\\\/\\\/apkostore.com\\\/en\\\/\",\"logo\":{\"@type\":\"ImageObject\",\"inLanguage\":\"en-US\",\"@id\":\"https:\\\/\\\/apkostore.com\\\/en\\\/#\\\/schema\\\/logo\\\/image\\\/\",\"url\":\"https:\\\/\\\/apkostore.com\\\/wp-content\\\/uploads\\\/2023\\\/09\\\/logo-black-min.png\",\"contentUrl\":\"https:\\\/\\\/apkostore.com\\\/wp-content\\\/uploads\\\/2023\\\/09\\\/logo-black-min.png\",\"width\":2500,\"height\":944,\"caption\":\"APKO Sp. z o. o.\"},\"image\":{\"@id\":\"https:\\\/\\\/apkostore.com\\\/en\\\/#\\\/schema\\\/logo\\\/image\\\/\"},\"sameAs\":[\"https:\\\/\\\/www.facebook.com\\\/apkostore\",\"https:\\\/\\\/www.instagram.com\\\/apkostore\\\/\"]}]}<\/script>\n<!-- \/ Yoast SEO plugin. -->","yoast_head_json":{"title":"Alfa Piana Pozabiegowa 100 ml - Apkostore.com","description":"Alfa Piana Pozabiegowa to innowacyjna formu\u0142a - do stosowania przed, w trakcie i po zabiegach stomatologicznych oraz dla os\u00f3b z sucho\u015bci\u0105 w jamie ustnej.","robots":{"index":"index","follow":"follow","max-snippet":"max-snippet:-1","max-image-preview":"max-image-preview:large","max-video-preview":"max-video-preview:-1"},"canonical":"https:\/\/apkostore.com\/en\/product\/alfa-piana-pozabiegowa-100-ml\/","og_locale":"en_US","og_type":"article","og_title":"Alfa Piana Pozabiegowa 100 ml - Apkostore.com","og_description":"Alfa Piana Pozabiegowa to innowacyjna formu\u0142a - do stosowania przed, w trakcie i po zabiegach stomatologicznych oraz dla os\u00f3b z sucho\u015bci\u0105 w jamie ustnej.","og_url":"https:\/\/apkostore.com\/en\/product\/alfa-piana-pozabiegowa-100-ml\/","og_site_name":"Apkostore.com","article_publisher":"https:\/\/www.facebook.com\/apkostore","article_modified_time":"2026-04-24T08:34:54+00:00","og_image":[{"width":960,"height":960,"url":"https:\/\/apkostore.com\/wp-content\/uploads\/2024\/06\/Alfa-Piana-Pozabiegowa-100-ml-1.png","type":"image\/png"}],"twitter_card":"summary_large_image","twitter_misc":{"Est. reading time":"3 minutes"},"schema":{"@context":"https:\/\/schema.org","@graph":[{"@type":"WebPage","@id":"https:\/\/apkostore.com\/en\/product\/alfa-piana-pozabiegowa-100-ml\/","url":"https:\/\/apkostore.com\/en\/product\/alfa-piana-pozabiegowa-100-ml\/","name":"Alfa Piana Pozabiegowa 100 ml - Apkostore.com","isPartOf":{"@id":"https:\/\/apkostore.com\/en\/#website"},"primaryImageOfPage":{"@id":"https:\/\/apkostore.com\/en\/product\/alfa-piana-pozabiegowa-100-ml\/#primaryimage"},"image":{"@id":"https:\/\/apkostore.com\/en\/product\/alfa-piana-pozabiegowa-100-ml\/#primaryimage"},"thumbnailUrl":"https:\/\/apkostore.com\/wp-content\/uploads\/2024\/06\/Alfa-Piana-Pozabiegowa-100-ml-1.png","datePublished":"2024-06-01T11:32:54+00:00","dateModified":"2026-04-24T08:34:54+00:00","description":"Alfa Piana Pozabiegowa to innowacyjna formu\u0142a - do stosowania przed, w trakcie i po zabiegach stomatologicznych oraz dla os\u00f3b z sucho\u015bci\u0105 w jamie ustnej.","breadcrumb":{"@id":"https:\/\/apkostore.com\/en\/product\/alfa-piana-pozabiegowa-100-ml\/#breadcrumb"},"inLanguage":"en-US","potentialAction":[{"@type":"ReadAction","target":["https:\/\/apkostore.com\/en\/product\/alfa-piana-pozabiegowa-100-ml\/"]}]},{"@type":"ImageObject","inLanguage":"en-US","@id":"https:\/\/apkostore.com\/en\/product\/alfa-piana-pozabiegowa-100-ml\/#primaryimage","url":"https:\/\/apkostore.com\/wp-content\/uploads\/2024\/06\/Alfa-Piana-Pozabiegowa-100-ml-1.png","contentUrl":"https:\/\/apkostore.com\/wp-content\/uploads\/2024\/06\/Alfa-Piana-Pozabiegowa-100-ml-1.png","width":960,"height":960,"caption":"Alfa Piana Pozabiegowa 100 ml"},{"@type":"BreadcrumbList","@id":"https:\/\/apkostore.com\/en\/product\/alfa-piana-pozabiegowa-100-ml\/#breadcrumb","itemListElement":[{"@type":"ListItem","position":1,"name":"Strona g\u0142\u00f3wna","item":"https:\/\/apkostore.com\/en\/start-eng\/"},{"@type":"ListItem","position":2,"name":"Shop","item":"https:\/\/apkostore.com\/en\/shop\/"},{"@type":"ListItem","position":3,"name":"Alfa Piana Pozabiegowa 100 ml"}]},{"@type":"WebSite","@id":"https:\/\/apkostore.com\/en\/#website","url":"https:\/\/apkostore.com\/en\/","name":"Apkostore.com","description":"","publisher":{"@id":"https:\/\/apkostore.com\/en\/#organization"},"potentialAction":[{"@type":"SearchAction","target":{"@type":"EntryPoint","urlTemplate":"https:\/\/apkostore.com\/en\/?s={search_term_string}"},"query-input":{"@type":"PropertyValueSpecification","valueRequired":true,"valueName":"search_term_string"}}],"inLanguage":"en-US"},{"@type":"Organization","@id":"https:\/\/apkostore.com\/en\/#organization","name":"APKO Sp. z o. o.","url":"https:\/\/apkostore.com\/en\/","logo":{"@type":"ImageObject","inLanguage":"en-US","@id":"https:\/\/apkostore.com\/en\/#\/schema\/logo\/image\/","url":"https:\/\/apkostore.com\/wp-content\/uploads\/2023\/09\/logo-black-min.png","contentUrl":"https:\/\/apkostore.com\/wp-content\/uploads\/2023\/09\/logo-black-min.png","width":2500,"height":944,"caption":"APKO Sp. z o. o."},"image":{"@id":"https:\/\/apkostore.com\/en\/#\/schema\/logo\/image\/"},"sameAs":["https:\/\/www.facebook.com\/apkostore","https:\/\/www.instagram.com\/apkostore\/"]}]}},"_links":{"self":[{"href":"https:\/\/apkostore.com\/en\/wp-json\/wp\/v2\/product\/6003","targetHints":{"allow":["GET"]}}],"collection":[{"href":"https:\/\/apkostore.com\/en\/wp-json\/wp\/v2\/product"}],"about":[{"href":"https:\/\/apkostore.com\/en\/wp-json\/wp\/v2\/types\/product"}],"wp:featuredmedia":[{"embeddable":true,"href":"https:\/\/apkostore.com\/en\/wp-json\/wp\/v2\/media\/10837"}],"wp:attachment":[{"href":"https:\/\/apkostore.com\/en\/wp-json\/wp\/v2\/media?parent=6003"}],"wp:term":[{"taxonomy":"product_brand","embeddable":true,"href":"https:\/\/apkostore.com\/en\/wp-json\/wp\/v2\/product_brand?post=6003"},{"taxonomy":"product_cat","embeddable":true,"href":"https:\/\/apkostore.com\/en\/wp-json\/wp\/v2\/product_cat?post=6003"},{"taxonomy":"product_tag","embeddable":true,"href":"https:\/\/apkostore.com\/en\/wp-json\/wp\/v2\/product_tag?post=6003"},{"taxonomy":"dodatkowo","embeddable":true,"href":"https:\/\/apkostore.com\/en\/wp-json\/wp\/v2\/dodatkowo?post=6003"}],"curies":[{"name":"wp","href":"https:\/\/api.w.org\/{rel}","templated":true}]}}