{"id":5791,"date":"2024-05-06T09:36:21","date_gmt":"2024-05-06T07:36:21","guid":{"rendered":"https:\/\/apkostore.com\/?post_type=product&#038;p=5791"},"modified":"2026-04-13T09:45:36","modified_gmt":"2026-04-13T07:45:36","slug":"curasept-gold-luxury-wybielajaca-pasta-do-zebow-z-czasteczkami-zlota-75-ml","status":"publish","type":"product","link":"https:\/\/apkostore.com\/en\/product\/curasept-gold-luxury-wybielajaca-pasta-do-zebow-z-czasteczkami-zlota-75-ml\/","title":{"rendered":"CURASEPT GOLD LUXURY wybielaj\u0105ca pasta do z\u0119b\u00f3w z cz\u0105steczkami z\u0142ota 75 ml"},"content":{"rendered":"<div class=\"avatar-gutter ng-tns-c2382895453-106 ng-star-inserted\">\n<div class=\"resize-observable\"><strong>Curasept Gold Luxury<\/strong> to wybielaj\u0105ca pasta do z\u0119b\u00f3w, kt\u00f3ra zapewnia kompleksow\u0105 ochron\u0119 jamy ustnej i pozwala cieszy\u0107 si\u0119 pi\u0119knym, bia\u0142ym u\u015bmiechem. Wykorzystuje ona innowacyjn\u0105 formu\u0142\u0119 z nadtlenkiem karbamidu i peroxydem, kt\u00f3re skutecznie usuwaj\u0105 przebarwienia i zapewniaj\u0105 d\u0142ugotrwa\u0142y efekt wybielania. Dodatkowo wzmacnia i remineralizuje szkliwo, chroni\u0105c je przed pr\u00f3chnic\u0105. Cz\u0105steczki koloidalnego z\u0142ota i srebra nadaj\u0105 pa\u015bcie w\u0142a\u015bciwo\u015bci antybakteryjne i przeciwzapalne, a \u015bwie\u017cy, mi\u0119towy smak zapewnia przyjemne doznania podczas szczotkowania.<\/div>\n<\/div>\n<div class=\"response-container-content ng-tns-c2382895453-106\">\n<div class=\"response-content ng-tns-c2382895453-106\">\n<div class=\"markdown markdown-main-panel\" dir=\"ltr\">\n<h2 data-sourcepos=\"7:1-7:22\"><strong>Efekty stosowania:<\/strong><\/h2>\n<ul data-sourcepos=\"9:1-13:0\">\n<li data-sourcepos=\"9:1-9:30\">Bielszy i ja\u015bniejszy u\u015bmiech<\/li>\n<li data-sourcepos=\"10:1-10:35\">G\u0142adkie i zdrowo wygl\u0105daj\u0105ce z\u0119by<\/li>\n<li data-sourcepos=\"11:1-11:51\">Wzmocnione szkliwo odporne na kwasy i uszkodzenia<\/li>\n<li data-sourcepos=\"12:1-13:0\">Zdrowsze dzi\u0105s\u0142a<\/li>\n<\/ul>\n<h2 data-sourcepos=\"14:1-14:21\"><strong>Unikalna formu\u0142a:<\/strong><\/h2>\n<ul data-sourcepos=\"16:1-21:0\">\n<li data-sourcepos=\"16:1-16:115\"><strong>Nadtlenek karbamidu i peroksydon:<\/strong> Skutecznie usuwaj\u0105 przebarwienia i zapewniaj\u0105 d\u0142ugotrwa\u0142y efekt wybielania.<\/li>\n<li data-sourcepos=\"17:1-17:126\"><strong>Hydroksyapatyt sprz\u0119\u017cony z chitozanem:<\/strong> Wzmacnia i remineralizuje szkliwo, chroni\u0105c je przed pr\u00f3chnic\u0105 i nadwra\u017cliwo\u015bci\u0105.<\/li>\n<li data-sourcepos=\"18:1-18:109\"><strong>Ozonowana oliwa z oliwek:<\/strong> Wspomaga utrzymanie r\u00f3wnowagi mikroflory jamy ustnej i poprawia stan dzi\u0105se\u0142.<\/li>\n<li data-sourcepos=\"19:1-19:75\"><strong>Bisabolol i kwas glicyretynowy:<\/strong> Dzia\u0142aj\u0105 \u0142agodz\u0105co i przeciwzapalnie.<\/li>\n<li data-sourcepos=\"20:1-21:0\"><strong>Cz\u0105steczki koloidalnego z\u0142ota i srebra:<\/strong> Wzbogacaj\u0105 formu\u0142\u0119 o w\u0142a\u015bciwo\u015bci antybakteryjne i przeciwzapalne.<\/li>\n<\/ul>\n<p data-sourcepos=\"22:1-22:130\"><strong>Pasta jest bezpieczna dla szkliwa z\u0119b\u00f3w (RDA=49) i mo\u017ce by\u0107 stosowana do codziennej higieny jamy ustnej w 20-dniowych cyklach.<\/strong><\/p>\n<p data-sourcepos=\"24:1-24:33\"><strong>Zawarto\u015b\u0107 fluoru:<\/strong> 1450 ppm F-<\/p>\n<p data-sourcepos=\"26:1-26:55\"><strong>Curasept Gold Luxury &#8211; dla pewnego siebie u\u015bmiechu!<\/strong><\/p>\n<h2 data-sourcepos=\"28:1-28:25\"><strong>Dodatkowe informacje:<\/strong><\/h2>\n<ul data-sourcepos=\"30:1-33:0\">\n<li data-sourcepos=\"30:1-30:18\">Pojemno\u015b\u0107: 75 ml<\/li>\n<li data-sourcepos=\"31:1-31:15\">Smak: Mi\u0119towy<\/li>\n<li data-sourcepos=\"32:1-33:0\">Przebadana klinicznie<\/li>\n<\/ul>\n<\/div>\n<\/div>\n<\/div>\n","protected":false},"excerpt":{"rendered":"<p>75 ml<\/p>\n","protected":false},"featured_media":5792,"template":"","meta":[],"product_brand":[],"product_cat":[214],"product_tag":[],"dodatkowo":[],"class_list":{"0":"post-5791","1":"product","2":"type-product","3":"status-publish","4":"has-post-thumbnail","6":"product_cat-wybielanie","8":"first","9":"outofstock","10":"taxable","11":"shipping-taxable","12":"purchasable","13":"product-type-simple"},"yoast_head":"<!-- This site is optimized with the Yoast SEO plugin v27.2 - https:\/\/yoast.com\/product\/yoast-seo-wordpress\/ -->\n<title>CURASEPT GOLD LUXURY wybielaj\u0105ca pasta do z\u0119b\u00f3w - Apkostore.com<\/title>\n<meta name=\"description\" content=\"Curasept Gold Luxury to wybielaj\u0105ca pasta do z\u0119b\u00f3w, kt\u00f3ra zapewnia kompleksow\u0105 ochron\u0119 jamy ustnej i pozwala cieszy\u0107 si\u0119 pi\u0119knym, bia\u0142ym u\u015bmiechem.\" \/>\n<meta name=\"robots\" content=\"index, follow, max-snippet:-1, max-image-preview:large, max-video-preview:-1\" \/>\n<link rel=\"canonical\" href=\"https:\/\/apkostore.com\/en\/product\/curasept-gold-luxury-wybielajaca-pasta-do-zebow-z-czasteczkami-zlota-75-ml\/\" \/>\n<meta property=\"og:locale\" content=\"en_US\" \/>\n<meta property=\"og:type\" content=\"article\" \/>\n<meta property=\"og:title\" content=\"CURASEPT GOLD LUXURY wybielaj\u0105ca pasta do z\u0119b\u00f3w - Apkostore.com\" \/>\n<meta property=\"og:description\" content=\"Curasept Gold Luxury to wybielaj\u0105ca pasta do z\u0119b\u00f3w, kt\u00f3ra zapewnia kompleksow\u0105 ochron\u0119 jamy ustnej i pozwala cieszy\u0107 si\u0119 pi\u0119knym, bia\u0142ym u\u015bmiechem.\" \/>\n<meta property=\"og:url\" content=\"https:\/\/apkostore.com\/en\/product\/curasept-gold-luxury-wybielajaca-pasta-do-zebow-z-czasteczkami-zlota-75-ml\/\" \/>\n<meta property=\"og:site_name\" content=\"Apkostore.com\" \/>\n<meta property=\"article:publisher\" content=\"https:\/\/www.facebook.com\/apkostore\" \/>\n<meta property=\"article:modified_time\" content=\"2026-04-13T07:45:36+00:00\" \/>\n<meta property=\"og:image\" content=\"https:\/\/apkostore.com\/wp-content\/uploads\/2024\/05\/CURASEPT-GOLD-LUXURY-pasta-wybielajaca-1.png\" \/>\n\t<meta property=\"og:image:width\" content=\"652\" \/>\n\t<meta property=\"og:image:height\" content=\"652\" \/>\n\t<meta property=\"og:image:type\" content=\"image\/png\" \/>\n<meta name=\"twitter:card\" content=\"summary_large_image\" \/>\n<meta name=\"twitter:label1\" content=\"Est. reading time\" \/>\n\t<meta name=\"twitter:data1\" content=\"2 minutes\" \/>\n<script type=\"application\/ld+json\" class=\"yoast-schema-graph\">{\"@context\":\"https:\/\/schema.org\",\"@graph\":[{\"@type\":\"WebPage\",\"@id\":\"https:\/\/apkostore.com\/en\/product\/curasept-gold-luxury-wybielajaca-pasta-do-zebow-z-czasteczkami-zlota-75-ml\/\",\"url\":\"https:\/\/apkostore.com\/en\/product\/curasept-gold-luxury-wybielajaca-pasta-do-zebow-z-czasteczkami-zlota-75-ml\/\",\"name\":\"CURASEPT GOLD LUXURY wybielaj\u0105ca pasta do z\u0119b\u00f3w - Apkostore.com\",\"isPartOf\":{\"@id\":\"https:\/\/apkostore.com\/en\/#website\"},\"primaryImageOfPage\":{\"@id\":\"https:\/\/apkostore.com\/en\/product\/curasept-gold-luxury-wybielajaca-pasta-do-zebow-z-czasteczkami-zlota-75-ml\/#primaryimage\"},\"image\":{\"@id\":\"https:\/\/apkostore.com\/en\/product\/curasept-gold-luxury-wybielajaca-pasta-do-zebow-z-czasteczkami-zlota-75-ml\/#primaryimage\"},\"thumbnailUrl\":\"https:\/\/apkostore.com\/wp-content\/uploads\/2024\/05\/CURASEPT-GOLD-LUXURY-pasta-wybielajaca-1.png\",\"datePublished\":\"2024-05-06T07:36:21+00:00\",\"dateModified\":\"2026-04-13T07:45:36+00:00\",\"description\":\"Curasept Gold Luxury to wybielaj\u0105ca pasta do z\u0119b\u00f3w, kt\u00f3ra zapewnia kompleksow\u0105 ochron\u0119 jamy ustnej i pozwala cieszy\u0107 si\u0119 pi\u0119knym, bia\u0142ym u\u015bmiechem.\",\"breadcrumb\":{\"@id\":\"https:\/\/apkostore.com\/en\/product\/curasept-gold-luxury-wybielajaca-pasta-do-zebow-z-czasteczkami-zlota-75-ml\/#breadcrumb\"},\"inLanguage\":\"en-US\",\"potentialAction\":[{\"@type\":\"ReadAction\",\"target\":[\"https:\/\/apkostore.com\/en\/product\/curasept-gold-luxury-wybielajaca-pasta-do-zebow-z-czasteczkami-zlota-75-ml\/\"]}]},{\"@type\":\"ImageObject\",\"inLanguage\":\"en-US\",\"@id\":\"https:\/\/apkostore.com\/en\/product\/curasept-gold-luxury-wybielajaca-pasta-do-zebow-z-czasteczkami-zlota-75-ml\/#primaryimage\",\"url\":\"https:\/\/apkostore.com\/wp-content\/uploads\/2024\/05\/CURASEPT-GOLD-LUXURY-pasta-wybielajaca-1.png\",\"contentUrl\":\"https:\/\/apkostore.com\/wp-content\/uploads\/2024\/05\/CURASEPT-GOLD-LUXURY-pasta-wybielajaca-1.png\",\"width\":652,\"height\":652,\"caption\":\"CURASEPT GOLD LUXURY pasta wybielaj\u0105ca z cz\u0105steczkami z\u0142ota\"},{\"@type\":\"BreadcrumbList\",\"@id\":\"https:\/\/apkostore.com\/en\/product\/curasept-gold-luxury-wybielajaca-pasta-do-zebow-z-czasteczkami-zlota-75-ml\/#breadcrumb\",\"itemListElement\":[{\"@type\":\"ListItem\",\"position\":1,\"name\":\"Strona g\u0142\u00f3wna\",\"item\":\"https:\/\/apkostore.com\/en\/start-eng\/\"},{\"@type\":\"ListItem\",\"position\":2,\"name\":\"Shop\",\"item\":\"https:\/\/apkostore.com\/en\/shop\/\"},{\"@type\":\"ListItem\",\"position\":3,\"name\":\"CURASEPT GOLD LUXURY wybielaj\u0105ca pasta do z\u0119b\u00f3w z cz\u0105steczkami z\u0142ota 75 ml\"}]},{\"@type\":\"WebSite\",\"@id\":\"https:\/\/apkostore.com\/en\/#website\",\"url\":\"https:\/\/apkostore.com\/en\/\",\"name\":\"Apkostore.com\",\"description\":\"\",\"publisher\":{\"@id\":\"https:\/\/apkostore.com\/en\/#organization\"},\"potentialAction\":[{\"@type\":\"SearchAction\",\"target\":{\"@type\":\"EntryPoint\",\"urlTemplate\":\"https:\/\/apkostore.com\/en\/?s={search_term_string}\"},\"query-input\":{\"@type\":\"PropertyValueSpecification\",\"valueRequired\":true,\"valueName\":\"search_term_string\"}}],\"inLanguage\":\"en-US\"},{\"@type\":\"Organization\",\"@id\":\"https:\/\/apkostore.com\/en\/#organization\",\"name\":\"APKO Sp. z o. o.\",\"url\":\"https:\/\/apkostore.com\/en\/\",\"logo\":{\"@type\":\"ImageObject\",\"inLanguage\":\"en-US\",\"@id\":\"https:\/\/apkostore.com\/en\/#\/schema\/logo\/image\/\",\"url\":\"https:\/\/apkostore.com\/wp-content\/uploads\/2023\/09\/logo-black-min.png\",\"contentUrl\":\"https:\/\/apkostore.com\/wp-content\/uploads\/2023\/09\/logo-black-min.png\",\"width\":2500,\"height\":944,\"caption\":\"APKO Sp. z o. o.\"},\"image\":{\"@id\":\"https:\/\/apkostore.com\/en\/#\/schema\/logo\/image\/\"},\"sameAs\":[\"https:\/\/www.facebook.com\/apkostore\",\"https:\/\/www.instagram.com\/apkostore\/\"]}]}<\/script>\n<!-- \/ Yoast SEO plugin. -->","yoast_head_json":{"title":"CURASEPT GOLD LUXURY wybielaj\u0105ca pasta do z\u0119b\u00f3w - Apkostore.com","description":"Curasept Gold Luxury to wybielaj\u0105ca pasta do z\u0119b\u00f3w, kt\u00f3ra zapewnia kompleksow\u0105 ochron\u0119 jamy ustnej i pozwala cieszy\u0107 si\u0119 pi\u0119knym, bia\u0142ym u\u015bmiechem.","robots":{"index":"index","follow":"follow","max-snippet":"max-snippet:-1","max-image-preview":"max-image-preview:large","max-video-preview":"max-video-preview:-1"},"canonical":"https:\/\/apkostore.com\/en\/product\/curasept-gold-luxury-wybielajaca-pasta-do-zebow-z-czasteczkami-zlota-75-ml\/","og_locale":"en_US","og_type":"article","og_title":"CURASEPT GOLD LUXURY wybielaj\u0105ca pasta do z\u0119b\u00f3w - Apkostore.com","og_description":"Curasept Gold Luxury to wybielaj\u0105ca pasta do z\u0119b\u00f3w, kt\u00f3ra zapewnia kompleksow\u0105 ochron\u0119 jamy ustnej i pozwala cieszy\u0107 si\u0119 pi\u0119knym, bia\u0142ym u\u015bmiechem.","og_url":"https:\/\/apkostore.com\/en\/product\/curasept-gold-luxury-wybielajaca-pasta-do-zebow-z-czasteczkami-zlota-75-ml\/","og_site_name":"Apkostore.com","article_publisher":"https:\/\/www.facebook.com\/apkostore","article_modified_time":"2026-04-13T07:45:36+00:00","og_image":[{"width":652,"height":652,"url":"https:\/\/apkostore.com\/wp-content\/uploads\/2024\/05\/CURASEPT-GOLD-LUXURY-pasta-wybielajaca-1.png","type":"image\/png"}],"twitter_card":"summary_large_image","twitter_misc":{"Est. reading time":"2 minutes"},"schema":{"@context":"https:\/\/schema.org","@graph":[{"@type":"WebPage","@id":"https:\/\/apkostore.com\/en\/product\/curasept-gold-luxury-wybielajaca-pasta-do-zebow-z-czasteczkami-zlota-75-ml\/","url":"https:\/\/apkostore.com\/en\/product\/curasept-gold-luxury-wybielajaca-pasta-do-zebow-z-czasteczkami-zlota-75-ml\/","name":"CURASEPT GOLD LUXURY wybielaj\u0105ca pasta do z\u0119b\u00f3w - Apkostore.com","isPartOf":{"@id":"https:\/\/apkostore.com\/en\/#website"},"primaryImageOfPage":{"@id":"https:\/\/apkostore.com\/en\/product\/curasept-gold-luxury-wybielajaca-pasta-do-zebow-z-czasteczkami-zlota-75-ml\/#primaryimage"},"image":{"@id":"https:\/\/apkostore.com\/en\/product\/curasept-gold-luxury-wybielajaca-pasta-do-zebow-z-czasteczkami-zlota-75-ml\/#primaryimage"},"thumbnailUrl":"https:\/\/apkostore.com\/wp-content\/uploads\/2024\/05\/CURASEPT-GOLD-LUXURY-pasta-wybielajaca-1.png","datePublished":"2024-05-06T07:36:21+00:00","dateModified":"2026-04-13T07:45:36+00:00","description":"Curasept Gold Luxury to wybielaj\u0105ca pasta do z\u0119b\u00f3w, kt\u00f3ra zapewnia kompleksow\u0105 ochron\u0119 jamy ustnej i pozwala cieszy\u0107 si\u0119 pi\u0119knym, bia\u0142ym u\u015bmiechem.","breadcrumb":{"@id":"https:\/\/apkostore.com\/en\/product\/curasept-gold-luxury-wybielajaca-pasta-do-zebow-z-czasteczkami-zlota-75-ml\/#breadcrumb"},"inLanguage":"en-US","potentialAction":[{"@type":"ReadAction","target":["https:\/\/apkostore.com\/en\/product\/curasept-gold-luxury-wybielajaca-pasta-do-zebow-z-czasteczkami-zlota-75-ml\/"]}]},{"@type":"ImageObject","inLanguage":"en-US","@id":"https:\/\/apkostore.com\/en\/product\/curasept-gold-luxury-wybielajaca-pasta-do-zebow-z-czasteczkami-zlota-75-ml\/#primaryimage","url":"https:\/\/apkostore.com\/wp-content\/uploads\/2024\/05\/CURASEPT-GOLD-LUXURY-pasta-wybielajaca-1.png","contentUrl":"https:\/\/apkostore.com\/wp-content\/uploads\/2024\/05\/CURASEPT-GOLD-LUXURY-pasta-wybielajaca-1.png","width":652,"height":652,"caption":"CURASEPT GOLD LUXURY pasta wybielaj\u0105ca z cz\u0105steczkami z\u0142ota"},{"@type":"BreadcrumbList","@id":"https:\/\/apkostore.com\/en\/product\/curasept-gold-luxury-wybielajaca-pasta-do-zebow-z-czasteczkami-zlota-75-ml\/#breadcrumb","itemListElement":[{"@type":"ListItem","position":1,"name":"Strona g\u0142\u00f3wna","item":"https:\/\/apkostore.com\/en\/start-eng\/"},{"@type":"ListItem","position":2,"name":"Shop","item":"https:\/\/apkostore.com\/en\/shop\/"},{"@type":"ListItem","position":3,"name":"CURASEPT GOLD LUXURY wybielaj\u0105ca pasta do z\u0119b\u00f3w z cz\u0105steczkami z\u0142ota 75 ml"}]},{"@type":"WebSite","@id":"https:\/\/apkostore.com\/en\/#website","url":"https:\/\/apkostore.com\/en\/","name":"Apkostore.com","description":"","publisher":{"@id":"https:\/\/apkostore.com\/en\/#organization"},"potentialAction":[{"@type":"SearchAction","target":{"@type":"EntryPoint","urlTemplate":"https:\/\/apkostore.com\/en\/?s={search_term_string}"},"query-input":{"@type":"PropertyValueSpecification","valueRequired":true,"valueName":"search_term_string"}}],"inLanguage":"en-US"},{"@type":"Organization","@id":"https:\/\/apkostore.com\/en\/#organization","name":"APKO Sp. z o. o.","url":"https:\/\/apkostore.com\/en\/","logo":{"@type":"ImageObject","inLanguage":"en-US","@id":"https:\/\/apkostore.com\/en\/#\/schema\/logo\/image\/","url":"https:\/\/apkostore.com\/wp-content\/uploads\/2023\/09\/logo-black-min.png","contentUrl":"https:\/\/apkostore.com\/wp-content\/uploads\/2023\/09\/logo-black-min.png","width":2500,"height":944,"caption":"APKO Sp. z o. o."},"image":{"@id":"https:\/\/apkostore.com\/en\/#\/schema\/logo\/image\/"},"sameAs":["https:\/\/www.facebook.com\/apkostore","https:\/\/www.instagram.com\/apkostore\/"]}]}},"_links":{"self":[{"href":"https:\/\/apkostore.com\/en\/wp-json\/wp\/v2\/product\/5791","targetHints":{"allow":["GET"]}}],"collection":[{"href":"https:\/\/apkostore.com\/en\/wp-json\/wp\/v2\/product"}],"about":[{"href":"https:\/\/apkostore.com\/en\/wp-json\/wp\/v2\/types\/product"}],"wp:featuredmedia":[{"embeddable":true,"href":"https:\/\/apkostore.com\/en\/wp-json\/wp\/v2\/media\/5792"}],"wp:attachment":[{"href":"https:\/\/apkostore.com\/en\/wp-json\/wp\/v2\/media?parent=5791"}],"wp:term":[{"taxonomy":"product_brand","embeddable":true,"href":"https:\/\/apkostore.com\/en\/wp-json\/wp\/v2\/product_brand?post=5791"},{"taxonomy":"product_cat","embeddable":true,"href":"https:\/\/apkostore.com\/en\/wp-json\/wp\/v2\/product_cat?post=5791"},{"taxonomy":"product_tag","embeddable":true,"href":"https:\/\/apkostore.com\/en\/wp-json\/wp\/v2\/product_tag?post=5791"},{"taxonomy":"dodatkowo","embeddable":true,"href":"https:\/\/apkostore.com\/en\/wp-json\/wp\/v2\/dodatkowo?post=5791"}],"curies":[{"name":"wp","href":"https:\/\/api.w.org\/{rel}","templated":true}]}}