{"id":5510,"date":"2024-03-14T22:54:06","date_gmt":"2024-03-14T21:54:06","guid":{"rendered":"https:\/\/apkostore.com\/?post_type=product&#038;p=5510"},"modified":"2026-04-16T12:01:27","modified_gmt":"2026-04-16T10:01:27","slug":"zestaw-ortodontyczny-dla-noszacych-nakladki","status":"publish","type":"product","link":"https:\/\/apkostore.com\/en\/product\/zestaw-ortodontyczny-dla-noszacych-nakladki\/","title":{"rendered":"ZESTAW ORTODONTYCZNY dla nosz\u0105cych nak\u0142adki"},"content":{"rendered":"<p data-sourcepos=\"1:1-1:78\"><strong>Zestaw ortodontyczny dla nosz\u0105cych nak\u0142adki\u00a0&#8211; Tw\u00f3j sprzymierzeniec w komfortowym noszeniu aparatu!<\/strong><\/p>\n<p data-sourcepos=\"3:1-3:70\">Pierwsze dni po za\u0142o\u017ceniu aparatu sta\u0142ego to wyzwanie dla ka\u017cdego.<\/p>\n<p data-sourcepos=\"5:1-5:134\">Ten praktyczny zestaw zawiera <strong>wszystko, czego potrzebujesz<\/strong>, aby u\u0142atwi\u0107 sobie ten okres i zapewni\u0107 prawid\u0142ow\u0105 higien\u0119 jamy ustnej.<\/p>\n<h2 data-sourcepos=\"5:1-5:134\">Zestaw <strong>ortodontyczny dla nosz\u0105cych nak\u0142adki <\/strong>zawiera:<\/h2>\n<p data-sourcepos=\"5:1-5:134\"><strong>Etui na nak\u0142adki:<\/strong><\/p>\n<ul>\n<li data-sourcepos=\"5:1-5:134\">To niezb\u0119dny element podczas leczenia. <strong>Chroni nak\u0142adki przed zgubieniem, zabrudzeniem i uszkodzeniem,<\/strong> zapewniaj\u0105c im higieniczne przechowywanie.<\/li>\n<li data-sourcepos=\"5:1-5:134\">Posiada lusterko dzi\u0119ki kt\u00f3remu w \u0142atwy spos\u00f3b mo\u017cesz kontrolowa\u0107 odpowiednie u\u0142o\u017cenie nak\u0142adek.<\/li>\n<li data-sourcepos=\"5:1-5:134\">Jego kompaktowy rozmiar sprawia, \u017ce <strong>mie\u015bci si\u0119 w ka\u017cdej torebce czy kieszeni<\/strong>.<\/li>\n<\/ul>\n<p><strong>Haczyk z zagryzakiem do nak\u0142adek ortodontycznych:<\/strong><\/p>\n<ul>\n<li data-sourcepos=\"3:1-3:195\"><strong>\u0141atwe zak\u0142adanie i zdejmowanie nak\u0142adek<\/strong>\u00a0&#8211; haczyk zapewnia pewny chwyt, u\u0142atwiaj\u0105c nak\u0142adanie i zdejmowanie nak\u0142adek bez u\u017cywania r\u0105k, co chroni paznokcie i nak\u0142adki przed uszkodzeniem<\/li>\n<li data-sourcepos=\"4:1-4:163\"><strong>Higieniczne u\u017cytkowanie <\/strong>&#8211; haczyk minimalizuje kontakt r\u0105k z nak\u0142adkami, zmniejszaj\u0105c ryzyko przenoszenia bakterii i zapewniaj\u0105c lepsz\u0105 higien\u0119 jamy ustnej.<\/li>\n<li data-sourcepos=\"5:1-6:0\"><strong>Komfort i wygoda<\/strong> &#8211; ergonomiczny kszta\u0142t zagryzaka zapewnia wygodny chwyt podczas zdejmowania nak\u0142adek i ochron\u0119 dzi\u0105se\u0142 przed podra\u017cnieniami.<\/li>\n<\/ul>\n<p data-sourcepos=\"7:1-7:16\"><strong>Szczoteczki do z\u0119b\u00f3w:<\/strong><\/p>\n<ul data-sourcepos=\"9:1-11:0\">\n<li data-sourcepos=\"9:1-9:197\"><strong>Curasept Extra Soft 012 <\/strong>&#8211; mi\u0119kka szczoteczka manualna o ma\u0142ej g\u0142\u00f3wce i ergonomicznym uchwycie zapewnia delikatne oczyszczanie z\u0119b\u00f3w i dzi\u0105se\u0142, a tak\u017ce \u0142atwy dost\u0119p do trudno dost\u0119pnych miejsc.<\/li>\n<li data-sourcepos=\"10:1-11:0\"><strong>Elgydium Pocket<\/strong>\u00a0&#8211; zczoteczka podr\u00f3\u017cna, idealna do regularnego szczotkowania w ci\u0105gu dnia, gdy jeste\u015b poza domem.<\/li>\n<\/ul>\n<p data-sourcepos=\"12:1-12:22\"><strong>P\u0142yn do p\u0142ukania:<\/strong><\/p>\n<ul data-sourcepos=\"14:1-15:0\">\n<li data-sourcepos=\"14:1-15:0\"><strong>Eludril Ortho<\/strong> &#8211; p\u0142yn do p\u0142ukania jamy ustnej o dzia\u0142aniu przeciwp\u0142ytkowym i remineralizuj\u0105cym. Zapobiega powstawaniu p\u0142ytki naz\u0119bnej, wzmacnia szkliwo i chroni przed pr\u00f3chnic\u0105. Nie barwi element\u00f3w aparatu i nak\u0142adek.<\/li>\n<\/ul>\n<p data-sourcepos=\"16:1-16:19\"><strong>Pasty do z\u0119b\u00f3w:<\/strong><\/p>\n<ul data-sourcepos=\"18:1-20:0\">\n<li data-sourcepos=\"18:1-18:144\"><strong>Elgydium Przeciwpr\u00f3chnicowa<\/strong> &#8211; pasta do stosowania rano. Zawiera fluorinol i syliglikol, kt\u00f3re wzmacniaj\u0105 szkliwo i chroni\u0105 przed pr\u00f3chnic\u0105.<\/li>\n<li data-sourcepos=\"19:1-20:0\"><strong>Elgydium Anti-Plaque<\/strong> &#8211; pasta do stosowania wieczorem. Zawiera chlorheksydyn\u0119, kt\u00f3ra zwalcza p\u0142ytk\u0119 naz\u0119bn\u0105 i oczyszcza z\u0119by, a tak\u017ce w\u0119glan wapnia odbudowuj\u0105cy i poleruj\u0105cy szkliwo.<\/li>\n<\/ul>\n<p data-sourcepos=\"21:1-21:22\"><strong>Ni\u0107 dentystyczna:<\/strong><\/p>\n<ul data-sourcepos=\"23:1-24:0\">\n<li data-sourcepos=\"23:1-24:0\"><b>Elgydium Clinic Ni\u0107 P\u0119czniej\u0105ca\u00a0<\/b>&#8211;\u00a0jest polecana przez stomatolog\u00f3w jako idealne rozwi\u0105zanie do codziennej higieny jamy ustnej dla os\u00f3b nosz\u0105cych nak\u0142adki ortodontyczne. Regularne stosowanie nici w po\u0142\u0105czeniu z szczotkowaniem z\u0119b\u00f3w zapewnia kompleksow\u0105 ochron\u0119 przed pr\u00f3chnic\u0105, chorobami dzi\u0105se\u0142 i innymi problemami stomatologicznymi.<\/li>\n<\/ul>\n<h2 data-sourcepos=\"33:1-33:28\"><strong>Zestaw ortodontyczny &#8211; zalety:<\/strong><\/h2>\n<ul data-sourcepos=\"35:1-39:0\">\n<li data-sourcepos=\"35:1-35:86\"><strong>Kompletny zestaw niezb\u0119dnych akcesori\u00f3w<\/strong> dla os\u00f3b nosz\u0105cych aparat ortodontyczny<\/li>\n<li data-sourcepos=\"36:1-36:75\"><strong>Wysokiej jako\u015bci produkty<\/strong> zapewniaj\u0105ce skuteczn\u0105 higien\u0119 jamy ustnej<\/li>\n<li data-sourcepos=\"37:1-37:46\"><strong>\u0141atwo\u015b\u0107 stosowania i wygoda u\u017cytkowania<\/strong><\/li>\n<li data-sourcepos=\"38:1-39:0\"><strong>Przyjazny dla dzi\u0105se\u0142 i delikatny dla aparatu<\/strong><\/li>\n<li data-sourcepos=\"38:1-39:0\"><strong>Zapewni Ci komfort w trakcie leczenia<\/strong><\/li>\n<\/ul>\n<p data-sourcepos=\"40:1-40:74\"><strong>Zadbaj o zdrowie i pi\u0119kno swojego u\u015bmiechu od pierwszych dni leczenia!<\/strong><\/p>\n<h3 data-sourcepos=\"42:1-42:25\">Dodatkowe informacje:<\/h3>\n<ul data-sourcepos=\"44:1-47:0\">\n<li data-sourcepos=\"44:1-44:72\">Zestaw przeznaczony dla os\u00f3b doros\u0142ych i dzieci powy\u017cej 12 roku \u017cycia.<\/li>\n<li data-sourcepos=\"45:1-45:68\">Wymieniaj szczoteczki co 3 miesi\u0105ce lub cz\u0119\u015bciej, je\u015bli s\u0105 zu\u017cyte.<\/li>\n<li data-sourcepos=\"46:1-47:0\">Cena produkt\u00f3w w zestawie jest <strong>du\u017co korzystniejsza<\/strong> ni\u017c cena przy zakupie poszczeg\u00f3lnych produkt\u00f3w osobno.<\/li>\n<\/ul>\n","protected":false},"excerpt":{"rendered":"<p>1 zestaw<\/p>\n","protected":false},"featured_media":5507,"template":"","meta":[],"product_brand":[],"product_cat":[211],"product_tag":[],"dodatkowo":[],"class_list":{"0":"post-5510","1":"product","2":"type-product","3":"status-publish","4":"has-post-thumbnail","6":"product_cat-nakladki-ortodontyczne","8":"first","9":"instock","10":"taxable","11":"shipping-taxable","12":"purchasable","13":"product-type-simple"},"yoast_head":"<!-- This site is optimized with the Yoast SEO plugin v27.2 - https:\/\/yoast.com\/product\/yoast-seo-wordpress\/ -->\n<title>ZESTAW ORTODONTYCZNY dla nosz\u0105cych nak\u0142adki - Apkostore.com<\/title>\n<meta name=\"description\" content=\"Zestaw ortodontyczny dla nosz\u0105cych nak\u0142adki\u00a0- Tw\u00f3j sprzymierzeniec w komfortowym noszeniu aparatu! Zapewni Ci \u0142atw\u0105 higien\u0119 jamy ustnej w trakcie leczenia.\" \/>\n<meta name=\"robots\" content=\"index, follow, max-snippet:-1, max-image-preview:large, max-video-preview:-1\" \/>\n<link rel=\"canonical\" href=\"https:\/\/apkostore.com\/en\/product\/zestaw-ortodontyczny-dla-noszacych-nakladki\/\" \/>\n<meta property=\"og:locale\" content=\"en_US\" \/>\n<meta property=\"og:type\" content=\"article\" \/>\n<meta property=\"og:title\" content=\"ZESTAW ORTODONTYCZNY dla nosz\u0105cych nak\u0142adki - Apkostore.com\" \/>\n<meta property=\"og:description\" content=\"Zestaw ortodontyczny dla nosz\u0105cych nak\u0142adki\u00a0- Tw\u00f3j sprzymierzeniec w komfortowym noszeniu aparatu! Zapewni Ci \u0142atw\u0105 higien\u0119 jamy ustnej w trakcie leczenia.\" \/>\n<meta property=\"og:url\" content=\"https:\/\/apkostore.com\/en\/product\/zestaw-ortodontyczny-dla-noszacych-nakladki\/\" \/>\n<meta property=\"og:site_name\" content=\"Apkostore.com\" \/>\n<meta property=\"article:publisher\" content=\"https:\/\/www.facebook.com\/apkostore\" \/>\n<meta property=\"article:modified_time\" content=\"2026-04-16T10:01:27+00:00\" \/>\n<meta property=\"og:image\" content=\"https:\/\/apkostore.com\/wp-content\/uploads\/2024\/03\/Zestaw-ortodontyczny-dla-noszacych-nakladki.png\" \/>\n\t<meta property=\"og:image:width\" content=\"652\" \/>\n\t<meta property=\"og:image:height\" content=\"652\" \/>\n\t<meta property=\"og:image:type\" content=\"image\/png\" \/>\n<meta name=\"twitter:card\" content=\"summary_large_image\" \/>\n<meta name=\"twitter:label1\" content=\"Est. reading time\" \/>\n\t<meta name=\"twitter:data1\" content=\"3 minutes\" \/>\n<script type=\"application\/ld+json\" class=\"yoast-schema-graph\">{\"@context\":\"https:\/\/schema.org\",\"@graph\":[{\"@type\":\"WebPage\",\"@id\":\"https:\/\/apkostore.com\/en\/product\/zestaw-ortodontyczny-dla-noszacych-nakladki\/\",\"url\":\"https:\/\/apkostore.com\/en\/product\/zestaw-ortodontyczny-dla-noszacych-nakladki\/\",\"name\":\"ZESTAW ORTODONTYCZNY dla nosz\u0105cych nak\u0142adki - Apkostore.com\",\"isPartOf\":{\"@id\":\"https:\/\/apkostore.com\/en\/#website\"},\"primaryImageOfPage\":{\"@id\":\"https:\/\/apkostore.com\/en\/product\/zestaw-ortodontyczny-dla-noszacych-nakladki\/#primaryimage\"},\"image\":{\"@id\":\"https:\/\/apkostore.com\/en\/product\/zestaw-ortodontyczny-dla-noszacych-nakladki\/#primaryimage\"},\"thumbnailUrl\":\"https:\/\/apkostore.com\/wp-content\/uploads\/2024\/03\/Zestaw-ortodontyczny-dla-noszacych-nakladki.png\",\"datePublished\":\"2024-03-14T21:54:06+00:00\",\"dateModified\":\"2026-04-16T10:01:27+00:00\",\"description\":\"Zestaw ortodontyczny dla nosz\u0105cych nak\u0142adki\u00a0- Tw\u00f3j sprzymierzeniec w komfortowym noszeniu aparatu! Zapewni Ci \u0142atw\u0105 higien\u0119 jamy ustnej w trakcie leczenia.\",\"breadcrumb\":{\"@id\":\"https:\/\/apkostore.com\/en\/product\/zestaw-ortodontyczny-dla-noszacych-nakladki\/#breadcrumb\"},\"inLanguage\":\"en-US\",\"potentialAction\":[{\"@type\":\"ReadAction\",\"target\":[\"https:\/\/apkostore.com\/en\/product\/zestaw-ortodontyczny-dla-noszacych-nakladki\/\"]}]},{\"@type\":\"ImageObject\",\"inLanguage\":\"en-US\",\"@id\":\"https:\/\/apkostore.com\/en\/product\/zestaw-ortodontyczny-dla-noszacych-nakladki\/#primaryimage\",\"url\":\"https:\/\/apkostore.com\/wp-content\/uploads\/2024\/03\/Zestaw-ortodontyczny-dla-noszacych-nakladki.png\",\"contentUrl\":\"https:\/\/apkostore.com\/wp-content\/uploads\/2024\/03\/Zestaw-ortodontyczny-dla-noszacych-nakladki.png\",\"width\":652,\"height\":652,\"caption\":\"Zestaw ortodontyczny dla nosz\u0105cych nak\u0142adki ortodontyczne\"},{\"@type\":\"BreadcrumbList\",\"@id\":\"https:\/\/apkostore.com\/en\/product\/zestaw-ortodontyczny-dla-noszacych-nakladki\/#breadcrumb\",\"itemListElement\":[{\"@type\":\"ListItem\",\"position\":1,\"name\":\"Strona g\u0142\u00f3wna\",\"item\":\"https:\/\/apkostore.com\/en\/start-eng\/\"},{\"@type\":\"ListItem\",\"position\":2,\"name\":\"Shop\",\"item\":\"https:\/\/apkostore.com\/en\/shop\/\"},{\"@type\":\"ListItem\",\"position\":3,\"name\":\"ZESTAW ORTODONTYCZNY dla nosz\u0105cych nak\u0142adki\"}]},{\"@type\":\"WebSite\",\"@id\":\"https:\/\/apkostore.com\/en\/#website\",\"url\":\"https:\/\/apkostore.com\/en\/\",\"name\":\"Apkostore.com\",\"description\":\"\",\"publisher\":{\"@id\":\"https:\/\/apkostore.com\/en\/#organization\"},\"potentialAction\":[{\"@type\":\"SearchAction\",\"target\":{\"@type\":\"EntryPoint\",\"urlTemplate\":\"https:\/\/apkostore.com\/en\/?s={search_term_string}\"},\"query-input\":{\"@type\":\"PropertyValueSpecification\",\"valueRequired\":true,\"valueName\":\"search_term_string\"}}],\"inLanguage\":\"en-US\"},{\"@type\":\"Organization\",\"@id\":\"https:\/\/apkostore.com\/en\/#organization\",\"name\":\"APKO Sp. z o. o.\",\"url\":\"https:\/\/apkostore.com\/en\/\",\"logo\":{\"@type\":\"ImageObject\",\"inLanguage\":\"en-US\",\"@id\":\"https:\/\/apkostore.com\/en\/#\/schema\/logo\/image\/\",\"url\":\"https:\/\/apkostore.com\/wp-content\/uploads\/2023\/09\/logo-black-min.png\",\"contentUrl\":\"https:\/\/apkostore.com\/wp-content\/uploads\/2023\/09\/logo-black-min.png\",\"width\":2500,\"height\":944,\"caption\":\"APKO Sp. z o. o.\"},\"image\":{\"@id\":\"https:\/\/apkostore.com\/en\/#\/schema\/logo\/image\/\"},\"sameAs\":[\"https:\/\/www.facebook.com\/apkostore\",\"https:\/\/www.instagram.com\/apkostore\/\"]}]}<\/script>\n<!-- \/ Yoast SEO plugin. -->","yoast_head_json":{"title":"ZESTAW ORTODONTYCZNY dla nosz\u0105cych nak\u0142adki - Apkostore.com","description":"Zestaw ortodontyczny dla nosz\u0105cych nak\u0142adki\u00a0- Tw\u00f3j sprzymierzeniec w komfortowym noszeniu aparatu! Zapewni Ci \u0142atw\u0105 higien\u0119 jamy ustnej w trakcie leczenia.","robots":{"index":"index","follow":"follow","max-snippet":"max-snippet:-1","max-image-preview":"max-image-preview:large","max-video-preview":"max-video-preview:-1"},"canonical":"https:\/\/apkostore.com\/en\/product\/zestaw-ortodontyczny-dla-noszacych-nakladki\/","og_locale":"en_US","og_type":"article","og_title":"ZESTAW ORTODONTYCZNY dla nosz\u0105cych nak\u0142adki - Apkostore.com","og_description":"Zestaw ortodontyczny dla nosz\u0105cych nak\u0142adki\u00a0- Tw\u00f3j sprzymierzeniec w komfortowym noszeniu aparatu! Zapewni Ci \u0142atw\u0105 higien\u0119 jamy ustnej w trakcie leczenia.","og_url":"https:\/\/apkostore.com\/en\/product\/zestaw-ortodontyczny-dla-noszacych-nakladki\/","og_site_name":"Apkostore.com","article_publisher":"https:\/\/www.facebook.com\/apkostore","article_modified_time":"2026-04-16T10:01:27+00:00","og_image":[{"width":652,"height":652,"url":"https:\/\/apkostore.com\/wp-content\/uploads\/2024\/03\/Zestaw-ortodontyczny-dla-noszacych-nakladki.png","type":"image\/png"}],"twitter_card":"summary_large_image","twitter_misc":{"Est. reading time":"3 minutes"},"schema":{"@context":"https:\/\/schema.org","@graph":[{"@type":"WebPage","@id":"https:\/\/apkostore.com\/en\/product\/zestaw-ortodontyczny-dla-noszacych-nakladki\/","url":"https:\/\/apkostore.com\/en\/product\/zestaw-ortodontyczny-dla-noszacych-nakladki\/","name":"ZESTAW ORTODONTYCZNY dla nosz\u0105cych nak\u0142adki - Apkostore.com","isPartOf":{"@id":"https:\/\/apkostore.com\/en\/#website"},"primaryImageOfPage":{"@id":"https:\/\/apkostore.com\/en\/product\/zestaw-ortodontyczny-dla-noszacych-nakladki\/#primaryimage"},"image":{"@id":"https:\/\/apkostore.com\/en\/product\/zestaw-ortodontyczny-dla-noszacych-nakladki\/#primaryimage"},"thumbnailUrl":"https:\/\/apkostore.com\/wp-content\/uploads\/2024\/03\/Zestaw-ortodontyczny-dla-noszacych-nakladki.png","datePublished":"2024-03-14T21:54:06+00:00","dateModified":"2026-04-16T10:01:27+00:00","description":"Zestaw ortodontyczny dla nosz\u0105cych nak\u0142adki\u00a0- Tw\u00f3j sprzymierzeniec w komfortowym noszeniu aparatu! Zapewni Ci \u0142atw\u0105 higien\u0119 jamy ustnej w trakcie leczenia.","breadcrumb":{"@id":"https:\/\/apkostore.com\/en\/product\/zestaw-ortodontyczny-dla-noszacych-nakladki\/#breadcrumb"},"inLanguage":"en-US","potentialAction":[{"@type":"ReadAction","target":["https:\/\/apkostore.com\/en\/product\/zestaw-ortodontyczny-dla-noszacych-nakladki\/"]}]},{"@type":"ImageObject","inLanguage":"en-US","@id":"https:\/\/apkostore.com\/en\/product\/zestaw-ortodontyczny-dla-noszacych-nakladki\/#primaryimage","url":"https:\/\/apkostore.com\/wp-content\/uploads\/2024\/03\/Zestaw-ortodontyczny-dla-noszacych-nakladki.png","contentUrl":"https:\/\/apkostore.com\/wp-content\/uploads\/2024\/03\/Zestaw-ortodontyczny-dla-noszacych-nakladki.png","width":652,"height":652,"caption":"Zestaw ortodontyczny dla nosz\u0105cych nak\u0142adki ortodontyczne"},{"@type":"BreadcrumbList","@id":"https:\/\/apkostore.com\/en\/product\/zestaw-ortodontyczny-dla-noszacych-nakladki\/#breadcrumb","itemListElement":[{"@type":"ListItem","position":1,"name":"Strona g\u0142\u00f3wna","item":"https:\/\/apkostore.com\/en\/start-eng\/"},{"@type":"ListItem","position":2,"name":"Shop","item":"https:\/\/apkostore.com\/en\/shop\/"},{"@type":"ListItem","position":3,"name":"ZESTAW ORTODONTYCZNY dla nosz\u0105cych nak\u0142adki"}]},{"@type":"WebSite","@id":"https:\/\/apkostore.com\/en\/#website","url":"https:\/\/apkostore.com\/en\/","name":"Apkostore.com","description":"","publisher":{"@id":"https:\/\/apkostore.com\/en\/#organization"},"potentialAction":[{"@type":"SearchAction","target":{"@type":"EntryPoint","urlTemplate":"https:\/\/apkostore.com\/en\/?s={search_term_string}"},"query-input":{"@type":"PropertyValueSpecification","valueRequired":true,"valueName":"search_term_string"}}],"inLanguage":"en-US"},{"@type":"Organization","@id":"https:\/\/apkostore.com\/en\/#organization","name":"APKO Sp. z o. o.","url":"https:\/\/apkostore.com\/en\/","logo":{"@type":"ImageObject","inLanguage":"en-US","@id":"https:\/\/apkostore.com\/en\/#\/schema\/logo\/image\/","url":"https:\/\/apkostore.com\/wp-content\/uploads\/2023\/09\/logo-black-min.png","contentUrl":"https:\/\/apkostore.com\/wp-content\/uploads\/2023\/09\/logo-black-min.png","width":2500,"height":944,"caption":"APKO Sp. z o. o."},"image":{"@id":"https:\/\/apkostore.com\/en\/#\/schema\/logo\/image\/"},"sameAs":["https:\/\/www.facebook.com\/apkostore","https:\/\/www.instagram.com\/apkostore\/"]}]}},"_links":{"self":[{"href":"https:\/\/apkostore.com\/en\/wp-json\/wp\/v2\/product\/5510","targetHints":{"allow":["GET"]}}],"collection":[{"href":"https:\/\/apkostore.com\/en\/wp-json\/wp\/v2\/product"}],"about":[{"href":"https:\/\/apkostore.com\/en\/wp-json\/wp\/v2\/types\/product"}],"wp:featuredmedia":[{"embeddable":true,"href":"https:\/\/apkostore.com\/en\/wp-json\/wp\/v2\/media\/5507"}],"wp:attachment":[{"href":"https:\/\/apkostore.com\/en\/wp-json\/wp\/v2\/media?parent=5510"}],"wp:term":[{"taxonomy":"product_brand","embeddable":true,"href":"https:\/\/apkostore.com\/en\/wp-json\/wp\/v2\/product_brand?post=5510"},{"taxonomy":"product_cat","embeddable":true,"href":"https:\/\/apkostore.com\/en\/wp-json\/wp\/v2\/product_cat?post=5510"},{"taxonomy":"product_tag","embeddable":true,"href":"https:\/\/apkostore.com\/en\/wp-json\/wp\/v2\/product_tag?post=5510"},{"taxonomy":"dodatkowo","embeddable":true,"href":"https:\/\/apkostore.com\/en\/wp-json\/wp\/v2\/dodatkowo?post=5510"}],"curies":[{"name":"wp","href":"https:\/\/api.w.org\/{rel}","templated":true}]}}