{"id":5492,"date":"2024-03-14T18:03:03","date_gmt":"2024-03-14T17:03:03","guid":{"rendered":"https:\/\/apkostore.com\/?post_type=product&#038;p=5492"},"modified":"2026-03-31T22:27:52","modified_gmt":"2026-03-31T20:27:52","slug":"wosk-ortodontyczny-bezzapachowy-1-szt","status":"publish","type":"product","link":"https:\/\/apkostore.com\/en\/product\/wosk-ortodontyczny-bezzapachowy-1-szt\/","title":{"rendered":"WOSK ORTODONTYCZNY bezzapachowy 1 szt."},"content":{"rendered":"<p data-sourcepos=\"1:1-1:70\"><strong>Wosk ortodontyczny bezzapachowy &#8211; ulga w podra\u017cnieniach od aparatu!<\/strong><\/p>\n<p>Cierpisz na dyskomfort podczas noszenia aparatu ortodontycznego?<\/p>\n<p data-sourcepos=\"5:1-5:192\">Szorstkie kraw\u0119dzie zamk\u00f3w, pier\u015bcieni i \u0142uk\u00f3w mog\u0105 podra\u017cnia\u0107 \u015bluz\u00f3wk\u0119 jamy ustnej i powodowa\u0107 bolesne otarcia. Na szcz\u0119\u015bcie istnieje rozwi\u0105zanie &#8211; <strong>bezzapachowy wosk ortodontyczny!<\/strong><\/p>\n<h2 data-sourcepos=\"7:1-7:34\"><strong>Co to jest wosk ortodontyczny?<\/strong><\/h2>\n<p data-sourcepos=\"9:1-9:180\">To produkt stworzony specjalnie dla os\u00f3b nosz\u0105cych aparaty sta\u0142e. Wosk tworzy cienk\u0105 warstw\u0119 ochronn\u0105 na kraw\u0119dziach aparatu, chroni\u0105c delikatn\u0105 b\u0142on\u0119 \u015bluzow\u0105 przed podra\u017cnieniami.<\/p>\n<h2 data-sourcepos=\"11:1-11:54\"><strong>Dlaczego warto stosowa\u0107 wosk ortodontyczny?<\/strong><\/h2>\n<ul data-sourcepos=\"13:1-19:0\">\n<li data-sourcepos=\"13:1-13:81\"><strong>Ulga w podra\u017cnieniach &#8211;<\/strong>\u00a0\u0142agodzi b\u00f3l i dyskomfort spowodowany otarciami.<\/li>\n<li data-sourcepos=\"14:1-14:88\"><strong>Ochrona b\u0142ony \u015bluzowej &#8211; <\/strong>tworzy barier\u0119 ochronn\u0105 przed ostrymi kraw\u0119dziami aparatu.<\/li>\n<li data-sourcepos=\"15:1-15:95\"><strong>Komfort u\u017cytkowania &#8211; <\/strong>ma\u0142y, por\u0119czny pojemnik u\u0142atwia stosowanie wosku w dowolnym miejscu.<\/li>\n<li data-sourcepos=\"16:1-16:117\"><strong>Bezpieczny dla zdrowia &#8211; <\/strong>mikrokrystaliczny jest ca\u0142kowicie bezpieczny i zatwierdzony przez WHO, CIR i EFSA.<\/li>\n<li data-sourcepos=\"17:1-17:104\"><strong>Wygodne porcjowanie &#8211;<\/strong>\u00a0jest podzielony na cienkie ruloniki, u\u0142atwiaj\u0105ce precyzyjne aplikowanie.<\/li>\n<li data-sourcepos=\"18:1-19:0\"><strong>R\u00f3\u017cne kolory &#8211; <\/strong>opakowania dost\u0119pne s\u0105 w r\u00f3\u017cnych kolorach &#8211; wybierz sw\u00f3j ulubiony!<\/li>\n<\/ul>\n<h2 data-sourcepos=\"20:1-20:44\"><strong>Jak u\u017cywa\u0107 wosku ortodontycznego:<\/strong><\/h2>\n<ol data-sourcepos=\"22:1-26:0\">\n<li data-sourcepos=\"22:1-22:38\">Oderwij niewielki kawa\u0142ek wa\u0142ka.<\/li>\n<li data-sourcepos=\"23:1-23:46\">Rozgrzej go w palcach i uformuj ma\u0142\u0105 kulk\u0119.<\/li>\n<li data-sourcepos=\"24:1-24:73\">Przyklej wosk do wybranego elementu aparatu, kt\u00f3ry podra\u017cnia \u015bluz\u00f3wk\u0119.<\/li>\n<li data-sourcepos=\"25:1-26:0\">W razie potrzeby zanurz wosk w ciep\u0142ej wodzie, aby u\u0142atwi\u0107 jego formowanie.<\/li>\n<\/ol>\n<h2 data-sourcepos=\"27:1-27:21\"><strong>Po\u0142kni\u0119cie wosku:<\/strong><\/h2>\n<p data-sourcepos=\"29:1-29:197\">Nie ma powod\u00f3w do obaw! Wosk mikrokrystaliczny nie jest wch\u0142aniany w jelitach i jest ca\u0142kowicie wydalany z organizmu. Mo\u017cesz wi\u0119c bez problemu spo\u017cywa\u0107 posi\u0142ki, nawet je\u015bli po\u0142kniesz kawa\u0142ek wosku.<\/p>\n<h2 data-sourcepos=\"31:1-31:28\"><strong>W opakowaniu znajdziesz:<\/strong><\/h2>\n<ul data-sourcepos=\"33:1-35:0\">\n<li data-sourcepos=\"33:1-33:19\">5 wa\u0142k\u00f3w wosku<\/li>\n<li data-sourcepos=\"34:1-35:0\">Por\u0119czne, zamykane etui<\/li>\n<\/ul>\n<h2 data-sourcepos=\"38:1-38:25\"><strong>Dodatkowe informacje:<\/strong><\/h2>\n<ul data-sourcepos=\"40:1-43:0\">\n<li data-sourcepos=\"40:1-40:42\">Wosk mo\u017cna stosowa\u0107 wiele razy dziennie.<\/li>\n<li data-sourcepos=\"41:1-41:42\">Zdj\u0119cie produktu ma charakter pogl\u0105dowy.<\/li>\n<li data-sourcepos=\"42:1-43:0\">Kolor wysy\u0142amy losowo.<\/li>\n<\/ul>\n","protected":false},"excerpt":{"rendered":"<p>1 szt.<\/p>\n","protected":false},"featured_media":5493,"template":"","meta":[],"product_brand":[],"product_cat":[212],"product_tag":[],"dodatkowo":[],"class_list":{"0":"post-5492","1":"product","2":"type-product","3":"status-publish","4":"has-post-thumbnail","6":"product_cat-aparat-staly","8":"first","9":"instock","10":"taxable","11":"shipping-taxable","12":"purchasable","13":"product-type-simple"},"yoast_head":"<!-- This site is optimized with the Yoast SEO plugin v27.5 - https:\/\/yoast.com\/product\/yoast-seo-wordpress\/ -->\n<title>WOSK ORTODONTYCZNY bezzapachowy 1 szt. - Apkostore.com<\/title>\n<meta name=\"description\" content=\"Szorstkie kraw\u0119dzie zamk\u00f3w i drut\u00f3w mog\u0105 podra\u017cnia\u0107 \u015bluz\u00f3wk\u0119 jamy ustnej i powodowa\u0107 bolesne otarcia. Rozwi\u0105zaniem jest wosk ortodontyczny bezzapachowy!\" \/>\n<meta name=\"robots\" content=\"index, follow, max-snippet:-1, max-image-preview:large, max-video-preview:-1\" \/>\n<link rel=\"canonical\" href=\"https:\/\/apkostore.com\/en\/product\/wosk-ortodontyczny-bezzapachowy-1-szt\/\" \/>\n<meta property=\"og:locale\" content=\"en_US\" \/>\n<meta property=\"og:type\" content=\"article\" \/>\n<meta property=\"og:title\" content=\"WOSK ORTODONTYCZNY bezzapachowy 1 szt. - Apkostore.com\" \/>\n<meta property=\"og:description\" content=\"Szorstkie kraw\u0119dzie zamk\u00f3w i drut\u00f3w mog\u0105 podra\u017cnia\u0107 \u015bluz\u00f3wk\u0119 jamy ustnej i powodowa\u0107 bolesne otarcia. Rozwi\u0105zaniem jest wosk ortodontyczny bezzapachowy!\" \/>\n<meta property=\"og:url\" content=\"https:\/\/apkostore.com\/en\/product\/wosk-ortodontyczny-bezzapachowy-1-szt\/\" \/>\n<meta property=\"og:site_name\" content=\"Apkostore.com\" \/>\n<meta property=\"article:publisher\" content=\"https:\/\/www.facebook.com\/apkostore\" \/>\n<meta property=\"article:modified_time\" content=\"2026-03-31T20:27:52+00:00\" \/>\n<meta property=\"og:image\" content=\"https:\/\/apkostore.com\/wp-content\/uploads\/2024\/03\/wosk-ortodontyczny-bezzapachowy-1.png\" \/>\n\t<meta property=\"og:image:width\" content=\"652\" \/>\n\t<meta property=\"og:image:height\" content=\"652\" \/>\n\t<meta property=\"og:image:type\" content=\"image\/png\" \/>\n<meta name=\"twitter:card\" content=\"summary_large_image\" \/>\n<meta name=\"twitter:label1\" content=\"Est. reading time\" \/>\n\t<meta name=\"twitter:data1\" content=\"2 minutes\" \/>\n<script type=\"application\/ld+json\" class=\"yoast-schema-graph\">{\"@context\":\"https:\\\/\\\/schema.org\",\"@graph\":[{\"@type\":\"WebPage\",\"@id\":\"https:\\\/\\\/apkostore.com\\\/en\\\/product\\\/wosk-ortodontyczny-bezzapachowy-1-szt\\\/\",\"url\":\"https:\\\/\\\/apkostore.com\\\/en\\\/product\\\/wosk-ortodontyczny-bezzapachowy-1-szt\\\/\",\"name\":\"WOSK ORTODONTYCZNY bezzapachowy 1 szt. - Apkostore.com\",\"isPartOf\":{\"@id\":\"https:\\\/\\\/apkostore.com\\\/en\\\/#website\"},\"primaryImageOfPage\":{\"@id\":\"https:\\\/\\\/apkostore.com\\\/en\\\/product\\\/wosk-ortodontyczny-bezzapachowy-1-szt\\\/#primaryimage\"},\"image\":{\"@id\":\"https:\\\/\\\/apkostore.com\\\/en\\\/product\\\/wosk-ortodontyczny-bezzapachowy-1-szt\\\/#primaryimage\"},\"thumbnailUrl\":\"https:\\\/\\\/apkostore.com\\\/wp-content\\\/uploads\\\/2024\\\/03\\\/wosk-ortodontyczny-bezzapachowy-1.png\",\"datePublished\":\"2024-03-14T17:03:03+00:00\",\"dateModified\":\"2026-03-31T20:27:52+00:00\",\"description\":\"Szorstkie kraw\u0119dzie zamk\u00f3w i drut\u00f3w mog\u0105 podra\u017cnia\u0107 \u015bluz\u00f3wk\u0119 jamy ustnej i powodowa\u0107 bolesne otarcia. Rozwi\u0105zaniem jest wosk ortodontyczny bezzapachowy!\",\"breadcrumb\":{\"@id\":\"https:\\\/\\\/apkostore.com\\\/en\\\/product\\\/wosk-ortodontyczny-bezzapachowy-1-szt\\\/#breadcrumb\"},\"inLanguage\":\"en-US\",\"potentialAction\":[{\"@type\":\"ReadAction\",\"target\":[\"https:\\\/\\\/apkostore.com\\\/en\\\/product\\\/wosk-ortodontyczny-bezzapachowy-1-szt\\\/\"]}]},{\"@type\":\"ImageObject\",\"inLanguage\":\"en-US\",\"@id\":\"https:\\\/\\\/apkostore.com\\\/en\\\/product\\\/wosk-ortodontyczny-bezzapachowy-1-szt\\\/#primaryimage\",\"url\":\"https:\\\/\\\/apkostore.com\\\/wp-content\\\/uploads\\\/2024\\\/03\\\/wosk-ortodontyczny-bezzapachowy-1.png\",\"contentUrl\":\"https:\\\/\\\/apkostore.com\\\/wp-content\\\/uploads\\\/2024\\\/03\\\/wosk-ortodontyczny-bezzapachowy-1.png\",\"width\":652,\"height\":652,\"caption\":\"Wosk ortodontyczny bezzapachowy - apkostore.com\"},{\"@type\":\"BreadcrumbList\",\"@id\":\"https:\\\/\\\/apkostore.com\\\/en\\\/product\\\/wosk-ortodontyczny-bezzapachowy-1-szt\\\/#breadcrumb\",\"itemListElement\":[{\"@type\":\"ListItem\",\"position\":1,\"name\":\"Strona g\u0142\u00f3wna\",\"item\":\"https:\\\/\\\/apkostore.com\\\/en\\\/start-eng\\\/\"},{\"@type\":\"ListItem\",\"position\":2,\"name\":\"Shop\",\"item\":\"https:\\\/\\\/apkostore.com\\\/en\\\/shop\\\/\"},{\"@type\":\"ListItem\",\"position\":3,\"name\":\"WOSK ORTODONTYCZNY bezzapachowy 1 szt.\"}]},{\"@type\":\"WebSite\",\"@id\":\"https:\\\/\\\/apkostore.com\\\/en\\\/#website\",\"url\":\"https:\\\/\\\/apkostore.com\\\/en\\\/\",\"name\":\"Apkostore.com\",\"description\":\"\",\"publisher\":{\"@id\":\"https:\\\/\\\/apkostore.com\\\/en\\\/#organization\"},\"potentialAction\":[{\"@type\":\"SearchAction\",\"target\":{\"@type\":\"EntryPoint\",\"urlTemplate\":\"https:\\\/\\\/apkostore.com\\\/en\\\/?s={search_term_string}\"},\"query-input\":{\"@type\":\"PropertyValueSpecification\",\"valueRequired\":true,\"valueName\":\"search_term_string\"}}],\"inLanguage\":\"en-US\"},{\"@type\":\"Organization\",\"@id\":\"https:\\\/\\\/apkostore.com\\\/en\\\/#organization\",\"name\":\"APKO Sp. z o. o.\",\"url\":\"https:\\\/\\\/apkostore.com\\\/en\\\/\",\"logo\":{\"@type\":\"ImageObject\",\"inLanguage\":\"en-US\",\"@id\":\"https:\\\/\\\/apkostore.com\\\/en\\\/#\\\/schema\\\/logo\\\/image\\\/\",\"url\":\"https:\\\/\\\/apkostore.com\\\/wp-content\\\/uploads\\\/2023\\\/09\\\/logo-black-min.png\",\"contentUrl\":\"https:\\\/\\\/apkostore.com\\\/wp-content\\\/uploads\\\/2023\\\/09\\\/logo-black-min.png\",\"width\":2500,\"height\":944,\"caption\":\"APKO Sp. z o. o.\"},\"image\":{\"@id\":\"https:\\\/\\\/apkostore.com\\\/en\\\/#\\\/schema\\\/logo\\\/image\\\/\"},\"sameAs\":[\"https:\\\/\\\/www.facebook.com\\\/apkostore\",\"https:\\\/\\\/www.instagram.com\\\/apkostore\\\/\"]}]}<\/script>\n<!-- \/ Yoast SEO plugin. -->","yoast_head_json":{"title":"WOSK ORTODONTYCZNY bezzapachowy 1 szt. - Apkostore.com","description":"Szorstkie kraw\u0119dzie zamk\u00f3w i drut\u00f3w mog\u0105 podra\u017cnia\u0107 \u015bluz\u00f3wk\u0119 jamy ustnej i powodowa\u0107 bolesne otarcia. Rozwi\u0105zaniem jest wosk ortodontyczny bezzapachowy!","robots":{"index":"index","follow":"follow","max-snippet":"max-snippet:-1","max-image-preview":"max-image-preview:large","max-video-preview":"max-video-preview:-1"},"canonical":"https:\/\/apkostore.com\/en\/product\/wosk-ortodontyczny-bezzapachowy-1-szt\/","og_locale":"en_US","og_type":"article","og_title":"WOSK ORTODONTYCZNY bezzapachowy 1 szt. - Apkostore.com","og_description":"Szorstkie kraw\u0119dzie zamk\u00f3w i drut\u00f3w mog\u0105 podra\u017cnia\u0107 \u015bluz\u00f3wk\u0119 jamy ustnej i powodowa\u0107 bolesne otarcia. Rozwi\u0105zaniem jest wosk ortodontyczny bezzapachowy!","og_url":"https:\/\/apkostore.com\/en\/product\/wosk-ortodontyczny-bezzapachowy-1-szt\/","og_site_name":"Apkostore.com","article_publisher":"https:\/\/www.facebook.com\/apkostore","article_modified_time":"2026-03-31T20:27:52+00:00","og_image":[{"width":652,"height":652,"url":"https:\/\/apkostore.com\/wp-content\/uploads\/2024\/03\/wosk-ortodontyczny-bezzapachowy-1.png","type":"image\/png"}],"twitter_card":"summary_large_image","twitter_misc":{"Est. reading time":"2 minutes"},"schema":{"@context":"https:\/\/schema.org","@graph":[{"@type":"WebPage","@id":"https:\/\/apkostore.com\/en\/product\/wosk-ortodontyczny-bezzapachowy-1-szt\/","url":"https:\/\/apkostore.com\/en\/product\/wosk-ortodontyczny-bezzapachowy-1-szt\/","name":"WOSK ORTODONTYCZNY bezzapachowy 1 szt. - Apkostore.com","isPartOf":{"@id":"https:\/\/apkostore.com\/en\/#website"},"primaryImageOfPage":{"@id":"https:\/\/apkostore.com\/en\/product\/wosk-ortodontyczny-bezzapachowy-1-szt\/#primaryimage"},"image":{"@id":"https:\/\/apkostore.com\/en\/product\/wosk-ortodontyczny-bezzapachowy-1-szt\/#primaryimage"},"thumbnailUrl":"https:\/\/apkostore.com\/wp-content\/uploads\/2024\/03\/wosk-ortodontyczny-bezzapachowy-1.png","datePublished":"2024-03-14T17:03:03+00:00","dateModified":"2026-03-31T20:27:52+00:00","description":"Szorstkie kraw\u0119dzie zamk\u00f3w i drut\u00f3w mog\u0105 podra\u017cnia\u0107 \u015bluz\u00f3wk\u0119 jamy ustnej i powodowa\u0107 bolesne otarcia. Rozwi\u0105zaniem jest wosk ortodontyczny bezzapachowy!","breadcrumb":{"@id":"https:\/\/apkostore.com\/en\/product\/wosk-ortodontyczny-bezzapachowy-1-szt\/#breadcrumb"},"inLanguage":"en-US","potentialAction":[{"@type":"ReadAction","target":["https:\/\/apkostore.com\/en\/product\/wosk-ortodontyczny-bezzapachowy-1-szt\/"]}]},{"@type":"ImageObject","inLanguage":"en-US","@id":"https:\/\/apkostore.com\/en\/product\/wosk-ortodontyczny-bezzapachowy-1-szt\/#primaryimage","url":"https:\/\/apkostore.com\/wp-content\/uploads\/2024\/03\/wosk-ortodontyczny-bezzapachowy-1.png","contentUrl":"https:\/\/apkostore.com\/wp-content\/uploads\/2024\/03\/wosk-ortodontyczny-bezzapachowy-1.png","width":652,"height":652,"caption":"Wosk ortodontyczny bezzapachowy - apkostore.com"},{"@type":"BreadcrumbList","@id":"https:\/\/apkostore.com\/en\/product\/wosk-ortodontyczny-bezzapachowy-1-szt\/#breadcrumb","itemListElement":[{"@type":"ListItem","position":1,"name":"Strona g\u0142\u00f3wna","item":"https:\/\/apkostore.com\/en\/start-eng\/"},{"@type":"ListItem","position":2,"name":"Shop","item":"https:\/\/apkostore.com\/en\/shop\/"},{"@type":"ListItem","position":3,"name":"WOSK ORTODONTYCZNY bezzapachowy 1 szt."}]},{"@type":"WebSite","@id":"https:\/\/apkostore.com\/en\/#website","url":"https:\/\/apkostore.com\/en\/","name":"Apkostore.com","description":"","publisher":{"@id":"https:\/\/apkostore.com\/en\/#organization"},"potentialAction":[{"@type":"SearchAction","target":{"@type":"EntryPoint","urlTemplate":"https:\/\/apkostore.com\/en\/?s={search_term_string}"},"query-input":{"@type":"PropertyValueSpecification","valueRequired":true,"valueName":"search_term_string"}}],"inLanguage":"en-US"},{"@type":"Organization","@id":"https:\/\/apkostore.com\/en\/#organization","name":"APKO Sp. z o. o.","url":"https:\/\/apkostore.com\/en\/","logo":{"@type":"ImageObject","inLanguage":"en-US","@id":"https:\/\/apkostore.com\/en\/#\/schema\/logo\/image\/","url":"https:\/\/apkostore.com\/wp-content\/uploads\/2023\/09\/logo-black-min.png","contentUrl":"https:\/\/apkostore.com\/wp-content\/uploads\/2023\/09\/logo-black-min.png","width":2500,"height":944,"caption":"APKO Sp. z o. o."},"image":{"@id":"https:\/\/apkostore.com\/en\/#\/schema\/logo\/image\/"},"sameAs":["https:\/\/www.facebook.com\/apkostore","https:\/\/www.instagram.com\/apkostore\/"]}]}},"_links":{"self":[{"href":"https:\/\/apkostore.com\/en\/wp-json\/wp\/v2\/product\/5492","targetHints":{"allow":["GET"]}}],"collection":[{"href":"https:\/\/apkostore.com\/en\/wp-json\/wp\/v2\/product"}],"about":[{"href":"https:\/\/apkostore.com\/en\/wp-json\/wp\/v2\/types\/product"}],"wp:featuredmedia":[{"embeddable":true,"href":"https:\/\/apkostore.com\/en\/wp-json\/wp\/v2\/media\/5493"}],"wp:attachment":[{"href":"https:\/\/apkostore.com\/en\/wp-json\/wp\/v2\/media?parent=5492"}],"wp:term":[{"taxonomy":"product_brand","embeddable":true,"href":"https:\/\/apkostore.com\/en\/wp-json\/wp\/v2\/product_brand?post=5492"},{"taxonomy":"product_cat","embeddable":true,"href":"https:\/\/apkostore.com\/en\/wp-json\/wp\/v2\/product_cat?post=5492"},{"taxonomy":"product_tag","embeddable":true,"href":"https:\/\/apkostore.com\/en\/wp-json\/wp\/v2\/product_tag?post=5492"},{"taxonomy":"dodatkowo","embeddable":true,"href":"https:\/\/apkostore.com\/en\/wp-json\/wp\/v2\/dodatkowo?post=5492"}],"curies":[{"name":"wp","href":"https:\/\/api.w.org\/{rel}","templated":true}]}}