{"id":5485,"date":"2024-03-14T18:23:42","date_gmt":"2024-03-14T17:23:42","guid":{"rendered":"https:\/\/apkostore.com\/?post_type=product&#038;p=5485"},"modified":"2026-03-30T22:02:46","modified_gmt":"2026-03-30T20:02:46","slug":"zestaw-ortodontyczny-po-zalozeniu-aparatu-stalego","status":"publish","type":"product","link":"https:\/\/apkostore.com\/en\/product\/zestaw-ortodontyczny-po-zalozeniu-aparatu-stalego\/","title":{"rendered":"Zestaw Ortodontyczny po za\u0142o\u017ceniu aparatu sta\u0142ego"},"content":{"rendered":"<p data-sourcepos=\"1:1-1:65\"><strong>Zestaw Ortodontyczny po za\u0142o\u017ceniu aparatu sta\u0142ego<\/strong><\/p>\n<p data-sourcepos=\"3:1-3:75\">Tw\u00f3j niezb\u0119dny zestaw do komfortowego noszenia aparatu ortodontycznego!<\/p>\n<p data-sourcepos=\"5:1-5:197\">Pierwsze dni po za\u0142o\u017ceniu aparatu sta\u0142ego to wyzwanie dla ka\u017cdego. Ten praktyczny zestaw zawiera wszystko, czego potrzebujesz, aby u\u0142atwi\u0107 sobie ten okres i zapewni\u0107 prawid\u0142ow\u0105 higien\u0119 jamy ustnej:<\/p>\n<h2 data-sourcepos=\"7:1-7:32\"><strong>Curasept Extra Soft 012 &#8211; mi\u0119kka szczoteczka manualna:<\/strong><\/h2>\n<p>Odpowiednia szczoteczka to podstawa higieny nie tylko podczas leczenia ortodontycznego. Mi\u0119kkie w\u0142osie delikatnie czy\u015bci z\u0119by i dzi\u0105s\u0142a, nie podra\u017cniaj\u0105c ich. Ma\u0142a g\u0142\u00f3wka u\u0142atwia dotarcie do trudno dost\u0119pnych miejsc, szczeg\u00f3lnie wok\u00f3\u0142 aparatu. Ergonomiczny uchwyt zapewnia wygodny i pewny chwyt.<\/p>\n<h2 data-sourcepos=\"15:1-15:44\"><strong>Elgydium Pocket &#8211; szczoteczka podr\u00f3\u017cna:<\/strong><\/h2>\n<p>Posiadanie aparatu ortodontycznego wi\u0105\u017ce si\u0119 z wi\u0119ksz\u0105 odpowiedzialno\u015bci\u0105 za higien\u0119 jamy ustnej. Regularne szczotkowanie z\u0119b\u00f3w po ka\u017cdym posi\u0142ku jest niezwykle wa\u017cne, ale nie zawsze jest mo\u017cliwe, gdy jeste\u015b poza domem. W\u0142a\u015bnie dlatego <strong>szczoteczka podr\u00f3\u017cna staje si\u0119 niezb\u0119dnym elementem wyposa\u017cenia ka\u017cdego pacjenta nosz\u0105cego aparat<\/strong>.<\/p>\n<h2 data-sourcepos=\"21:1-21:51\"><strong>Eludril Ortho &#8211; p\u0142yn do p\u0142ukania jamy ustnej:<\/strong><\/h2>\n<p data-sourcepos=\"21:1-21:51\">Dzi\u0119ki niemu <strong>higiena jamy ustnej staje si\u0119 \u0142atwiejsza, a szczotkowanie skuteczniejsze<\/strong>.<\/p>\n<ul>\n<li data-sourcepos=\"21:1-21:51\">Dzia\u0142a przeciwp\u0142ytkowo i remineralizuj\u0105co &#8211; zapewnia zdrowie z\u0119bom i dzi\u0105s\u0142om<\/li>\n<li data-sourcepos=\"21:1-21:51\">Zapobiega powstawaniu p\u0142ytki naz\u0119bnej &#8211; daje uczucie doskonale doczyszczonych z\u0119b\u00f3w<\/li>\n<li data-sourcepos=\"21:1-21:51\">Zawiera fluorinol, kt\u00f3ry wzmacnia szkliwo i chroni przed pr\u00f3chnic\u0105<\/li>\n<li data-sourcepos=\"21:1-21:51\">Nie zabarwia element\u00f3w aparatu ortodontycznego i nak\u0142adek<\/li>\n<li data-sourcepos=\"21:1-21:51\">Zapewnia uczucie \u015bwie\u017co\u015bci dzi\u0119ki mi\u0119towemu aromatowi<\/li>\n<\/ul>\n<h2 data-sourcepos=\"21:1-21:51\"><strong>Elgydium Przeciwpr\u00f3chnicowa &#8211; pasta do stosowania rano:<\/strong><\/h2>\n<p>Elementy aparatu ortodontycznego, zw\u0142aszcza te przyklejone do z\u0119b\u00f3w &#8211; sprzyjaj\u0105 odk\u0142adaniu si\u0119 p\u0142ytki naz\u0119bnej i resztek jedzenia. Odk\u0142adaj\u0105ca si\u0119 p\u0142ytka naz\u0119bna mo\u017ce powodowa\u0107 demineralizacj\u0119 szkliwa i w konsekwencji pr\u00f3chnic\u0119. Pasta zawiera <strong>fluorinol<\/strong>, kt\u00f3ry wzmacnia szkliwo i chroni je przed dzia\u0142aniem kwas\u00f3w. Dodatkowo posiada r\u00f3wnie\u017c <strong>syliglikol<\/strong>, czyli cz\u0105steczk\u0119 tworz\u0105c\u0105 warstw\u0119 ochronn\u0105 zapobiegaj\u0105c\u0105 przyleganiu bakterii.<\/p>\n<h2 data-sourcepos=\"33:1-33:70\"><strong>Elgydium Anti-Plaque &#8211; pasta do stosowania na wiecz\u00f3r:<\/strong><\/h2>\n<p>Odpowiednia higiena jamy ustnej jest szczeg\u00f3lnie istotna podczas leczenia ortodontycznego. Zaniedbanie jej mo\u017ce spowodowa\u0107 rozw\u00f3j pr\u00f3chnicy. P\u0142ytka naz\u0119bna cz\u0119sto przywiera do element\u00f3w aparatu ortodontycznego. Odk\u0142ada si\u0119 w miejscach trudno dost\u0119pnych dla szczoteczki. Pasta ta zawiera <strong>chlorheksydyn\u0119<\/strong>, kt\u00f3ra zwalcza p\u0142ytk\u0119 naz\u0119bn\u0105 i oczyszcza z\u0119by. W sk\u0142adzie znajduje si\u0119 r\u00f3wnie\u017c <strong>w\u0119glan wapnia<\/strong> odbudowuj\u0105cy i poleruj\u0105cy szkliwo.<\/p>\n<h2 data-sourcepos=\"39:1-39:54\"><strong>Curasept Professional Floss &#8211; nici dentystyczne:<\/strong><\/h2>\n<p data-sourcepos=\"5:1-5:249\">Ta wyj\u0105tkowa ni\u0107 posiada <strong>usztywniony koniec<\/strong>, kt\u00f3ry u\u0142atwia precyzyjne wprowadzenie jej w ciasne przestrzenie mi\u0119dzyz\u0119bowe, bez ryzyka wyginania si\u0119. Dzi\u0119ki temu bez problemu dostaniesz si\u0119 nawet do tych miejsc, do kt\u00f3rych dost\u0119p jest utrudniony.<\/p>\n<p data-sourcepos=\"7:1-7:227\"><strong>Mi\u0119kka i puszysta \u015brodkowa cz\u0119\u015b\u0107<\/strong> nici wykonana z mikrofibry delikatnie usuwa p\u0142ytk\u0119 naz\u0119bn\u0105, nie podra\u017cniaj\u0105c przy tym dzi\u0105se\u0142. Delikatna struktura zapewnia komfortowe i dok\u0142adne oczyszczanie, chroni\u0105c przed podra\u017cnieniami.<\/p>\n<h2 data-sourcepos=\"45:1-45:57\"><strong>Elgydium Trio Compact 123 &#8211; szczoteczki mi\u0119dzyz\u0119bowe:<\/strong><\/h2>\n<p>Elastyczne i wytrzyma\u0142e szczoteczki mi\u0119dzyz\u0119bowe, kt\u00f3re skutecznie usuwaj\u0105 p\u0142ytk\u0119 naz\u0119bn\u0105. <strong>Wyczyszcz\u0105 nawet trudnodost\u0119pne miejsca aparatu ortodontycznego<\/strong>.<\/p>\n<p>Bia\u0142e w\u0142osie pozwala zauwa\u017cy\u0107 ewentualne krwawienie dzi\u0105se\u0142. Czarne w\u0142osie jest cie\u0144sze, dzi\u0119ki czemu dostanie si\u0119 do przestrzeni mi\u0119dzyz\u0119bowych jest niesamowicie \u0142atwe.<\/p>\n<p><strong>3 szczoteczki <\/strong>w jednym uchwycie. Maj\u0105 kompaktow\u0105 form\u0119, wi\u0119c<strong> mo\u017cna je mie\u0107 zawsze przy sobie.<\/strong><\/p>\n<h2>Wosk ortodontyczny bezzapachowy:<\/h2>\n<p>Posiadanie aparatu sta\u0142ego wi\u0105\u017ce si\u0119 z pewnymi niedogodno\u015bciami, a jedn\u0105 z nich s\u0105 podra\u017cnienia spowodowane przez ostre kraw\u0119dzie zamk\u00f3w, pier\u015bcieni i \u0142uk\u00f3w. Na szcz\u0119\u015bcie istnieje proste rozwi\u0105zanie &#8211; wosk ortodontyczny!<\/p>\n<p><strong>Wosk ortodontyczny w torbie czy plecaku to gwarancja komfortu i ulgi w podra\u017cnieniach podczas ca\u0142ego okresu leczenia.<\/strong> Nigdy nie wiesz, kiedy mo\u017cesz potrzebowa\u0107 natychmiastowej ochrony.<\/p>\n<h2 data-sourcepos=\"33:1-33:70\"><strong>Zestaw ortodontyczny po za\u0142o\u017ceniu aparatu sta\u0142ego:<\/strong><\/h2>\n<ul data-sourcepos=\"35:1-39:0\">\n<li data-sourcepos=\"35:1-35:86\"><strong>Kompletny zestaw niezb\u0119dnych akcesori\u00f3w dla os\u00f3b nosz\u0105cych aparat ortodontyczny<\/strong><\/li>\n<li data-sourcepos=\"36:1-36:75\"><strong>Wysokiej jako\u015bci produkty zapewniaj\u0105ce skuteczn\u0105 higien\u0119 jamy ustnej<\/strong><\/li>\n<li data-sourcepos=\"37:1-37:46\"><strong>\u0141atwo\u015b\u0107 stosowania i wygoda u\u017cytkowania<\/strong><\/li>\n<li data-sourcepos=\"38:1-39:0\"><strong>Przyjazny dla dzi\u0105se\u0142 i delikatny dla aparatu<\/strong><\/li>\n<\/ul>\n<p data-sourcepos=\"40:1-40:74\"><strong>Zadbaj o zdrowie i pi\u0119kno swojego u\u015bmiechu od pierwszych dni leczenia!<\/strong><\/p>\n<h2 data-sourcepos=\"44:1-44:25\"><strong>Dodatkowe informacje:<\/strong><\/h2>\n<ul data-sourcepos=\"46:1-48:50\">\n<li data-sourcepos=\"46:1-46:72\">Zestaw przeznaczony dla os\u00f3b doros\u0142ych i dzieci powy\u017cej 12 roku \u017cycia<\/li>\n<li data-sourcepos=\"47:1-47:70\">Wymieniaj szczoteczki co 3 miesi\u0105ce lub cz\u0119\u015bciej, je\u015bli s\u0105 zu\u017cyte<\/li>\n<li data-sourcepos=\"47:1-47:70\">Cena produkt\u00f3w w zestawie jest du\u017co korzystniejsza ni\u017c cena przy zakupie poszczeg\u00f3lnych produkt\u00f3w osobno<\/li>\n<\/ul>\n","protected":false},"excerpt":{"rendered":"<p>1 zestaw<\/p>\n","protected":false},"featured_media":8480,"template":"","meta":[],"product_brand":[],"product_cat":[212],"product_tag":[],"dodatkowo":[],"class_list":{"0":"post-5485","1":"product","2":"type-product","3":"status-publish","4":"has-post-thumbnail","6":"product_cat-aparat-staly","8":"first","9":"instock","10":"taxable","11":"shipping-taxable","12":"purchasable","13":"product-type-simple"},"yoast_head":"<!-- This site is optimized with the Yoast SEO plugin v27.5 - https:\/\/yoast.com\/product\/yoast-seo-wordpress\/ -->\n<title>Zestaw ortodontyczny po za\u0142o\u017ceniu aparatu sta\u0142ego - podstawowy - Apkostore.com<\/title>\n<meta name=\"description\" content=\"Zestaw ortodontyczny po za\u0142o\u017ceniu aparatu sta\u0142ego - to kompleksowy zestaw produkt\u00f3w, kt\u00f3re s\u0105 niezb\u0119dne podczas leczenia ortodontycznego.\" \/>\n<meta name=\"robots\" content=\"index, follow, max-snippet:-1, max-image-preview:large, max-video-preview:-1\" \/>\n<link rel=\"canonical\" href=\"https:\/\/apkostore.com\/en\/product\/zestaw-ortodontyczny-po-zalozeniu-aparatu-stalego\/\" \/>\n<meta property=\"og:locale\" content=\"en_US\" \/>\n<meta property=\"og:type\" content=\"article\" \/>\n<meta property=\"og:title\" content=\"Zestaw ortodontyczny po za\u0142o\u017ceniu aparatu sta\u0142ego - podstawowy - Apkostore.com\" \/>\n<meta property=\"og:description\" content=\"Zestaw ortodontyczny po za\u0142o\u017ceniu aparatu sta\u0142ego - to kompleksowy zestaw produkt\u00f3w, kt\u00f3re s\u0105 niezb\u0119dne podczas leczenia ortodontycznego.\" \/>\n<meta property=\"og:url\" content=\"https:\/\/apkostore.com\/en\/product\/zestaw-ortodontyczny-po-zalozeniu-aparatu-stalego\/\" \/>\n<meta property=\"og:site_name\" content=\"Apkostore.com\" \/>\n<meta property=\"article:publisher\" content=\"https:\/\/www.facebook.com\/apkostore\" \/>\n<meta property=\"article:modified_time\" content=\"2026-03-30T20:02:46+00:00\" \/>\n<meta property=\"og:image\" content=\"https:\/\/apkostore.com\/wp-content\/uploads\/2024\/03\/Zestaw-Ortodontyczny-po-zalozeniu-aparatu-stalego-1.png\" \/>\n\t<meta property=\"og:image:width\" content=\"960\" \/>\n\t<meta property=\"og:image:height\" content=\"960\" \/>\n\t<meta property=\"og:image:type\" content=\"image\/png\" \/>\n<meta name=\"twitter:card\" content=\"summary_large_image\" \/>\n<meta name=\"twitter:label1\" content=\"Est. reading time\" \/>\n\t<meta name=\"twitter:data1\" content=\"4 minutes\" \/>\n<script type=\"application\/ld+json\" class=\"yoast-schema-graph\">{\"@context\":\"https:\\\/\\\/schema.org\",\"@graph\":[{\"@type\":\"WebPage\",\"@id\":\"https:\\\/\\\/apkostore.com\\\/en\\\/product\\\/zestaw-ortodontyczny-po-zalozeniu-aparatu-stalego\\\/\",\"url\":\"https:\\\/\\\/apkostore.com\\\/en\\\/product\\\/zestaw-ortodontyczny-po-zalozeniu-aparatu-stalego\\\/\",\"name\":\"Zestaw ortodontyczny po za\u0142o\u017ceniu aparatu sta\u0142ego - podstawowy - Apkostore.com\",\"isPartOf\":{\"@id\":\"https:\\\/\\\/apkostore.com\\\/en\\\/#website\"},\"primaryImageOfPage\":{\"@id\":\"https:\\\/\\\/apkostore.com\\\/en\\\/product\\\/zestaw-ortodontyczny-po-zalozeniu-aparatu-stalego\\\/#primaryimage\"},\"image\":{\"@id\":\"https:\\\/\\\/apkostore.com\\\/en\\\/product\\\/zestaw-ortodontyczny-po-zalozeniu-aparatu-stalego\\\/#primaryimage\"},\"thumbnailUrl\":\"https:\\\/\\\/apkostore.com\\\/wp-content\\\/uploads\\\/2024\\\/03\\\/Zestaw-Ortodontyczny-po-zalozeniu-aparatu-stalego-1.png\",\"datePublished\":\"2024-03-14T17:23:42+00:00\",\"dateModified\":\"2026-03-30T20:02:46+00:00\",\"description\":\"Zestaw ortodontyczny po za\u0142o\u017ceniu aparatu sta\u0142ego - to kompleksowy zestaw produkt\u00f3w, kt\u00f3re s\u0105 niezb\u0119dne podczas leczenia ortodontycznego.\",\"breadcrumb\":{\"@id\":\"https:\\\/\\\/apkostore.com\\\/en\\\/product\\\/zestaw-ortodontyczny-po-zalozeniu-aparatu-stalego\\\/#breadcrumb\"},\"inLanguage\":\"en-US\",\"potentialAction\":[{\"@type\":\"ReadAction\",\"target\":[\"https:\\\/\\\/apkostore.com\\\/en\\\/product\\\/zestaw-ortodontyczny-po-zalozeniu-aparatu-stalego\\\/\"]}]},{\"@type\":\"ImageObject\",\"inLanguage\":\"en-US\",\"@id\":\"https:\\\/\\\/apkostore.com\\\/en\\\/product\\\/zestaw-ortodontyczny-po-zalozeniu-aparatu-stalego\\\/#primaryimage\",\"url\":\"https:\\\/\\\/apkostore.com\\\/wp-content\\\/uploads\\\/2024\\\/03\\\/Zestaw-Ortodontyczny-po-zalozeniu-aparatu-stalego-1.png\",\"contentUrl\":\"https:\\\/\\\/apkostore.com\\\/wp-content\\\/uploads\\\/2024\\\/03\\\/Zestaw-Ortodontyczny-po-zalozeniu-aparatu-stalego-1.png\",\"width\":960,\"height\":960,\"caption\":\"Zestaw Ortodontyczny po za\u0142o\u017ceniu aparatu sta\u0142ego\"},{\"@type\":\"BreadcrumbList\",\"@id\":\"https:\\\/\\\/apkostore.com\\\/en\\\/product\\\/zestaw-ortodontyczny-po-zalozeniu-aparatu-stalego\\\/#breadcrumb\",\"itemListElement\":[{\"@type\":\"ListItem\",\"position\":1,\"name\":\"Strona g\u0142\u00f3wna\",\"item\":\"https:\\\/\\\/apkostore.com\\\/en\\\/start-eng\\\/\"},{\"@type\":\"ListItem\",\"position\":2,\"name\":\"Shop\",\"item\":\"https:\\\/\\\/apkostore.com\\\/en\\\/shop\\\/\"},{\"@type\":\"ListItem\",\"position\":3,\"name\":\"Zestaw Ortodontyczny po za\u0142o\u017ceniu aparatu sta\u0142ego\"}]},{\"@type\":\"WebSite\",\"@id\":\"https:\\\/\\\/apkostore.com\\\/en\\\/#website\",\"url\":\"https:\\\/\\\/apkostore.com\\\/en\\\/\",\"name\":\"Apkostore.com\",\"description\":\"\",\"publisher\":{\"@id\":\"https:\\\/\\\/apkostore.com\\\/en\\\/#organization\"},\"potentialAction\":[{\"@type\":\"SearchAction\",\"target\":{\"@type\":\"EntryPoint\",\"urlTemplate\":\"https:\\\/\\\/apkostore.com\\\/en\\\/?s={search_term_string}\"},\"query-input\":{\"@type\":\"PropertyValueSpecification\",\"valueRequired\":true,\"valueName\":\"search_term_string\"}}],\"inLanguage\":\"en-US\"},{\"@type\":\"Organization\",\"@id\":\"https:\\\/\\\/apkostore.com\\\/en\\\/#organization\",\"name\":\"APKO Sp. z o. o.\",\"url\":\"https:\\\/\\\/apkostore.com\\\/en\\\/\",\"logo\":{\"@type\":\"ImageObject\",\"inLanguage\":\"en-US\",\"@id\":\"https:\\\/\\\/apkostore.com\\\/en\\\/#\\\/schema\\\/logo\\\/image\\\/\",\"url\":\"https:\\\/\\\/apkostore.com\\\/wp-content\\\/uploads\\\/2023\\\/09\\\/logo-black-min.png\",\"contentUrl\":\"https:\\\/\\\/apkostore.com\\\/wp-content\\\/uploads\\\/2023\\\/09\\\/logo-black-min.png\",\"width\":2500,\"height\":944,\"caption\":\"APKO Sp. z o. o.\"},\"image\":{\"@id\":\"https:\\\/\\\/apkostore.com\\\/en\\\/#\\\/schema\\\/logo\\\/image\\\/\"},\"sameAs\":[\"https:\\\/\\\/www.facebook.com\\\/apkostore\",\"https:\\\/\\\/www.instagram.com\\\/apkostore\\\/\"]}]}<\/script>\n<!-- \/ Yoast SEO plugin. -->","yoast_head_json":{"title":"Zestaw ortodontyczny po za\u0142o\u017ceniu aparatu sta\u0142ego - podstawowy - Apkostore.com","description":"Zestaw ortodontyczny po za\u0142o\u017ceniu aparatu sta\u0142ego - to kompleksowy zestaw produkt\u00f3w, kt\u00f3re s\u0105 niezb\u0119dne podczas leczenia ortodontycznego.","robots":{"index":"index","follow":"follow","max-snippet":"max-snippet:-1","max-image-preview":"max-image-preview:large","max-video-preview":"max-video-preview:-1"},"canonical":"https:\/\/apkostore.com\/en\/product\/zestaw-ortodontyczny-po-zalozeniu-aparatu-stalego\/","og_locale":"en_US","og_type":"article","og_title":"Zestaw ortodontyczny po za\u0142o\u017ceniu aparatu sta\u0142ego - podstawowy - Apkostore.com","og_description":"Zestaw ortodontyczny po za\u0142o\u017ceniu aparatu sta\u0142ego - to kompleksowy zestaw produkt\u00f3w, kt\u00f3re s\u0105 niezb\u0119dne podczas leczenia ortodontycznego.","og_url":"https:\/\/apkostore.com\/en\/product\/zestaw-ortodontyczny-po-zalozeniu-aparatu-stalego\/","og_site_name":"Apkostore.com","article_publisher":"https:\/\/www.facebook.com\/apkostore","article_modified_time":"2026-03-30T20:02:46+00:00","og_image":[{"width":960,"height":960,"url":"https:\/\/apkostore.com\/wp-content\/uploads\/2024\/03\/Zestaw-Ortodontyczny-po-zalozeniu-aparatu-stalego-1.png","type":"image\/png"}],"twitter_card":"summary_large_image","twitter_misc":{"Est. reading time":"4 minutes"},"schema":{"@context":"https:\/\/schema.org","@graph":[{"@type":"WebPage","@id":"https:\/\/apkostore.com\/en\/product\/zestaw-ortodontyczny-po-zalozeniu-aparatu-stalego\/","url":"https:\/\/apkostore.com\/en\/product\/zestaw-ortodontyczny-po-zalozeniu-aparatu-stalego\/","name":"Zestaw ortodontyczny po za\u0142o\u017ceniu aparatu sta\u0142ego - podstawowy - Apkostore.com","isPartOf":{"@id":"https:\/\/apkostore.com\/en\/#website"},"primaryImageOfPage":{"@id":"https:\/\/apkostore.com\/en\/product\/zestaw-ortodontyczny-po-zalozeniu-aparatu-stalego\/#primaryimage"},"image":{"@id":"https:\/\/apkostore.com\/en\/product\/zestaw-ortodontyczny-po-zalozeniu-aparatu-stalego\/#primaryimage"},"thumbnailUrl":"https:\/\/apkostore.com\/wp-content\/uploads\/2024\/03\/Zestaw-Ortodontyczny-po-zalozeniu-aparatu-stalego-1.png","datePublished":"2024-03-14T17:23:42+00:00","dateModified":"2026-03-30T20:02:46+00:00","description":"Zestaw ortodontyczny po za\u0142o\u017ceniu aparatu sta\u0142ego - to kompleksowy zestaw produkt\u00f3w, kt\u00f3re s\u0105 niezb\u0119dne podczas leczenia ortodontycznego.","breadcrumb":{"@id":"https:\/\/apkostore.com\/en\/product\/zestaw-ortodontyczny-po-zalozeniu-aparatu-stalego\/#breadcrumb"},"inLanguage":"en-US","potentialAction":[{"@type":"ReadAction","target":["https:\/\/apkostore.com\/en\/product\/zestaw-ortodontyczny-po-zalozeniu-aparatu-stalego\/"]}]},{"@type":"ImageObject","inLanguage":"en-US","@id":"https:\/\/apkostore.com\/en\/product\/zestaw-ortodontyczny-po-zalozeniu-aparatu-stalego\/#primaryimage","url":"https:\/\/apkostore.com\/wp-content\/uploads\/2024\/03\/Zestaw-Ortodontyczny-po-zalozeniu-aparatu-stalego-1.png","contentUrl":"https:\/\/apkostore.com\/wp-content\/uploads\/2024\/03\/Zestaw-Ortodontyczny-po-zalozeniu-aparatu-stalego-1.png","width":960,"height":960,"caption":"Zestaw Ortodontyczny po za\u0142o\u017ceniu aparatu sta\u0142ego"},{"@type":"BreadcrumbList","@id":"https:\/\/apkostore.com\/en\/product\/zestaw-ortodontyczny-po-zalozeniu-aparatu-stalego\/#breadcrumb","itemListElement":[{"@type":"ListItem","position":1,"name":"Strona g\u0142\u00f3wna","item":"https:\/\/apkostore.com\/en\/start-eng\/"},{"@type":"ListItem","position":2,"name":"Shop","item":"https:\/\/apkostore.com\/en\/shop\/"},{"@type":"ListItem","position":3,"name":"Zestaw Ortodontyczny po za\u0142o\u017ceniu aparatu sta\u0142ego"}]},{"@type":"WebSite","@id":"https:\/\/apkostore.com\/en\/#website","url":"https:\/\/apkostore.com\/en\/","name":"Apkostore.com","description":"","publisher":{"@id":"https:\/\/apkostore.com\/en\/#organization"},"potentialAction":[{"@type":"SearchAction","target":{"@type":"EntryPoint","urlTemplate":"https:\/\/apkostore.com\/en\/?s={search_term_string}"},"query-input":{"@type":"PropertyValueSpecification","valueRequired":true,"valueName":"search_term_string"}}],"inLanguage":"en-US"},{"@type":"Organization","@id":"https:\/\/apkostore.com\/en\/#organization","name":"APKO Sp. z o. o.","url":"https:\/\/apkostore.com\/en\/","logo":{"@type":"ImageObject","inLanguage":"en-US","@id":"https:\/\/apkostore.com\/en\/#\/schema\/logo\/image\/","url":"https:\/\/apkostore.com\/wp-content\/uploads\/2023\/09\/logo-black-min.png","contentUrl":"https:\/\/apkostore.com\/wp-content\/uploads\/2023\/09\/logo-black-min.png","width":2500,"height":944,"caption":"APKO Sp. z o. o."},"image":{"@id":"https:\/\/apkostore.com\/en\/#\/schema\/logo\/image\/"},"sameAs":["https:\/\/www.facebook.com\/apkostore","https:\/\/www.instagram.com\/apkostore\/"]}]}},"_links":{"self":[{"href":"https:\/\/apkostore.com\/en\/wp-json\/wp\/v2\/product\/5485","targetHints":{"allow":["GET"]}}],"collection":[{"href":"https:\/\/apkostore.com\/en\/wp-json\/wp\/v2\/product"}],"about":[{"href":"https:\/\/apkostore.com\/en\/wp-json\/wp\/v2\/types\/product"}],"wp:featuredmedia":[{"embeddable":true,"href":"https:\/\/apkostore.com\/en\/wp-json\/wp\/v2\/media\/8480"}],"wp:attachment":[{"href":"https:\/\/apkostore.com\/en\/wp-json\/wp\/v2\/media?parent=5485"}],"wp:term":[{"taxonomy":"product_brand","embeddable":true,"href":"https:\/\/apkostore.com\/en\/wp-json\/wp\/v2\/product_brand?post=5485"},{"taxonomy":"product_cat","embeddable":true,"href":"https:\/\/apkostore.com\/en\/wp-json\/wp\/v2\/product_cat?post=5485"},{"taxonomy":"product_tag","embeddable":true,"href":"https:\/\/apkostore.com\/en\/wp-json\/wp\/v2\/product_tag?post=5485"},{"taxonomy":"dodatkowo","embeddable":true,"href":"https:\/\/apkostore.com\/en\/wp-json\/wp\/v2\/dodatkowo?post=5485"}],"curies":[{"name":"wp","href":"https:\/\/api.w.org\/{rel}","templated":true}]}}