{"id":5478,"date":"2024-03-13T16:46:36","date_gmt":"2024-03-13T15:46:36","guid":{"rendered":"https:\/\/apkostore.com\/?post_type=product&#038;p=5478"},"modified":"2026-03-12T22:05:25","modified_gmt":"2026-03-12T21:05:25","slug":"orthocare-nhap-pasta","status":"publish","type":"product","link":"https:\/\/apkostore.com\/en\/product\/orthocare-nhap-pasta\/","title":{"rendered":"ORTHOCARE NHAP pasta wzmacniaj\u0105ca szkliwo podczas leczenia ortodontycznego 80 ml"},"content":{"rendered":"<p data-sourcepos=\"1:1-1:59\"><strong>Orthocare Pasta &#8211; Ochrona i regeneracja dla Twoich z\u0119b\u00f3w<\/strong><\/p>\n<p data-sourcepos=\"3:1-3:104\">Szukasz skutecznej ochrony przed demineralizacj\u0105 i bia\u0142ymi plamami podczas leczenia ortodontycznego?<\/p>\n<p data-sourcepos=\"5:1-5:122\">Pasta Orthocare to Tw\u00f3j sprzymierzeniec w walce o zdrowy i pi\u0119kny u\u015bmiech, nawet podczas noszenia aparatu ortodontycznego!<\/p>\n<h2 data-sourcepos=\"7:1-7:40\"><strong>Oto kluczowe zalety pasty Orthocare:<\/strong><\/h2>\n<p data-sourcepos=\"9:1-9:59\"><strong>Zapobiega powstawaniu bia\u0142ych plam i demineralizacji:<\/strong><\/p>\n<ul data-sourcepos=\"11:1-13:0\">\n<li data-sourcepos=\"11:1-11:125\">Nanocz\u0105stki hydroksylaapatytu w formule pasty wnikaj\u0105 w mikropory szkliwa, wzmacniaj\u0105c je i chroni\u0105c przed demineralizacj\u0105.<\/li>\n<li data-sourcepos=\"12:1-13:0\">Zapobiega powstawaniu bia\u0142ych plam, cz\u0119sto widocznych podczas leczenia ortodontycznego.<\/li>\n<\/ul>\n<p data-sourcepos=\"14:1-14:36\"><strong>Regeneruje uszkodzone szkliwo:<\/strong><\/p>\n<ul data-sourcepos=\"16:1-18:0\">\n<li data-sourcepos=\"16:1-16:111\">Zawarto\u015b\u0107 hydroksylaapatytu, g\u0142\u00f3wnego sk\u0142adnika szkliwa, uzupe\u0142nia jego ubytki i wzmacnia powierzchni\u0119 z\u0119b\u00f3w.<\/li>\n<li data-sourcepos=\"17:1-18:0\">Naprawia mikrouszkodzenia powsta\u0142e w wyniku noszenia aparatu ortodontycznego.<\/li>\n<\/ul>\n<p data-sourcepos=\"19:1-19:30\"><strong>Tworzy ochronn\u0105 warstw\u0119:<\/strong><\/p>\n<ul data-sourcepos=\"21:1-23:0\">\n<li data-sourcepos=\"21:1-21:110\">Tworzy g\u0142adk\u0105 warstw\u0119 ochronn\u0105 na powierzchni z\u0119b\u00f3w, chroni\u0105c je przed dalszym dzia\u0142aniem kwas\u00f3w i bakterii.<\/li>\n<li data-sourcepos=\"22:1-23:0\">Zapobiega powstawaniu nadwra\u017cliwo\u015bci i b\u00f3lu.<\/li>\n<\/ul>\n<p data-sourcepos=\"24:1-24:33\"><strong>Zmniejsza wra\u017cliwo\u015b\u0107 z\u0119b\u00f3w:<\/strong><\/p>\n<ul data-sourcepos=\"26:1-28:0\">\n<li data-sourcepos=\"26:1-26:54\">Delikatnie oczyszcza z\u0119by, nie podra\u017cniaj\u0105c dzi\u0105se\u0142.<\/li>\n<li data-sourcepos=\"27:1-28:0\">Zmniejsza nadwra\u017cliwo\u015b\u0107 na zimne i gor\u0105ce potrawy oraz dotyk szczoteczki.<\/li>\n<\/ul>\n<p data-sourcepos=\"29:1-29:30\"><strong>Zawiera hydroksyapatyt:<\/strong><\/p>\n<ul data-sourcepos=\"31:1-33:0\">\n<li data-sourcepos=\"31:1-31:79\">G\u0142\u00f3wny sk\u0142adnik naturalnego szkliwa zapewnia skuteczn\u0105 ochron\u0119 i regeneracj\u0119.<\/li>\n<li data-sourcepos=\"32:1-33:0\">Wzmacnia z\u0119by i zapewnia im zdrowy wygl\u0105d.<\/li>\n<\/ul>\n<h2 data-sourcepos=\"34:1-34:23\"><strong>Orthocare nHAp to:<\/strong><\/h2>\n<ul data-sourcepos=\"36:1-42:0\">\n<li data-sourcepos=\"36:1-36:75\">Idealna pasta do codziennej piel\u0119gnacji podczas leczenia ortodontycznego.<\/li>\n<li data-sourcepos=\"37:1-37:60\">Skuteczna ochrona przed demineralizacj\u0105 i bia\u0142ymi plamami.<\/li>\n<li data-sourcepos=\"38:1-38:35\">Regeneracja uszkodzonego szkliwa.<\/li>\n<li data-sourcepos=\"39:1-39:30\">Tworzenie warstwy ochronnej.<\/li>\n<li data-sourcepos=\"40:1-40:36\">Zmniejszenie nadwra\u017cliwo\u015bci z\u0119b\u00f3w.<\/li>\n<li data-sourcepos=\"41:1-42:0\">Bez fluoru.<\/li>\n<\/ul>\n<p data-sourcepos=\"43:1-43:20\"><strong>Zawarto\u015b\u0107:<\/strong> 80 ml<\/p>\n<p data-sourcepos=\"45:1-45:65\"><strong>Zadbaj o zdrowie i pi\u0119kno swojego u\u015bmiechu z Orthocare!<\/strong><\/p>\n","protected":false},"excerpt":{"rendered":"<p>Orthocare Pasta &#8211; Ochrona i regeneracja dla Twoich z\u0119b\u00f3w Szukasz skutecznej ochrony przed demineralizacj\u0105 i bia\u0142ymi plamami podczas leczenia ortodontycznego? Pasta Orthocare to Tw\u00f3j sprzymierzeniec w walce o zdrowy i pi\u0119kny u\u015bmiech, nawet podczas noszenia aparatu ortodontycznego! Oto kluczowe zalety pasty Orthocare: Zapobiega powstawaniu bia\u0142ych plam i demineralizacji: Nanocz\u0105stki hydroksylaapatytu w formule pasty wnikaj\u0105 w [&hellip;]<\/p>\n","protected":false},"featured_media":5479,"template":"","meta":[],"product_brand":[],"product_cat":[212,211,214],"product_tag":[],"dodatkowo":[],"class_list":{"0":"post-5478","1":"product","2":"type-product","3":"status-publish","4":"has-post-thumbnail","6":"product_cat-aparat-staly","7":"product_cat-nakladki-ortodontyczne","8":"product_cat-wybielanie","10":"first","11":"outofstock","12":"taxable","13":"shipping-taxable","14":"purchasable","15":"product-type-simple"},"yoast_head":"<!-- This site is optimized with the Yoast SEO plugin v27.5 - https:\/\/yoast.com\/product\/yoast-seo-wordpress\/ -->\n<title>ORTHOCARE NHAP - pasta wzmacniaj\u0105ca szkliwo - Apkostore.com<\/title>\n<meta name=\"description\" content=\"Orthocare Pasta - Ochrona i regeneracja dla Twoich z\u0119b\u00f3w. Skutecznie wzmacnia szkliwo podczas leczenia ortodontycznego. Zawiera nano-hydroksyapatyt.\" \/>\n<meta name=\"robots\" content=\"index, follow, max-snippet:-1, max-image-preview:large, max-video-preview:-1\" \/>\n<link rel=\"canonical\" href=\"https:\/\/apkostore.com\/en\/product\/orthocare-nhap-pasta\/\" \/>\n<meta property=\"og:locale\" content=\"en_US\" \/>\n<meta property=\"og:type\" content=\"article\" \/>\n<meta property=\"og:title\" content=\"ORTHOCARE NHAP - pasta wzmacniaj\u0105ca szkliwo - Apkostore.com\" \/>\n<meta property=\"og:description\" content=\"Orthocare Pasta - Ochrona i regeneracja dla Twoich z\u0119b\u00f3w. Skutecznie wzmacnia szkliwo podczas leczenia ortodontycznego. Zawiera nano-hydroksyapatyt.\" \/>\n<meta property=\"og:url\" content=\"https:\/\/apkostore.com\/en\/product\/orthocare-nhap-pasta\/\" \/>\n<meta property=\"og:site_name\" content=\"Apkostore.com\" \/>\n<meta property=\"article:publisher\" content=\"https:\/\/www.facebook.com\/apkostore\" \/>\n<meta property=\"article:modified_time\" content=\"2026-03-12T21:05:25+00:00\" \/>\n<meta property=\"og:image\" content=\"https:\/\/apkostore.com\/wp-content\/uploads\/2024\/03\/ovthocare-nhap-pasta.png\" \/>\n\t<meta property=\"og:image:width\" content=\"652\" \/>\n\t<meta property=\"og:image:height\" content=\"652\" \/>\n\t<meta property=\"og:image:type\" content=\"image\/png\" \/>\n<meta name=\"twitter:card\" content=\"summary_large_image\" \/>\n<meta name=\"twitter:label1\" content=\"Est. reading time\" \/>\n\t<meta name=\"twitter:data1\" content=\"2 minutes\" \/>\n<script type=\"application\/ld+json\" class=\"yoast-schema-graph\">{\"@context\":\"https:\\\/\\\/schema.org\",\"@graph\":[{\"@type\":\"WebPage\",\"@id\":\"https:\\\/\\\/apkostore.com\\\/en\\\/product\\\/orthocare-nhap-pasta\\\/\",\"url\":\"https:\\\/\\\/apkostore.com\\\/en\\\/product\\\/orthocare-nhap-pasta\\\/\",\"name\":\"ORTHOCARE NHAP - pasta wzmacniaj\u0105ca szkliwo - Apkostore.com\",\"isPartOf\":{\"@id\":\"https:\\\/\\\/apkostore.com\\\/en\\\/#website\"},\"primaryImageOfPage\":{\"@id\":\"https:\\\/\\\/apkostore.com\\\/en\\\/product\\\/orthocare-nhap-pasta\\\/#primaryimage\"},\"image\":{\"@id\":\"https:\\\/\\\/apkostore.com\\\/en\\\/product\\\/orthocare-nhap-pasta\\\/#primaryimage\"},\"thumbnailUrl\":\"https:\\\/\\\/apkostore.com\\\/wp-content\\\/uploads\\\/2024\\\/03\\\/ovthocare-nhap-pasta.png\",\"datePublished\":\"2024-03-13T15:46:36+00:00\",\"dateModified\":\"2026-03-12T21:05:25+00:00\",\"description\":\"Orthocare Pasta - Ochrona i regeneracja dla Twoich z\u0119b\u00f3w. Skutecznie wzmacnia szkliwo podczas leczenia ortodontycznego. Zawiera nano-hydroksyapatyt.\",\"breadcrumb\":{\"@id\":\"https:\\\/\\\/apkostore.com\\\/en\\\/product\\\/orthocare-nhap-pasta\\\/#breadcrumb\"},\"inLanguage\":\"en-US\",\"potentialAction\":[{\"@type\":\"ReadAction\",\"target\":[\"https:\\\/\\\/apkostore.com\\\/en\\\/product\\\/orthocare-nhap-pasta\\\/\"]}]},{\"@type\":\"ImageObject\",\"inLanguage\":\"en-US\",\"@id\":\"https:\\\/\\\/apkostore.com\\\/en\\\/product\\\/orthocare-nhap-pasta\\\/#primaryimage\",\"url\":\"https:\\\/\\\/apkostore.com\\\/wp-content\\\/uploads\\\/2024\\\/03\\\/ovthocare-nhap-pasta.png\",\"contentUrl\":\"https:\\\/\\\/apkostore.com\\\/wp-content\\\/uploads\\\/2024\\\/03\\\/ovthocare-nhap-pasta.png\",\"width\":652,\"height\":652,\"caption\":\"Orthocare pasta wzmacniaj\u0105ca szkliwo podczas leczenia ortodontycznego\"},{\"@type\":\"BreadcrumbList\",\"@id\":\"https:\\\/\\\/apkostore.com\\\/en\\\/product\\\/orthocare-nhap-pasta\\\/#breadcrumb\",\"itemListElement\":[{\"@type\":\"ListItem\",\"position\":1,\"name\":\"Strona g\u0142\u00f3wna\",\"item\":\"https:\\\/\\\/apkostore.com\\\/en\\\/start-eng\\\/\"},{\"@type\":\"ListItem\",\"position\":2,\"name\":\"Shop\",\"item\":\"https:\\\/\\\/apkostore.com\\\/en\\\/shop\\\/\"},{\"@type\":\"ListItem\",\"position\":3,\"name\":\"ORTHOCARE NHAP pasta wzmacniaj\u0105ca szkliwo podczas leczenia ortodontycznego 80 ml\"}]},{\"@type\":\"WebSite\",\"@id\":\"https:\\\/\\\/apkostore.com\\\/en\\\/#website\",\"url\":\"https:\\\/\\\/apkostore.com\\\/en\\\/\",\"name\":\"Apkostore.com\",\"description\":\"\",\"publisher\":{\"@id\":\"https:\\\/\\\/apkostore.com\\\/en\\\/#organization\"},\"potentialAction\":[{\"@type\":\"SearchAction\",\"target\":{\"@type\":\"EntryPoint\",\"urlTemplate\":\"https:\\\/\\\/apkostore.com\\\/en\\\/?s={search_term_string}\"},\"query-input\":{\"@type\":\"PropertyValueSpecification\",\"valueRequired\":true,\"valueName\":\"search_term_string\"}}],\"inLanguage\":\"en-US\"},{\"@type\":\"Organization\",\"@id\":\"https:\\\/\\\/apkostore.com\\\/en\\\/#organization\",\"name\":\"APKO Sp. z o. o.\",\"url\":\"https:\\\/\\\/apkostore.com\\\/en\\\/\",\"logo\":{\"@type\":\"ImageObject\",\"inLanguage\":\"en-US\",\"@id\":\"https:\\\/\\\/apkostore.com\\\/en\\\/#\\\/schema\\\/logo\\\/image\\\/\",\"url\":\"https:\\\/\\\/apkostore.com\\\/wp-content\\\/uploads\\\/2023\\\/09\\\/logo-black-min.png\",\"contentUrl\":\"https:\\\/\\\/apkostore.com\\\/wp-content\\\/uploads\\\/2023\\\/09\\\/logo-black-min.png\",\"width\":2500,\"height\":944,\"caption\":\"APKO Sp. z o. o.\"},\"image\":{\"@id\":\"https:\\\/\\\/apkostore.com\\\/en\\\/#\\\/schema\\\/logo\\\/image\\\/\"},\"sameAs\":[\"https:\\\/\\\/www.facebook.com\\\/apkostore\",\"https:\\\/\\\/www.instagram.com\\\/apkostore\\\/\"]}]}<\/script>\n<!-- \/ Yoast SEO plugin. -->","yoast_head_json":{"title":"ORTHOCARE NHAP - pasta wzmacniaj\u0105ca szkliwo - Apkostore.com","description":"Orthocare Pasta - Ochrona i regeneracja dla Twoich z\u0119b\u00f3w. Skutecznie wzmacnia szkliwo podczas leczenia ortodontycznego. Zawiera nano-hydroksyapatyt.","robots":{"index":"index","follow":"follow","max-snippet":"max-snippet:-1","max-image-preview":"max-image-preview:large","max-video-preview":"max-video-preview:-1"},"canonical":"https:\/\/apkostore.com\/en\/product\/orthocare-nhap-pasta\/","og_locale":"en_US","og_type":"article","og_title":"ORTHOCARE NHAP - pasta wzmacniaj\u0105ca szkliwo - Apkostore.com","og_description":"Orthocare Pasta - Ochrona i regeneracja dla Twoich z\u0119b\u00f3w. Skutecznie wzmacnia szkliwo podczas leczenia ortodontycznego. Zawiera nano-hydroksyapatyt.","og_url":"https:\/\/apkostore.com\/en\/product\/orthocare-nhap-pasta\/","og_site_name":"Apkostore.com","article_publisher":"https:\/\/www.facebook.com\/apkostore","article_modified_time":"2026-03-12T21:05:25+00:00","og_image":[{"width":652,"height":652,"url":"https:\/\/apkostore.com\/wp-content\/uploads\/2024\/03\/ovthocare-nhap-pasta.png","type":"image\/png"}],"twitter_card":"summary_large_image","twitter_misc":{"Est. reading time":"2 minutes"},"schema":{"@context":"https:\/\/schema.org","@graph":[{"@type":"WebPage","@id":"https:\/\/apkostore.com\/en\/product\/orthocare-nhap-pasta\/","url":"https:\/\/apkostore.com\/en\/product\/orthocare-nhap-pasta\/","name":"ORTHOCARE NHAP - pasta wzmacniaj\u0105ca szkliwo - Apkostore.com","isPartOf":{"@id":"https:\/\/apkostore.com\/en\/#website"},"primaryImageOfPage":{"@id":"https:\/\/apkostore.com\/en\/product\/orthocare-nhap-pasta\/#primaryimage"},"image":{"@id":"https:\/\/apkostore.com\/en\/product\/orthocare-nhap-pasta\/#primaryimage"},"thumbnailUrl":"https:\/\/apkostore.com\/wp-content\/uploads\/2024\/03\/ovthocare-nhap-pasta.png","datePublished":"2024-03-13T15:46:36+00:00","dateModified":"2026-03-12T21:05:25+00:00","description":"Orthocare Pasta - Ochrona i regeneracja dla Twoich z\u0119b\u00f3w. Skutecznie wzmacnia szkliwo podczas leczenia ortodontycznego. Zawiera nano-hydroksyapatyt.","breadcrumb":{"@id":"https:\/\/apkostore.com\/en\/product\/orthocare-nhap-pasta\/#breadcrumb"},"inLanguage":"en-US","potentialAction":[{"@type":"ReadAction","target":["https:\/\/apkostore.com\/en\/product\/orthocare-nhap-pasta\/"]}]},{"@type":"ImageObject","inLanguage":"en-US","@id":"https:\/\/apkostore.com\/en\/product\/orthocare-nhap-pasta\/#primaryimage","url":"https:\/\/apkostore.com\/wp-content\/uploads\/2024\/03\/ovthocare-nhap-pasta.png","contentUrl":"https:\/\/apkostore.com\/wp-content\/uploads\/2024\/03\/ovthocare-nhap-pasta.png","width":652,"height":652,"caption":"Orthocare pasta wzmacniaj\u0105ca szkliwo podczas leczenia ortodontycznego"},{"@type":"BreadcrumbList","@id":"https:\/\/apkostore.com\/en\/product\/orthocare-nhap-pasta\/#breadcrumb","itemListElement":[{"@type":"ListItem","position":1,"name":"Strona g\u0142\u00f3wna","item":"https:\/\/apkostore.com\/en\/start-eng\/"},{"@type":"ListItem","position":2,"name":"Shop","item":"https:\/\/apkostore.com\/en\/shop\/"},{"@type":"ListItem","position":3,"name":"ORTHOCARE NHAP pasta wzmacniaj\u0105ca szkliwo podczas leczenia ortodontycznego 80 ml"}]},{"@type":"WebSite","@id":"https:\/\/apkostore.com\/en\/#website","url":"https:\/\/apkostore.com\/en\/","name":"Apkostore.com","description":"","publisher":{"@id":"https:\/\/apkostore.com\/en\/#organization"},"potentialAction":[{"@type":"SearchAction","target":{"@type":"EntryPoint","urlTemplate":"https:\/\/apkostore.com\/en\/?s={search_term_string}"},"query-input":{"@type":"PropertyValueSpecification","valueRequired":true,"valueName":"search_term_string"}}],"inLanguage":"en-US"},{"@type":"Organization","@id":"https:\/\/apkostore.com\/en\/#organization","name":"APKO Sp. z o. o.","url":"https:\/\/apkostore.com\/en\/","logo":{"@type":"ImageObject","inLanguage":"en-US","@id":"https:\/\/apkostore.com\/en\/#\/schema\/logo\/image\/","url":"https:\/\/apkostore.com\/wp-content\/uploads\/2023\/09\/logo-black-min.png","contentUrl":"https:\/\/apkostore.com\/wp-content\/uploads\/2023\/09\/logo-black-min.png","width":2500,"height":944,"caption":"APKO Sp. z o. o."},"image":{"@id":"https:\/\/apkostore.com\/en\/#\/schema\/logo\/image\/"},"sameAs":["https:\/\/www.facebook.com\/apkostore","https:\/\/www.instagram.com\/apkostore\/"]}]}},"_links":{"self":[{"href":"https:\/\/apkostore.com\/en\/wp-json\/wp\/v2\/product\/5478","targetHints":{"allow":["GET"]}}],"collection":[{"href":"https:\/\/apkostore.com\/en\/wp-json\/wp\/v2\/product"}],"about":[{"href":"https:\/\/apkostore.com\/en\/wp-json\/wp\/v2\/types\/product"}],"wp:featuredmedia":[{"embeddable":true,"href":"https:\/\/apkostore.com\/en\/wp-json\/wp\/v2\/media\/5479"}],"wp:attachment":[{"href":"https:\/\/apkostore.com\/en\/wp-json\/wp\/v2\/media?parent=5478"}],"wp:term":[{"taxonomy":"product_brand","embeddable":true,"href":"https:\/\/apkostore.com\/en\/wp-json\/wp\/v2\/product_brand?post=5478"},{"taxonomy":"product_cat","embeddable":true,"href":"https:\/\/apkostore.com\/en\/wp-json\/wp\/v2\/product_cat?post=5478"},{"taxonomy":"product_tag","embeddable":true,"href":"https:\/\/apkostore.com\/en\/wp-json\/wp\/v2\/product_tag?post=5478"},{"taxonomy":"dodatkowo","embeddable":true,"href":"https:\/\/apkostore.com\/en\/wp-json\/wp\/v2\/dodatkowo?post=5478"}],"curies":[{"name":"wp","href":"https:\/\/api.w.org\/{rel}","templated":true}]}}