{"id":5178,"date":"2024-01-27T10:41:09","date_gmt":"2024-01-27T09:41:09","guid":{"rendered":"https:\/\/apkostore.com\/?post_type=product&#038;p=5178"},"modified":"2026-04-06T21:55:04","modified_gmt":"2026-04-06T19:55:04","slug":"etui-na-nakladki-ortodontyczne-z-lusterkiem-i-wentylatorami","status":"publish","type":"product","link":"https:\/\/apkostore.com\/en\/product\/etui-na-nakladki-ortodontyczne-z-lusterkiem-i-wentylatorami\/","title":{"rendered":"Etui na nak\u0142adki ortodontyczne z lusterkiem i wentylatorami"},"content":{"rendered":"<h2 data-sourcepos=\"5:1-5:301\"><span class=\"citation-0 citation-end-0\">Etui na nak\u0142adki ortodontyczne z lusterkiem i wentylatorami<\/span><\/h2>\n<p data-sourcepos=\"5:1-5:301\"><span class=\"citation-0 citation-end-0\">To niezb\u0119dny gad\u017cet dla ka\u017cdego, kto nosi aparat ortodontyczny. Chroni nak\u0142adki przed uszkodzeniem, zabrudzeniem<\/span> i utrat\u0105. Etui z lusterkiem i otworami wentylacyjnymi to doskona\u0142y wyb\u00f3r dla os\u00f3b, kt\u00f3re chc\u0105 zapewni\u0107 swoim nak\u0142adkom najwy\u017cszy poziom ochrony oraz ceni\u0105 sobie komfort leczenia.<\/p>\n<h2 data-sourcepos=\"7:1-7:18\"><strong>Cechy produktu<\/strong><\/h2>\n<ul data-sourcepos=\"9:1-20:0\">\n<li data-sourcepos=\"9:1-11:0\">\n<p data-sourcepos=\"9:3-10:167\"><strong>Wykonane z wysokiej jako\u015bci materia\u0142\u00f3w<\/strong> &#8211; etui jest wykonane z trwa\u0142ego i odpornego na uszkodzenia tworzywa sztucznego ABS. Jest r\u00f3wnie\u017c wodoodporne, dzi\u0119ki czemu mo\u017cna je zabra\u0107 ze sob\u0105 do wanny lub na basen<\/p>\n<\/li>\n<li data-sourcepos=\"12:1-14:54\">\n<p data-sourcepos=\"12:3-14:54\"><strong>Z lusterkiem<\/strong> &#8211; etui posiada wbudowane lusterko, dzi\u0119ki czemu mo\u017cesz na bie\u017c\u0105co kontrolowa\u0107 stan swoich nak\u0142adek i ich dopasowanie do z\u0119b\u00f3w<\/p>\n<\/li>\n<li data-sourcepos=\"15:1-17:0\">\n<p data-sourcepos=\"15:3-16:111\"><strong>Z otworami wentylacyjnymi<\/strong> &#8211; otwory wentylacyjne zapobiegaj\u0105 gromadzeniu si\u0119 wilgoci w etui, co mo\u017ce prowadzi\u0107 do rozwoju bakterii i ple\u015bni<\/p>\n<\/li>\n<li data-sourcepos=\"18:1-20:0\">\n<p data-sourcepos=\"18:3-19:75\"><strong>Proste w czyszczeniu<\/strong> &#8211; etui mo\u017cna \u0142atwo umy\u0107 pod bie\u017c\u0105c\u0105 wod\u0105 z myd\u0142em lub p\u0142ynem do mycia naczy\u0144<\/p>\n<\/li>\n<\/ul>\n<h2 data-sourcepos=\"21:1-21:10\"><strong>Zalety<\/strong><\/h2>\n<ul data-sourcepos=\"23:1-28:0\">\n<li data-sourcepos=\"23:1-23:60\">Ochrona nak\u0142adek przed uszkodzeniem, zabrudzeniem<\/li>\n<li data-sourcepos=\"25:1-25:20\">Posiada lusterko<\/li>\n<li data-sourcepos=\"26:1-26:21\">Posiada otwory wentylacyjne<\/li>\n<li data-sourcepos=\"27:1-28:0\">\u0141atwe do czyszczenia<\/li>\n<\/ul>\n<h2 data-sourcepos=\"29:1-29:16\"><strong>Zastosowanie<\/strong><\/h2>\n<p data-sourcepos=\"31:1-31:174\">Etui na nak\u0142adki ortodontyczne mo\u017cna u\u017cywa\u0107 w domu, w podr\u00f3\u017cy lub w pracy. Jest to idealne rozwi\u0105zanie dla os\u00f3b, kt\u00f3re chc\u0105 zapewni\u0107 swoim nak\u0142adkom najwy\u017cszy poziom ochrony.<\/p>\n<h2 data-sourcepos=\"33:1-33:19\"><strong>Specyfikacja<\/strong><\/h2>\n<p data-sourcepos=\"35:1-35:110\"><strong>Kolory:<\/strong> bia\u0142y<\/p>\n<p data-sourcepos=\"39:1-39:146\"><strong>Wymiary:<\/strong> 8,5 x 8,5 x 2,5 cm<\/p>\n<p data-sourcepos=\"39:1-39:146\"><strong>Zamkni\u0119cie:\u00a0<\/strong>magnetyczne<\/p>\n<p data-sourcepos=\"39:1-39:146\"><strong>Dodatkowo:\u00a0<\/strong>posiada wyjmowany silikonowy podk\u0142ad, lusterko i otwory wentylacyjne<\/p>\n<p data-sourcepos=\"39:1-39:146\"><strong>Materia\u0142y:<\/strong> ABS klasy spo\u017cywczej i silikon klasy spo\u017cywczej<\/p>\n","protected":false},"excerpt":{"rendered":"<p>1 szt.<\/p>\n","protected":false},"featured_media":5152,"template":"","meta":[],"product_brand":[],"product_cat":[211],"product_tag":[],"dodatkowo":[],"class_list":{"0":"post-5178","1":"product","2":"type-product","3":"status-publish","4":"has-post-thumbnail","6":"product_cat-nakladki-ortodontyczne","8":"first","9":"instock","10":"taxable","11":"shipping-taxable","12":"purchasable","13":"product-type-simple"},"yoast_head":"<!-- This site is optimized with the Yoast SEO plugin v27.2 - https:\/\/yoast.com\/product\/yoast-seo-wordpress\/ -->\n<title>ETUI NA NAK\u0141ADKI ORTODONTYCZNE z wentylatorami Apkostore.com<\/title>\n<meta name=\"description\" content=\"Etui na nak\u0142adki ortodontyczne z lusterkiem w r\u00f3\u017cnych kolorach. Wykonane z wysokiej jako\u015bci materia\u0142\u00f3w. Je\u015bli nosisz nak\u0142adki warto je sprawdzi\u0107\" \/>\n<meta name=\"robots\" content=\"index, follow, max-snippet:-1, max-image-preview:large, max-video-preview:-1\" \/>\n<link rel=\"canonical\" href=\"https:\/\/apkostore.com\/en\/product\/etui-na-nakladki-ortodontyczne-z-lusterkiem-i-wentylatorami\/\" \/>\n<meta property=\"og:locale\" content=\"en_US\" \/>\n<meta property=\"og:type\" content=\"article\" \/>\n<meta property=\"og:title\" content=\"ETUI NA NAK\u0141ADKI ORTODONTYCZNE z wentylatorami Apkostore.com\" \/>\n<meta property=\"og:description\" content=\"Etui na nak\u0142adki ortodontyczne z lusterkiem w r\u00f3\u017cnych kolorach. Wykonane z wysokiej jako\u015bci materia\u0142\u00f3w. Je\u015bli nosisz nak\u0142adki warto je sprawdzi\u0107\" \/>\n<meta property=\"og:url\" content=\"https:\/\/apkostore.com\/en\/product\/etui-na-nakladki-ortodontyczne-z-lusterkiem-i-wentylatorami\/\" \/>\n<meta property=\"og:site_name\" content=\"Apkostore.com\" \/>\n<meta property=\"article:publisher\" content=\"https:\/\/www.facebook.com\/apkostore\" \/>\n<meta property=\"article:modified_time\" content=\"2026-04-06T19:55:04+00:00\" \/>\n<meta property=\"og:image\" content=\"https:\/\/apkostore.com\/wp-content\/uploads\/2024\/01\/etui-na-nakladki-ortodontyczne-z-lusterkiem-i-wywietrznikiem-biale-1.png\" \/>\n\t<meta property=\"og:image:width\" content=\"652\" \/>\n\t<meta property=\"og:image:height\" content=\"652\" \/>\n\t<meta property=\"og:image:type\" content=\"image\/png\" \/>\n<meta name=\"twitter:card\" content=\"summary_large_image\" \/>\n<meta name=\"twitter:label1\" content=\"Est. reading time\" \/>\n\t<meta name=\"twitter:data1\" content=\"2 minutes\" \/>\n<script type=\"application\/ld+json\" class=\"yoast-schema-graph\">{\"@context\":\"https:\/\/schema.org\",\"@graph\":[{\"@type\":\"WebPage\",\"@id\":\"https:\/\/apkostore.com\/en\/product\/etui-na-nakladki-ortodontyczne-z-lusterkiem-i-wentylatorami\/\",\"url\":\"https:\/\/apkostore.com\/en\/product\/etui-na-nakladki-ortodontyczne-z-lusterkiem-i-wentylatorami\/\",\"name\":\"ETUI NA NAK\u0141ADKI ORTODONTYCZNE z wentylatorami Apkostore.com\",\"isPartOf\":{\"@id\":\"https:\/\/apkostore.com\/en\/#website\"},\"primaryImageOfPage\":{\"@id\":\"https:\/\/apkostore.com\/en\/product\/etui-na-nakladki-ortodontyczne-z-lusterkiem-i-wentylatorami\/#primaryimage\"},\"image\":{\"@id\":\"https:\/\/apkostore.com\/en\/product\/etui-na-nakladki-ortodontyczne-z-lusterkiem-i-wentylatorami\/#primaryimage\"},\"thumbnailUrl\":\"https:\/\/apkostore.com\/wp-content\/uploads\/2024\/01\/etui-na-nakladki-ortodontyczne-z-lusterkiem-i-wywietrznikiem-biale-1.png\",\"datePublished\":\"2024-01-27T09:41:09+00:00\",\"dateModified\":\"2026-04-06T19:55:04+00:00\",\"description\":\"Etui na nak\u0142adki ortodontyczne z lusterkiem w r\u00f3\u017cnych kolorach. Wykonane z wysokiej jako\u015bci materia\u0142\u00f3w. Je\u015bli nosisz nak\u0142adki warto je sprawdzi\u0107\",\"breadcrumb\":{\"@id\":\"https:\/\/apkostore.com\/en\/product\/etui-na-nakladki-ortodontyczne-z-lusterkiem-i-wentylatorami\/#breadcrumb\"},\"inLanguage\":\"en-US\",\"potentialAction\":[{\"@type\":\"ReadAction\",\"target\":[\"https:\/\/apkostore.com\/en\/product\/etui-na-nakladki-ortodontyczne-z-lusterkiem-i-wentylatorami\/\"]}]},{\"@type\":\"ImageObject\",\"inLanguage\":\"en-US\",\"@id\":\"https:\/\/apkostore.com\/en\/product\/etui-na-nakladki-ortodontyczne-z-lusterkiem-i-wentylatorami\/#primaryimage\",\"url\":\"https:\/\/apkostore.com\/wp-content\/uploads\/2024\/01\/etui-na-nakladki-ortodontyczne-z-lusterkiem-i-wywietrznikiem-biale-1.png\",\"contentUrl\":\"https:\/\/apkostore.com\/wp-content\/uploads\/2024\/01\/etui-na-nakladki-ortodontyczne-z-lusterkiem-i-wywietrznikiem-biale-1.png\",\"width\":652,\"height\":652,\"caption\":\"Etui na nak\u0142adki ortodontyczne z lusterkiem i wentylatorami\"},{\"@type\":\"BreadcrumbList\",\"@id\":\"https:\/\/apkostore.com\/en\/product\/etui-na-nakladki-ortodontyczne-z-lusterkiem-i-wentylatorami\/#breadcrumb\",\"itemListElement\":[{\"@type\":\"ListItem\",\"position\":1,\"name\":\"Strona g\u0142\u00f3wna\",\"item\":\"https:\/\/apkostore.com\/en\/start-eng\/\"},{\"@type\":\"ListItem\",\"position\":2,\"name\":\"Shop\",\"item\":\"https:\/\/apkostore.com\/en\/shop\/\"},{\"@type\":\"ListItem\",\"position\":3,\"name\":\"Etui na nak\u0142adki ortodontyczne z lusterkiem i wentylatorami\"}]},{\"@type\":\"WebSite\",\"@id\":\"https:\/\/apkostore.com\/en\/#website\",\"url\":\"https:\/\/apkostore.com\/en\/\",\"name\":\"Apkostore.com\",\"description\":\"\",\"publisher\":{\"@id\":\"https:\/\/apkostore.com\/en\/#organization\"},\"potentialAction\":[{\"@type\":\"SearchAction\",\"target\":{\"@type\":\"EntryPoint\",\"urlTemplate\":\"https:\/\/apkostore.com\/en\/?s={search_term_string}\"},\"query-input\":{\"@type\":\"PropertyValueSpecification\",\"valueRequired\":true,\"valueName\":\"search_term_string\"}}],\"inLanguage\":\"en-US\"},{\"@type\":\"Organization\",\"@id\":\"https:\/\/apkostore.com\/en\/#organization\",\"name\":\"APKO Sp. z o. o.\",\"url\":\"https:\/\/apkostore.com\/en\/\",\"logo\":{\"@type\":\"ImageObject\",\"inLanguage\":\"en-US\",\"@id\":\"https:\/\/apkostore.com\/en\/#\/schema\/logo\/image\/\",\"url\":\"https:\/\/apkostore.com\/wp-content\/uploads\/2023\/09\/logo-black-min.png\",\"contentUrl\":\"https:\/\/apkostore.com\/wp-content\/uploads\/2023\/09\/logo-black-min.png\",\"width\":2500,\"height\":944,\"caption\":\"APKO Sp. z o. o.\"},\"image\":{\"@id\":\"https:\/\/apkostore.com\/en\/#\/schema\/logo\/image\/\"},\"sameAs\":[\"https:\/\/www.facebook.com\/apkostore\",\"https:\/\/www.instagram.com\/apkostore\/\"]}]}<\/script>\n<!-- \/ Yoast SEO plugin. -->","yoast_head_json":{"title":"ETUI NA NAK\u0141ADKI ORTODONTYCZNE z wentylatorami Apkostore.com","description":"Etui na nak\u0142adki ortodontyczne z lusterkiem w r\u00f3\u017cnych kolorach. Wykonane z wysokiej jako\u015bci materia\u0142\u00f3w. Je\u015bli nosisz nak\u0142adki warto je sprawdzi\u0107","robots":{"index":"index","follow":"follow","max-snippet":"max-snippet:-1","max-image-preview":"max-image-preview:large","max-video-preview":"max-video-preview:-1"},"canonical":"https:\/\/apkostore.com\/en\/product\/etui-na-nakladki-ortodontyczne-z-lusterkiem-i-wentylatorami\/","og_locale":"en_US","og_type":"article","og_title":"ETUI NA NAK\u0141ADKI ORTODONTYCZNE z wentylatorami Apkostore.com","og_description":"Etui na nak\u0142adki ortodontyczne z lusterkiem w r\u00f3\u017cnych kolorach. Wykonane z wysokiej jako\u015bci materia\u0142\u00f3w. Je\u015bli nosisz nak\u0142adki warto je sprawdzi\u0107","og_url":"https:\/\/apkostore.com\/en\/product\/etui-na-nakladki-ortodontyczne-z-lusterkiem-i-wentylatorami\/","og_site_name":"Apkostore.com","article_publisher":"https:\/\/www.facebook.com\/apkostore","article_modified_time":"2026-04-06T19:55:04+00:00","og_image":[{"width":652,"height":652,"url":"https:\/\/apkostore.com\/wp-content\/uploads\/2024\/01\/etui-na-nakladki-ortodontyczne-z-lusterkiem-i-wywietrznikiem-biale-1.png","type":"image\/png"}],"twitter_card":"summary_large_image","twitter_misc":{"Est. reading time":"2 minutes"},"schema":{"@context":"https:\/\/schema.org","@graph":[{"@type":"WebPage","@id":"https:\/\/apkostore.com\/en\/product\/etui-na-nakladki-ortodontyczne-z-lusterkiem-i-wentylatorami\/","url":"https:\/\/apkostore.com\/en\/product\/etui-na-nakladki-ortodontyczne-z-lusterkiem-i-wentylatorami\/","name":"ETUI NA NAK\u0141ADKI ORTODONTYCZNE z wentylatorami Apkostore.com","isPartOf":{"@id":"https:\/\/apkostore.com\/en\/#website"},"primaryImageOfPage":{"@id":"https:\/\/apkostore.com\/en\/product\/etui-na-nakladki-ortodontyczne-z-lusterkiem-i-wentylatorami\/#primaryimage"},"image":{"@id":"https:\/\/apkostore.com\/en\/product\/etui-na-nakladki-ortodontyczne-z-lusterkiem-i-wentylatorami\/#primaryimage"},"thumbnailUrl":"https:\/\/apkostore.com\/wp-content\/uploads\/2024\/01\/etui-na-nakladki-ortodontyczne-z-lusterkiem-i-wywietrznikiem-biale-1.png","datePublished":"2024-01-27T09:41:09+00:00","dateModified":"2026-04-06T19:55:04+00:00","description":"Etui na nak\u0142adki ortodontyczne z lusterkiem w r\u00f3\u017cnych kolorach. Wykonane z wysokiej jako\u015bci materia\u0142\u00f3w. Je\u015bli nosisz nak\u0142adki warto je sprawdzi\u0107","breadcrumb":{"@id":"https:\/\/apkostore.com\/en\/product\/etui-na-nakladki-ortodontyczne-z-lusterkiem-i-wentylatorami\/#breadcrumb"},"inLanguage":"en-US","potentialAction":[{"@type":"ReadAction","target":["https:\/\/apkostore.com\/en\/product\/etui-na-nakladki-ortodontyczne-z-lusterkiem-i-wentylatorami\/"]}]},{"@type":"ImageObject","inLanguage":"en-US","@id":"https:\/\/apkostore.com\/en\/product\/etui-na-nakladki-ortodontyczne-z-lusterkiem-i-wentylatorami\/#primaryimage","url":"https:\/\/apkostore.com\/wp-content\/uploads\/2024\/01\/etui-na-nakladki-ortodontyczne-z-lusterkiem-i-wywietrznikiem-biale-1.png","contentUrl":"https:\/\/apkostore.com\/wp-content\/uploads\/2024\/01\/etui-na-nakladki-ortodontyczne-z-lusterkiem-i-wywietrznikiem-biale-1.png","width":652,"height":652,"caption":"Etui na nak\u0142adki ortodontyczne z lusterkiem i wentylatorami"},{"@type":"BreadcrumbList","@id":"https:\/\/apkostore.com\/en\/product\/etui-na-nakladki-ortodontyczne-z-lusterkiem-i-wentylatorami\/#breadcrumb","itemListElement":[{"@type":"ListItem","position":1,"name":"Strona g\u0142\u00f3wna","item":"https:\/\/apkostore.com\/en\/start-eng\/"},{"@type":"ListItem","position":2,"name":"Shop","item":"https:\/\/apkostore.com\/en\/shop\/"},{"@type":"ListItem","position":3,"name":"Etui na nak\u0142adki ortodontyczne z lusterkiem i wentylatorami"}]},{"@type":"WebSite","@id":"https:\/\/apkostore.com\/en\/#website","url":"https:\/\/apkostore.com\/en\/","name":"Apkostore.com","description":"","publisher":{"@id":"https:\/\/apkostore.com\/en\/#organization"},"potentialAction":[{"@type":"SearchAction","target":{"@type":"EntryPoint","urlTemplate":"https:\/\/apkostore.com\/en\/?s={search_term_string}"},"query-input":{"@type":"PropertyValueSpecification","valueRequired":true,"valueName":"search_term_string"}}],"inLanguage":"en-US"},{"@type":"Organization","@id":"https:\/\/apkostore.com\/en\/#organization","name":"APKO Sp. z o. o.","url":"https:\/\/apkostore.com\/en\/","logo":{"@type":"ImageObject","inLanguage":"en-US","@id":"https:\/\/apkostore.com\/en\/#\/schema\/logo\/image\/","url":"https:\/\/apkostore.com\/wp-content\/uploads\/2023\/09\/logo-black-min.png","contentUrl":"https:\/\/apkostore.com\/wp-content\/uploads\/2023\/09\/logo-black-min.png","width":2500,"height":944,"caption":"APKO Sp. z o. o."},"image":{"@id":"https:\/\/apkostore.com\/en\/#\/schema\/logo\/image\/"},"sameAs":["https:\/\/www.facebook.com\/apkostore","https:\/\/www.instagram.com\/apkostore\/"]}]}},"_links":{"self":[{"href":"https:\/\/apkostore.com\/en\/wp-json\/wp\/v2\/product\/5178","targetHints":{"allow":["GET"]}}],"collection":[{"href":"https:\/\/apkostore.com\/en\/wp-json\/wp\/v2\/product"}],"about":[{"href":"https:\/\/apkostore.com\/en\/wp-json\/wp\/v2\/types\/product"}],"wp:featuredmedia":[{"embeddable":true,"href":"https:\/\/apkostore.com\/en\/wp-json\/wp\/v2\/media\/5152"}],"wp:attachment":[{"href":"https:\/\/apkostore.com\/en\/wp-json\/wp\/v2\/media?parent=5178"}],"wp:term":[{"taxonomy":"product_brand","embeddable":true,"href":"https:\/\/apkostore.com\/en\/wp-json\/wp\/v2\/product_brand?post=5178"},{"taxonomy":"product_cat","embeddable":true,"href":"https:\/\/apkostore.com\/en\/wp-json\/wp\/v2\/product_cat?post=5178"},{"taxonomy":"product_tag","embeddable":true,"href":"https:\/\/apkostore.com\/en\/wp-json\/wp\/v2\/product_tag?post=5178"},{"taxonomy":"dodatkowo","embeddable":true,"href":"https:\/\/apkostore.com\/en\/wp-json\/wp\/v2\/dodatkowo?post=5178"}],"curies":[{"name":"wp","href":"https:\/\/api.w.org\/{rel}","templated":true}]}}