{"id":5141,"date":"2024-01-25T17:58:43","date_gmt":"2024-01-25T16:58:43","guid":{"rendered":"https:\/\/apkostore.com\/?post_type=product&#038;p=5141"},"modified":"2026-04-16T12:01:39","modified_gmt":"2026-04-16T10:01:39","slug":"etui-na-nakladki-ortodontyczne-z-lusterkiem","status":"publish","type":"product","link":"https:\/\/apkostore.com\/en\/product\/etui-na-nakladki-ortodontyczne-z-lusterkiem\/","title":{"rendered":"Etui na nak\u0142adki ortodontyczne z lusterkiem"},"content":{"rendered":"<h2 data-sourcepos=\"5:1-5:464\">Etui na nak\u0142adki ortodontyczne z lusterkiem<\/h2>\n<p data-sourcepos=\"5:1-5:464\">To niezb\u0119dny gad\u017cet dla ka\u017cdego, kto nosi aparat ortodontyczny. Chroni nak\u0142adki przed uszkodzeniem, zabrudzeniem. Dzi\u0119ki niemu ju\u017c nigdy nie zgubisz swoich nak\u0142adek. Posiada wygodne zamkni\u0119cie na magnes. Etui jest wykonane z wysokiej jako\u015bci materia\u0142\u00f3w, kt\u00f3re s\u0105 odporne na uszkodzenia mechaniczne. Posiada wyjmowany wk\u0142ad sylikonowy, kt\u00f3ry zapewnia dodatkow\u0105 ochron\u0119 nak\u0142adek. Wk\u0142ad jest r\u00f3wnie\u017c \u0142atwy do czyszczenia. Etui posiada r\u00f3wnie\u017c lusterko, dzi\u0119ki czemu mo\u017cesz na bie\u017c\u0105co kontrolowa\u0107 stan swoich nak\u0142adek i ich dopasowanie do z\u0119b\u00f3w.<\/p>\n<h2 data-sourcepos=\"7:1-7:19\"><strong>Cechy produktu:<\/strong><\/h2>\n<ul data-sourcepos=\"9:1-14:0\">\n<li data-sourcepos=\"9:1-9:40\">Wykonane z wysokiej jako\u015bci materia\u0142\u00f3w<\/li>\n<li data-sourcepos=\"10:1-10:36\">Odporne na uszkodzenia mechaniczne<\/li>\n<li data-sourcepos=\"11:1-11:28\">Wyjmowany wk\u0142ad sylikonowy<\/li>\n<li data-sourcepos=\"12:1-12:22\">\u0141atwe do czyszczenia<\/li>\n<li data-sourcepos=\"13:1-14:0\">Z lusterkiem<\/li>\n<\/ul>\n<h2 data-sourcepos=\"15:1-15:20\"><strong>Zalety produktu:<\/strong><\/h2>\n<ul data-sourcepos=\"17:1-21:0\">\n<li data-sourcepos=\"17:1-17:59\">Chroni nak\u0142adki przed uszkodzeniem, zabrudzeniem i zgubieniem<\/li>\n<li data-sourcepos=\"18:1-18:78\">Posiada wygodne magnetyczne zamkni\u0119cie<\/li>\n<li data-sourcepos=\"19:1-19:22\">\u0141atwe do czyszczenia dzi\u0119ki wyjmowanemu wk\u0142adowi sylikonowemu<\/li>\n<li data-sourcepos=\"20:1-21:0\">Posiada lusterko, dzi\u0119ki czemu mo\u017cesz na bie\u017c\u0105co kontrolowa\u0107 stan swoich nak\u0142adek<\/li>\n<\/ul>\n<h2 data-sourcepos=\"22:1-22:26\"><strong>Zastosowanie produktu:<\/strong><\/h2>\n<p data-sourcepos=\"24:1-24:140\">Etui na nak\u0142adki ortodontyczne jest przeznaczone do przechowywania nak\u0142adek ortodontycznych. Mo\u017ce by\u0107 u\u017cywane w domu, w podr\u00f3\u017cy lub w pracy.<\/p>\n<h2 data-sourcepos=\"24:1-24:140\">Materia\u0142y u\u017cyte do produkcji:<\/h2>\n<ul>\n<li data-sourcepos=\"24:1-24:140\">ABS klasy spo\u017cywczej<\/li>\n<li data-sourcepos=\"24:1-24:140\">silikon klasy spo\u017cywczej<\/li>\n<\/ul>\n<p data-sourcepos=\"24:1-24:140\">\n","protected":false},"excerpt":{"rendered":"<p>1 szt.<\/p>\n","protected":false},"featured_media":5302,"template":"","meta":[],"product_brand":[],"product_cat":[211],"product_tag":[],"dodatkowo":[],"class_list":{"0":"post-5141","1":"product","2":"type-product","3":"status-publish","4":"has-post-thumbnail","6":"product_cat-nakladki-ortodontyczne","8":"first","9":"instock","10":"taxable","11":"shipping-taxable","12":"purchasable","13":"product-type-variable"},"yoast_head":"<!-- This site is optimized with the Yoast SEO plugin v27.2 - https:\/\/yoast.com\/product\/yoast-seo-wordpress\/ -->\n<title>Etui na nak\u0142adki ortodontyczne z lusterkiem - Apkostore.com<\/title>\n<meta name=\"description\" content=\"Etui na nak\u0142adki ortodontyczne z lusterkiem w r\u00f3\u017cnych kolorach. Wykonane z wysokiej jako\u015bci materia\u0142\u00f3w. Je\u015bli nosisz nak\u0142adki warto je sprawdzi\u0107\" \/>\n<meta name=\"robots\" content=\"index, follow, max-snippet:-1, max-image-preview:large, max-video-preview:-1\" \/>\n<link rel=\"canonical\" href=\"https:\/\/apkostore.com\/en\/product\/etui-na-nakladki-ortodontyczne-z-lusterkiem\/\" \/>\n<meta property=\"og:locale\" content=\"en_US\" \/>\n<meta property=\"og:type\" content=\"article\" \/>\n<meta property=\"og:title\" content=\"Etui na nak\u0142adki ortodontyczne z lusterkiem - Apkostore.com\" \/>\n<meta property=\"og:description\" content=\"Etui na nak\u0142adki ortodontyczne z lusterkiem w r\u00f3\u017cnych kolorach. Wykonane z wysokiej jako\u015bci materia\u0142\u00f3w. Je\u015bli nosisz nak\u0142adki warto je sprawdzi\u0107\" \/>\n<meta property=\"og:url\" content=\"https:\/\/apkostore.com\/en\/product\/etui-na-nakladki-ortodontyczne-z-lusterkiem\/\" \/>\n<meta property=\"og:site_name\" content=\"Apkostore.com\" \/>\n<meta property=\"article:publisher\" content=\"https:\/\/www.facebook.com\/apkostore\" \/>\n<meta property=\"article:modified_time\" content=\"2026-04-16T10:01:39+00:00\" \/>\n<meta property=\"og:image\" content=\"https:\/\/apkostore.com\/wp-content\/uploads\/2024\/01\/etui-na-nakladki-ortodontyczne-z-lusterkiem.png\" \/>\n\t<meta property=\"og:image:width\" content=\"652\" \/>\n\t<meta property=\"og:image:height\" content=\"652\" \/>\n\t<meta property=\"og:image:type\" content=\"image\/png\" \/>\n<meta name=\"twitter:card\" content=\"summary_large_image\" \/>\n<meta name=\"twitter:label1\" content=\"Est. reading time\" \/>\n\t<meta name=\"twitter:data1\" content=\"2 minutes\" \/>\n<script type=\"application\/ld+json\" class=\"yoast-schema-graph\">{\"@context\":\"https:\/\/schema.org\",\"@graph\":[{\"@type\":\"WebPage\",\"@id\":\"https:\/\/apkostore.com\/en\/product\/etui-na-nakladki-ortodontyczne-z-lusterkiem\/\",\"url\":\"https:\/\/apkostore.com\/en\/product\/etui-na-nakladki-ortodontyczne-z-lusterkiem\/\",\"name\":\"Etui na nak\u0142adki ortodontyczne z lusterkiem - Apkostore.com\",\"isPartOf\":{\"@id\":\"https:\/\/apkostore.com\/en\/#website\"},\"primaryImageOfPage\":{\"@id\":\"https:\/\/apkostore.com\/en\/product\/etui-na-nakladki-ortodontyczne-z-lusterkiem\/#primaryimage\"},\"image\":{\"@id\":\"https:\/\/apkostore.com\/en\/product\/etui-na-nakladki-ortodontyczne-z-lusterkiem\/#primaryimage\"},\"thumbnailUrl\":\"https:\/\/apkostore.com\/wp-content\/uploads\/2024\/01\/etui-na-nakladki-ortodontyczne-z-lusterkiem.png\",\"datePublished\":\"2024-01-25T16:58:43+00:00\",\"dateModified\":\"2026-04-16T10:01:39+00:00\",\"description\":\"Etui na nak\u0142adki ortodontyczne z lusterkiem w r\u00f3\u017cnych kolorach. Wykonane z wysokiej jako\u015bci materia\u0142\u00f3w. Je\u015bli nosisz nak\u0142adki warto je sprawdzi\u0107\",\"breadcrumb\":{\"@id\":\"https:\/\/apkostore.com\/en\/product\/etui-na-nakladki-ortodontyczne-z-lusterkiem\/#breadcrumb\"},\"inLanguage\":\"en-US\",\"potentialAction\":[{\"@type\":\"ReadAction\",\"target\":[\"https:\/\/apkostore.com\/en\/product\/etui-na-nakladki-ortodontyczne-z-lusterkiem\/\"]}]},{\"@type\":\"ImageObject\",\"inLanguage\":\"en-US\",\"@id\":\"https:\/\/apkostore.com\/en\/product\/etui-na-nakladki-ortodontyczne-z-lusterkiem\/#primaryimage\",\"url\":\"https:\/\/apkostore.com\/wp-content\/uploads\/2024\/01\/etui-na-nakladki-ortodontyczne-z-lusterkiem.png\",\"contentUrl\":\"https:\/\/apkostore.com\/wp-content\/uploads\/2024\/01\/etui-na-nakladki-ortodontyczne-z-lusterkiem.png\",\"width\":652,\"height\":652,\"caption\":\"etui na nak\u0142adki ortodontyczne z lusterkiem\"},{\"@type\":\"BreadcrumbList\",\"@id\":\"https:\/\/apkostore.com\/en\/product\/etui-na-nakladki-ortodontyczne-z-lusterkiem\/#breadcrumb\",\"itemListElement\":[{\"@type\":\"ListItem\",\"position\":1,\"name\":\"Strona g\u0142\u00f3wna\",\"item\":\"https:\/\/apkostore.com\/en\/start-eng\/\"},{\"@type\":\"ListItem\",\"position\":2,\"name\":\"Shop\",\"item\":\"https:\/\/apkostore.com\/en\/shop\/\"},{\"@type\":\"ListItem\",\"position\":3,\"name\":\"Etui na nak\u0142adki ortodontyczne z lusterkiem\"}]},{\"@type\":\"WebSite\",\"@id\":\"https:\/\/apkostore.com\/en\/#website\",\"url\":\"https:\/\/apkostore.com\/en\/\",\"name\":\"Apkostore.com\",\"description\":\"\",\"publisher\":{\"@id\":\"https:\/\/apkostore.com\/en\/#organization\"},\"potentialAction\":[{\"@type\":\"SearchAction\",\"target\":{\"@type\":\"EntryPoint\",\"urlTemplate\":\"https:\/\/apkostore.com\/en\/?s={search_term_string}\"},\"query-input\":{\"@type\":\"PropertyValueSpecification\",\"valueRequired\":true,\"valueName\":\"search_term_string\"}}],\"inLanguage\":\"en-US\"},{\"@type\":\"Organization\",\"@id\":\"https:\/\/apkostore.com\/en\/#organization\",\"name\":\"APKO Sp. z o. o.\",\"url\":\"https:\/\/apkostore.com\/en\/\",\"logo\":{\"@type\":\"ImageObject\",\"inLanguage\":\"en-US\",\"@id\":\"https:\/\/apkostore.com\/en\/#\/schema\/logo\/image\/\",\"url\":\"https:\/\/apkostore.com\/wp-content\/uploads\/2023\/09\/logo-black-min.png\",\"contentUrl\":\"https:\/\/apkostore.com\/wp-content\/uploads\/2023\/09\/logo-black-min.png\",\"width\":2500,\"height\":944,\"caption\":\"APKO Sp. z o. o.\"},\"image\":{\"@id\":\"https:\/\/apkostore.com\/en\/#\/schema\/logo\/image\/\"},\"sameAs\":[\"https:\/\/www.facebook.com\/apkostore\",\"https:\/\/www.instagram.com\/apkostore\/\"]}]}<\/script>\n<!-- \/ Yoast SEO plugin. -->","yoast_head_json":{"title":"Etui na nak\u0142adki ortodontyczne z lusterkiem - Apkostore.com","description":"Etui na nak\u0142adki ortodontyczne z lusterkiem w r\u00f3\u017cnych kolorach. Wykonane z wysokiej jako\u015bci materia\u0142\u00f3w. Je\u015bli nosisz nak\u0142adki warto je sprawdzi\u0107","robots":{"index":"index","follow":"follow","max-snippet":"max-snippet:-1","max-image-preview":"max-image-preview:large","max-video-preview":"max-video-preview:-1"},"canonical":"https:\/\/apkostore.com\/en\/product\/etui-na-nakladki-ortodontyczne-z-lusterkiem\/","og_locale":"en_US","og_type":"article","og_title":"Etui na nak\u0142adki ortodontyczne z lusterkiem - Apkostore.com","og_description":"Etui na nak\u0142adki ortodontyczne z lusterkiem w r\u00f3\u017cnych kolorach. Wykonane z wysokiej jako\u015bci materia\u0142\u00f3w. Je\u015bli nosisz nak\u0142adki warto je sprawdzi\u0107","og_url":"https:\/\/apkostore.com\/en\/product\/etui-na-nakladki-ortodontyczne-z-lusterkiem\/","og_site_name":"Apkostore.com","article_publisher":"https:\/\/www.facebook.com\/apkostore","article_modified_time":"2026-04-16T10:01:39+00:00","og_image":[{"width":652,"height":652,"url":"https:\/\/apkostore.com\/wp-content\/uploads\/2024\/01\/etui-na-nakladki-ortodontyczne-z-lusterkiem.png","type":"image\/png"}],"twitter_card":"summary_large_image","twitter_misc":{"Est. reading time":"2 minutes"},"schema":{"@context":"https:\/\/schema.org","@graph":[{"@type":"WebPage","@id":"https:\/\/apkostore.com\/en\/product\/etui-na-nakladki-ortodontyczne-z-lusterkiem\/","url":"https:\/\/apkostore.com\/en\/product\/etui-na-nakladki-ortodontyczne-z-lusterkiem\/","name":"Etui na nak\u0142adki ortodontyczne z lusterkiem - Apkostore.com","isPartOf":{"@id":"https:\/\/apkostore.com\/en\/#website"},"primaryImageOfPage":{"@id":"https:\/\/apkostore.com\/en\/product\/etui-na-nakladki-ortodontyczne-z-lusterkiem\/#primaryimage"},"image":{"@id":"https:\/\/apkostore.com\/en\/product\/etui-na-nakladki-ortodontyczne-z-lusterkiem\/#primaryimage"},"thumbnailUrl":"https:\/\/apkostore.com\/wp-content\/uploads\/2024\/01\/etui-na-nakladki-ortodontyczne-z-lusterkiem.png","datePublished":"2024-01-25T16:58:43+00:00","dateModified":"2026-04-16T10:01:39+00:00","description":"Etui na nak\u0142adki ortodontyczne z lusterkiem w r\u00f3\u017cnych kolorach. Wykonane z wysokiej jako\u015bci materia\u0142\u00f3w. Je\u015bli nosisz nak\u0142adki warto je sprawdzi\u0107","breadcrumb":{"@id":"https:\/\/apkostore.com\/en\/product\/etui-na-nakladki-ortodontyczne-z-lusterkiem\/#breadcrumb"},"inLanguage":"en-US","potentialAction":[{"@type":"ReadAction","target":["https:\/\/apkostore.com\/en\/product\/etui-na-nakladki-ortodontyczne-z-lusterkiem\/"]}]},{"@type":"ImageObject","inLanguage":"en-US","@id":"https:\/\/apkostore.com\/en\/product\/etui-na-nakladki-ortodontyczne-z-lusterkiem\/#primaryimage","url":"https:\/\/apkostore.com\/wp-content\/uploads\/2024\/01\/etui-na-nakladki-ortodontyczne-z-lusterkiem.png","contentUrl":"https:\/\/apkostore.com\/wp-content\/uploads\/2024\/01\/etui-na-nakladki-ortodontyczne-z-lusterkiem.png","width":652,"height":652,"caption":"etui na nak\u0142adki ortodontyczne z lusterkiem"},{"@type":"BreadcrumbList","@id":"https:\/\/apkostore.com\/en\/product\/etui-na-nakladki-ortodontyczne-z-lusterkiem\/#breadcrumb","itemListElement":[{"@type":"ListItem","position":1,"name":"Strona g\u0142\u00f3wna","item":"https:\/\/apkostore.com\/en\/start-eng\/"},{"@type":"ListItem","position":2,"name":"Shop","item":"https:\/\/apkostore.com\/en\/shop\/"},{"@type":"ListItem","position":3,"name":"Etui na nak\u0142adki ortodontyczne z lusterkiem"}]},{"@type":"WebSite","@id":"https:\/\/apkostore.com\/en\/#website","url":"https:\/\/apkostore.com\/en\/","name":"Apkostore.com","description":"","publisher":{"@id":"https:\/\/apkostore.com\/en\/#organization"},"potentialAction":[{"@type":"SearchAction","target":{"@type":"EntryPoint","urlTemplate":"https:\/\/apkostore.com\/en\/?s={search_term_string}"},"query-input":{"@type":"PropertyValueSpecification","valueRequired":true,"valueName":"search_term_string"}}],"inLanguage":"en-US"},{"@type":"Organization","@id":"https:\/\/apkostore.com\/en\/#organization","name":"APKO Sp. z o. o.","url":"https:\/\/apkostore.com\/en\/","logo":{"@type":"ImageObject","inLanguage":"en-US","@id":"https:\/\/apkostore.com\/en\/#\/schema\/logo\/image\/","url":"https:\/\/apkostore.com\/wp-content\/uploads\/2023\/09\/logo-black-min.png","contentUrl":"https:\/\/apkostore.com\/wp-content\/uploads\/2023\/09\/logo-black-min.png","width":2500,"height":944,"caption":"APKO Sp. z o. o."},"image":{"@id":"https:\/\/apkostore.com\/en\/#\/schema\/logo\/image\/"},"sameAs":["https:\/\/www.facebook.com\/apkostore","https:\/\/www.instagram.com\/apkostore\/"]}]}},"_links":{"self":[{"href":"https:\/\/apkostore.com\/en\/wp-json\/wp\/v2\/product\/5141","targetHints":{"allow":["GET"]}}],"collection":[{"href":"https:\/\/apkostore.com\/en\/wp-json\/wp\/v2\/product"}],"about":[{"href":"https:\/\/apkostore.com\/en\/wp-json\/wp\/v2\/types\/product"}],"wp:featuredmedia":[{"embeddable":true,"href":"https:\/\/apkostore.com\/en\/wp-json\/wp\/v2\/media\/5302"}],"wp:attachment":[{"href":"https:\/\/apkostore.com\/en\/wp-json\/wp\/v2\/media?parent=5141"}],"wp:term":[{"taxonomy":"product_brand","embeddable":true,"href":"https:\/\/apkostore.com\/en\/wp-json\/wp\/v2\/product_brand?post=5141"},{"taxonomy":"product_cat","embeddable":true,"href":"https:\/\/apkostore.com\/en\/wp-json\/wp\/v2\/product_cat?post=5141"},{"taxonomy":"product_tag","embeddable":true,"href":"https:\/\/apkostore.com\/en\/wp-json\/wp\/v2\/product_tag?post=5141"},{"taxonomy":"dodatkowo","embeddable":true,"href":"https:\/\/apkostore.com\/en\/wp-json\/wp\/v2\/dodatkowo?post=5141"}],"curies":[{"name":"wp","href":"https:\/\/api.w.org\/{rel}","templated":true}]}}