{"id":4452,"date":"2023-09-15T11:25:43","date_gmt":"2023-09-15T09:25:43","guid":{"rendered":"https:\/\/apkostore.com\/produkt\/eludril-sensitiv\/"},"modified":"2024-10-03T19:48:47","modified_gmt":"2024-10-03T17:48:47","slug":"eludril-sensitiv","status":"publish","type":"product","link":"https:\/\/apkostore.com\/en\/product\/eludril-sensitiv\/","title":{"rendered":"ELUDRIL SENSITIVE mouthwash for sensitive teeth 500 ml"},"content":{"rendered":"<p><b>Eludril Sensitive \u2013 Mouthwash for Sensitive Teeth<\/b><b><\/b><\/p>\n<p>This specialist mouthwash is specifically designed for people with sensitive teeth. Thanks to its unique formula, it helps reduce discomfort caused by tooth sensitivity while providing daily oral protection. Enriched with Fluorinol \u2013 a second-generation amine fluoride, ELUDRIL SENSITIVE protects and strengthens teeth, increasing their resistance.<\/p>\n<h2>How Eludril Sensitive Works:<b><\/b><\/h2>\n<ul>\n<li>Protects and strengthens teeth.<\/li>\n<li>Reduces discomfort from sensitivity to high and low temperatures.<\/li>\n<\/ul>\n<h2>Benefits of Eludril Sensitive:<b><\/b><\/h2>\n<ul>\n<li>Protects against sensitivity and helps strengthen teeth.<\/li>\n<li>Helps reduce discomfort while providing daily protection.<\/li>\n<li>Contains Fluorinol, which protects and strengthens teeth.<\/li>\n<li>Minty flavor leaves a pleasant sensation of freshness in the mouth.<\/li>\n<\/ul>\n<h2>How to Use Eludril Sensitive:<b><\/b><\/h2>\n<p>Rinse your mouth with 15 ml of undiluted mouthwash for 30 seconds, morning and evening after brushing. Spit out the liquid afterward. Do not dilute with water. The mouthwash contains nicomethanol fluoride (225 ppm of fluoride). Do not swallow the liquid. The product is suitable for use from the age of 12.<\/p>\n<h2>Ingredients:<b><\/b><\/h2>\n<ul>\n<li>Aqua (Water)<\/li>\n<li>Glycerin<\/li>\n<li>Potassium Nitrate \u2013 relieves irritation<\/li>\n<li>Propylene Glycol \u2013 solvent and moisturizing agent<\/li>\n<li>Xylitol \u2013 sweetener<\/li>\n<li>Aroma (Flavor)<\/li>\n<li>Green 3 (CI 42053) \u2013 food coloring<\/li>\n<li>Limonene \u2013 fragrance<\/li>\n<li>Nicotinyl Alcohol HF<\/li>\n<li>PEG-40 Hydrogenated Castor Oil \u2013 thickener<\/li>\n<li>Sodium Benzoate \u2013 preservative<\/li>\n<li>Sodium Hydroxide \u2013 acidity regulator<\/li>\n<li>Sodium Saccharin \u2013 sweetener<\/li>\n<li>Yellow 5 (CI 19140) \u2013 food coloring (Note: present only in some versions of the mouthwash)<\/li>\n<\/ul>\n<p><b>Packaging:<\/b> 500ml<\/p>\n<p>Take care of your sensitive teeth with a mouthwash that provides effective protection against sensitivity while leaving your mouth feeling fresh and comfortable.<\/p>\n","protected":false},"excerpt":{"rendered":"<p>500 ml<\/p>\n","protected":false},"featured_media":4046,"template":"","meta":[],"product_brand":[],"product_cat":[288,287,293],"product_tag":[],"dodatkowo":[],"class_list":{"0":"post-4452","1":"product","2":"type-product","3":"status-publish","4":"has-post-thumbnail","6":"product_cat-after-treatment","7":"product_cat-daily-hygiene","8":"product_cat-hygienization-treatment","10":"first","11":"instock","12":"taxable","13":"shipping-taxable","14":"purchasable","15":"product-type-simple"},"yoast_head":"<!-- This site is optimized with the Yoast SEO plugin v27.5 - https:\/\/yoast.com\/product\/yoast-seo-wordpress\/ -->\n<title>ELUDRIL SENSITIVE mouthwash for sensitive teeth 500 ml - Apkostore.com<\/title>\n<meta name=\"description\" content=\"Eludril Sensitive \u2013 thanks to its unique formula, it helps reduce discomfort caused by tooth sensitivity while providing daily oral protection.\" \/>\n<meta name=\"robots\" content=\"index, follow, max-snippet:-1, max-image-preview:large, max-video-preview:-1\" \/>\n<link rel=\"canonical\" href=\"https:\/\/apkostore.com\/en\/product\/eludril-sensitiv\/\" \/>\n<meta property=\"og:locale\" content=\"en_US\" \/>\n<meta property=\"og:type\" content=\"article\" \/>\n<meta property=\"og:title\" content=\"ELUDRIL SENSITIVE mouthwash for sensitive teeth 500 ml - Apkostore.com\" \/>\n<meta property=\"og:description\" content=\"Eludril Sensitive \u2013 thanks to its unique formula, it helps reduce discomfort caused by tooth sensitivity while providing daily oral protection.\" \/>\n<meta property=\"og:url\" content=\"https:\/\/apkostore.com\/en\/product\/eludril-sensitiv\/\" \/>\n<meta property=\"og:site_name\" content=\"Apkostore.com\" \/>\n<meta property=\"article:publisher\" content=\"https:\/\/www.facebook.com\/apkostore\" \/>\n<meta property=\"article:modified_time\" content=\"2024-10-03T17:48:47+00:00\" \/>\n<meta property=\"og:image\" content=\"https:\/\/apkostore.com\/wp-content\/uploads\/2023\/09\/Eludril-Plyn-Sensitiv-1.png\" \/>\n\t<meta property=\"og:image:width\" content=\"838\" \/>\n\t<meta property=\"og:image:height\" content=\"838\" \/>\n\t<meta property=\"og:image:type\" content=\"image\/png\" \/>\n<meta name=\"twitter:card\" content=\"summary_large_image\" \/>\n<meta name=\"twitter:label1\" content=\"Est. reading time\" \/>\n\t<meta name=\"twitter:data1\" content=\"2 minutes\" \/>\n<script type=\"application\/ld+json\" class=\"yoast-schema-graph\">{\"@context\":\"https:\\\/\\\/schema.org\",\"@graph\":[{\"@type\":\"WebPage\",\"@id\":\"https:\\\/\\\/apkostore.com\\\/en\\\/product\\\/eludril-sensitiv\\\/\",\"url\":\"https:\\\/\\\/apkostore.com\\\/en\\\/product\\\/eludril-sensitiv\\\/\",\"name\":\"ELUDRIL SENSITIVE mouthwash for sensitive teeth 500 ml - Apkostore.com\",\"isPartOf\":{\"@id\":\"https:\\\/\\\/apkostore.com\\\/en\\\/#website\"},\"primaryImageOfPage\":{\"@id\":\"https:\\\/\\\/apkostore.com\\\/en\\\/product\\\/eludril-sensitiv\\\/#primaryimage\"},\"image\":{\"@id\":\"https:\\\/\\\/apkostore.com\\\/en\\\/product\\\/eludril-sensitiv\\\/#primaryimage\"},\"thumbnailUrl\":\"https:\\\/\\\/apkostore.com\\\/wp-content\\\/uploads\\\/2023\\\/09\\\/Eludril-Plyn-Sensitiv-1.png\",\"datePublished\":\"2023-09-15T09:25:43+00:00\",\"dateModified\":\"2024-10-03T17:48:47+00:00\",\"description\":\"Eludril Sensitive \u2013 thanks to its unique formula, it helps reduce discomfort caused by tooth sensitivity while providing daily oral protection.\",\"breadcrumb\":{\"@id\":\"https:\\\/\\\/apkostore.com\\\/en\\\/product\\\/eludril-sensitiv\\\/#breadcrumb\"},\"inLanguage\":\"en-US\",\"potentialAction\":[{\"@type\":\"ReadAction\",\"target\":[\"https:\\\/\\\/apkostore.com\\\/en\\\/product\\\/eludril-sensitiv\\\/\"]}]},{\"@type\":\"ImageObject\",\"inLanguage\":\"en-US\",\"@id\":\"https:\\\/\\\/apkostore.com\\\/en\\\/product\\\/eludril-sensitiv\\\/#primaryimage\",\"url\":\"https:\\\/\\\/apkostore.com\\\/wp-content\\\/uploads\\\/2023\\\/09\\\/Eludril-Plyn-Sensitiv-1.png\",\"contentUrl\":\"https:\\\/\\\/apkostore.com\\\/wp-content\\\/uploads\\\/2023\\\/09\\\/Eludril-Plyn-Sensitiv-1.png\",\"width\":838,\"height\":838,\"caption\":\"Eludril Sensitive - p\u0142yn do p\u0142ukania jamy ustnej do wra\u017cliwych z\u0119b\u00f3w\"},{\"@type\":\"BreadcrumbList\",\"@id\":\"https:\\\/\\\/apkostore.com\\\/en\\\/product\\\/eludril-sensitiv\\\/#breadcrumb\",\"itemListElement\":[{\"@type\":\"ListItem\",\"position\":1,\"name\":\"Strona g\u0142\u00f3wna\",\"item\":\"https:\\\/\\\/apkostore.com\\\/en\\\/start-eng\\\/\"},{\"@type\":\"ListItem\",\"position\":2,\"name\":\"Shop\",\"item\":\"https:\\\/\\\/apkostore.com\\\/en\\\/shop\\\/\"},{\"@type\":\"ListItem\",\"position\":3,\"name\":\"ELUDRIL SENSITIVE mouthwash for sensitive teeth 500 ml\"}]},{\"@type\":\"WebSite\",\"@id\":\"https:\\\/\\\/apkostore.com\\\/en\\\/#website\",\"url\":\"https:\\\/\\\/apkostore.com\\\/en\\\/\",\"name\":\"Apkostore.com\",\"description\":\"\",\"publisher\":{\"@id\":\"https:\\\/\\\/apkostore.com\\\/en\\\/#organization\"},\"potentialAction\":[{\"@type\":\"SearchAction\",\"target\":{\"@type\":\"EntryPoint\",\"urlTemplate\":\"https:\\\/\\\/apkostore.com\\\/en\\\/?s={search_term_string}\"},\"query-input\":{\"@type\":\"PropertyValueSpecification\",\"valueRequired\":true,\"valueName\":\"search_term_string\"}}],\"inLanguage\":\"en-US\"},{\"@type\":\"Organization\",\"@id\":\"https:\\\/\\\/apkostore.com\\\/en\\\/#organization\",\"name\":\"APKO Sp. z o. o.\",\"url\":\"https:\\\/\\\/apkostore.com\\\/en\\\/\",\"logo\":{\"@type\":\"ImageObject\",\"inLanguage\":\"en-US\",\"@id\":\"https:\\\/\\\/apkostore.com\\\/en\\\/#\\\/schema\\\/logo\\\/image\\\/\",\"url\":\"https:\\\/\\\/apkostore.com\\\/wp-content\\\/uploads\\\/2023\\\/09\\\/logo-black-min.png\",\"contentUrl\":\"https:\\\/\\\/apkostore.com\\\/wp-content\\\/uploads\\\/2023\\\/09\\\/logo-black-min.png\",\"width\":2500,\"height\":944,\"caption\":\"APKO Sp. z o. o.\"},\"image\":{\"@id\":\"https:\\\/\\\/apkostore.com\\\/en\\\/#\\\/schema\\\/logo\\\/image\\\/\"},\"sameAs\":[\"https:\\\/\\\/www.facebook.com\\\/apkostore\",\"https:\\\/\\\/www.instagram.com\\\/apkostore\\\/\"]}]}<\/script>\n<!-- \/ Yoast SEO plugin. -->","yoast_head_json":{"title":"ELUDRIL SENSITIVE mouthwash for sensitive teeth 500 ml - Apkostore.com","description":"Eludril Sensitive \u2013 thanks to its unique formula, it helps reduce discomfort caused by tooth sensitivity while providing daily oral protection.","robots":{"index":"index","follow":"follow","max-snippet":"max-snippet:-1","max-image-preview":"max-image-preview:large","max-video-preview":"max-video-preview:-1"},"canonical":"https:\/\/apkostore.com\/en\/product\/eludril-sensitiv\/","og_locale":"en_US","og_type":"article","og_title":"ELUDRIL SENSITIVE mouthwash for sensitive teeth 500 ml - Apkostore.com","og_description":"Eludril Sensitive \u2013 thanks to its unique formula, it helps reduce discomfort caused by tooth sensitivity while providing daily oral protection.","og_url":"https:\/\/apkostore.com\/en\/product\/eludril-sensitiv\/","og_site_name":"Apkostore.com","article_publisher":"https:\/\/www.facebook.com\/apkostore","article_modified_time":"2024-10-03T17:48:47+00:00","og_image":[{"width":838,"height":838,"url":"https:\/\/apkostore.com\/wp-content\/uploads\/2023\/09\/Eludril-Plyn-Sensitiv-1.png","type":"image\/png"}],"twitter_card":"summary_large_image","twitter_misc":{"Est. reading time":"2 minutes"},"schema":{"@context":"https:\/\/schema.org","@graph":[{"@type":"WebPage","@id":"https:\/\/apkostore.com\/en\/product\/eludril-sensitiv\/","url":"https:\/\/apkostore.com\/en\/product\/eludril-sensitiv\/","name":"ELUDRIL SENSITIVE mouthwash for sensitive teeth 500 ml - Apkostore.com","isPartOf":{"@id":"https:\/\/apkostore.com\/en\/#website"},"primaryImageOfPage":{"@id":"https:\/\/apkostore.com\/en\/product\/eludril-sensitiv\/#primaryimage"},"image":{"@id":"https:\/\/apkostore.com\/en\/product\/eludril-sensitiv\/#primaryimage"},"thumbnailUrl":"https:\/\/apkostore.com\/wp-content\/uploads\/2023\/09\/Eludril-Plyn-Sensitiv-1.png","datePublished":"2023-09-15T09:25:43+00:00","dateModified":"2024-10-03T17:48:47+00:00","description":"Eludril Sensitive \u2013 thanks to its unique formula, it helps reduce discomfort caused by tooth sensitivity while providing daily oral protection.","breadcrumb":{"@id":"https:\/\/apkostore.com\/en\/product\/eludril-sensitiv\/#breadcrumb"},"inLanguage":"en-US","potentialAction":[{"@type":"ReadAction","target":["https:\/\/apkostore.com\/en\/product\/eludril-sensitiv\/"]}]},{"@type":"ImageObject","inLanguage":"en-US","@id":"https:\/\/apkostore.com\/en\/product\/eludril-sensitiv\/#primaryimage","url":"https:\/\/apkostore.com\/wp-content\/uploads\/2023\/09\/Eludril-Plyn-Sensitiv-1.png","contentUrl":"https:\/\/apkostore.com\/wp-content\/uploads\/2023\/09\/Eludril-Plyn-Sensitiv-1.png","width":838,"height":838,"caption":"Eludril Sensitive - p\u0142yn do p\u0142ukania jamy ustnej do wra\u017cliwych z\u0119b\u00f3w"},{"@type":"BreadcrumbList","@id":"https:\/\/apkostore.com\/en\/product\/eludril-sensitiv\/#breadcrumb","itemListElement":[{"@type":"ListItem","position":1,"name":"Strona g\u0142\u00f3wna","item":"https:\/\/apkostore.com\/en\/start-eng\/"},{"@type":"ListItem","position":2,"name":"Shop","item":"https:\/\/apkostore.com\/en\/shop\/"},{"@type":"ListItem","position":3,"name":"ELUDRIL SENSITIVE mouthwash for sensitive teeth 500 ml"}]},{"@type":"WebSite","@id":"https:\/\/apkostore.com\/en\/#website","url":"https:\/\/apkostore.com\/en\/","name":"Apkostore.com","description":"","publisher":{"@id":"https:\/\/apkostore.com\/en\/#organization"},"potentialAction":[{"@type":"SearchAction","target":{"@type":"EntryPoint","urlTemplate":"https:\/\/apkostore.com\/en\/?s={search_term_string}"},"query-input":{"@type":"PropertyValueSpecification","valueRequired":true,"valueName":"search_term_string"}}],"inLanguage":"en-US"},{"@type":"Organization","@id":"https:\/\/apkostore.com\/en\/#organization","name":"APKO Sp. z o. o.","url":"https:\/\/apkostore.com\/en\/","logo":{"@type":"ImageObject","inLanguage":"en-US","@id":"https:\/\/apkostore.com\/en\/#\/schema\/logo\/image\/","url":"https:\/\/apkostore.com\/wp-content\/uploads\/2023\/09\/logo-black-min.png","contentUrl":"https:\/\/apkostore.com\/wp-content\/uploads\/2023\/09\/logo-black-min.png","width":2500,"height":944,"caption":"APKO Sp. z o. o."},"image":{"@id":"https:\/\/apkostore.com\/en\/#\/schema\/logo\/image\/"},"sameAs":["https:\/\/www.facebook.com\/apkostore","https:\/\/www.instagram.com\/apkostore\/"]}]}},"_links":{"self":[{"href":"https:\/\/apkostore.com\/en\/wp-json\/wp\/v2\/product\/4452","targetHints":{"allow":["GET"]}}],"collection":[{"href":"https:\/\/apkostore.com\/en\/wp-json\/wp\/v2\/product"}],"about":[{"href":"https:\/\/apkostore.com\/en\/wp-json\/wp\/v2\/types\/product"}],"wp:featuredmedia":[{"embeddable":true,"href":"https:\/\/apkostore.com\/en\/wp-json\/wp\/v2\/media\/4046"}],"wp:attachment":[{"href":"https:\/\/apkostore.com\/en\/wp-json\/wp\/v2\/media?parent=4452"}],"wp:term":[{"taxonomy":"product_brand","embeddable":true,"href":"https:\/\/apkostore.com\/en\/wp-json\/wp\/v2\/product_brand?post=4452"},{"taxonomy":"product_cat","embeddable":true,"href":"https:\/\/apkostore.com\/en\/wp-json\/wp\/v2\/product_cat?post=4452"},{"taxonomy":"product_tag","embeddable":true,"href":"https:\/\/apkostore.com\/en\/wp-json\/wp\/v2\/product_tag?post=4452"},{"taxonomy":"dodatkowo","embeddable":true,"href":"https:\/\/apkostore.com\/en\/wp-json\/wp\/v2\/dodatkowo?post=4452"}],"curies":[{"name":"wp","href":"https:\/\/api.w.org\/{rel}","templated":true}]}}