{"id":4449,"date":"2023-09-15T11:25:43","date_gmt":"2023-09-15T09:25:43","guid":{"rendered":"https:\/\/apkostore.com\/produkt\/elgydium-teaching-toothpaste\/"},"modified":"2024-09-27T23:22:40","modified_gmt":"2024-09-27T21:22:40","slug":"elgydium-teaching-toothpaste","status":"publish","type":"product","link":"https:\/\/apkostore.com\/en\/product\/elgydium-teaching-toothpaste\/","title":{"rendered":"ELGYDIUM TEACHING TOOTHPASTE staining teeth green 50 ml"},"content":{"rendered":"<p><b>Elgydium Teaching toothpaste staining teeth green<\/b><\/p>\n<p>The Elgydium Teaching toothpaste is an innovative product designed to help master the proper technique of brushing teeth. The special dye it contains highlights areas covered with bacterial plaque by coloring them green, making it easier to identify areas that need extra brushing. This way, the toothpaste helps in maintaining oral hygiene and preventing cavities.<\/p>\n<h2>Elgydium Teaching Toothpaste \u2013 Key Benefits:<\/h2>\n<p>\ud83d\udfe2 <b>Perfect for Learning How to Brush Teeth<\/b> \u2013 This educational toothpaste assists children from the age of 7 and adults in mastering the correct brushing technique, ensuring thorough removal of dental plaque and bacterial deposits.<\/p>\n<p>\ud83e\uddb7 <b>Prevents Cavities<\/b> \u2013 The toothpaste contains fluoride, which is highly effective in preventing tooth decay and remineralizing enamel.<\/p>\n<p>\ud83c\udf4f <b>Apple Flavor<\/b> \u2013 The pleasant apple taste makes this toothpaste appealing, especially for children, encouraging regular brushing.<\/p>\n<h2>How to Use the Toothpaste:<\/h2>\n<p>1.Brush your teeth with the toothpaste as you normally would.<\/p>\n<p>2.Rinse your mouth and check in the mirror for any missed spots \u2013 these will be colored green.<\/p>\n<p>3.Without applying more toothpaste, brush your teeth again to remove the remaining dye.<\/p>\n<p>4.Smile with confidence!<\/p>\n<h2>Ingredients:<\/h2>\n<ul>\n<li>Hydrogenated Starch Hydrolysate<\/li>\n<li>Aqua (Water)<\/li>\n<li>Hydrated Silica<\/li>\n<li>Aroma (Flavor)<\/li>\n<li>Blue 1 (CI 42051) \u2013 food coloring<\/li>\n<li>Cellulose Gum<\/li>\n<li>Limonene<\/li>\n<li>Nicotinyl Alcohol HF<\/li>\n<li>PEG-12<\/li>\n<li>PEG-12 Allyl Ether<\/li>\n<li>PEG-12 Dimethicone<\/li>\n<li>Sodium Benzoate<\/li>\n<li>Sodium Lauroyl Sarcosinate<\/li>\n<li>Sodium Propionate<\/li>\n<li>Sodium Saccharin<\/li>\n<li>Tetrasodium EDTA<\/li>\n<li>Yellow 5 (CI 19140) \u2013 food coloring (note: only in some versions of the toothpaste)<\/li>\n<\/ul>\n<h2>Additional Information:<\/h2>\n<p>The Elgydium Educational toothpaste is available in a 50 ml tube.<\/p>\n","protected":false},"excerpt":{"rendered":"<p>50 ml<\/p>\n","protected":false},"featured_media":4007,"template":"","meta":[],"product_brand":[],"product_cat":[297,287,289],"product_tag":[],"dodatkowo":[],"class_list":{"0":"post-4449","1":"product","2":"type-product","3":"status-publish","4":"has-post-thumbnail","6":"product_cat-7-14-years","7":"product_cat-daily-hygiene","8":"product_cat-kids","10":"first","11":"instock","12":"taxable","13":"shipping-taxable","14":"purchasable","15":"product-type-simple"},"yoast_head":"<!-- This site is optimized with the Yoast SEO plugin v27.5 - https:\/\/yoast.com\/product\/yoast-seo-wordpress\/ -->\n<title>ELGYDIUM TEACHING TOOTHPASTE staining teeth green 50 ml - Apkostore.com<\/title>\n<meta name=\"description\" content=\"Elgydium Teaching toothpaste help master the proper technique of brushing teeth. It highlights areas covered with bacterial plaque by coloring them green\" \/>\n<meta name=\"robots\" content=\"index, follow, max-snippet:-1, max-image-preview:large, max-video-preview:-1\" \/>\n<link rel=\"canonical\" href=\"https:\/\/apkostore.com\/en\/product\/elgydium-teaching-toothpaste\/\" \/>\n<meta property=\"og:locale\" content=\"en_US\" \/>\n<meta property=\"og:type\" content=\"article\" \/>\n<meta property=\"og:title\" content=\"ELGYDIUM TEACHING TOOTHPASTE staining teeth green 50 ml - Apkostore.com\" \/>\n<meta property=\"og:description\" content=\"Elgydium Teaching toothpaste help master the proper technique of brushing teeth. It highlights areas covered with bacterial plaque by coloring them green\" \/>\n<meta property=\"og:url\" content=\"https:\/\/apkostore.com\/en\/product\/elgydium-teaching-toothpaste\/\" \/>\n<meta property=\"og:site_name\" content=\"Apkostore.com\" \/>\n<meta property=\"article:publisher\" content=\"https:\/\/www.facebook.com\/apkostore\" \/>\n<meta property=\"article:modified_time\" content=\"2024-09-27T21:22:40+00:00\" \/>\n<meta property=\"og:image\" content=\"https:\/\/apkostore.com\/wp-content\/uploads\/2023\/09\/Elgydium-Pasta-Edukacyjna-1.png\" \/>\n\t<meta property=\"og:image:width\" content=\"867\" \/>\n\t<meta property=\"og:image:height\" content=\"867\" \/>\n\t<meta property=\"og:image:type\" content=\"image\/png\" \/>\n<meta name=\"twitter:card\" content=\"summary_large_image\" \/>\n<meta name=\"twitter:label1\" content=\"Est. reading time\" \/>\n\t<meta name=\"twitter:data1\" content=\"2 minutes\" \/>\n<script type=\"application\/ld+json\" class=\"yoast-schema-graph\">{\"@context\":\"https:\\\/\\\/schema.org\",\"@graph\":[{\"@type\":\"WebPage\",\"@id\":\"https:\\\/\\\/apkostore.com\\\/en\\\/product\\\/elgydium-teaching-toothpaste\\\/\",\"url\":\"https:\\\/\\\/apkostore.com\\\/en\\\/product\\\/elgydium-teaching-toothpaste\\\/\",\"name\":\"ELGYDIUM TEACHING TOOTHPASTE staining teeth green 50 ml - Apkostore.com\",\"isPartOf\":{\"@id\":\"https:\\\/\\\/apkostore.com\\\/en\\\/#website\"},\"primaryImageOfPage\":{\"@id\":\"https:\\\/\\\/apkostore.com\\\/en\\\/product\\\/elgydium-teaching-toothpaste\\\/#primaryimage\"},\"image\":{\"@id\":\"https:\\\/\\\/apkostore.com\\\/en\\\/product\\\/elgydium-teaching-toothpaste\\\/#primaryimage\"},\"thumbnailUrl\":\"https:\\\/\\\/apkostore.com\\\/wp-content\\\/uploads\\\/2023\\\/09\\\/Elgydium-Pasta-Edukacyjna-1.png\",\"datePublished\":\"2023-09-15T09:25:43+00:00\",\"dateModified\":\"2024-09-27T21:22:40+00:00\",\"description\":\"Elgydium Teaching toothpaste help master the proper technique of brushing teeth. It highlights areas covered with bacterial plaque by coloring them green\",\"breadcrumb\":{\"@id\":\"https:\\\/\\\/apkostore.com\\\/en\\\/product\\\/elgydium-teaching-toothpaste\\\/#breadcrumb\"},\"inLanguage\":\"en-US\",\"potentialAction\":[{\"@type\":\"ReadAction\",\"target\":[\"https:\\\/\\\/apkostore.com\\\/en\\\/product\\\/elgydium-teaching-toothpaste\\\/\"]}]},{\"@type\":\"ImageObject\",\"inLanguage\":\"en-US\",\"@id\":\"https:\\\/\\\/apkostore.com\\\/en\\\/product\\\/elgydium-teaching-toothpaste\\\/#primaryimage\",\"url\":\"https:\\\/\\\/apkostore.com\\\/wp-content\\\/uploads\\\/2023\\\/09\\\/Elgydium-Pasta-Edukacyjna-1.png\",\"contentUrl\":\"https:\\\/\\\/apkostore.com\\\/wp-content\\\/uploads\\\/2023\\\/09\\\/Elgydium-Pasta-Edukacyjna-1.png\",\"width\":867,\"height\":867,\"caption\":\"Elgydium Edukacyjna pasta wyprawiaj\u0105ca p\u0142ytk\u0119 naz\u0119bn\u0105\"},{\"@type\":\"BreadcrumbList\",\"@id\":\"https:\\\/\\\/apkostore.com\\\/en\\\/product\\\/elgydium-teaching-toothpaste\\\/#breadcrumb\",\"itemListElement\":[{\"@type\":\"ListItem\",\"position\":1,\"name\":\"Strona g\u0142\u00f3wna\",\"item\":\"https:\\\/\\\/apkostore.com\\\/en\\\/start-eng\\\/\"},{\"@type\":\"ListItem\",\"position\":2,\"name\":\"Shop\",\"item\":\"https:\\\/\\\/apkostore.com\\\/en\\\/shop\\\/\"},{\"@type\":\"ListItem\",\"position\":3,\"name\":\"ELGYDIUM TEACHING TOOTHPASTE staining teeth green 50 ml\"}]},{\"@type\":\"WebSite\",\"@id\":\"https:\\\/\\\/apkostore.com\\\/en\\\/#website\",\"url\":\"https:\\\/\\\/apkostore.com\\\/en\\\/\",\"name\":\"Apkostore.com\",\"description\":\"\",\"publisher\":{\"@id\":\"https:\\\/\\\/apkostore.com\\\/en\\\/#organization\"},\"potentialAction\":[{\"@type\":\"SearchAction\",\"target\":{\"@type\":\"EntryPoint\",\"urlTemplate\":\"https:\\\/\\\/apkostore.com\\\/en\\\/?s={search_term_string}\"},\"query-input\":{\"@type\":\"PropertyValueSpecification\",\"valueRequired\":true,\"valueName\":\"search_term_string\"}}],\"inLanguage\":\"en-US\"},{\"@type\":\"Organization\",\"@id\":\"https:\\\/\\\/apkostore.com\\\/en\\\/#organization\",\"name\":\"APKO Sp. z o. o.\",\"url\":\"https:\\\/\\\/apkostore.com\\\/en\\\/\",\"logo\":{\"@type\":\"ImageObject\",\"inLanguage\":\"en-US\",\"@id\":\"https:\\\/\\\/apkostore.com\\\/en\\\/#\\\/schema\\\/logo\\\/image\\\/\",\"url\":\"https:\\\/\\\/apkostore.com\\\/wp-content\\\/uploads\\\/2023\\\/09\\\/logo-black-min.png\",\"contentUrl\":\"https:\\\/\\\/apkostore.com\\\/wp-content\\\/uploads\\\/2023\\\/09\\\/logo-black-min.png\",\"width\":2500,\"height\":944,\"caption\":\"APKO Sp. z o. o.\"},\"image\":{\"@id\":\"https:\\\/\\\/apkostore.com\\\/en\\\/#\\\/schema\\\/logo\\\/image\\\/\"},\"sameAs\":[\"https:\\\/\\\/www.facebook.com\\\/apkostore\",\"https:\\\/\\\/www.instagram.com\\\/apkostore\\\/\"]}]}<\/script>\n<!-- \/ Yoast SEO plugin. -->","yoast_head_json":{"title":"ELGYDIUM TEACHING TOOTHPASTE staining teeth green 50 ml - Apkostore.com","description":"Elgydium Teaching toothpaste help master the proper technique of brushing teeth. It highlights areas covered with bacterial plaque by coloring them green","robots":{"index":"index","follow":"follow","max-snippet":"max-snippet:-1","max-image-preview":"max-image-preview:large","max-video-preview":"max-video-preview:-1"},"canonical":"https:\/\/apkostore.com\/en\/product\/elgydium-teaching-toothpaste\/","og_locale":"en_US","og_type":"article","og_title":"ELGYDIUM TEACHING TOOTHPASTE staining teeth green 50 ml - Apkostore.com","og_description":"Elgydium Teaching toothpaste help master the proper technique of brushing teeth. It highlights areas covered with bacterial plaque by coloring them green","og_url":"https:\/\/apkostore.com\/en\/product\/elgydium-teaching-toothpaste\/","og_site_name":"Apkostore.com","article_publisher":"https:\/\/www.facebook.com\/apkostore","article_modified_time":"2024-09-27T21:22:40+00:00","og_image":[{"width":867,"height":867,"url":"https:\/\/apkostore.com\/wp-content\/uploads\/2023\/09\/Elgydium-Pasta-Edukacyjna-1.png","type":"image\/png"}],"twitter_card":"summary_large_image","twitter_misc":{"Est. reading time":"2 minutes"},"schema":{"@context":"https:\/\/schema.org","@graph":[{"@type":"WebPage","@id":"https:\/\/apkostore.com\/en\/product\/elgydium-teaching-toothpaste\/","url":"https:\/\/apkostore.com\/en\/product\/elgydium-teaching-toothpaste\/","name":"ELGYDIUM TEACHING TOOTHPASTE staining teeth green 50 ml - Apkostore.com","isPartOf":{"@id":"https:\/\/apkostore.com\/en\/#website"},"primaryImageOfPage":{"@id":"https:\/\/apkostore.com\/en\/product\/elgydium-teaching-toothpaste\/#primaryimage"},"image":{"@id":"https:\/\/apkostore.com\/en\/product\/elgydium-teaching-toothpaste\/#primaryimage"},"thumbnailUrl":"https:\/\/apkostore.com\/wp-content\/uploads\/2023\/09\/Elgydium-Pasta-Edukacyjna-1.png","datePublished":"2023-09-15T09:25:43+00:00","dateModified":"2024-09-27T21:22:40+00:00","description":"Elgydium Teaching toothpaste help master the proper technique of brushing teeth. It highlights areas covered with bacterial plaque by coloring them green","breadcrumb":{"@id":"https:\/\/apkostore.com\/en\/product\/elgydium-teaching-toothpaste\/#breadcrumb"},"inLanguage":"en-US","potentialAction":[{"@type":"ReadAction","target":["https:\/\/apkostore.com\/en\/product\/elgydium-teaching-toothpaste\/"]}]},{"@type":"ImageObject","inLanguage":"en-US","@id":"https:\/\/apkostore.com\/en\/product\/elgydium-teaching-toothpaste\/#primaryimage","url":"https:\/\/apkostore.com\/wp-content\/uploads\/2023\/09\/Elgydium-Pasta-Edukacyjna-1.png","contentUrl":"https:\/\/apkostore.com\/wp-content\/uploads\/2023\/09\/Elgydium-Pasta-Edukacyjna-1.png","width":867,"height":867,"caption":"Elgydium Edukacyjna pasta wyprawiaj\u0105ca p\u0142ytk\u0119 naz\u0119bn\u0105"},{"@type":"BreadcrumbList","@id":"https:\/\/apkostore.com\/en\/product\/elgydium-teaching-toothpaste\/#breadcrumb","itemListElement":[{"@type":"ListItem","position":1,"name":"Strona g\u0142\u00f3wna","item":"https:\/\/apkostore.com\/en\/start-eng\/"},{"@type":"ListItem","position":2,"name":"Shop","item":"https:\/\/apkostore.com\/en\/shop\/"},{"@type":"ListItem","position":3,"name":"ELGYDIUM TEACHING TOOTHPASTE staining teeth green 50 ml"}]},{"@type":"WebSite","@id":"https:\/\/apkostore.com\/en\/#website","url":"https:\/\/apkostore.com\/en\/","name":"Apkostore.com","description":"","publisher":{"@id":"https:\/\/apkostore.com\/en\/#organization"},"potentialAction":[{"@type":"SearchAction","target":{"@type":"EntryPoint","urlTemplate":"https:\/\/apkostore.com\/en\/?s={search_term_string}"},"query-input":{"@type":"PropertyValueSpecification","valueRequired":true,"valueName":"search_term_string"}}],"inLanguage":"en-US"},{"@type":"Organization","@id":"https:\/\/apkostore.com\/en\/#organization","name":"APKO Sp. z o. o.","url":"https:\/\/apkostore.com\/en\/","logo":{"@type":"ImageObject","inLanguage":"en-US","@id":"https:\/\/apkostore.com\/en\/#\/schema\/logo\/image\/","url":"https:\/\/apkostore.com\/wp-content\/uploads\/2023\/09\/logo-black-min.png","contentUrl":"https:\/\/apkostore.com\/wp-content\/uploads\/2023\/09\/logo-black-min.png","width":2500,"height":944,"caption":"APKO Sp. z o. o."},"image":{"@id":"https:\/\/apkostore.com\/en\/#\/schema\/logo\/image\/"},"sameAs":["https:\/\/www.facebook.com\/apkostore","https:\/\/www.instagram.com\/apkostore\/"]}]}},"_links":{"self":[{"href":"https:\/\/apkostore.com\/en\/wp-json\/wp\/v2\/product\/4449","targetHints":{"allow":["GET"]}}],"collection":[{"href":"https:\/\/apkostore.com\/en\/wp-json\/wp\/v2\/product"}],"about":[{"href":"https:\/\/apkostore.com\/en\/wp-json\/wp\/v2\/types\/product"}],"wp:featuredmedia":[{"embeddable":true,"href":"https:\/\/apkostore.com\/en\/wp-json\/wp\/v2\/media\/4007"}],"wp:attachment":[{"href":"https:\/\/apkostore.com\/en\/wp-json\/wp\/v2\/media?parent=4449"}],"wp:term":[{"taxonomy":"product_brand","embeddable":true,"href":"https:\/\/apkostore.com\/en\/wp-json\/wp\/v2\/product_brand?post=4449"},{"taxonomy":"product_cat","embeddable":true,"href":"https:\/\/apkostore.com\/en\/wp-json\/wp\/v2\/product_cat?post=4449"},{"taxonomy":"product_tag","embeddable":true,"href":"https:\/\/apkostore.com\/en\/wp-json\/wp\/v2\/product_tag?post=4449"},{"taxonomy":"dodatkowo","embeddable":true,"href":"https:\/\/apkostore.com\/en\/wp-json\/wp\/v2\/dodatkowo?post=4449"}],"curies":[{"name":"wp","href":"https:\/\/api.w.org\/{rel}","templated":true}]}}