{"id":4448,"date":"2023-09-15T11:25:43","date_gmt":"2023-09-15T09:25:43","guid":{"rendered":"https:\/\/apkostore.com\/produkt\/elgydium-irritated-gums\/"},"modified":"2024-09-18T11:42:58","modified_gmt":"2024-09-18T09:42:58","slug":"elgydium-irritated-gums","status":"publish","type":"product","link":"https:\/\/apkostore.com\/en\/product\/elgydium-irritated-gums\/","title":{"rendered":"ELGYDIUM IRRITATED GUMS toothpaste for irritated gums 75 ml"},"content":{"rendered":"<p><b>Elgydium Irritated Gums \u2013 Toothpaste for Irritated Gums<\/b><\/p>\n<p>This toothpaste has been specially formulated to provide effective oral hygiene and improve gum health, especially for those with bleeding, irritated, and swollen gums. Thanks to its unique formula containing active ingredients, the toothpaste minimizes the risk of gum inflammation and bleeding. Studies show that 96% of people who used Elgydium Dentifrice Apaisant noticed an improvement in gum condition.<\/p>\n<h2><b>Key Active Ingredients in Elgydium for Irritated Gums:<\/b><\/h2>\n<p><b>Cetylpyridinium Chloride<\/b> \u2013 helps reduce dental plaque, which is the main cause of gum inflammation and cavities. It has antiseptic properties and reduces gum swelling and redness.<\/p>\n<p><b>Star Anise Oil<\/b> \u2013 reduces gum inflammation and neutralizes bacteria responsible for cavities.<\/p>\n<p><b>Peppermint Oil<\/b> \u2013 provides a long-lasting feeling of freshness in the mouth.<\/p>\n<p><b>Key Benefits:<\/b><\/p>\n<p><b>Long-lasting freshness<\/b> \u2013 The toothpaste leaves a pleasant feeling of freshness in the mouth, increasing comfort after brushing.<\/p>\n<p><b>Minimizes the risk of gum inflammation and bleeding<\/b> \u2013 The active ingredients help reduce gum problems, such as inflammation and bleeding.<\/p>\n<p><b>Supports plaque reduction<\/b> \u2013 Cetylpyridinium chloride has antiseptic properties and limits bacterial plaque buildup, contributing to healthier gums.<\/p>\n<p><b>Effective oral hygiene<\/b> \u2013 The toothpaste helps maintain proper oral hygiene.<\/p>\n<h2><b>How to Use:<\/b><\/h2>\n<p>The toothpaste is designed for daily use. Brush your teeth with Elgydium Dentifrice Apaisant or massage your gums with a soft toothbrush or clean finger. It is recommended to use the toothpaste 3 times a day, after meals. After brushing or massaging, thoroughly rinse your mouth. The product is not recommended for children under 6 years old. Do not store at temperatures above 25\u00b0C.<\/p>\n<h2><b>Ingredients:<\/b><\/h2>\n<ul>\n<li>Water (Aqua)<\/li>\n<li>Calcium Carbonate<\/li>\n<li>Glycerin<\/li>\n<li>Sodium Lauryl Sulfate<\/li>\n<li>Algin<\/li>\n<li>Carrageenan<\/li>\n<li>Cetylpyridinium Chloride<\/li>\n<li>Eugenol<\/li>\n<li>Aroma (Flavor)<\/li>\n<li>Glycyrrhetinic Acid<\/li>\n<li>Illicium Verum Fruit\/Seed Oil (Star Anise Oil)<\/li>\n<li>Limonene<\/li>\n<li>Mentha Piperita Oil (Peppermint Oil)<\/li>\n<li>L-Menthol<\/li>\n<li>Saccharin<\/li>\n<li>Sodium Carbonate<\/li>\n<li>Sodium Silicate<\/li>\n<\/ul>\n<h2><b>Additional Information:<\/b><\/h2>\n<p>The toothpaste is available in a 75ml package.<\/p>\n","protected":false},"excerpt":{"rendered":"<p>75 ml<\/p>\n","protected":false},"featured_media":4014,"template":"","meta":[],"product_brand":[],"product_cat":[288,290,299,293,300,294],"product_tag":[],"dodatkowo":[],"class_list":{"0":"post-4448","1":"product","2":"type-product","3":"status-publish","4":"has-post-thumbnail","6":"product_cat-after-treatment","7":"product_cat-braces","8":"product_cat-conservative-treatments","9":"product_cat-hygienization-treatment","10":"product_cat-prosthetics","11":"product_cat-surgery","13":"first","14":"instock","15":"taxable","16":"shipping-taxable","17":"purchasable","18":"product-type-simple"},"yoast_head":"<!-- This site is optimized with the Yoast SEO plugin v27.5 - https:\/\/yoast.com\/product\/yoast-seo-wordpress\/ -->\n<title>ELGYDIUM IRRITATED GUMS toothpaste for irritated gums 75 ml - Apkostore.com<\/title>\n<meta name=\"description\" content=\"Elgydium Irritated Gums - specially formulated to provide effective oral hygiene for those with bleeding and irritated gums.\" \/>\n<meta name=\"robots\" content=\"index, follow, max-snippet:-1, max-image-preview:large, max-video-preview:-1\" \/>\n<link rel=\"canonical\" href=\"https:\/\/apkostore.com\/en\/product\/elgydium-irritated-gums\/\" \/>\n<meta property=\"og:locale\" content=\"en_US\" \/>\n<meta property=\"og:type\" content=\"article\" \/>\n<meta property=\"og:title\" content=\"ELGYDIUM IRRITATED GUMS toothpaste for irritated gums 75 ml - Apkostore.com\" \/>\n<meta property=\"og:description\" content=\"Elgydium Irritated Gums - specially formulated to provide effective oral hygiene for those with bleeding and irritated gums.\" \/>\n<meta property=\"og:url\" content=\"https:\/\/apkostore.com\/en\/product\/elgydium-irritated-gums\/\" \/>\n<meta property=\"og:site_name\" content=\"Apkostore.com\" \/>\n<meta property=\"article:publisher\" content=\"https:\/\/www.facebook.com\/apkostore\" \/>\n<meta property=\"article:modified_time\" content=\"2024-09-18T09:42:58+00:00\" \/>\n<meta property=\"og:image\" content=\"https:\/\/apkostore.com\/wp-content\/uploads\/2023\/09\/Elgydium-Pasta-Na-odraznione-Dziasla-1.png\" \/>\n\t<meta property=\"og:image:width\" content=\"960\" \/>\n\t<meta property=\"og:image:height\" content=\"960\" \/>\n\t<meta property=\"og:image:type\" content=\"image\/png\" \/>\n<meta name=\"twitter:card\" content=\"summary_large_image\" \/>\n<meta name=\"twitter:label1\" content=\"Est. reading time\" \/>\n\t<meta name=\"twitter:data1\" content=\"3 minutes\" \/>\n<script type=\"application\/ld+json\" class=\"yoast-schema-graph\">{\"@context\":\"https:\\\/\\\/schema.org\",\"@graph\":[{\"@type\":\"WebPage\",\"@id\":\"https:\\\/\\\/apkostore.com\\\/en\\\/product\\\/elgydium-irritated-gums\\\/\",\"url\":\"https:\\\/\\\/apkostore.com\\\/en\\\/product\\\/elgydium-irritated-gums\\\/\",\"name\":\"ELGYDIUM IRRITATED GUMS toothpaste for irritated gums 75 ml - Apkostore.com\",\"isPartOf\":{\"@id\":\"https:\\\/\\\/apkostore.com\\\/en\\\/#website\"},\"primaryImageOfPage\":{\"@id\":\"https:\\\/\\\/apkostore.com\\\/en\\\/product\\\/elgydium-irritated-gums\\\/#primaryimage\"},\"image\":{\"@id\":\"https:\\\/\\\/apkostore.com\\\/en\\\/product\\\/elgydium-irritated-gums\\\/#primaryimage\"},\"thumbnailUrl\":\"https:\\\/\\\/apkostore.com\\\/wp-content\\\/uploads\\\/2023\\\/09\\\/Elgydium-Pasta-Na-odraznione-Dziasla-1.png\",\"datePublished\":\"2023-09-15T09:25:43+00:00\",\"dateModified\":\"2024-09-18T09:42:58+00:00\",\"description\":\"Elgydium Irritated Gums - specially formulated to provide effective oral hygiene for those with bleeding and irritated gums.\",\"breadcrumb\":{\"@id\":\"https:\\\/\\\/apkostore.com\\\/en\\\/product\\\/elgydium-irritated-gums\\\/#breadcrumb\"},\"inLanguage\":\"en-US\",\"potentialAction\":[{\"@type\":\"ReadAction\",\"target\":[\"https:\\\/\\\/apkostore.com\\\/en\\\/product\\\/elgydium-irritated-gums\\\/\"]}]},{\"@type\":\"ImageObject\",\"inLanguage\":\"en-US\",\"@id\":\"https:\\\/\\\/apkostore.com\\\/en\\\/product\\\/elgydium-irritated-gums\\\/#primaryimage\",\"url\":\"https:\\\/\\\/apkostore.com\\\/wp-content\\\/uploads\\\/2023\\\/09\\\/Elgydium-Pasta-Na-odraznione-Dziasla-1.png\",\"contentUrl\":\"https:\\\/\\\/apkostore.com\\\/wp-content\\\/uploads\\\/2023\\\/09\\\/Elgydium-Pasta-Na-odraznione-Dziasla-1.png\",\"width\":960,\"height\":960,\"caption\":\"Elgydium Na Podra\u017cnione Dzi\u0105s\u0142a - pasta do z\u0119b\u00f3w na podra\u017cnione dzi\u0105s\u0142a\"},{\"@type\":\"BreadcrumbList\",\"@id\":\"https:\\\/\\\/apkostore.com\\\/en\\\/product\\\/elgydium-irritated-gums\\\/#breadcrumb\",\"itemListElement\":[{\"@type\":\"ListItem\",\"position\":1,\"name\":\"Strona g\u0142\u00f3wna\",\"item\":\"https:\\\/\\\/apkostore.com\\\/en\\\/start-eng\\\/\"},{\"@type\":\"ListItem\",\"position\":2,\"name\":\"Shop\",\"item\":\"https:\\\/\\\/apkostore.com\\\/en\\\/shop\\\/\"},{\"@type\":\"ListItem\",\"position\":3,\"name\":\"ELGYDIUM IRRITATED GUMS toothpaste for irritated gums 75 ml\"}]},{\"@type\":\"WebSite\",\"@id\":\"https:\\\/\\\/apkostore.com\\\/en\\\/#website\",\"url\":\"https:\\\/\\\/apkostore.com\\\/en\\\/\",\"name\":\"Apkostore.com\",\"description\":\"\",\"publisher\":{\"@id\":\"https:\\\/\\\/apkostore.com\\\/en\\\/#organization\"},\"potentialAction\":[{\"@type\":\"SearchAction\",\"target\":{\"@type\":\"EntryPoint\",\"urlTemplate\":\"https:\\\/\\\/apkostore.com\\\/en\\\/?s={search_term_string}\"},\"query-input\":{\"@type\":\"PropertyValueSpecification\",\"valueRequired\":true,\"valueName\":\"search_term_string\"}}],\"inLanguage\":\"en-US\"},{\"@type\":\"Organization\",\"@id\":\"https:\\\/\\\/apkostore.com\\\/en\\\/#organization\",\"name\":\"APKO Sp. z o. o.\",\"url\":\"https:\\\/\\\/apkostore.com\\\/en\\\/\",\"logo\":{\"@type\":\"ImageObject\",\"inLanguage\":\"en-US\",\"@id\":\"https:\\\/\\\/apkostore.com\\\/en\\\/#\\\/schema\\\/logo\\\/image\\\/\",\"url\":\"https:\\\/\\\/apkostore.com\\\/wp-content\\\/uploads\\\/2023\\\/09\\\/logo-black-min.png\",\"contentUrl\":\"https:\\\/\\\/apkostore.com\\\/wp-content\\\/uploads\\\/2023\\\/09\\\/logo-black-min.png\",\"width\":2500,\"height\":944,\"caption\":\"APKO Sp. z o. o.\"},\"image\":{\"@id\":\"https:\\\/\\\/apkostore.com\\\/en\\\/#\\\/schema\\\/logo\\\/image\\\/\"},\"sameAs\":[\"https:\\\/\\\/www.facebook.com\\\/apkostore\",\"https:\\\/\\\/www.instagram.com\\\/apkostore\\\/\"]}]}<\/script>\n<!-- \/ Yoast SEO plugin. -->","yoast_head_json":{"title":"ELGYDIUM IRRITATED GUMS toothpaste for irritated gums 75 ml - Apkostore.com","description":"Elgydium Irritated Gums - specially formulated to provide effective oral hygiene for those with bleeding and irritated gums.","robots":{"index":"index","follow":"follow","max-snippet":"max-snippet:-1","max-image-preview":"max-image-preview:large","max-video-preview":"max-video-preview:-1"},"canonical":"https:\/\/apkostore.com\/en\/product\/elgydium-irritated-gums\/","og_locale":"en_US","og_type":"article","og_title":"ELGYDIUM IRRITATED GUMS toothpaste for irritated gums 75 ml - Apkostore.com","og_description":"Elgydium Irritated Gums - specially formulated to provide effective oral hygiene for those with bleeding and irritated gums.","og_url":"https:\/\/apkostore.com\/en\/product\/elgydium-irritated-gums\/","og_site_name":"Apkostore.com","article_publisher":"https:\/\/www.facebook.com\/apkostore","article_modified_time":"2024-09-18T09:42:58+00:00","og_image":[{"width":960,"height":960,"url":"https:\/\/apkostore.com\/wp-content\/uploads\/2023\/09\/Elgydium-Pasta-Na-odraznione-Dziasla-1.png","type":"image\/png"}],"twitter_card":"summary_large_image","twitter_misc":{"Est. reading time":"3 minutes"},"schema":{"@context":"https:\/\/schema.org","@graph":[{"@type":"WebPage","@id":"https:\/\/apkostore.com\/en\/product\/elgydium-irritated-gums\/","url":"https:\/\/apkostore.com\/en\/product\/elgydium-irritated-gums\/","name":"ELGYDIUM IRRITATED GUMS toothpaste for irritated gums 75 ml - Apkostore.com","isPartOf":{"@id":"https:\/\/apkostore.com\/en\/#website"},"primaryImageOfPage":{"@id":"https:\/\/apkostore.com\/en\/product\/elgydium-irritated-gums\/#primaryimage"},"image":{"@id":"https:\/\/apkostore.com\/en\/product\/elgydium-irritated-gums\/#primaryimage"},"thumbnailUrl":"https:\/\/apkostore.com\/wp-content\/uploads\/2023\/09\/Elgydium-Pasta-Na-odraznione-Dziasla-1.png","datePublished":"2023-09-15T09:25:43+00:00","dateModified":"2024-09-18T09:42:58+00:00","description":"Elgydium Irritated Gums - specially formulated to provide effective oral hygiene for those with bleeding and irritated gums.","breadcrumb":{"@id":"https:\/\/apkostore.com\/en\/product\/elgydium-irritated-gums\/#breadcrumb"},"inLanguage":"en-US","potentialAction":[{"@type":"ReadAction","target":["https:\/\/apkostore.com\/en\/product\/elgydium-irritated-gums\/"]}]},{"@type":"ImageObject","inLanguage":"en-US","@id":"https:\/\/apkostore.com\/en\/product\/elgydium-irritated-gums\/#primaryimage","url":"https:\/\/apkostore.com\/wp-content\/uploads\/2023\/09\/Elgydium-Pasta-Na-odraznione-Dziasla-1.png","contentUrl":"https:\/\/apkostore.com\/wp-content\/uploads\/2023\/09\/Elgydium-Pasta-Na-odraznione-Dziasla-1.png","width":960,"height":960,"caption":"Elgydium Na Podra\u017cnione Dzi\u0105s\u0142a - pasta do z\u0119b\u00f3w na podra\u017cnione dzi\u0105s\u0142a"},{"@type":"BreadcrumbList","@id":"https:\/\/apkostore.com\/en\/product\/elgydium-irritated-gums\/#breadcrumb","itemListElement":[{"@type":"ListItem","position":1,"name":"Strona g\u0142\u00f3wna","item":"https:\/\/apkostore.com\/en\/start-eng\/"},{"@type":"ListItem","position":2,"name":"Shop","item":"https:\/\/apkostore.com\/en\/shop\/"},{"@type":"ListItem","position":3,"name":"ELGYDIUM IRRITATED GUMS toothpaste for irritated gums 75 ml"}]},{"@type":"WebSite","@id":"https:\/\/apkostore.com\/en\/#website","url":"https:\/\/apkostore.com\/en\/","name":"Apkostore.com","description":"","publisher":{"@id":"https:\/\/apkostore.com\/en\/#organization"},"potentialAction":[{"@type":"SearchAction","target":{"@type":"EntryPoint","urlTemplate":"https:\/\/apkostore.com\/en\/?s={search_term_string}"},"query-input":{"@type":"PropertyValueSpecification","valueRequired":true,"valueName":"search_term_string"}}],"inLanguage":"en-US"},{"@type":"Organization","@id":"https:\/\/apkostore.com\/en\/#organization","name":"APKO Sp. z o. o.","url":"https:\/\/apkostore.com\/en\/","logo":{"@type":"ImageObject","inLanguage":"en-US","@id":"https:\/\/apkostore.com\/en\/#\/schema\/logo\/image\/","url":"https:\/\/apkostore.com\/wp-content\/uploads\/2023\/09\/logo-black-min.png","contentUrl":"https:\/\/apkostore.com\/wp-content\/uploads\/2023\/09\/logo-black-min.png","width":2500,"height":944,"caption":"APKO Sp. z o. o."},"image":{"@id":"https:\/\/apkostore.com\/en\/#\/schema\/logo\/image\/"},"sameAs":["https:\/\/www.facebook.com\/apkostore","https:\/\/www.instagram.com\/apkostore\/"]}]}},"_links":{"self":[{"href":"https:\/\/apkostore.com\/en\/wp-json\/wp\/v2\/product\/4448","targetHints":{"allow":["GET"]}}],"collection":[{"href":"https:\/\/apkostore.com\/en\/wp-json\/wp\/v2\/product"}],"about":[{"href":"https:\/\/apkostore.com\/en\/wp-json\/wp\/v2\/types\/product"}],"wp:featuredmedia":[{"embeddable":true,"href":"https:\/\/apkostore.com\/en\/wp-json\/wp\/v2\/media\/4014"}],"wp:attachment":[{"href":"https:\/\/apkostore.com\/en\/wp-json\/wp\/v2\/media?parent=4448"}],"wp:term":[{"taxonomy":"product_brand","embeddable":true,"href":"https:\/\/apkostore.com\/en\/wp-json\/wp\/v2\/product_brand?post=4448"},{"taxonomy":"product_cat","embeddable":true,"href":"https:\/\/apkostore.com\/en\/wp-json\/wp\/v2\/product_cat?post=4448"},{"taxonomy":"product_tag","embeddable":true,"href":"https:\/\/apkostore.com\/en\/wp-json\/wp\/v2\/product_tag?post=4448"},{"taxonomy":"dodatkowo","embeddable":true,"href":"https:\/\/apkostore.com\/en\/wp-json\/wp\/v2\/dodatkowo?post=4448"}],"curies":[{"name":"wp","href":"https:\/\/api.w.org\/{rel}","templated":true}]}}