{"id":4447,"date":"2023-09-15T11:25:43","date_gmt":"2023-09-15T09:25:43","guid":{"rendered":"https:\/\/apkostore.com\/produkt\/elgydium-decay-protection\/"},"modified":"2024-08-28T10:01:36","modified_gmt":"2024-08-28T08:01:36","slug":"elgydium-decay-protection","status":"publish","type":"product","link":"https:\/\/apkostore.com\/en\/product\/elgydium-decay-protection\/","title":{"rendered":"ELGYDIUM DECAY PROTECTION toothpaste 75 ml"},"content":{"rendered":"<p><strong>Elgydium Decay Protection<\/strong><\/p>\n<p>This toothpaste has been specially formulated to provide effective protection against cavities. It contains the right amount of fluoride, which effectively shields teeth from acids that can lead to the formation of cavities. Fluorinol, a second-generation amine fluoride, quickly and intensively integrates into the enamel, resulting in its remineralization, strengthening, and ultimately, protection against cavities. Additionally, Siliglycol inhibits the adhesion of bacteria and ensures that Fluorinol remains on the tooth surface, further enhancing the cavity protection.<\/p>\n<h2>Key Features \u2013 Elgydium Decay Protection Toothpaste:<\/h2>\n<ul>\n<li>Contains fluoride, which protects teeth from acid-induced decay.<\/li>\n<li>Effectively prevents the development of cavities.<\/li>\n<li>Has a refreshing mint flavor that lasts.<\/li>\n<li>Inhibits bacterial adhesion.<\/li>\n<\/ul>\n<h2>How to Use &#8211; Elgydium Decay Protection:<\/h2>\n<p>The toothpaste is designed for children over 12 years of age and adults. It is recommended to brush teeth twice a day. For increased effectiveness and better protection against cavities, it is advised to brush your teeth after every meal for 2-3 minutes.<\/p>\n<h2><b>Toothpaste Ingredients:<\/b><\/h2>\n<ul>\n<li>Aqua (Water)<\/li>\n<li>Hydrogenated Starch Hydrolysate<\/li>\n<li>Hydrated Silica<\/li>\n<li>Glycerin<\/li>\n<li>Sodium Lauroyl Sarcosinate<\/li>\n<li>CI 77891 (Titanium Dioxide)<\/li>\n<li>Cellulose Gum<\/li>\n<li>Aroma (Flavor)<\/li>\n<li>Limonene<\/li>\n<li>L-Menthol<\/li>\n<li>Nicotinyl Alcohol HF<\/li>\n<li>PEG-12<\/li>\n<li>PEG-12 Allyl Ether<\/li>\n<li>PEG-12 Dimethicone<\/li>\n<li>Sodium Benzoate<\/li>\n<li>Sodium Saccharin<\/li>\n<li>Tetrasodium EDTA<\/li>\n<\/ul>\n<h2>Additional Information:<\/h2>\n<p>This toothpaste comes in a 75 ml tube.<\/p>\n<p>It\u2019s an excellent choice for those who want to effectively protect their teeth from cavities. Daily use of this toothpaste will help you enjoy a healthy and beautiful smile. Try it today and join the ranks of satisfied users!<\/p>\n","protected":false},"excerpt":{"rendered":"<p>75 ml<\/p>\n","protected":false},"featured_media":9122,"template":"","meta":[],"product_brand":[],"product_cat":[291,290,287],"product_tag":[],"dodatkowo":[],"class_list":{"0":"post-4447","1":"product","2":"type-product","3":"status-publish","4":"has-post-thumbnail","6":"product_cat-aligners","7":"product_cat-braces","8":"product_cat-daily-hygiene","10":"first","11":"instock","12":"taxable","13":"shipping-taxable","14":"purchasable","15":"product-type-simple"},"yoast_head":"<!-- This site is optimized with the Yoast SEO plugin v27.5 - https:\/\/yoast.com\/product\/yoast-seo-wordpress\/ -->\n<title>ELGYDIUM DECAY PROTECTION toothpaste 75 ml - Apkostore.com<\/title>\n<meta name=\"description\" content=\"Elgydium Decay Protection is designed to protect against cavities. It contains an optimal dose of fluoride that effectively shields teeth.\" \/>\n<meta name=\"robots\" content=\"index, follow, max-snippet:-1, max-image-preview:large, max-video-preview:-1\" \/>\n<link rel=\"canonical\" href=\"https:\/\/apkostore.com\/en\/product\/elgydium-decay-protection\/\" \/>\n<meta property=\"og:locale\" content=\"en_US\" \/>\n<meta property=\"og:type\" content=\"article\" \/>\n<meta property=\"og:title\" content=\"ELGYDIUM DECAY PROTECTION toothpaste 75 ml - Apkostore.com\" \/>\n<meta property=\"og:description\" content=\"Elgydium Decay Protection is designed to protect against cavities. It contains an optimal dose of fluoride that effectively shields teeth.\" \/>\n<meta property=\"og:url\" content=\"https:\/\/apkostore.com\/en\/product\/elgydium-decay-protection\/\" \/>\n<meta property=\"og:site_name\" content=\"Apkostore.com\" \/>\n<meta property=\"article:publisher\" content=\"https:\/\/www.facebook.com\/apkostore\" \/>\n<meta property=\"article:modified_time\" content=\"2024-08-28T08:01:36+00:00\" \/>\n<meta property=\"og:image\" content=\"https:\/\/apkostore.com\/wp-content\/uploads\/2023\/09\/Elgydium-Pasta-Przeciw-Prochnicy-1.png\" \/>\n\t<meta property=\"og:image:width\" content=\"968\" \/>\n\t<meta property=\"og:image:height\" content=\"968\" \/>\n\t<meta property=\"og:image:type\" content=\"image\/png\" \/>\n<meta name=\"twitter:card\" content=\"summary_large_image\" \/>\n<meta name=\"twitter:label1\" content=\"Est. reading time\" \/>\n\t<meta name=\"twitter:data1\" content=\"2 minutes\" \/>\n<script type=\"application\/ld+json\" class=\"yoast-schema-graph\">{\"@context\":\"https:\\\/\\\/schema.org\",\"@graph\":[{\"@type\":\"WebPage\",\"@id\":\"https:\\\/\\\/apkostore.com\\\/en\\\/product\\\/elgydium-decay-protection\\\/\",\"url\":\"https:\\\/\\\/apkostore.com\\\/en\\\/product\\\/elgydium-decay-protection\\\/\",\"name\":\"ELGYDIUM DECAY PROTECTION toothpaste 75 ml - Apkostore.com\",\"isPartOf\":{\"@id\":\"https:\\\/\\\/apkostore.com\\\/en\\\/#website\"},\"primaryImageOfPage\":{\"@id\":\"https:\\\/\\\/apkostore.com\\\/en\\\/product\\\/elgydium-decay-protection\\\/#primaryimage\"},\"image\":{\"@id\":\"https:\\\/\\\/apkostore.com\\\/en\\\/product\\\/elgydium-decay-protection\\\/#primaryimage\"},\"thumbnailUrl\":\"https:\\\/\\\/apkostore.com\\\/wp-content\\\/uploads\\\/2023\\\/09\\\/Elgydium-Przeciwprochnicowa-pasta-do-zebow-75-ml.png\",\"datePublished\":\"2023-09-15T09:25:43+00:00\",\"dateModified\":\"2024-08-28T08:01:36+00:00\",\"description\":\"Elgydium Decay Protection is designed to protect against cavities. It contains an optimal dose of fluoride that effectively shields teeth.\",\"breadcrumb\":{\"@id\":\"https:\\\/\\\/apkostore.com\\\/en\\\/product\\\/elgydium-decay-protection\\\/#breadcrumb\"},\"inLanguage\":\"en-US\",\"potentialAction\":[{\"@type\":\"ReadAction\",\"target\":[\"https:\\\/\\\/apkostore.com\\\/en\\\/product\\\/elgydium-decay-protection\\\/\"]}]},{\"@type\":\"ImageObject\",\"inLanguage\":\"en-US\",\"@id\":\"https:\\\/\\\/apkostore.com\\\/en\\\/product\\\/elgydium-decay-protection\\\/#primaryimage\",\"url\":\"https:\\\/\\\/apkostore.com\\\/wp-content\\\/uploads\\\/2023\\\/09\\\/Elgydium-Przeciwprochnicowa-pasta-do-zebow-75-ml.png\",\"contentUrl\":\"https:\\\/\\\/apkostore.com\\\/wp-content\\\/uploads\\\/2023\\\/09\\\/Elgydium-Przeciwprochnicowa-pasta-do-zebow-75-ml.png\",\"width\":960,\"height\":960,\"caption\":\"Elgydium Przeciwpr\u00f3chnicowa pasta do z\u0119b\u00f3w 75 ml\"},{\"@type\":\"BreadcrumbList\",\"@id\":\"https:\\\/\\\/apkostore.com\\\/en\\\/product\\\/elgydium-decay-protection\\\/#breadcrumb\",\"itemListElement\":[{\"@type\":\"ListItem\",\"position\":1,\"name\":\"Strona g\u0142\u00f3wna\",\"item\":\"https:\\\/\\\/apkostore.com\\\/en\\\/start-eng\\\/\"},{\"@type\":\"ListItem\",\"position\":2,\"name\":\"Shop\",\"item\":\"https:\\\/\\\/apkostore.com\\\/en\\\/shop\\\/\"},{\"@type\":\"ListItem\",\"position\":3,\"name\":\"ELGYDIUM DECAY PROTECTION toothpaste 75 ml\"}]},{\"@type\":\"WebSite\",\"@id\":\"https:\\\/\\\/apkostore.com\\\/en\\\/#website\",\"url\":\"https:\\\/\\\/apkostore.com\\\/en\\\/\",\"name\":\"Apkostore.com\",\"description\":\"\",\"publisher\":{\"@id\":\"https:\\\/\\\/apkostore.com\\\/en\\\/#organization\"},\"potentialAction\":[{\"@type\":\"SearchAction\",\"target\":{\"@type\":\"EntryPoint\",\"urlTemplate\":\"https:\\\/\\\/apkostore.com\\\/en\\\/?s={search_term_string}\"},\"query-input\":{\"@type\":\"PropertyValueSpecification\",\"valueRequired\":true,\"valueName\":\"search_term_string\"}}],\"inLanguage\":\"en-US\"},{\"@type\":\"Organization\",\"@id\":\"https:\\\/\\\/apkostore.com\\\/en\\\/#organization\",\"name\":\"APKO Sp. z o. o.\",\"url\":\"https:\\\/\\\/apkostore.com\\\/en\\\/\",\"logo\":{\"@type\":\"ImageObject\",\"inLanguage\":\"en-US\",\"@id\":\"https:\\\/\\\/apkostore.com\\\/en\\\/#\\\/schema\\\/logo\\\/image\\\/\",\"url\":\"https:\\\/\\\/apkostore.com\\\/wp-content\\\/uploads\\\/2023\\\/09\\\/logo-black-min.png\",\"contentUrl\":\"https:\\\/\\\/apkostore.com\\\/wp-content\\\/uploads\\\/2023\\\/09\\\/logo-black-min.png\",\"width\":2500,\"height\":944,\"caption\":\"APKO Sp. z o. o.\"},\"image\":{\"@id\":\"https:\\\/\\\/apkostore.com\\\/en\\\/#\\\/schema\\\/logo\\\/image\\\/\"},\"sameAs\":[\"https:\\\/\\\/www.facebook.com\\\/apkostore\",\"https:\\\/\\\/www.instagram.com\\\/apkostore\\\/\"]}]}<\/script>\n<!-- \/ Yoast SEO plugin. -->","yoast_head_json":{"title":"ELGYDIUM DECAY PROTECTION toothpaste 75 ml - Apkostore.com","description":"Elgydium Decay Protection is designed to protect against cavities. It contains an optimal dose of fluoride that effectively shields teeth.","robots":{"index":"index","follow":"follow","max-snippet":"max-snippet:-1","max-image-preview":"max-image-preview:large","max-video-preview":"max-video-preview:-1"},"canonical":"https:\/\/apkostore.com\/en\/product\/elgydium-decay-protection\/","og_locale":"en_US","og_type":"article","og_title":"ELGYDIUM DECAY PROTECTION toothpaste 75 ml - Apkostore.com","og_description":"Elgydium Decay Protection is designed to protect against cavities. It contains an optimal dose of fluoride that effectively shields teeth.","og_url":"https:\/\/apkostore.com\/en\/product\/elgydium-decay-protection\/","og_site_name":"Apkostore.com","article_publisher":"https:\/\/www.facebook.com\/apkostore","article_modified_time":"2024-08-28T08:01:36+00:00","og_image":[{"width":968,"height":968,"url":"https:\/\/apkostore.com\/wp-content\/uploads\/2023\/09\/Elgydium-Pasta-Przeciw-Prochnicy-1.png","type":"image\/png"}],"twitter_card":"summary_large_image","twitter_misc":{"Est. reading time":"2 minutes"},"schema":{"@context":"https:\/\/schema.org","@graph":[{"@type":"WebPage","@id":"https:\/\/apkostore.com\/en\/product\/elgydium-decay-protection\/","url":"https:\/\/apkostore.com\/en\/product\/elgydium-decay-protection\/","name":"ELGYDIUM DECAY PROTECTION toothpaste 75 ml - Apkostore.com","isPartOf":{"@id":"https:\/\/apkostore.com\/en\/#website"},"primaryImageOfPage":{"@id":"https:\/\/apkostore.com\/en\/product\/elgydium-decay-protection\/#primaryimage"},"image":{"@id":"https:\/\/apkostore.com\/en\/product\/elgydium-decay-protection\/#primaryimage"},"thumbnailUrl":"https:\/\/apkostore.com\/wp-content\/uploads\/2023\/09\/Elgydium-Przeciwprochnicowa-pasta-do-zebow-75-ml.png","datePublished":"2023-09-15T09:25:43+00:00","dateModified":"2024-08-28T08:01:36+00:00","description":"Elgydium Decay Protection is designed to protect against cavities. It contains an optimal dose of fluoride that effectively shields teeth.","breadcrumb":{"@id":"https:\/\/apkostore.com\/en\/product\/elgydium-decay-protection\/#breadcrumb"},"inLanguage":"en-US","potentialAction":[{"@type":"ReadAction","target":["https:\/\/apkostore.com\/en\/product\/elgydium-decay-protection\/"]}]},{"@type":"ImageObject","inLanguage":"en-US","@id":"https:\/\/apkostore.com\/en\/product\/elgydium-decay-protection\/#primaryimage","url":"https:\/\/apkostore.com\/wp-content\/uploads\/2023\/09\/Elgydium-Przeciwprochnicowa-pasta-do-zebow-75-ml.png","contentUrl":"https:\/\/apkostore.com\/wp-content\/uploads\/2023\/09\/Elgydium-Przeciwprochnicowa-pasta-do-zebow-75-ml.png","width":960,"height":960,"caption":"Elgydium Przeciwpr\u00f3chnicowa pasta do z\u0119b\u00f3w 75 ml"},{"@type":"BreadcrumbList","@id":"https:\/\/apkostore.com\/en\/product\/elgydium-decay-protection\/#breadcrumb","itemListElement":[{"@type":"ListItem","position":1,"name":"Strona g\u0142\u00f3wna","item":"https:\/\/apkostore.com\/en\/start-eng\/"},{"@type":"ListItem","position":2,"name":"Shop","item":"https:\/\/apkostore.com\/en\/shop\/"},{"@type":"ListItem","position":3,"name":"ELGYDIUM DECAY PROTECTION toothpaste 75 ml"}]},{"@type":"WebSite","@id":"https:\/\/apkostore.com\/en\/#website","url":"https:\/\/apkostore.com\/en\/","name":"Apkostore.com","description":"","publisher":{"@id":"https:\/\/apkostore.com\/en\/#organization"},"potentialAction":[{"@type":"SearchAction","target":{"@type":"EntryPoint","urlTemplate":"https:\/\/apkostore.com\/en\/?s={search_term_string}"},"query-input":{"@type":"PropertyValueSpecification","valueRequired":true,"valueName":"search_term_string"}}],"inLanguage":"en-US"},{"@type":"Organization","@id":"https:\/\/apkostore.com\/en\/#organization","name":"APKO Sp. z o. o.","url":"https:\/\/apkostore.com\/en\/","logo":{"@type":"ImageObject","inLanguage":"en-US","@id":"https:\/\/apkostore.com\/en\/#\/schema\/logo\/image\/","url":"https:\/\/apkostore.com\/wp-content\/uploads\/2023\/09\/logo-black-min.png","contentUrl":"https:\/\/apkostore.com\/wp-content\/uploads\/2023\/09\/logo-black-min.png","width":2500,"height":944,"caption":"APKO Sp. z o. o."},"image":{"@id":"https:\/\/apkostore.com\/en\/#\/schema\/logo\/image\/"},"sameAs":["https:\/\/www.facebook.com\/apkostore","https:\/\/www.instagram.com\/apkostore\/"]}]}},"_links":{"self":[{"href":"https:\/\/apkostore.com\/en\/wp-json\/wp\/v2\/product\/4447","targetHints":{"allow":["GET"]}}],"collection":[{"href":"https:\/\/apkostore.com\/en\/wp-json\/wp\/v2\/product"}],"about":[{"href":"https:\/\/apkostore.com\/en\/wp-json\/wp\/v2\/types\/product"}],"wp:featuredmedia":[{"embeddable":true,"href":"https:\/\/apkostore.com\/en\/wp-json\/wp\/v2\/media\/9122"}],"wp:attachment":[{"href":"https:\/\/apkostore.com\/en\/wp-json\/wp\/v2\/media?parent=4447"}],"wp:term":[{"taxonomy":"product_brand","embeddable":true,"href":"https:\/\/apkostore.com\/en\/wp-json\/wp\/v2\/product_brand?post=4447"},{"taxonomy":"product_cat","embeddable":true,"href":"https:\/\/apkostore.com\/en\/wp-json\/wp\/v2\/product_cat?post=4447"},{"taxonomy":"product_tag","embeddable":true,"href":"https:\/\/apkostore.com\/en\/wp-json\/wp\/v2\/product_tag?post=4447"},{"taxonomy":"dodatkowo","embeddable":true,"href":"https:\/\/apkostore.com\/en\/wp-json\/wp\/v2\/dodatkowo?post=4447"}],"curies":[{"name":"wp","href":"https:\/\/api.w.org\/{rel}","templated":true}]}}