{"id":11398,"date":"2026-05-07T18:43:35","date_gmt":"2026-05-07T16:43:35","guid":{"rendered":"https:\/\/apkostore.com\/?post_type=product&#038;p=11398"},"modified":"2026-05-07T18:43:36","modified_gmt":"2026-05-07T16:43:36","slug":"tooth-mousse-gc-plynne-szkliwo-o-smaku-waniliowym-35ml","status":"publish","type":"product","link":"https:\/\/apkostore.com\/en\/product\/tooth-mousse-gc-plynne-szkliwo-o-smaku-waniliowym-35ml\/","title":{"rendered":"Tooth Mousse GC \u2013 p\u0142ynne szkliwo o smaku waniliowym (35 ml)"},"content":{"rendered":"<h2 data-start=\"0\" data-end=\"172\"><strong data-start=\"0\" data-end=\"63\">Tooth Mousse GC \u2013 p\u0142ynne szkliwo o smaku waniliowym (35 ml)<\/strong><\/h2>\n<p data-start=\"0\" data-end=\"172\"><br data-start=\"63\" data-end=\"66\" \/><strong>Delikatny waniliowy smak i skuteczna ochrona szkliwa \u2013 codzienne wsparcie dla zdrowych z\u0119b\u00f3w ca\u0142ej rodziny <\/strong><\/p>\n<p data-start=\"0\" data-end=\"172\">Tooth Mousse GC- p\u0142ynne szkliwo o smaku waniliowym to preparat do remineralizacji szkliwa, kt\u00f3ry pomaga chroni\u0107 z\u0119by przed pr\u00f3chnic\u0105, wzmacnia szkliwo i \u0142agodzi nadwra\u017cliwo\u015b\u0107. Dzi\u0119ki zawarto\u015bci innowacyjnego kompleksu CPP-ACP (Recaldent\u2122), dostarcza z\u0119bom wap\u0144 i fosfor, wspieraj\u0105c ich naturaln\u0105 odbudow\u0119. \u0141agodny, waniliowy smak sprawia, \u017ce preparat jest ch\u0119tnie stosowany zar\u00f3wno przez dzieci, jak i doros\u0142ych.<\/p>\n<h2 data-section-id=\"1mxav9n\" data-start=\"572\" data-end=\"621\">Dlaczego warto wybra\u0107 Tooth Mousse GC o smaku waniliowym?<\/h2>\n<p data-start=\"623\" data-end=\"779\"><strong data-start=\"623\" data-end=\"655\">Zawiera Recaldent\u2122 (CPP-ACP)<\/strong><br data-start=\"655\" data-end=\"658\" \/>Specjalny kompleks pozyskiwany z kazeiny mlecznej wspomaga remineralizacj\u0119 szkliwa i chroni z\u0119by przed dzia\u0142aniem kwas\u00f3w.<\/p>\n<p data-start=\"781\" data-end=\"921\"><strong data-start=\"781\" data-end=\"809\">Delikatny smak waniliowy<\/strong><br data-start=\"809\" data-end=\"812\" \/>Przyjemny i \u0142agodny smak idealny dla dzieci oraz os\u00f3b, kt\u00f3re nie przepadaj\u0105 za intensywnie mi\u0119towymi pastami.<\/p>\n<p data-start=\"923\" data-end=\"1051\"><strong data-start=\"923\" data-end=\"958\">Wspiera ochron\u0119 przed pr\u00f3chnic\u0105<\/strong><br data-start=\"958\" data-end=\"961\" \/>Pomaga utrzyma\u0107 odpowiedni poziom minera\u0142\u00f3w w szkliwie i zmniejsza ryzyko demineralizacji.<\/p>\n<p data-start=\"1053\" data-end=\"1177\"><strong data-start=\"1053\" data-end=\"1084\">\u0141agodzi nadwra\u017cliwo\u015b\u0107 z\u0119b\u00f3w<\/strong><br data-start=\"1084\" data-end=\"1087\" \/>\u015awietnie sprawdza si\u0119 przy nadwra\u017cliwo\u015bci, po wybielaniu oraz zabiegach stomatologicznych.<\/p>\n<p data-start=\"1179\" data-end=\"1260\"><strong data-start=\"1179\" data-end=\"1193\">Bez fluoru<\/strong><br data-start=\"1193\" data-end=\"1196\" \/>Bezpieczny preparat do codziennego stosowania dla ca\u0142ej rodziny.<\/p>\n<h2 data-section-id=\"1pta2jj\" data-start=\"1262\" data-end=\"1274\">Dla kogo <strong data-start=\"0\" data-end=\"63\">Tooth Mousse GC \u2013 p\u0142ynne szkliwo o smaku waniliowym<\/strong>?<\/h2>\n<ul data-start=\"1276\" data-end=\"1537\">\n<li data-section-id=\"1lh7z1w\" data-start=\"1276\" data-end=\"1327\">Dla dzieci, kt\u00f3re lubi\u0105 \u0142agodne i s\u0142odkie smaki<\/li>\n<li data-section-id=\"bbihfw\" data-start=\"1328\" data-end=\"1378\">Dla mam dbaj\u0105cych o zdrowe z\u0119by swojej rodziny<\/li>\n<li data-section-id=\"1829w8y\" data-start=\"1379\" data-end=\"1423\">Dla os\u00f3b nosz\u0105cych aparaty ortodontyczne<\/li>\n<li data-section-id=\"1e73k8e\" data-start=\"1424\" data-end=\"1478\">Dla os\u00f3b z nadwra\u017cliwo\u015bci\u0105 lub os\u0142abionym szkliwem<\/li>\n<li data-section-id=\"m03iv0\" data-start=\"1479\" data-end=\"1537\">Dla doros\u0142ych po wybielaniu i zabiegach dentystycznych<\/li>\n<\/ul>\n<h2 data-section-id=\"icekac\" data-start=\"1539\" data-end=\"1579\">Jak stosowa\u0107 Tooth Mousse GC o smaku waniliowym?<\/h2>\n<ol data-start=\"1581\" data-end=\"1878\">\n<li data-section-id=\"192j1zr\" data-start=\"1581\" data-end=\"1664\">Na\u0142\u00f3\u017c niewielk\u0105 ilo\u015b\u0107 preparatu na z\u0119by czystym palcem lub mi\u0119kk\u0105 szczoteczk\u0105.<\/li>\n<li data-section-id=\"10us3rh\" data-start=\"1665\" data-end=\"1717\">Rozprowad\u017a cienk\u0105 warstw\u0119 po powierzchni z\u0119b\u00f3w.<\/li>\n<li data-section-id=\"1sr3g2k\" data-start=\"1718\" data-end=\"1745\">Pozostaw na 3\u20135 minut.<\/li>\n<li data-section-id=\"12fsyyg\" data-start=\"1746\" data-end=\"1813\">Po zastosowaniu nie p\u0142ucz ust i nie jedz przez oko\u0142o 30 minut.<\/li>\n<li data-section-id=\"1ycin2l\" data-start=\"1814\" data-end=\"1878\">Stosuj 1\u20132 razy dziennie, najlepiej po szczotkowaniu z\u0119b\u00f3w.<\/li>\n<\/ol>\n<h2 data-section-id=\"1cje8p0\" data-start=\"1880\" data-end=\"1900\">Sk\u0142adniki aktywne<\/h2>\n<ul data-start=\"1902\" data-end=\"2107\">\n<li data-section-id=\"iczfuh\" data-start=\"1902\" data-end=\"1990\">CPP-ACP (Recaldent\u2122) \u2013 kompleks fosfopeptydu kazeiny i amorficznego fosforanu wapnia<\/li>\n<li data-section-id=\"14pukno\" data-start=\"1991\" data-end=\"2044\">Wap\u0144 i fosfor wspieraj\u0105ce remineralizacj\u0119 szkliwa<\/li>\n<li data-section-id=\"7tbdgb\" data-start=\"2045\" data-end=\"2057\">Ksylitol<\/li>\n<li data-section-id=\"sdr4so\" data-start=\"2058\" data-end=\"2071\">Gliceryna<\/li>\n<li data-section-id=\"14sqzi9\" data-start=\"2072\" data-end=\"2086\">Krzemionka<\/li>\n<li data-section-id=\"yhz9h5\" data-start=\"2087\" data-end=\"2107\">Aromat waniliowy<\/li>\n<\/ul>\n<h2 data-section-id=\"3sdnbd\" data-start=\"2109\" data-end=\"2130\">Szczeg\u00f3\u0142y produktu<\/h2>\n<ul data-start=\"2132\" data-end=\"2298\">\n<li data-section-id=\"1xr796d\" data-start=\"2132\" data-end=\"2152\">Pojemno\u015b\u0107: 35 ml<\/li>\n<li data-section-id=\"1em8bub\" data-start=\"2153\" data-end=\"2172\">Smak: waniliowy<\/li>\n<li data-section-id=\"thnz6q\" data-start=\"2173\" data-end=\"2187\">Bez fluoru<\/li>\n<li data-section-id=\"jj6px4\" data-start=\"2188\" data-end=\"2268\">Zawiera pochodne mleka (kazeina) \u2013 nie stosowa\u0107 przy alergii na bia\u0142ka mleka<\/li>\n<li data-section-id=\"1tgf0t4\" data-start=\"2269\" data-end=\"2298\">Producent: GC Corporation<\/li>\n<\/ul>\n<h2 data-section-id=\"xvoi3s\" data-start=\"2300\" data-end=\"2351\">Dlaczego mamy wybieraj\u0105 Tooth Mousse GC Wanilia?<\/h2>\n<p data-start=\"2353\" data-end=\"2617\">Tooth Mousse GC Wanilia to prosty spos\u00f3b na codzienn\u0105 ochron\u0119 szkliwa i wsparcie zdrowego u\u015bmiechu ca\u0142ej rodziny. Przyjemny smak zach\u0119ca dzieci do regularnego stosowania, a skuteczna formu\u0142a pomaga dba\u0107 o z\u0119by w domowych warunkach \u2013 bez stresu i bez przypominania.<\/p>\n","protected":false},"excerpt":{"rendered":"<p>1szt.<\/p>\n","protected":false},"featured_media":11399,"template":"","meta":[],"product_brand":[],"product_cat":[22],"product_tag":[],"dodatkowo":[114],"class_list":{"0":"post-11398","1":"product","2":"type-product","3":"status-publish","4":"has-post-thumbnail","6":"product_cat-bez-kategorii","7":"dodatkowo-codzienna-higiena","9":"first","10":"instock","11":"taxable","12":"shipping-taxable","13":"purchasable","14":"product-type-simple"},"yoast_head":"<!-- This site is optimized with the Yoast SEO plugin v27.5 - https:\/\/yoast.com\/product\/yoast-seo-wordpress\/ -->\n<title>Tooth Mousse GC p\u0142ynne szkliwo o smaku waniliowym 35ml - Apkostore.com<\/title>\n<meta name=\"description\" content=\"Tooth Mousse GC Wanilia 35 ml wspiera odbudow\u0119 szkliwa, chroni przed pr\u00f3chnic\u0105 i zmniejsza nadwra\u017cliwo\u015b\u0107. Delikatny waniliowy smak dla dzieci i doros\u0142ych\" \/>\n<meta name=\"robots\" content=\"index, follow, max-snippet:-1, max-image-preview:large, max-video-preview:-1\" \/>\n<link rel=\"canonical\" href=\"https:\/\/apkostore.com\/en\/product\/tooth-mousse-gc-plynne-szkliwo-o-smaku-waniliowym-35ml\/\" \/>\n<meta property=\"og:locale\" content=\"en_US\" \/>\n<meta property=\"og:type\" content=\"article\" \/>\n<meta property=\"og:title\" content=\"Tooth Mousse GC p\u0142ynne szkliwo o smaku waniliowym 35ml - Apkostore.com\" \/>\n<meta property=\"og:description\" content=\"Tooth Mousse GC Wanilia 35 ml wspiera odbudow\u0119 szkliwa, chroni przed pr\u00f3chnic\u0105 i zmniejsza nadwra\u017cliwo\u015b\u0107. Delikatny waniliowy smak dla dzieci i doros\u0142ych\" \/>\n<meta property=\"og:url\" content=\"https:\/\/apkostore.com\/en\/product\/tooth-mousse-gc-plynne-szkliwo-o-smaku-waniliowym-35ml\/\" \/>\n<meta property=\"og:site_name\" content=\"Apkostore.com\" \/>\n<meta property=\"article:publisher\" content=\"https:\/\/www.facebook.com\/apkostore\" \/>\n<meta property=\"article:modified_time\" content=\"2026-05-07T16:43:36+00:00\" \/>\n<meta property=\"og:image\" content=\"https:\/\/apkostore.com\/wp-content\/uploads\/2026\/05\/GC-Tooth-Mousse-Pasta-do-zebow-do-miejscowego-stosowania-o-smaku-waniliowym-35-mll1.png\" \/>\n\t<meta property=\"og:image:width\" content=\"960\" \/>\n\t<meta property=\"og:image:height\" content=\"960\" \/>\n\t<meta property=\"og:image:type\" content=\"image\/png\" \/>\n<meta name=\"twitter:card\" content=\"summary_large_image\" \/>\n<meta name=\"twitter:label1\" content=\"Est. reading time\" \/>\n\t<meta name=\"twitter:data1\" content=\"3 minutes\" \/>\n<script type=\"application\/ld+json\" class=\"yoast-schema-graph\">{\"@context\":\"https:\\\/\\\/schema.org\",\"@graph\":[{\"@type\":\"WebPage\",\"@id\":\"https:\\\/\\\/apkostore.com\\\/en\\\/product\\\/tooth-mousse-gc-plynne-szkliwo-o-smaku-waniliowym-35ml\\\/\",\"url\":\"https:\\\/\\\/apkostore.com\\\/en\\\/product\\\/tooth-mousse-gc-plynne-szkliwo-o-smaku-waniliowym-35ml\\\/\",\"name\":\"Tooth Mousse GC p\u0142ynne szkliwo o smaku waniliowym 35ml - Apkostore.com\",\"isPartOf\":{\"@id\":\"https:\\\/\\\/apkostore.com\\\/en\\\/#website\"},\"primaryImageOfPage\":{\"@id\":\"https:\\\/\\\/apkostore.com\\\/en\\\/product\\\/tooth-mousse-gc-plynne-szkliwo-o-smaku-waniliowym-35ml\\\/#primaryimage\"},\"image\":{\"@id\":\"https:\\\/\\\/apkostore.com\\\/en\\\/product\\\/tooth-mousse-gc-plynne-szkliwo-o-smaku-waniliowym-35ml\\\/#primaryimage\"},\"thumbnailUrl\":\"https:\\\/\\\/apkostore.com\\\/wp-content\\\/uploads\\\/2026\\\/05\\\/GC-Tooth-Mousse-Pasta-do-zebow-do-miejscowego-stosowania-o-smaku-waniliowym-35-mll1.png\",\"datePublished\":\"2026-05-07T16:43:35+00:00\",\"dateModified\":\"2026-05-07T16:43:36+00:00\",\"description\":\"Tooth Mousse GC Wanilia 35 ml wspiera odbudow\u0119 szkliwa, chroni przed pr\u00f3chnic\u0105 i zmniejsza nadwra\u017cliwo\u015b\u0107. Delikatny waniliowy smak dla dzieci i doros\u0142ych\",\"breadcrumb\":{\"@id\":\"https:\\\/\\\/apkostore.com\\\/en\\\/product\\\/tooth-mousse-gc-plynne-szkliwo-o-smaku-waniliowym-35ml\\\/#breadcrumb\"},\"inLanguage\":\"en-US\",\"potentialAction\":[{\"@type\":\"ReadAction\",\"target\":[\"https:\\\/\\\/apkostore.com\\\/en\\\/product\\\/tooth-mousse-gc-plynne-szkliwo-o-smaku-waniliowym-35ml\\\/\"]}]},{\"@type\":\"ImageObject\",\"inLanguage\":\"en-US\",\"@id\":\"https:\\\/\\\/apkostore.com\\\/en\\\/product\\\/tooth-mousse-gc-plynne-szkliwo-o-smaku-waniliowym-35ml\\\/#primaryimage\",\"url\":\"https:\\\/\\\/apkostore.com\\\/wp-content\\\/uploads\\\/2026\\\/05\\\/GC-Tooth-Mousse-Pasta-do-zebow-do-miejscowego-stosowania-o-smaku-waniliowym-35-mll1.png\",\"contentUrl\":\"https:\\\/\\\/apkostore.com\\\/wp-content\\\/uploads\\\/2026\\\/05\\\/GC-Tooth-Mousse-Pasta-do-zebow-do-miejscowego-stosowania-o-smaku-waniliowym-35-mll1.png\",\"width\":960,\"height\":960,\"caption\":\"GC Tooth Mousse Wanilia\"},{\"@type\":\"BreadcrumbList\",\"@id\":\"https:\\\/\\\/apkostore.com\\\/en\\\/product\\\/tooth-mousse-gc-plynne-szkliwo-o-smaku-waniliowym-35ml\\\/#breadcrumb\",\"itemListElement\":[{\"@type\":\"ListItem\",\"position\":1,\"name\":\"Strona g\u0142\u00f3wna\",\"item\":\"https:\\\/\\\/apkostore.com\\\/en\\\/start-eng\\\/\"},{\"@type\":\"ListItem\",\"position\":2,\"name\":\"Shop\",\"item\":\"https:\\\/\\\/apkostore.com\\\/en\\\/shop\\\/\"},{\"@type\":\"ListItem\",\"position\":3,\"name\":\"Tooth Mousse GC \u2013 p\u0142ynne szkliwo o smaku waniliowym (35 ml)\"}]},{\"@type\":\"WebSite\",\"@id\":\"https:\\\/\\\/apkostore.com\\\/en\\\/#website\",\"url\":\"https:\\\/\\\/apkostore.com\\\/en\\\/\",\"name\":\"Apkostore.com\",\"description\":\"\",\"publisher\":{\"@id\":\"https:\\\/\\\/apkostore.com\\\/en\\\/#organization\"},\"potentialAction\":[{\"@type\":\"SearchAction\",\"target\":{\"@type\":\"EntryPoint\",\"urlTemplate\":\"https:\\\/\\\/apkostore.com\\\/en\\\/?s={search_term_string}\"},\"query-input\":{\"@type\":\"PropertyValueSpecification\",\"valueRequired\":true,\"valueName\":\"search_term_string\"}}],\"inLanguage\":\"en-US\"},{\"@type\":\"Organization\",\"@id\":\"https:\\\/\\\/apkostore.com\\\/en\\\/#organization\",\"name\":\"APKO Sp. z o. o.\",\"url\":\"https:\\\/\\\/apkostore.com\\\/en\\\/\",\"logo\":{\"@type\":\"ImageObject\",\"inLanguage\":\"en-US\",\"@id\":\"https:\\\/\\\/apkostore.com\\\/en\\\/#\\\/schema\\\/logo\\\/image\\\/\",\"url\":\"https:\\\/\\\/apkostore.com\\\/wp-content\\\/uploads\\\/2023\\\/09\\\/logo-black-min.png\",\"contentUrl\":\"https:\\\/\\\/apkostore.com\\\/wp-content\\\/uploads\\\/2023\\\/09\\\/logo-black-min.png\",\"width\":2500,\"height\":944,\"caption\":\"APKO Sp. z o. o.\"},\"image\":{\"@id\":\"https:\\\/\\\/apkostore.com\\\/en\\\/#\\\/schema\\\/logo\\\/image\\\/\"},\"sameAs\":[\"https:\\\/\\\/www.facebook.com\\\/apkostore\",\"https:\\\/\\\/www.instagram.com\\\/apkostore\\\/\"]}]}<\/script>\n<!-- \/ Yoast SEO plugin. -->","yoast_head_json":{"title":"Tooth Mousse GC p\u0142ynne szkliwo o smaku waniliowym 35ml - Apkostore.com","description":"Tooth Mousse GC Wanilia 35 ml wspiera odbudow\u0119 szkliwa, chroni przed pr\u00f3chnic\u0105 i zmniejsza nadwra\u017cliwo\u015b\u0107. Delikatny waniliowy smak dla dzieci i doros\u0142ych","robots":{"index":"index","follow":"follow","max-snippet":"max-snippet:-1","max-image-preview":"max-image-preview:large","max-video-preview":"max-video-preview:-1"},"canonical":"https:\/\/apkostore.com\/en\/product\/tooth-mousse-gc-plynne-szkliwo-o-smaku-waniliowym-35ml\/","og_locale":"en_US","og_type":"article","og_title":"Tooth Mousse GC p\u0142ynne szkliwo o smaku waniliowym 35ml - Apkostore.com","og_description":"Tooth Mousse GC Wanilia 35 ml wspiera odbudow\u0119 szkliwa, chroni przed pr\u00f3chnic\u0105 i zmniejsza nadwra\u017cliwo\u015b\u0107. Delikatny waniliowy smak dla dzieci i doros\u0142ych","og_url":"https:\/\/apkostore.com\/en\/product\/tooth-mousse-gc-plynne-szkliwo-o-smaku-waniliowym-35ml\/","og_site_name":"Apkostore.com","article_publisher":"https:\/\/www.facebook.com\/apkostore","article_modified_time":"2026-05-07T16:43:36+00:00","og_image":[{"width":960,"height":960,"url":"https:\/\/apkostore.com\/wp-content\/uploads\/2026\/05\/GC-Tooth-Mousse-Pasta-do-zebow-do-miejscowego-stosowania-o-smaku-waniliowym-35-mll1.png","type":"image\/png"}],"twitter_card":"summary_large_image","twitter_misc":{"Est. reading time":"3 minutes"},"schema":{"@context":"https:\/\/schema.org","@graph":[{"@type":"WebPage","@id":"https:\/\/apkostore.com\/en\/product\/tooth-mousse-gc-plynne-szkliwo-o-smaku-waniliowym-35ml\/","url":"https:\/\/apkostore.com\/en\/product\/tooth-mousse-gc-plynne-szkliwo-o-smaku-waniliowym-35ml\/","name":"Tooth Mousse GC p\u0142ynne szkliwo o smaku waniliowym 35ml - Apkostore.com","isPartOf":{"@id":"https:\/\/apkostore.com\/en\/#website"},"primaryImageOfPage":{"@id":"https:\/\/apkostore.com\/en\/product\/tooth-mousse-gc-plynne-szkliwo-o-smaku-waniliowym-35ml\/#primaryimage"},"image":{"@id":"https:\/\/apkostore.com\/en\/product\/tooth-mousse-gc-plynne-szkliwo-o-smaku-waniliowym-35ml\/#primaryimage"},"thumbnailUrl":"https:\/\/apkostore.com\/wp-content\/uploads\/2026\/05\/GC-Tooth-Mousse-Pasta-do-zebow-do-miejscowego-stosowania-o-smaku-waniliowym-35-mll1.png","datePublished":"2026-05-07T16:43:35+00:00","dateModified":"2026-05-07T16:43:36+00:00","description":"Tooth Mousse GC Wanilia 35 ml wspiera odbudow\u0119 szkliwa, chroni przed pr\u00f3chnic\u0105 i zmniejsza nadwra\u017cliwo\u015b\u0107. Delikatny waniliowy smak dla dzieci i doros\u0142ych","breadcrumb":{"@id":"https:\/\/apkostore.com\/en\/product\/tooth-mousse-gc-plynne-szkliwo-o-smaku-waniliowym-35ml\/#breadcrumb"},"inLanguage":"en-US","potentialAction":[{"@type":"ReadAction","target":["https:\/\/apkostore.com\/en\/product\/tooth-mousse-gc-plynne-szkliwo-o-smaku-waniliowym-35ml\/"]}]},{"@type":"ImageObject","inLanguage":"en-US","@id":"https:\/\/apkostore.com\/en\/product\/tooth-mousse-gc-plynne-szkliwo-o-smaku-waniliowym-35ml\/#primaryimage","url":"https:\/\/apkostore.com\/wp-content\/uploads\/2026\/05\/GC-Tooth-Mousse-Pasta-do-zebow-do-miejscowego-stosowania-o-smaku-waniliowym-35-mll1.png","contentUrl":"https:\/\/apkostore.com\/wp-content\/uploads\/2026\/05\/GC-Tooth-Mousse-Pasta-do-zebow-do-miejscowego-stosowania-o-smaku-waniliowym-35-mll1.png","width":960,"height":960,"caption":"GC Tooth Mousse Wanilia"},{"@type":"BreadcrumbList","@id":"https:\/\/apkostore.com\/en\/product\/tooth-mousse-gc-plynne-szkliwo-o-smaku-waniliowym-35ml\/#breadcrumb","itemListElement":[{"@type":"ListItem","position":1,"name":"Strona g\u0142\u00f3wna","item":"https:\/\/apkostore.com\/en\/start-eng\/"},{"@type":"ListItem","position":2,"name":"Shop","item":"https:\/\/apkostore.com\/en\/shop\/"},{"@type":"ListItem","position":3,"name":"Tooth Mousse GC \u2013 p\u0142ynne szkliwo o smaku waniliowym (35 ml)"}]},{"@type":"WebSite","@id":"https:\/\/apkostore.com\/en\/#website","url":"https:\/\/apkostore.com\/en\/","name":"Apkostore.com","description":"","publisher":{"@id":"https:\/\/apkostore.com\/en\/#organization"},"potentialAction":[{"@type":"SearchAction","target":{"@type":"EntryPoint","urlTemplate":"https:\/\/apkostore.com\/en\/?s={search_term_string}"},"query-input":{"@type":"PropertyValueSpecification","valueRequired":true,"valueName":"search_term_string"}}],"inLanguage":"en-US"},{"@type":"Organization","@id":"https:\/\/apkostore.com\/en\/#organization","name":"APKO Sp. z o. o.","url":"https:\/\/apkostore.com\/en\/","logo":{"@type":"ImageObject","inLanguage":"en-US","@id":"https:\/\/apkostore.com\/en\/#\/schema\/logo\/image\/","url":"https:\/\/apkostore.com\/wp-content\/uploads\/2023\/09\/logo-black-min.png","contentUrl":"https:\/\/apkostore.com\/wp-content\/uploads\/2023\/09\/logo-black-min.png","width":2500,"height":944,"caption":"APKO Sp. z o. o."},"image":{"@id":"https:\/\/apkostore.com\/en\/#\/schema\/logo\/image\/"},"sameAs":["https:\/\/www.facebook.com\/apkostore","https:\/\/www.instagram.com\/apkostore\/"]}]}},"_links":{"self":[{"href":"https:\/\/apkostore.com\/en\/wp-json\/wp\/v2\/product\/11398","targetHints":{"allow":["GET"]}}],"collection":[{"href":"https:\/\/apkostore.com\/en\/wp-json\/wp\/v2\/product"}],"about":[{"href":"https:\/\/apkostore.com\/en\/wp-json\/wp\/v2\/types\/product"}],"wp:featuredmedia":[{"embeddable":true,"href":"https:\/\/apkostore.com\/en\/wp-json\/wp\/v2\/media\/11399"}],"wp:attachment":[{"href":"https:\/\/apkostore.com\/en\/wp-json\/wp\/v2\/media?parent=11398"}],"wp:term":[{"taxonomy":"product_brand","embeddable":true,"href":"https:\/\/apkostore.com\/en\/wp-json\/wp\/v2\/product_brand?post=11398"},{"taxonomy":"product_cat","embeddable":true,"href":"https:\/\/apkostore.com\/en\/wp-json\/wp\/v2\/product_cat?post=11398"},{"taxonomy":"product_tag","embeddable":true,"href":"https:\/\/apkostore.com\/en\/wp-json\/wp\/v2\/product_tag?post=11398"},{"taxonomy":"dodatkowo","embeddable":true,"href":"https:\/\/apkostore.com\/en\/wp-json\/wp\/v2\/dodatkowo?post=11398"}],"curies":[{"name":"wp","href":"https:\/\/api.w.org\/{rel}","templated":true}]}}